{"id":1162,"date":"2020-02-03T17:12:35","date_gmt":"2020-02-03T16:12:35","guid":{"rendered":"https:\/\/creena.educacion.navarra.es\/web\/erasmus\/vilela-enero-2020\/"},"modified":"2020-03-08T20:10:08","modified_gmt":"2020-03-08T19:10:08","slug":"vilela-enero-2020","status":"publish","type":"page","link":"https:\/\/creena.educacion.navarra.es\/web\/erasmus\/pt-pt\/vilela-enero-2020\/","title":{"rendered":"3\u00aa Reuni\u00e3o Transnacional"},"content":{"rendered":"\n<h2 class=\"has-text-align-left\">Projeto KA201 \u201cInclus 4 all\u201d Erasmus+<\/h2>\n\n\n\n<hr class=\"wp-block-separator is-style-wide\" \/>\n\n\n\n<div class=\"wp-block-media-text alignwide has-media-on-the-right is-vertically-aligned-center\" style=\"grid-template-columns:auto 54%\"><figure class=\"wp-block-media-text__media\"><img loading=\"lazy\" width=\"600\" height=\"717\" src=\"https:\/\/creena.educacion.navarra.es\/web\/erasmus\/wp-content\/uploads\/sites\/7\/2020\/03\/mapa_portugal_2-1.jpg\" alt=\"\" class=\"wp-image-1974\" srcset=\"https:\/\/creena.educacion.navarra.es\/web\/erasmus\/wp-content\/uploads\/sites\/7\/2020\/03\/mapa_portugal_2-1.jpg 600w, https:\/\/creena.educacion.navarra.es\/web\/erasmus\/wp-content\/uploads\/sites\/7\/2020\/03\/mapa_portugal_2-1-251x300.jpg 251w\" sizes=\"(max-width: 600px) 100vw, 600px\" \/><\/figure><div class=\"wp-block-media-text__content\">\n<p class=\"has-large-font-size\"><strong>Lugar:<\/strong><br>&#8211; Vilela, Portugal<\/p>\n\n\n\n<p class=\"has-large-font-size\"><strong>Datas:<\/strong><br>\u2013 Dias 21, 22 e\u00a0 23 de janeiro de 2020<\/p>\n\n\n\n<p class=\"has-large-font-size\"><strong>Anfitri\u00e3o:<\/strong><br>\u2013 Agrupamento de Escolas de\u00a0 Vilela<\/p>\n\n\n\n<p class=\"has-large-font-size\"><strong>Participantes na reuni\u00e3o:<\/strong><br>\u2013 Equipa de Creena Pamplona<br>&#8211; Pamplona Inclusi\u00f3n Educativa<br>&#8211; M\u00f3dena Istituto Compresivo 1                                                     <\/p>\n<\/div><\/div>\n\n\n\n<div style=\"height:30px\" aria-hidden=\"true\" class=\"wp-block-spacer\"><\/div>\n\n\n\n<p style=\"background-color:#f0f6f7\" class=\"has-background has-larger-font-size\">Ter\u00e7a-feira, 21 de janeiro<\/p>\n\n\n\n<p>A equipa do Projeto KA201 \u201cInclus 4 all\u201d chega a <strong>Vilela, Concelho de Paredes, Portugal<\/strong>.<\/p>\n\n\n\n<p>Come\u00e7\u00e1mos por uma visita ao <strong>\u201cPosto de Turismos\u201d<\/strong>, onde nos foi explicada a import\u00e2ncia da ind\u00fastria do mobili\u00e1rio na regi\u00e3o. O Concelho de Paredes tem uma economia baseada, principalmente, no fabrico de m\u00f3veis como cadeiras, mesas, arm\u00e1rios, prateleiras, etc. H\u00e1 um elevado n\u00famero de pequenas empresas familiares locais.<\/p>\n\n\n\n<div class=\"wp-block-columns\">\n<div class=\"wp-block-column\">\n<figure class=\"wp-block-image alignfull size-large\"><img loading=\"lazy\" width=\"474\" height=\"486\" src=\"https:\/\/creena.educacion.navarra.es\/web\/erasmus\/wp-content\/uploads\/sites\/7\/2020\/03\/recepcion_ayuntamiento_vilela.jpg\" alt=\"\" class=\"wp-image-1936\" srcset=\"https:\/\/creena.educacion.navarra.es\/web\/erasmus\/wp-content\/uploads\/sites\/7\/2020\/03\/recepcion_ayuntamiento_vilela.jpg 474w, https:\/\/creena.educacion.navarra.es\/web\/erasmus\/wp-content\/uploads\/sites\/7\/2020\/03\/recepcion_ayuntamiento_vilela-293x300.jpg 293w\" sizes=\"(max-width: 474px) 100vw, 474px\" \/><figcaption><br>Rece\u00e7\u00e3o na C\u00e2mara Municipal de Paredes<\/figcaption><\/figure>\n<\/div>\n\n\n\n<div class=\"wp-block-column\">\n<p>Seguiu-se a rece\u00e7\u00e3o no Sal\u00e3o Nobre da <strong>C\u00e2mara Municipal de Paredes<\/strong>, tendo o Vereador da Educa\u00e7\u00e3o <strong>Paulo Silva<\/strong> referido o <strong>compromisso do munic\u00edpio com a educa\u00e7\u00e3o inclusiva <\/strong>e algumas atividades que, quer o Munic\u00edpio, quer o Agrupamento de Escolas de Vilela t\u00eam em curso e \u00e0s quais iremos assistir.<\/p>\n<\/div>\n<\/div>\n\n\n\n<p>Como exemplo deste compromisso com a inclus\u00e3o, o Munic\u00edpio de Paredes criou o <strong>\u201cBalc\u00e3o da Inclus\u00e3o\u201d adaptado \u00e0s pessoas com defici\u00eancia<\/strong>. Este balc\u00e3o presta um servi\u00e7o de atendimento especializado nas \u00e1reas da defici\u00eancia e incapacidade, disponibilizando informa\u00e7\u00f5es sobre programas espec\u00edficos, materiais de apoio, etc.<\/p>\n\n\n\n<div style=\"height:26px\" aria-hidden=\"true\" class=\"wp-block-spacer\"><\/div>\n\n\n\n<h4>O Golfe como pr\u00e1tica de inclus\u00e3o<\/h4>\n\n\n\n<div style=\"height:26px\" aria-hidden=\"true\" class=\"wp-block-spacer\"><\/div>\n\n\n\n<p>De seguida visit\u00e1mos o <strong>Campo de Golfe do Aqueduto<\/strong>.<\/p>\n\n\n\n<p style=\"background-color:#f3f4f4\" class=\"has-background\">O Munic\u00edpio de Paredes, <strong>no compromisso com a diversidade e inclus\u00e3o<\/strong>, presta o apoio necess\u00e1rio no \u00e2mbito da implementa\u00e7\u00e3o do projeto \u201c<strong>Golfe, uma estrat\u00e9gia de promo\u00e7\u00e3o de sucesso<\/strong>\u201d apresentado pelo Agrupamento de Escolas de Vilela. Trata-se de um projeto inovador financiado pelo Instituto Portugu\u00eas do Desporto e Juventude, pelo Programa Nacional de Desporto para Todos, gra\u00e7as ao projeto submetido pelas tr\u00eas entidades envolvidas: o Agrupamento de Escolas de Vilela, o Campo de Golfe do Aqueduto e a C\u00e2mara Municipal de Paredes. A colabora\u00e7\u00e3o da autarquia \u00e9 essencial na medida em que faculta o\u00a0 transporte durante o hor\u00e1rio escolar. <\/p>\n\n\n\n<p><strong>Este programa visa refor\u00e7ar a autoestima dos alunos com baixo desempenho acad\u00e9mico e escolar e em risco de reten\u00e7\u00e3o devido a problemas de comportamento<\/strong> e integra um Projeto maior do Agrupamento de Escolas de Vilela: o Apoiar Mais do Projeto aglutinador Reten\u00e7\u00e3o Zero.\u00a0 Depois de um ano de experi\u00eancia concluiu-se que as negativas dos alunos passaram de 8-9 para 2-3, o que representou uma <strong>melhoria significativa no seu desempenho acad\u00e9mico.<\/strong><\/p>\n\n\n\n<figure class=\"wp-block-image alignfull size-large\"><img loading=\"lazy\" width=\"1000\" height=\"641\" src=\"https:\/\/creena.educacion.navarra.es\/web\/erasmus\/wp-content\/uploads\/sites\/7\/2020\/03\/vilela_campo_de_golf.jpg\" alt=\"\" class=\"wp-image-1946\" srcset=\"https:\/\/creena.educacion.navarra.es\/web\/erasmus\/wp-content\/uploads\/sites\/7\/2020\/03\/vilela_campo_de_golf.jpg 1000w, https:\/\/creena.educacion.navarra.es\/web\/erasmus\/wp-content\/uploads\/sites\/7\/2020\/03\/vilela_campo_de_golf-300x192.jpg 300w, https:\/\/creena.educacion.navarra.es\/web\/erasmus\/wp-content\/uploads\/sites\/7\/2020\/03\/vilela_campo_de_golf-768x492.jpg 768w\" sizes=\"(max-width: 1000px) 100vw, 1000px\" \/><figcaption><br>Campo de Golfe do Aqueduto, Munic\u00edpio de Paredes<\/figcaption><\/figure>\n\n\n\n<p>Para a concretiza\u00e7\u00e3o deste projeto, as fam\u00edlias assinam um contrato com a escola, no qual autorizam os seus educandos a frequentar <strong>aulas de golfe, uma vez por semana.<\/strong><\/p>\n\n\n\n<p>A filosofia do projeto \u00e9 que o golfe \u00e9 um desporto dif\u00edcil de executar. As primeiras tentativas n\u00e3o t\u00eam sucesso, no entanto, os alunos s\u00e3o incentivados a n\u00e3o desistir e, seguindo orienta\u00e7\u00f5es dos monitores, v\u00e3o conseguindo, aos poucos, dominar e controlar a bola.&nbsp;<\/p>\n\n\n\n<p><strong>Estas aulas de golfe s\u00e3o intercaladas com sess\u00f5es de psicologia, com o psic\u00f3logo do Agrupamento de Escolas de Vilela<\/strong>. O psic\u00f3logo faz uma liga\u00e7\u00e3o entre este desporto, que \u00e9 novidade para os alunos, que eles n\u00e3o dominam e com os comportamentos desadequados que est\u00e3o a ter na escola: h\u00e1 disciplinas em que, apesar de apresentarem dificuldades, n\u00e3o podem desistir. Essas disciplinas, com empenho, trabalho e apoio dos professores podem tornar-se verdadeiras vit\u00f3rias e \u00eaxitos pessoais, tal como no Golfe \u201cconseguir meter a bola\u201d. No fundo trata-se de <strong>capacitar o aluno, dar-lhe autoconfian\u00e7a e consciencializ\u00e1-lo de que \u00e9 capaz de fazer muito mais<\/strong>.<\/p>\n\n\n\n<p>Neste mesmo projeto, h\u00e1 tamb\u00e9m a op\u00e7\u00e3o de escolher tiro com arco ou karat\u00ea.<br><\/p>\n\n\n\n<div style=\"height:26px\" aria-hidden=\"true\" class=\"wp-block-spacer\"><\/div>\n\n\n\n<h4>Crescer com as Artes<\/h4>\n\n\n\n<div style=\"height:26px\" aria-hidden=\"true\" class=\"wp-block-spacer\"><\/div>\n\n\n\n<figure class=\"wp-block-image alignfull size-large\"><img loading=\"lazy\" width=\"1024\" height=\"502\" src=\"https:\/\/creena.educacion.navarra.es\/web\/erasmus\/wp-content\/uploads\/sites\/7\/2020\/03\/vilela_teatro-1-1024x502.jpg\" alt=\"\" class=\"wp-image-1985\" srcset=\"https:\/\/creena.educacion.navarra.es\/web\/erasmus\/wp-content\/uploads\/sites\/7\/2020\/03\/vilela_teatro-1-1024x502.jpg 1024w, https:\/\/creena.educacion.navarra.es\/web\/erasmus\/wp-content\/uploads\/sites\/7\/2020\/03\/vilela_teatro-1-300x147.jpg 300w, https:\/\/creena.educacion.navarra.es\/web\/erasmus\/wp-content\/uploads\/sites\/7\/2020\/03\/vilela_teatro-1-768x376.jpg 768w, https:\/\/creena.educacion.navarra.es\/web\/erasmus\/wp-content\/uploads\/sites\/7\/2020\/03\/vilela_teatro-1.jpg 1049w\" sizes=\"(max-width: 1024px) 100vw, 1024px\" \/><figcaption><br>Improviso teatral do projeto \u201cCrescer com as Artes\u201d<\/figcaption><\/figure>\n\n\n\n<p>Depois desta experi\u00eancia, deveras interessante, visit\u00e1mos a <strong>Escola B\u00e1sica e Secund\u00e1ria de Vilela<\/strong>, onde est\u00e1 em desenvolvimento o projeto \u201c<strong>Crescer com as Artes<\/strong>\u201d Trata-se de um projeto que, atrav\u00e9s do teatro, desenvolve t\u00e9cnicas de saber improvisar e de dan\u00e7a. Esta atividade \u00e9 <strong>desenvolvida por alunos de diferentes idades e tamb\u00e9m por alunos com necessidades educativas espec\u00edficas. <\/strong>Assim, todos juntos, fazem um projeto art\u00edstico comum. <\/p>\n\n\n\n<div class=\"wp-block-columns\">\n<div class=\"wp-block-column\">\n<p>Depois visit\u00e1mos a <strong>Escola B\u00e1sica de Vilela <\/strong>e o seu projeto \u201c<strong>Educ\u2019arte<\/strong>\u201d. A arte \u00e9 um dos pilares sobre o qual muitos dos projetos do Agrupamento se baseiam.<\/p>\n<\/div>\n\n\n\n<div class=\"wp-block-column\">\n<div class=\"wp-block-image\"><figure class=\"aligncenter size-large\"><img loading=\"lazy\" width=\"1000\" height=\"750\" src=\"https:\/\/creena.educacion.navarra.es\/web\/erasmus\/wp-content\/uploads\/sites\/7\/2020\/03\/Vilela_aula_primaria.jpg\" alt=\"\" class=\"wp-image-1941\" srcset=\"https:\/\/creena.educacion.navarra.es\/web\/erasmus\/wp-content\/uploads\/sites\/7\/2020\/03\/Vilela_aula_primaria.jpg 1000w, https:\/\/creena.educacion.navarra.es\/web\/erasmus\/wp-content\/uploads\/sites\/7\/2020\/03\/Vilela_aula_primaria-300x225.jpg 300w, https:\/\/creena.educacion.navarra.es\/web\/erasmus\/wp-content\/uploads\/sites\/7\/2020\/03\/Vilela_aula_primaria-768x576.jpg 768w\" sizes=\"(max-width: 1000px) 100vw, 1000px\" \/><figcaption><br>Escola B\u00e1sica de Vilela<\/figcaption><\/figure><\/div>\n<\/div>\n<\/div>\n\n\n\n<p style=\"background-color:#f0f6f7\" class=\"has-background has-larger-font-size\">Quarta-feira, 22 de janeiro<\/p>\n\n\n\n<div class=\"wp-block-image\"><figure class=\"aligncenter size-large\"><img loading=\"lazy\" width=\"1000\" height=\"699\" src=\"https:\/\/creena.educacion.navarra.es\/web\/erasmus\/wp-content\/uploads\/sites\/7\/2020\/03\/vilela_aula_dia_22.jpg\" alt=\"\" class=\"wp-image-1951\" srcset=\"https:\/\/creena.educacion.navarra.es\/web\/erasmus\/wp-content\/uploads\/sites\/7\/2020\/03\/vilela_aula_dia_22.jpg 1000w, https:\/\/creena.educacion.navarra.es\/web\/erasmus\/wp-content\/uploads\/sites\/7\/2020\/03\/vilela_aula_dia_22-300x210.jpg 300w, https:\/\/creena.educacion.navarra.es\/web\/erasmus\/wp-content\/uploads\/sites\/7\/2020\/03\/vilela_aula_dia_22-768x537.jpg 768w\" sizes=\"(max-width: 1000px) 100vw, 1000px\" \/><figcaption><br>Escola B\u00e1sica de Rebordosa<\/figcaption><\/figure><\/div>\n\n\n\n<p>Come\u00e7\u00e1mos o dia com a visita \u00e0 <strong>Escola B\u00e1sica de Rebordosa<\/strong>.<\/p>\n\n\n\n<p style=\"background-color:#f3f4f4\" class=\"has-background\">Nesta escola funciona a <strong>Unidade Especializada para alunos com Transtorno do Espectro Autista. <\/strong>Os alunos com TEA <strong>partilham a sala de aula com os outros alunos (turma)<\/strong>, tendo sempre apoio direto por parte de um adulto. O objetivo \u00e9 que os alunos com TEA permane\u00e7am, com normalidade, na sala de aula o mais tempo poss\u00edvel, de acordo com o seu perfil. Quando o aluno, por qualquer motivo, precisa de uma aten\u00e7\u00e3o espec\u00edfica e necessita de sair da sala de aula, pode ir para a <strong>Unidade Especializada<\/strong>. \u00a0 Este espa\u00e7o tem um ambiente muito tranquilo, podendo ser um ref\u00fagio para quando estes alunos precisam de um ambiente relaxante. Aqui desenvolvem, ainda, uma s\u00e9rie de atividades como m\u00fasica, leitura, reabilita\u00e7\u00e3o etc.<br><\/p>\n\n\n\n<p>Nesta sala de aula especializada, regra geral, o n\u00famero de pessoas \u00e9 seis, podendo, os alunos, permanecer o tempo que necessitam, tentando, mediante o perfil de cada um, que o tempo seja apenas o necess\u00e1rio de forma a que a inclus\u00e3o seja uma realidade.<\/p>\n\n\n\n<p>De seguida visit\u00e1mos a <strong>Biblioteca da Escola<\/strong>. A caracter\u00edstica peculiar das <strong>bibliotecas escolares \u00e9 que est\u00e3o abertas \u00e0 comunidade escolar.<\/strong><\/p>\n\n\n\n<p>Estas bibliotecas honram a tradi\u00e7\u00e3o do fabrico de m\u00f3veis nesta \u00e1rea geogr\u00e1fica e est\u00e3o equipadas com m\u00f3veis de madeira adaptados \u00e0s necessidades e idade de cada utilizador. S\u00e3o m\u00f3veis muito bonitos, pr\u00e1ticos e aconchegantes que criam espa\u00e7os muito agrad\u00e1veis, \u200b\u200bsem o uso abusivo de m\u00f3veis de pl\u00e1stico, que geralmente s\u00e3o vistos em espa\u00e7os p\u00fablicos.<\/p>\n\n\n\n<div class=\"wp-block-columns\">\n<div class=\"wp-block-column\">\n<p>Mais tarde visit\u00e1mos a <strong>Escola B\u00e1sica da Serrinha. <\/strong>Uma das qualidades deste Agrupamento de Escolas \u00e9 a <strong>intera\u00e7\u00e3o e relacionamento entre os professores das escolas b\u00e1sicas e secund\u00e1rias<\/strong>. Como exemplo dessa intera\u00e7\u00e3o pudemos participar numa sess\u00e3o do projeto \u201cPrimeiros Passos nas Ci\u00eancias\u201d dinamizada por uma professora do ensino secund\u00e1rio, subordinada ao tema o Ciclo da \u00c1gua.<\/p>\n<\/div>\n\n\n\n<div class=\"wp-block-column\">\n<figure class=\"wp-block-image alignfull size-large\"><img loading=\"lazy\" width=\"818\" height=\"700\" src=\"https:\/\/creena.educacion.navarra.es\/web\/erasmus\/wp-content\/uploads\/sites\/7\/2020\/03\/vilela_taller_ciencias.jpg\" alt=\"\" class=\"wp-image-2002\" srcset=\"https:\/\/creena.educacion.navarra.es\/web\/erasmus\/wp-content\/uploads\/sites\/7\/2020\/03\/vilela_taller_ciencias.jpg 818w, https:\/\/creena.educacion.navarra.es\/web\/erasmus\/wp-content\/uploads\/sites\/7\/2020\/03\/vilela_taller_ciencias-300x257.jpg 300w, https:\/\/creena.educacion.navarra.es\/web\/erasmus\/wp-content\/uploads\/sites\/7\/2020\/03\/vilela_taller_ciencias-768x657.jpg 768w\" sizes=\"(max-width: 818px) 100vw, 818px\" \/><figcaption><br>Sess\u00e3o de Ci\u00eancias \u201cO Ciclo da \u00c1gua<\/figcaption><\/figure>\n<\/div>\n<\/div>\n\n\n\n<div style=\"height:26px\" aria-hidden=\"true\" class=\"wp-block-spacer\"><\/div>\n\n\n\n<h4>Novas leis educativas<\/h4>\n\n\n\n<div style=\"height:26px\" aria-hidden=\"true\" class=\"wp-block-spacer\"><\/div>\n\n\n\n<figure class=\"wp-block-image alignfull size-large\"><img loading=\"lazy\" width=\"1000\" height=\"716\" src=\"https:\/\/creena.educacion.navarra.es\/web\/erasmus\/wp-content\/uploads\/sites\/7\/2020\/03\/vilela_univ_oporto.jpg\" alt=\"\" class=\"wp-image-1956\" srcset=\"https:\/\/creena.educacion.navarra.es\/web\/erasmus\/wp-content\/uploads\/sites\/7\/2020\/03\/vilela_univ_oporto.jpg 1000w, https:\/\/creena.educacion.navarra.es\/web\/erasmus\/wp-content\/uploads\/sites\/7\/2020\/03\/vilela_univ_oporto-300x215.jpg 300w, https:\/\/creena.educacion.navarra.es\/web\/erasmus\/wp-content\/uploads\/sites\/7\/2020\/03\/vilela_univ_oporto-768x550.jpg 768w\" sizes=\"(max-width: 1000px) 100vw, 1000px\" \/><figcaption><br>Sess\u00e3o informativa na Faculdade de Psicologia da Universidade do Porto com a professora doutora Daniela Ferreira<\/figcaption><\/figure>\n\n\n\n<p>Ao final da tarde reunimos, na Faculdade de Psicologia da Universidade do Porto com a professora doutora Daniela Ferreira da equipa de trabalho da professora doutora Ariana Cosme que \u00e9 uma das pessoas respons\u00e1veis <strong>por assessorar o Governo Portugu\u00eas<\/strong> na implementa\u00e7\u00e3o das leis educativas relacionadas com a inclus\u00e3o.\u00a0<\/p>\n\n\n\n<p>A equipa da professora doutora Ariana Cosme explicou-nos o <strong>Decreto Lei n.\u00ba 54\/2018 relativo \u00e0 Educa\u00e7\u00e3o Inclusiva e o Decreto Lei n.\u00ba 55\/2018 relativo \u00e0 Flexibilidade Curricular<\/strong>.<\/p>\n\n\n\n<p><strong>Os pontos principais do Decreto Lei n.\u00ba 54\/2018 referente \u00e0 Educa\u00e7\u00e3o Inclusiva s\u00e3o os seguintes:<\/strong><\/p>\n\n\n\n<ul><li><strong>Abandonou-se a categoriza\u00e7\u00e3o de alunos<\/strong>, incluindo o termo alunos com necessidades educativas especiais;<\/li><li><strong>Abandonou-se o modelo de legisla\u00e7\u00e3o de Educa\u00e7\u00e3o Especial para alunos especiais<\/strong>, estabelecendo-se uma resposta cont\u00ednua para todos os alunos;\u00a0<\/li><li>O foco s\u00e3o as respostas educativas em detrimento da categoriza\u00e7\u00e3o dos alunos.<\/li><li>H\u00e1 <strong>tr\u00eas tipos <\/strong>de medidas educativas:<\/li><\/ul>\n\n\n\n<ol><li><strong>Universais.<\/strong> Que constituem respostas educativas a mobilizar para todos os alunos.<\/li><li><strong>Seletivas.<\/strong> De car\u00e1ter temporal, que visam colmatar as necessidades de suporte \u00e0 aprendizagem, para alunos que necessitam de uma abordagem distinta.<\/li><li><strong>Adicionais. <\/strong>Para alunos com dificuldades acentuadas e persistentes ao n\u00edvel da comunica\u00e7\u00e3o, intera\u00e7\u00e3o, cogni\u00e7\u00e3o ou aprendizagem.<\/li><\/ol>\n\n\n\n<p><strong>Os pontos principais do Decreto Lei n.\u00ba 55\/2018 referente \u00e0 Flexibilidade Curricular s\u00e3o os seguintes:<\/strong><\/p>\n\n\n\n<ul><li><strong>A autonomia curricular concedida \u00e0s escolas, num intervalo de varia\u00e7\u00e3o entre 0 % e 25 %, \u00e9 localmente constru\u00edda por iniciativa de cada escola. <\/strong>Cada escola decide o que fazer e como, fazendo uma gest\u00e3o dos seus materiais, recursos, etc. H\u00e1 ainda a possibilidade de, ap\u00f3s apresenta\u00e7\u00e3o de um projeto, o Minist\u00e9rio da Educa\u00e7\u00e3o aprovar a flexibilidade at\u00e9 100% do curr\u00edculo.<\/li><\/ul>\n\n\n\n<p>Os parceiros italianos comentaram que <strong>em It\u00e1lia<\/strong> cada escola tem autonomia no \u00e2mbito da <strong>flexibilidade curricular, que pode chegar aos 33%<\/strong>.<\/p>\n\n\n\n<p><strong>Em Espanha esta flexibilidade \u00e9 0<\/strong>, n\u00e3o se pode mudar nada no curr\u00edculo educativo regional.<\/p>\n\n\n\n<div style=\"height:26px\" aria-hidden=\"true\" class=\"wp-block-spacer\"><\/div>\n\n\n\n<h4>Sistema de avalia\u00e7\u00e3o em Portugal<\/h4>\n\n\n\n<div style=\"height:26px\" aria-hidden=\"true\" class=\"wp-block-spacer\"><\/div>\n\n\n\n<p>Al\u00e9m destes decretos foi-nos dado a conhecer <strong>o sistema de avalia\u00e7\u00e3o utilizado em Portugal.\u00a0 <\/strong><\/p>\n\n\n\n<p>Os principais pontos s\u00e3o os seguintes: <\/p>\n\n\n\n<ul><li>At\u00e9 ao 4.\u00ba ano do Ensino B\u00e1sico <strong>a avalia\u00e7\u00e3o n\u00e3o \u00e9 num\u00e9rica. <\/strong>Os professores re\u00fanem com as fam\u00edlias sobre o desempenho dos seus educandos, centrando-se nos seus interesses, habilidades, necessidades, etc.<\/li><li>Do 5.\u00ba ano Ensino B\u00e1sico ao 9.\u00ba, faz-se uma avalia\u00e7\u00e3o tamb\u00e9m qualitativa, atrav\u00e9s de relat\u00f3rios informativos trimestrais personalizados.<\/li><li>No Ensino Secund\u00e1rio \u00e9 utilizada a avalia\u00e7\u00e3o quantitativa, numa escala de 1 a 20.<\/li><\/ul>\n\n\n\n<p>Desta forma o sistema de avalia\u00e7\u00e3o portugu\u00eas tem <strong>uma avalia\u00e7\u00e3o centrada na pessoa e no seu desempenho e potencial. Consegue-se, assim, uma avalia\u00e7\u00e3o verdadeiramente formativa.<\/strong><\/p>\n\n\n\n<p style=\"background-color:#f0f6f7\" class=\"has-background has-larger-font-size\">Quinta-feira 23 de janeiro<\/p>\n\n\n\n<div class=\"wp-block-columns\">\n<div class=\"wp-block-column\">\n<p>O \u00faltimo dia foi dedicado \u00e0 <strong>reuni\u00e3o de coordena\u00e7\u00e3o e partilha do material realizado at\u00e9 ao momento \u201cInclus 4 all\u201d<\/strong>. Nessa mesma reuni\u00e3o analis\u00e1mos o trabalho que ter\u00e1 de ser elaborado at\u00e9 \u00e0 pr\u00f3xima reuni\u00e3o, que ser\u00e1 no final do ano.<\/p>\n<\/div>\n\n\n\n<div class=\"wp-block-column\">\n<div class=\"wp-block-image\"><figure class=\"aligncenter size-large is-resized\"><img loading=\"lazy\" src=\"https:\/\/creena.educacion.navarra.es\/web\/erasmus\/wp-content\/uploads\/sites\/7\/2020\/03\/vilela_reunion.jpg\" alt=\"\" class=\"wp-image-1931\" width=\"700\" height=\"694\" srcset=\"https:\/\/creena.educacion.navarra.es\/web\/erasmus\/wp-content\/uploads\/sites\/7\/2020\/03\/vilela_reunion.jpg 700w, https:\/\/creena.educacion.navarra.es\/web\/erasmus\/wp-content\/uploads\/sites\/7\/2020\/03\/vilela_reunion-300x297.jpg 300w, https:\/\/creena.educacion.navarra.es\/web\/erasmus\/wp-content\/uploads\/sites\/7\/2020\/03\/vilela_reunion-150x150.jpg 150w, https:\/\/creena.educacion.navarra.es\/web\/erasmus\/wp-content\/uploads\/sites\/7\/2020\/03\/vilela_reunion-100x100.jpg 100w\" sizes=\"(max-width: 700px) 100vw, 700px\" \/><figcaption><br>Reuni\u00e3o do grupo de trabalho \u00abInclus 4 all\u00bb<\/figcaption><\/figure><\/div>\n<\/div>\n<\/div>\n\n\n\n<p><strong>It\u00e1lia<\/strong> apresentou o <strong>relat\u00f3rio que est\u00e1 a elaborar sobre a atual situa\u00e7\u00e3o da educa\u00e7\u00e3o inclusiva <\/strong>nos tr\u00eas pa\u00edses que formam este cons\u00f3rcio.<\/p>\n\n\n\n<p>Neste relat\u00f3rio foram apresentados os seguintes dados:<\/p>\n\n\n\n<ul><li>Percentagem de investimento de cada pa\u00eds por aluno<\/li><li>Percentagem de abandono e insucesso escolar em cada pa\u00eds;<\/li><li>Diferen\u00e7as curriculares significativas entre os pa\u00edses relativamente \u00e0 inclus\u00e3o, etc.<\/li><\/ul>\n\n\n\n<p><strong>Portugal<\/strong> apresentou o documento interno para implementa\u00e7\u00e3o no Agrupamento de Escolas de Vilela do <strong>Decreto Lei 54\/2018,no \u00e2mbito da Educa\u00e7\u00e3o Inclusiva <\/strong>e tudo o que a mesma implica<strong>. <\/strong>Trata-se de um texto relativamente extenso que o Agrupamento de Escolas de Vilela resumiu e no qual baseou o seu trabalho de forma a facilitar a implementa\u00e7\u00e3o do referido Decreto.<\/p>\n\n\n\n<p><strong>Pamplona, o Departamento de Programas de Inclus\u00e3o e CREENA<\/strong>, apresentou o modelo de <strong>fichas elaboradas para o Guia Metodol\u00f3gico, o cronograma e a planifica\u00e7\u00e3o.<\/strong><\/p>\n\n\n\n<p>Esta reuni\u00e3o contou com a presen\u00e7a da <strong>respons\u00e1vel do Servi\u00e7o de Inclus\u00e3o, Igualdade e Coexist\u00eancia<\/strong>, <strong>M\u00aa Jos\u00e9 Cort\u00e9s Itarte<\/strong>\u00a0 como apoio ao Programa e para conhecer, em primeira m\u00e3o, os normativos legais em vigor nos outros pa\u00edses no \u00e2mbito da diversidade e educa\u00e7\u00e3o inclusiva.<\/p>\n\n\n\n<p style=\"background-color:#f3f4f4\" class=\"has-background\"><strong>Todos os parceiros do Programa Erasmus+ \u201cInclus 4 all\u201d continuar\u00e3o a trabalhar neste grande projeto, voltando a reunir em Barcelona no final deste ano de 2020.<\/strong><\/p>\n\n\n\n<p><\/p>\n","protected":false},"excerpt":{"rendered":"<p>Projeto KA201 \u201cInclus 4 all\u201d Erasmus+ Lugar:&#8211; Vilela, Portugal Datas:\u2013 Dias 21, 22 e\u00a0 23 de janeiro de 2020 Anfitri\u00e3o:\u2013 Agrupamento de Escolas de\u00a0 Vilela Participantes na reuni\u00e3o:\u2013 Equipa de Creena Pamplona&#8211; Pamplona Inclusi\u00f3n Educativa&#8211; M\u00f3dena Istituto Compresivo 1 Ter\u00e7a-feira, 21 de janeiro A equipa do Projeto KA201 \u201cInclus 4 all\u201d chega a Vilela, Concelho [&hellip;]<\/p>\n","protected":false},"author":4,"featured_media":0,"parent":0,"menu_order":0,"comment_status":"closed","ping_status":"closed","template":"","meta":{"_genesis_hide_title":false,"_genesis_hide_breadcrumbs":false,"_genesis_hide_singular_image":false,"_genesis_hide_footer_widgets":false,"_genesis_custom_body_class":"","_genesis_custom_post_class":"","_genesis_layout":""},"_links":{"self":[{"href":"https:\/\/creena.educacion.navarra.es\/web\/erasmus\/pt-pt\/wp-json\/wp\/v2\/pages\/1162"}],"collection":[{"href":"https:\/\/creena.educacion.navarra.es\/web\/erasmus\/pt-pt\/wp-json\/wp\/v2\/pages"}],"about":[{"href":"https:\/\/creena.educacion.navarra.es\/web\/erasmus\/pt-pt\/wp-json\/wp\/v2\/types\/page"}],"author":[{"embeddable":true,"href":"https:\/\/creena.educacion.navarra.es\/web\/erasmus\/pt-pt\/wp-json\/wp\/v2\/users\/4"}],"replies":[{"embeddable":true,"href":"https:\/\/creena.educacion.navarra.es\/web\/erasmus\/pt-pt\/wp-json\/wp\/v2\/comments?post=1162"}],"version-history":[{"count":3,"href":"https:\/\/creena.educacion.navarra.es\/web\/erasmus\/pt-pt\/wp-json\/wp\/v2\/pages\/1162\/revisions"}],"predecessor-version":[{"id":2020,"href":"https:\/\/creena.educacion.navarra.es\/web\/erasmus\/pt-pt\/wp-json\/wp\/v2\/pages\/1162\/revisions\/2020"}],"wp:attachment":[{"href":"https:\/\/creena.educacion.navarra.es\/web\/erasmus\/pt-pt\/wp-json\/wp\/v2\/media?parent=1162"}],"curies":[{"name":"wp","href":"https:\/\/api.w.org\/{rel}","templated":true}]}}