{"id":2818,"date":"2022-10-24T06:54:51","date_gmt":"2022-10-24T06:54:51","guid":{"rendered":"https:\/\/creena.educacion.navarra.es\/web\/erasmusmovilidades\/turkey\/"},"modified":"2022-11-21T11:16:27","modified_gmt":"2022-11-21T11:16:27","slug":"turkey","status":"publish","type":"page","link":"https:\/\/creena.educacion.navarra.es\/web\/erasmusmovilidades\/en\/mobilities\/year-2022\/turkey\/","title":{"rendered":"Turkey"},"content":{"rendered":"\n<h1 class=\"has-text-align-center has-text-color\" style=\"color:#004499;font-style:normal;font-weight:100;text-transform:uppercase;letter-spacing:4px\">Turkey<\/h1>\n\n\n\n<div style=\"height:100px\" aria-hidden=\"true\" class=\"wp-block-spacer\"><\/div>\n\n\n\n<p><a href=\"https:\/\/creena.educacion.navarra.es\/web\/erasmusmovilidades\/informacion-sobre-movilidades\/ano-2022\/\"><img loading=\"lazy\" width=\"512\" height=\"512\" class=\"wp-image-2383\" style=\"width: 40px\" src=\"https:\/\/creena.educacion.navarra.es\/web\/erasmusmovilidades\/wp-content\/uploads\/sites\/10\/2022\/10\/volver.png\" alt=\"\" srcset=\"https:\/\/creena.educacion.navarra.es\/web\/erasmusmovilidades\/wp-content\/uploads\/sites\/10\/2022\/10\/volver.png 512w, https:\/\/creena.educacion.navarra.es\/web\/erasmusmovilidades\/wp-content\/uploads\/sites\/10\/2022\/10\/volver-300x300.png 300w, https:\/\/creena.educacion.navarra.es\/web\/erasmusmovilidades\/wp-content\/uploads\/sites\/10\/2022\/10\/volver-150x150.png 150w\" sizes=\"(max-width: 512px) 100vw, 512px\" \/><\/a><\/p>\n\n\n\n<div class=\"wp-block-image\"><figure class=\"aligncenter size-thumbnail is-resized\"><img loading=\"lazy\" src=\"https:\/\/creena.educacion.navarra.es\/web\/erasmusmovilidades\/wp-content\/uploads\/sites\/10\/2022\/10\/pavo1-150x150.png\" alt=\"\" class=\"wp-image-1559\" width=\"38\" height=\"38\" srcset=\"https:\/\/creena.educacion.navarra.es\/web\/erasmusmovilidades\/wp-content\/uploads\/sites\/10\/2022\/10\/pavo1-150x150.png 150w, https:\/\/creena.educacion.navarra.es\/web\/erasmusmovilidades\/wp-content\/uploads\/sites\/10\/2022\/10\/pavo1-300x300.png 300w, https:\/\/creena.educacion.navarra.es\/web\/erasmusmovilidades\/wp-content\/uploads\/sites\/10\/2022\/10\/pavo1.png 512w\" sizes=\"(max-width: 38px) 100vw, 38px\" \/><\/figure><\/div>\n\n\n\n<div class=\"wp-block-columns\">\n<div class=\"wp-block-column has-background\" style=\"background-color:#004499\">\n<p><\/p>\n<\/div>\n<\/div>\n\n\n\n<p class=\"has-text-align-center has-medium-font-size\" style=\"font-style:normal;font-weight:100;letter-spacing:1px\">Two teachers from Sarriguren Secondary School went to Turkey during 2022<\/p>\n\n\n\n<div style=\"height:50px\" aria-hidden=\"true\" class=\"wp-block-spacer\"><\/div>\n\n\n\n<p class=\"has-medium-font-size\" style=\"font-style:normal;font-weight:100;letter-spacing:1px\"><strong>They visited:<\/strong><\/p>\n\n\n\n<ul class=\"has-text-color has-medium-font-size\" style=\"color:#004499;font-style:normal;font-weight:100;letter-spacing:1px\"><li>75 Yil Ortaokulu, Estambul<\/li><li>Efeler Ortaokulu, Aydin<\/li><li>Hamravat Ilkokulu<\/li><\/ul>\n\n\n\n<div style=\"height:50px\" aria-hidden=\"true\" class=\"wp-block-spacer\"><\/div>\n\n\n\n<p class=\"has-medium-font-size\" style=\"font-style:normal;font-weight:100;letter-spacing:1px\"><strong>Strenghts:<\/strong><\/p>\n\n\n\n<ul class=\"has-text-color has-medium-font-size\" style=\"color:#004499;font-style:normal;font-weight:100;letter-spacing:1px\"><li>More breaks between lessons.<\/li><li>They do etwinning projects<\/li><li>Interdisciplinary project even when they do not have sessions to coordinate<\/li><li>Students help to be the caretaker of school<\/li><li>They pay attention to how the school looks like<\/li><\/ul>\n\n\n\n<div style=\"height:50px\" aria-hidden=\"true\" class=\"wp-block-spacer\"><\/div>\n\n\n\n<figure class=\"wp-block-gallery has-nested-images columns-default is-cropped\">\n<figure class=\"wp-block-image size-large\"><img loading=\"lazy\" width=\"1200\" height=\"1600\" data-id=\"2170\"  src=\"https:\/\/creena.educacion.navarra.es\/web\/erasmusmovilidades\/wp-content\/uploads\/sites\/10\/2022\/10\/image2.jpg\" alt=\"\" class=\"wp-image-2170\" srcset=\"https:\/\/creena.educacion.navarra.es\/web\/erasmusmovilidades\/wp-content\/uploads\/sites\/10\/2022\/10\/image2.jpg 1200w, https:\/\/creena.educacion.navarra.es\/web\/erasmusmovilidades\/wp-content\/uploads\/sites\/10\/2022\/10\/image2-225x300.jpg 225w, https:\/\/creena.educacion.navarra.es\/web\/erasmusmovilidades\/wp-content\/uploads\/sites\/10\/2022\/10\/image2-768x1024.jpg 768w, https:\/\/creena.educacion.navarra.es\/web\/erasmusmovilidades\/wp-content\/uploads\/sites\/10\/2022\/10\/image2-1152x1536.jpg 1152w\" sizes=\"(max-width: 1200px) 100vw, 1200px\" \/><figcaption>Interior of the Bah\u00e7esehir Koleji<\/figcaption><\/figure>\n\n\n\n<figure class=\"wp-block-image size-large\"><img loading=\"lazy\" width=\"1200\" height=\"1600\" data-id=\"2174\"  src=\"https:\/\/creena.educacion.navarra.es\/web\/erasmusmovilidades\/wp-content\/uploads\/sites\/10\/2022\/10\/image6.jpg\" alt=\"\" class=\"wp-image-2174\" srcset=\"https:\/\/creena.educacion.navarra.es\/web\/erasmusmovilidades\/wp-content\/uploads\/sites\/10\/2022\/10\/image6.jpg 1200w, https:\/\/creena.educacion.navarra.es\/web\/erasmusmovilidades\/wp-content\/uploads\/sites\/10\/2022\/10\/image6-225x300.jpg 225w, https:\/\/creena.educacion.navarra.es\/web\/erasmusmovilidades\/wp-content\/uploads\/sites\/10\/2022\/10\/image6-768x1024.jpg 768w, https:\/\/creena.educacion.navarra.es\/web\/erasmusmovilidades\/wp-content\/uploads\/sites\/10\/2022\/10\/image6-1152x1536.jpg 1152w\" sizes=\"(max-width: 1200px) 100vw, 1200px\" \/><figcaption>Bah\u00e7e\u015fehir College (Bah\u00e7e\u015fehir Koleji)<\/figcaption><\/figure>\n\n\n\n<figure class=\"wp-block-image size-large\"><img loading=\"lazy\" width=\"829\" height=\"631\" data-id=\"2180\"  src=\"https:\/\/creena.educacion.navarra.es\/web\/erasmusmovilidades\/wp-content\/uploads\/sites\/10\/2022\/10\/image13.jpg\" alt=\"\" class=\"wp-image-2180\" srcset=\"https:\/\/creena.educacion.navarra.es\/web\/erasmusmovilidades\/wp-content\/uploads\/sites\/10\/2022\/10\/image13.jpg 829w, https:\/\/creena.educacion.navarra.es\/web\/erasmusmovilidades\/wp-content\/uploads\/sites\/10\/2022\/10\/image13-300x228.jpg 300w, https:\/\/creena.educacion.navarra.es\/web\/erasmusmovilidades\/wp-content\/uploads\/sites\/10\/2022\/10\/image13-768x585.jpg 768w\" sizes=\"(max-width: 829px) 100vw, 829px\" \/><figcaption>Classroom<\/figcaption><\/figure>\n<\/figure>\n\n\n\n<div class=\"wp-block-columns\">\n<div class=\"wp-block-column has-background\" style=\"background-color:#004499\">\n<p><\/p>\n<\/div>\n<\/div>\n\n\n\n<div style=\"height:100px\" aria-hidden=\"true\" class=\"wp-block-spacer\"><\/div>\n\n\n\n<div class=\"wp-container-1 wp-block-group\"><div class=\"wp-block-group__inner-container\">\n<div class=\"wp-block-columns\">\n<div class=\"wp-block-column has-background\" style=\"background-color:#eff8fd\">\n<div class=\"wp-block-columns\">\n<div class=\"wp-block-column\">\n<p><\/p>\n\n\n\n<p><\/p>\n\n\n\n<p class=\"has-text-align-center has-text-color has-medium-font-size\" style=\"color:#004499;font-style:normal;font-weight:100;letter-spacing:2px\"><strong>PROYECTO MOVILIDADES ERASMUS+<\/strong>              <strong>Acreditaci\u00f3n 2021\/2027 CREENA<\/strong><\/p>\n<\/div>\n<\/div>\n\n\n\n<div class=\"wp-block-columns\">\n<div class=\"wp-block-column\"><\/div>\n\n\n\n<div class=\"wp-block-column\">\n<p class=\"has-text-align-center has-black-color has-text-color\" style=\"font-style:normal;font-weight:300;letter-spacing:1px\"><img loading=\"lazy\" width=\"672\" height=\"980\" class=\"wp-image-786\" style=\"width: 20px\" src=\"https:\/\/creena.educacion.navarra.es\/web\/erasmusmovilidades\/wp-content\/uploads\/sites\/10\/2022\/10\/pngegg.png\" alt=\"\" srcset=\"https:\/\/creena.educacion.navarra.es\/web\/erasmusmovilidades\/wp-content\/uploads\/sites\/10\/2022\/10\/pngegg.png 672w, https:\/\/creena.educacion.navarra.es\/web\/erasmusmovilidades\/wp-content\/uploads\/sites\/10\/2022\/10\/pngegg-206x300.png 206w\" sizes=\"(max-width: 672px) 100vw, 672px\" \/><strong>CREENA<\/strong> Calle Tajonar 14, 31006 Pamplona\/Iru\u00f1a (Navarra)<br\/><img loading=\"lazy\" width=\"980\" height=\"980\" class=\"wp-image-792\" style=\"width: 20px\" src=\"https:\/\/creena.educacion.navarra.es\/web\/erasmusmovilidades\/wp-content\/uploads\/sites\/10\/2022\/10\/pngegg-1.png\" alt=\"\" srcset=\"https:\/\/creena.educacion.navarra.es\/web\/erasmusmovilidades\/wp-content\/uploads\/sites\/10\/2022\/10\/pngegg-1.png 980w, https:\/\/creena.educacion.navarra.es\/web\/erasmusmovilidades\/wp-content\/uploads\/sites\/10\/2022\/10\/pngegg-1-300x300.png 300w, https:\/\/creena.educacion.navarra.es\/web\/erasmusmovilidades\/wp-content\/uploads\/sites\/10\/2022\/10\/pngegg-1-150x150.png 150w, https:\/\/creena.educacion.navarra.es\/web\/erasmusmovilidades\/wp-content\/uploads\/sites\/10\/2022\/10\/pngegg-1-768x768.png 768w\" sizes=\"(max-width: 980px) 100vw, 980px\" \/> +34 848431230<\/p>\n\n\n\n<p class=\"has-text-align-center has-text-color\" style=\"color:#004499;font-size:15px;font-style:normal;font-weight:300\">  <img loading=\"lazy\" width=\"512\" height=\"450\" class=\"wp-image-837\" style=\"width: 20px\" src=\"https:\/\/creena.educacion.navarra.es\/web\/erasmusmovilidades\/wp-content\/uploads\/sites\/10\/2022\/10\/email.png\" alt=\"\" srcset=\"https:\/\/creena.educacion.navarra.es\/web\/erasmusmovilidades\/wp-content\/uploads\/sites\/10\/2022\/10\/email.png 512w, https:\/\/creena.educacion.navarra.es\/web\/erasmusmovilidades\/wp-content\/uploads\/sites\/10\/2022\/10\/email-300x264.png 300w\" sizes=\"(max-width: 512px) 100vw, 512px\" \/> creena-erasmus@educacion.navarra.es<\/p>\n<\/div>\n\n\n\n<div class=\"wp-block-column\"><\/div>\n<\/div>\n\n\n\n<div class=\"wp-block-columns\">\n<div class=\"wp-block-column\">\n<p class=\"has-text-align-center\" style=\"font-size:18px;font-style:normal;font-weight:100;letter-spacing:2px\"><strong>\u00a1S\u00edguenos en nuestras redes sociales!<\/strong><\/p>\n\n\n\n<p class=\"has-text-align-center\"><a href=\"https:\/\/twitter.com\/CREENA_Navarra\"><img loading=\"lazy\" width=\"337\" height=\"343\" class=\"wp-image-904\" style=\"width: 40px;\" src=\"https:\/\/creena.educacion.navarra.es\/web\/erasmusmovilidades\/wp-content\/uploads\/sites\/10\/2022\/10\/twitter.png\" alt=\"\" srcset=\"https:\/\/creena.educacion.navarra.es\/web\/erasmusmovilidades\/wp-content\/uploads\/sites\/10\/2022\/10\/twitter.png 337w, https:\/\/creena.educacion.navarra.es\/web\/erasmusmovilidades\/wp-content\/uploads\/sites\/10\/2022\/10\/twitter-295x300.png 295w\" sizes=\"(max-width: 337px) 100vw, 337px\" \/><\/a><a href=\"https:\/\/www.instagram.com\/creena_navarra\/\"><img loading=\"lazy\" width=\"338\" height=\"343\" class=\"wp-image-907\" style=\"width: 40px;\" src=\"https:\/\/creena.educacion.navarra.es\/web\/erasmusmovilidades\/wp-content\/uploads\/sites\/10\/2022\/10\/indtagram.png\" alt=\"\" srcset=\"https:\/\/creena.educacion.navarra.es\/web\/erasmusmovilidades\/wp-content\/uploads\/sites\/10\/2022\/10\/indtagram.png 338w, https:\/\/creena.educacion.navarra.es\/web\/erasmusmovilidades\/wp-content\/uploads\/sites\/10\/2022\/10\/indtagram-296x300.png 296w\" sizes=\"(max-width: 338px) 100vw, 338px\" \/><\/a><\/p>\n<\/div>\n<\/div>\n\n\n\n<div class=\"wp-block-columns\">\n<div class=\"wp-block-column\">\n<div class=\"wp-block-image\"><figure class=\"aligncenter size-medium is-resized\"><a href=\"http:\/\/www.sepie.es\/\" target=\"_blank\" rel=\"noopener\"><img loading=\"lazy\" src=\"https:\/\/creena.educacion.navarra.es\/web\/erasmusmovilidades\/wp-content\/uploads\/sites\/10\/2022\/10\/SEPIE_erasmus_plus-300x111.gif\" alt=\"Logotipo Sepie\" class=\"wp-image-102\" width=\"225\" height=\"83\"\/><\/a><\/figure><\/div>\n<\/div>\n\n\n\n<div class=\"wp-block-column\">\n<div class=\"wp-block-image\"><figure class=\"aligncenter size-medium is-resized\"><a href=\"https:\/\/creena.educacion.navarra.es\/web\/\" target=\"_blank\" rel=\"noopener\"><img loading=\"lazy\" src=\"https:\/\/creena.educacion.navarra.es\/web\/erasmusmovilidades\/wp-content\/uploads\/sites\/10\/2022\/10\/logo_creena_socios-300x300.png\" alt=\"Logotipo Creena\" class=\"wp-image-444\" width=\"225\" height=\"225\" srcset=\"https:\/\/creena.educacion.navarra.es\/web\/erasmusmovilidades\/wp-content\/uploads\/sites\/10\/2022\/10\/logo_creena_socios-300x300.png 300w, https:\/\/creena.educacion.navarra.es\/web\/erasmusmovilidades\/wp-content\/uploads\/sites\/10\/2022\/10\/logo_creena_socios-150x150.png 150w, https:\/\/creena.educacion.navarra.es\/web\/erasmusmovilidades\/wp-content\/uploads\/sites\/10\/2022\/10\/logo_creena_socios.png 400w\" sizes=\"(max-width: 225px) 100vw, 225px\" \/><\/a><\/figure><\/div>\n<\/div>\n\n\n\n<div class=\"wp-block-column\">\n<div class=\"wp-block-image\"><figure class=\"aligncenter size-medium is-resized\"><img loading=\"lazy\" src=\"https:\/\/creena.educacion.navarra.es\/web\/erasmusmovilidades\/wp-content\/uploads\/sites\/10\/2022\/10\/es_v_cofinanciado_por_la_union_europea_pos-296x300.png\" alt=\"Logotipo Uni&#xF3;n Europea\" class=\"wp-image-347\" width=\"148\" height=\"150\" srcset=\"https:\/\/creena.educacion.navarra.es\/web\/erasmusmovilidades\/wp-content\/uploads\/sites\/10\/2022\/10\/es_v_cofinanciado_por_la_union_europea_pos-296x300.png 296w, https:\/\/creena.educacion.navarra.es\/web\/erasmusmovilidades\/wp-content\/uploads\/sites\/10\/2022\/10\/es_v_cofinanciado_por_la_union_europea_pos-768x778.png 768w, https:\/\/creena.educacion.navarra.es\/web\/erasmusmovilidades\/wp-content\/uploads\/sites\/10\/2022\/10\/es_v_cofinanciado_por_la_union_europea_pos.png 910w\" sizes=\"(max-width: 148px) 100vw, 148px\" \/><\/figure><\/div>\n<\/div>\n<\/div>\n\n\n\n<p class=\"has-text-align-center has-text-color\" style=\"color:#004499;font-size:15px\"><a rel=\"noreferrer noopener\" href=\"https:\/\/www.educacion.navarra.es\/web\/dpto\/aviso-legal\" target=\"_blank\">Legal warning<\/a><\/p>\n<\/div>\n<\/div>\n<\/div><\/div>\n\n<hr class=\"wp-block-separator has-text-color has-background is-style-default\" style=\"background-color:#eff8fd;color:#eff8fd\"\/>\n","protected":false},"excerpt":{"rendered":"<p>Turkey Two teachers from Sarriguren Secondary School went to Turkey during 2022 They visited: 75 Yil Ortaokulu, Estambul Efeler Ortaokulu, Aydin Hamravat Ilkokulu Strenghts: More breaks between lessons. They do etwinning projects Interdisciplinary project even when they do not have sessions to coordinate Students help to be the caretaker of school They pay attention to [&hellip;]<\/p>\n","protected":false},"author":11,"featured_media":0,"parent":2824,"menu_order":0,"comment_status":"closed","ping_status":"closed","template":"","meta":{"_genesis_hide_title":true,"_genesis_hide_breadcrumbs":false,"_genesis_hide_singular_image":false,"_genesis_hide_footer_widgets":false,"_genesis_custom_body_class":"","_genesis_custom_post_class":"","_genesis_layout":""},"_links":{"self":[{"href":"https:\/\/creena.educacion.navarra.es\/web\/erasmusmovilidades\/en\/wp-json\/wp\/v2\/pages\/2818"}],"collection":[{"href":"https:\/\/creena.educacion.navarra.es\/web\/erasmusmovilidades\/en\/wp-json\/wp\/v2\/pages"}],"about":[{"href":"https:\/\/creena.educacion.navarra.es\/web\/erasmusmovilidades\/en\/wp-json\/wp\/v2\/types\/page"}],"author":[{"embeddable":true,"href":"https:\/\/creena.educacion.navarra.es\/web\/erasmusmovilidades\/en\/wp-json\/wp\/v2\/users\/11"}],"replies":[{"embeddable":true,"href":"https:\/\/creena.educacion.navarra.es\/web\/erasmusmovilidades\/en\/wp-json\/wp\/v2\/comments?post=2818"}],"version-history":[{"count":3,"href":"https:\/\/creena.educacion.navarra.es\/web\/erasmusmovilidades\/en\/wp-json\/wp\/v2\/pages\/2818\/revisions"}],"predecessor-version":[{"id":2874,"href":"https:\/\/creena.educacion.navarra.es\/web\/erasmusmovilidades\/en\/wp-json\/wp\/v2\/pages\/2818\/revisions\/2874"}],"up":[{"embeddable":true,"href":"https:\/\/creena.educacion.navarra.es\/web\/erasmusmovilidades\/en\/wp-json\/wp\/v2\/pages\/2824"}],"wp:attachment":[{"href":"https:\/\/creena.educacion.navarra.es\/web\/erasmusmovilidades\/en\/wp-json\/wp\/v2\/media?parent=2818"}],"curies":[{"name":"wp","href":"https:\/\/api.w.org\/{rel}","templated":true}]}}