{"id":4837,"date":"2024-12-05T10:29:55","date_gmt":"2024-12-05T10:29:55","guid":{"rendered":"https:\/\/creena.educacion.navarra.es\/web\/erasmusmovilidades\/call-25-26\/"},"modified":"2025-09-29T08:50:45","modified_gmt":"2025-09-29T08:50:45","slug":"call-25-26","status":"publish","type":"page","link":"https:\/\/creena.educacion.navarra.es\/web\/erasmusmovilidades\/en\/call-25-26\/","title":{"rendered":"Call 25-26"},"content":{"rendered":"\n<h2 class=\"has-text-align-center has-vivid-cyan-blue-color has-text-color\"><strong>COURSE 2025-2026<\/strong><\/h2>\n\n\n\n<h2 class=\"has-text-align-center\"><img loading=\"lazy\" width=\"512\" height=\"512\" class=\"wp-image-1735\" style=\"width: 60px\" src=\"https:\/\/creena.educacion.navarra.es\/web\/erasmusmovilidades\/wp-content\/uploads\/sites\/10\/2022\/10\/colegioazul.png\" alt=\"\" srcset=\"https:\/\/creena.educacion.navarra.es\/web\/erasmusmovilidades\/wp-content\/uploads\/sites\/10\/2022\/10\/colegioazul.png 512w, https:\/\/creena.educacion.navarra.es\/web\/erasmusmovilidades\/wp-content\/uploads\/sites\/10\/2022\/10\/colegioazul-300x300.png 300w, https:\/\/creena.educacion.navarra.es\/web\/erasmusmovilidades\/wp-content\/uploads\/sites\/10\/2022\/10\/colegioazul-150x150.png 150w\" sizes=\"(max-width: 512px) 100vw, 512px\" \/><\/h2>\n\n\n\n<p>CREENA will lead a new Erasmus+ consortium in the 2025-2026 academic year, and we would like to invite public educational centers that are part of <strong>TC-DUA<\/strong>, centers within <strong>PROA+<\/strong>, centers that are <strong>learning communities<\/strong>, <strong>public centers with specific structures, public centers centers with ACNEAE index less than -2<\/strong> and <strong>public special education centers.<\/strong><br>The Erasmus+ CREENA consortium offers schools the opportunity to participate in an educational mobility project at European level, allowing their teaching staff to participate in professional development activities abroad, such as structured courses and periods of professional observation. Todos aquellos centros p\u00fablicos que est\u00e9n interesados en participar tendr\u00e1n que generar un <a rel=\"noreferrer noopener\" href=\"https:\/\/etwinning.educacion.navarra.es\/2020\/02\/24\/instrucciones-para-obtener-un-oid-organisation-id-documento-de-identidad-del-centro-escolar-para-participar-en-proyectos-ka1-y-ka2-de-erasmus\/\" target=\"_blank\">c\u00f3digo OID.<\/a><strong>(Quedan excluidos los centros que est\u00e1n acreditados o centros con proyectos KA22)<\/strong>. The centers that are part of our consortium are committed to being <strong>centers that receive other foreign teachers.<\/strong><br>The consortium is open to having 60 members. If we have more applications than places, we will prioritize the new centers.<br>If your center is interested in joining this initiative, please let us know no later than <strong>January 14 <\/strong>by writing to: creena-erasmus@creena.navarra.es<\/p>\n\n\n\n<div class=\"wp-block-columns\">\n<div class=\"wp-block-column has-pale-pink-background-color has-background\">\n<p class=\"has-text-align-center\">Centers with&nbsp;<strong>0-20<\/strong>&nbsp;teachers<\/p>\n\n\n\n<div class=\"wp-block-image\"><figure class=\"aligncenter\"><img loading=\"lazy\" width=\"150\" height=\"150\" src=\"https:\/\/creena.educacion.navarra.es\/web\/erasmusmovilidades\/wp-content\/uploads\/sites\/10\/2022\/10\/flecha2-150x150.png\" alt=\"\" class=\"wp-image-1670\" srcset=\"https:\/\/creena.educacion.navarra.es\/web\/erasmusmovilidades\/wp-content\/uploads\/sites\/10\/2022\/10\/flecha2-150x150.png 150w, https:\/\/creena.educacion.navarra.es\/web\/erasmusmovilidades\/wp-content\/uploads\/sites\/10\/2022\/10\/flecha2-300x300.png 300w, https:\/\/creena.educacion.navarra.es\/web\/erasmusmovilidades\/wp-content\/uploads\/sites\/10\/2022\/10\/flecha2.png 512w\" sizes=\"(max-width: 150px) 100vw, 150px\" \/><\/figure><\/div>\n\n\n\n<p class=\"has-text-align-center\"><strong>1&nbsp;<\/strong>one-week mobility<\/p>\n<\/div>\n\n\n\n<div class=\"wp-block-column has-pale-cyan-blue-background-color has-background\">\n<p class=\"has-text-align-center\">Centers with<strong>&nbsp;21<\/strong>&nbsp;or more teachers<\/p>\n\n\n\n<div class=\"wp-block-image\"><figure class=\"aligncenter\"><img loading=\"lazy\" width=\"150\" height=\"150\" src=\"https:\/\/creena.educacion.navarra.es\/web\/erasmusmovilidades\/wp-content\/uploads\/sites\/10\/2022\/10\/flecha2-150x150.png\" alt=\"\" class=\"wp-image-1670\" srcset=\"https:\/\/creena.educacion.navarra.es\/web\/erasmusmovilidades\/wp-content\/uploads\/sites\/10\/2022\/10\/flecha2-150x150.png 150w, https:\/\/creena.educacion.navarra.es\/web\/erasmusmovilidades\/wp-content\/uploads\/sites\/10\/2022\/10\/flecha2-300x300.png 300w, https:\/\/creena.educacion.navarra.es\/web\/erasmusmovilidades\/wp-content\/uploads\/sites\/10\/2022\/10\/flecha2.png 512w\" sizes=\"(max-width: 150px) 100vw, 150px\" \/><\/figure><\/div>\n\n\n\n<p class=\"has-text-align-center\"><strong>2&nbsp;<\/strong>one-week mobilities<\/p>\n<\/div>\n<\/div>\n\n\n\n<p><strong><a href=\"https:\/\/drive.google.com\/file\/d\/1v_1KfOSYo-Mii5LALe-Nkwj3bUyEQsny\/view?usp=drive_link\" target=\"_blank\" rel=\"noreferrer noopener\">Selection of participants from educational centers<\/a><\/strong><\/p>\n\n\n\n<p><a href=\"https:\/\/drive.google.com\/file\/d\/1_E_vxTyV4DOjGgT4-zY4kxbGQ_qypYub\/view?usp=drive_link\" target=\"_blank\" rel=\"noreferrer noopener\">CREENA Participant selection<\/a><\/p>\n","protected":false},"excerpt":{"rendered":"<p>COURSE 2025-2026 CREENA will lead a new Erasmus+ consortium in the 2025-2026 academic year, and we would like to invite public educational centers that are part of TC-DUA, centers within PROA+, centers that are learning communities, public centers with specific structures, public centers centers with ACNEAE index less than -2 and public special education centers.The [&hellip;]<\/p>\n","protected":false},"author":1,"featured_media":0,"parent":0,"menu_order":0,"comment_status":"closed","ping_status":"closed","template":"","meta":{"_genesis_hide_title":true,"_genesis_hide_breadcrumbs":false,"_genesis_hide_singular_image":false,"_genesis_hide_footer_widgets":false,"_genesis_custom_body_class":"","_genesis_custom_post_class":"","_genesis_layout":""},"_links":{"self":[{"href":"https:\/\/creena.educacion.navarra.es\/web\/erasmusmovilidades\/en\/wp-json\/wp\/v2\/pages\/4837"}],"collection":[{"href":"https:\/\/creena.educacion.navarra.es\/web\/erasmusmovilidades\/en\/wp-json\/wp\/v2\/pages"}],"about":[{"href":"https:\/\/creena.educacion.navarra.es\/web\/erasmusmovilidades\/en\/wp-json\/wp\/v2\/types\/page"}],"author":[{"embeddable":true,"href":"https:\/\/creena.educacion.navarra.es\/web\/erasmusmovilidades\/en\/wp-json\/wp\/v2\/users\/1"}],"replies":[{"embeddable":true,"href":"https:\/\/creena.educacion.navarra.es\/web\/erasmusmovilidades\/en\/wp-json\/wp\/v2\/comments?post=4837"}],"version-history":[{"count":6,"href":"https:\/\/creena.educacion.navarra.es\/web\/erasmusmovilidades\/en\/wp-json\/wp\/v2\/pages\/4837\/revisions"}],"predecessor-version":[{"id":5440,"href":"https:\/\/creena.educacion.navarra.es\/web\/erasmusmovilidades\/en\/wp-json\/wp\/v2\/pages\/4837\/revisions\/5440"}],"wp:attachment":[{"href":"https:\/\/creena.educacion.navarra.es\/web\/erasmusmovilidades\/en\/wp-json\/wp\/v2\/media?parent=4837"}],"curies":[{"name":"wp","href":"https:\/\/api.w.org\/{rel}","templated":true}]}}