{"id":2748,"date":"2022-10-21T12:20:39","date_gmt":"2022-10-21T12:20:39","guid":{"rendered":"https:\/\/creena.educacion.navarra.es\/web\/erasmusmovilidades\/danimarka\/"},"modified":"2022-11-21T11:13:46","modified_gmt":"2022-11-21T11:13:46","slug":"danimarka","status":"publish","type":"page","link":"https:\/\/creena.educacion.navarra.es\/web\/erasmusmovilidades\/eu\/mugikortasunak\/2022-urtea\/danimarka\/","title":{"rendered":"Danimarka"},"content":{"rendered":"\n<h1 class=\"has-text-align-center has-text-color\" style=\"color:#004499;font-style:normal;font-weight:100;letter-spacing:4px\">DANIMARKA<\/h1>\n\n\n\n<div style=\"height:100px\" aria-hidden=\"true\" class=\"wp-block-spacer\"><\/div>\n\n\n\n<p><a href=\"https:\/\/creena.educacion.navarra.es\/web\/erasmusmovilidades\/eu\/mugikortasunak\/2022-urtea\/\"><img loading=\"lazy\" width=\"512\" height=\"512\" class=\"wp-image-2383\" style=\"width: 40px\" src=\"https:\/\/creena.educacion.navarra.es\/web\/erasmusmovilidades\/wp-content\/uploads\/sites\/10\/2022\/10\/volver.png\" alt=\"\" srcset=\"https:\/\/creena.educacion.navarra.es\/web\/erasmusmovilidades\/wp-content\/uploads\/sites\/10\/2022\/10\/volver.png 512w, https:\/\/creena.educacion.navarra.es\/web\/erasmusmovilidades\/wp-content\/uploads\/sites\/10\/2022\/10\/volver-300x300.png 300w, https:\/\/creena.educacion.navarra.es\/web\/erasmusmovilidades\/wp-content\/uploads\/sites\/10\/2022\/10\/volver-150x150.png 150w\" sizes=\"(max-width: 512px) 100vw, 512px\" \/><\/a><\/p>\n\n\n\n<div class=\"wp-block-image\"><figure class=\"aligncenter size-thumbnail is-resized\"><img loading=\"lazy\" src=\"https:\/\/creena.educacion.navarra.es\/web\/erasmusmovilidades\/wp-content\/uploads\/sites\/10\/2022\/10\/dinamarca1-150x150.png\" alt=\"\" class=\"wp-image-1548\" width=\"38\" height=\"38\" srcset=\"https:\/\/creena.educacion.navarra.es\/web\/erasmusmovilidades\/wp-content\/uploads\/sites\/10\/2022\/10\/dinamarca1-150x150.png 150w, https:\/\/creena.educacion.navarra.es\/web\/erasmusmovilidades\/wp-content\/uploads\/sites\/10\/2022\/10\/dinamarca1-300x300.png 300w, https:\/\/creena.educacion.navarra.es\/web\/erasmusmovilidades\/wp-content\/uploads\/sites\/10\/2022\/10\/dinamarca1.png 512w\" sizes=\"(max-width: 38px) 100vw, 38px\" \/><\/figure><\/div>\n\n\n\n<div class=\"wp-block-columns\">\n<div class=\"wp-block-column has-background\" style=\"background-color:#004499\">\n<p><\/p>\n<\/div>\n<\/div>\n\n\n\n<p class=\"has-text-align-center has-medium-font-size\" style=\"font-style:normal;font-weight:100;letter-spacing:1px\">Remontival eta Pr\u00edncipe de Viana ikastetxe publikoetatik eta Hezkuntzako Ikuskapen Zerbitzutik joan ziren Danimarkara.<\/p>\n\n\n\n<div style=\"height:50px\" aria-hidden=\"true\" class=\"wp-block-spacer\"><\/div>\n\n\n\n<p class=\"has-medium-font-size\" style=\"font-style:normal;font-weight:100;letter-spacing:1px\"><strong>Bisitatu zituzten:<\/strong><\/p>\n\n\n\n<ul class=\"has-text-color has-medium-font-size\" style=\"color:#004499;font-style:normal;font-weight:100;letter-spacing:1px\"><li>L\u00e6ringshuset Kolegioa (Hedehusene).<\/li><li>Ole R\u00f8mer, kolegioa(H\u00f8je-Taastrup).<\/li><li>International School Ikast-Brande.<\/li><\/ul>\n\n\n\n<div style=\"height:50px\" aria-hidden=\"true\" class=\"wp-block-spacer\"><\/div>\n\n\n\n<p class=\"has-medium-font-size\" style=\"font-style:normal;font-weight:100;letter-spacing:1px\"><strong>Indarguneak:<\/strong><\/p>\n\n\n\n<ul class=\"has-text-color has-medium-font-size\" style=\"color:#004499;font-style:normal;font-weight:100;letter-spacing:1px\"><li>Kanpotik datozen ikasleendako danierako klaseak lehen bi saioetan.<\/li><li>Irakaskuntza partekatua (3 irakasle ikastaldeko).<\/li><li>Taldekatze malguak.<\/li><li>Korridoreak ere hezkuntza-espazioak dira.<\/li><li>Banakako elkarrizketak ikasleekin.<\/li><li>Gatazkak daudenean laugarren irakasle batek esku hartzen du.<\/li><li>Familien eta gizarte-ingurunearen parte-hartzea sustatzea.<\/li><li>Ikasle bakoitzaren erritmoak errespetatzea.<\/li><\/ul>\n\n\n\n<div style=\"height:50px\" aria-hidden=\"true\" class=\"wp-block-spacer\"><\/div>\n\n\n\n<figure class=\"wp-block-gallery has-nested-images columns-default is-cropped\">\n<figure class=\"wp-block-image size-large\"><img loading=\"lazy\" width=\"960\" height=\"1280\" data-id=\"1948\"  src=\"https:\/\/creena.educacion.navarra.es\/web\/erasmusmovilidades\/wp-content\/uploads\/sites\/10\/2022\/10\/Copia-de-D5-Texto-nivel-bajo-grupos-homogeneos1.jpg\" alt=\"\" class=\"wp-image-1948\" srcset=\"https:\/\/creena.educacion.navarra.es\/web\/erasmusmovilidades\/wp-content\/uploads\/sites\/10\/2022\/10\/Copia-de-D5-Texto-nivel-bajo-grupos-homogeneos1.jpg 960w, https:\/\/creena.educacion.navarra.es\/web\/erasmusmovilidades\/wp-content\/uploads\/sites\/10\/2022\/10\/Copia-de-D5-Texto-nivel-bajo-grupos-homogeneos1-225x300.jpg 225w, https:\/\/creena.educacion.navarra.es\/web\/erasmusmovilidades\/wp-content\/uploads\/sites\/10\/2022\/10\/Copia-de-D5-Texto-nivel-bajo-grupos-homogeneos1-768x1024.jpg 768w\" sizes=\"(max-width: 960px) 100vw, 960px\" \/><figcaption><em>Behe-mailako testu-talde homogeneoa<\/em><\/figcaption><\/figure>\n\n\n\n<figure class=\"wp-block-image size-large\"><img loading=\"lazy\" width=\"960\" height=\"1280\" data-id=\"1942\"  src=\"https:\/\/creena.educacion.navarra.es\/web\/erasmusmovilidades\/wp-content\/uploads\/sites\/10\/2022\/10\/2021_FOTO_PATERNAIN_CRISTINA_-D8-Ejemplo-actividad-cuaderno-ciencias21.jpg\" alt=\"\" class=\"wp-image-1942\" srcset=\"https:\/\/creena.educacion.navarra.es\/web\/erasmusmovilidades\/wp-content\/uploads\/sites\/10\/2022\/10\/2021_FOTO_PATERNAIN_CRISTINA_-D8-Ejemplo-actividad-cuaderno-ciencias21.jpg 960w, https:\/\/creena.educacion.navarra.es\/web\/erasmusmovilidades\/wp-content\/uploads\/sites\/10\/2022\/10\/2021_FOTO_PATERNAIN_CRISTINA_-D8-Ejemplo-actividad-cuaderno-ciencias21-225x300.jpg 225w, https:\/\/creena.educacion.navarra.es\/web\/erasmusmovilidades\/wp-content\/uploads\/sites\/10\/2022\/10\/2021_FOTO_PATERNAIN_CRISTINA_-D8-Ejemplo-actividad-cuaderno-ciencias21-768x1024.jpg 768w\" sizes=\"(max-width: 960px) 100vw, 960px\" \/><figcaption><em>Zientzia koadernoaren adibidea<\/em><\/figcaption><\/figure>\n<\/figure>\n\n\n\n<div class=\"wp-block-columns\">\n<div class=\"wp-block-column has-background\" style=\"background-color:#004499\">\n<p><\/p>\n<\/div>\n<\/div>\n\n\n\n<div style=\"height:100px\" aria-hidden=\"true\" class=\"wp-block-spacer\"><\/div>\n\n\n\n<div class=\"wp-container-1 wp-block-group\"><div class=\"wp-block-group__inner-container\">\n<div class=\"wp-block-columns\">\n<div class=\"wp-block-column has-background\" style=\"background-color:#eff8fd\">\n<div class=\"wp-block-columns\">\n<div class=\"wp-block-column\">\n<p><\/p>\n\n\n\n<p><\/p>\n\n\n\n<p class=\"has-text-align-center has-text-color has-medium-font-size\" style=\"color:#004499;font-style:normal;font-weight:100;letter-spacing:2px\"><strong>PROYECTO MOVILIDADES ERASMUS+<\/strong>              <strong>Acreditaci\u00f3n 2021\/2027 CREENA<\/strong><\/p>\n<\/div>\n<\/div>\n\n\n\n<div class=\"wp-block-columns\">\n<div class=\"wp-block-column\"><\/div>\n\n\n\n<div class=\"wp-block-column\">\n<p class=\"has-text-align-center has-black-color has-text-color\" style=\"font-style:normal;font-weight:300;letter-spacing:1px\"><img loading=\"lazy\" width=\"672\" height=\"980\" class=\"wp-image-786\" style=\"width: 20px\" src=\"https:\/\/creena.educacion.navarra.es\/web\/erasmusmovilidades\/wp-content\/uploads\/sites\/10\/2022\/10\/pngegg.png\" alt=\"\" srcset=\"https:\/\/creena.educacion.navarra.es\/web\/erasmusmovilidades\/wp-content\/uploads\/sites\/10\/2022\/10\/pngegg.png 672w, https:\/\/creena.educacion.navarra.es\/web\/erasmusmovilidades\/wp-content\/uploads\/sites\/10\/2022\/10\/pngegg-206x300.png 206w\" sizes=\"(max-width: 672px) 100vw, 672px\" \/><strong>CREENA<\/strong> Calle Tajonar 14, 31006 Pamplona\/Iru\u00f1a (Navarra)<br\/><img loading=\"lazy\" width=\"980\" height=\"980\" class=\"wp-image-792\" style=\"width: 20px\" src=\"https:\/\/creena.educacion.navarra.es\/web\/erasmusmovilidades\/wp-content\/uploads\/sites\/10\/2022\/10\/pngegg-1.png\" alt=\"\" srcset=\"https:\/\/creena.educacion.navarra.es\/web\/erasmusmovilidades\/wp-content\/uploads\/sites\/10\/2022\/10\/pngegg-1.png 980w, https:\/\/creena.educacion.navarra.es\/web\/erasmusmovilidades\/wp-content\/uploads\/sites\/10\/2022\/10\/pngegg-1-300x300.png 300w, https:\/\/creena.educacion.navarra.es\/web\/erasmusmovilidades\/wp-content\/uploads\/sites\/10\/2022\/10\/pngegg-1-150x150.png 150w, https:\/\/creena.educacion.navarra.es\/web\/erasmusmovilidades\/wp-content\/uploads\/sites\/10\/2022\/10\/pngegg-1-768x768.png 768w\" sizes=\"(max-width: 980px) 100vw, 980px\" \/> +34 848431230<\/p>\n\n\n\n<p class=\"has-text-align-center has-text-color\" style=\"color:#004499;font-size:15px;font-style:normal;font-weight:300\">  <img loading=\"lazy\" width=\"512\" height=\"450\" class=\"wp-image-837\" style=\"width: 20px\" src=\"https:\/\/creena.educacion.navarra.es\/web\/erasmusmovilidades\/wp-content\/uploads\/sites\/10\/2022\/10\/email.png\" alt=\"\" srcset=\"https:\/\/creena.educacion.navarra.es\/web\/erasmusmovilidades\/wp-content\/uploads\/sites\/10\/2022\/10\/email.png 512w, https:\/\/creena.educacion.navarra.es\/web\/erasmusmovilidades\/wp-content\/uploads\/sites\/10\/2022\/10\/email-300x264.png 300w\" sizes=\"(max-width: 512px) 100vw, 512px\" \/> creena-erasmus@educacion.navarra.es<\/p>\n<\/div>\n\n\n\n<div class=\"wp-block-column\"><\/div>\n<\/div>\n\n\n\n<div class=\"wp-block-columns\">\n<div class=\"wp-block-column\">\n<p class=\"has-text-align-center\" style=\"font-size:18px;font-style:normal;font-weight:100;letter-spacing:2px\"><strong>\u00a1S\u00edguenos en nuestras redes sociales!<\/strong><\/p>\n\n\n\n<p class=\"has-text-align-center\"><a href=\"https:\/\/twitter.com\/CREENA_Navarra\"><img loading=\"lazy\" width=\"337\" height=\"343\" class=\"wp-image-904\" style=\"width: 40px;\" src=\"https:\/\/creena.educacion.navarra.es\/web\/erasmusmovilidades\/wp-content\/uploads\/sites\/10\/2022\/10\/twitter.png\" alt=\"\" srcset=\"https:\/\/creena.educacion.navarra.es\/web\/erasmusmovilidades\/wp-content\/uploads\/sites\/10\/2022\/10\/twitter.png 337w, https:\/\/creena.educacion.navarra.es\/web\/erasmusmovilidades\/wp-content\/uploads\/sites\/10\/2022\/10\/twitter-295x300.png 295w\" sizes=\"(max-width: 337px) 100vw, 337px\" \/><\/a><a href=\"https:\/\/www.instagram.com\/creena_navarra\/\"><img loading=\"lazy\" width=\"338\" height=\"343\" class=\"wp-image-907\" style=\"width: 40px;\" src=\"https:\/\/creena.educacion.navarra.es\/web\/erasmusmovilidades\/wp-content\/uploads\/sites\/10\/2022\/10\/indtagram.png\" alt=\"\" srcset=\"https:\/\/creena.educacion.navarra.es\/web\/erasmusmovilidades\/wp-content\/uploads\/sites\/10\/2022\/10\/indtagram.png 338w, https:\/\/creena.educacion.navarra.es\/web\/erasmusmovilidades\/wp-content\/uploads\/sites\/10\/2022\/10\/indtagram-296x300.png 296w\" sizes=\"(max-width: 338px) 100vw, 338px\" \/><\/a><\/p>\n<\/div>\n<\/div>\n\n\n\n<div class=\"wp-block-columns\">\n<div class=\"wp-block-column\">\n<div class=\"wp-block-image\"><figure class=\"aligncenter size-medium is-resized\"><a href=\"http:\/\/www.sepie.es\/\" target=\"_blank\" rel=\"noopener\"><img loading=\"lazy\" src=\"https:\/\/creena.educacion.navarra.es\/web\/erasmusmovilidades\/wp-content\/uploads\/sites\/10\/2022\/10\/SEPIE_erasmus_plus-300x111.gif\" alt=\"Logotipo Sepie\" class=\"wp-image-102\" width=\"225\" height=\"83\"\/><\/a><\/figure><\/div>\n<\/div>\n\n\n\n<div class=\"wp-block-column\">\n<div class=\"wp-block-image\"><figure class=\"aligncenter size-medium is-resized\"><a href=\"https:\/\/creena.educacion.navarra.es\/web\/\" target=\"_blank\" rel=\"noopener\"><img loading=\"lazy\" src=\"https:\/\/creena.educacion.navarra.es\/web\/erasmusmovilidades\/wp-content\/uploads\/sites\/10\/2022\/10\/logo_creena_socios-300x300.png\" alt=\"Logotipo Creena\" class=\"wp-image-444\" width=\"225\" height=\"225\" srcset=\"https:\/\/creena.educacion.navarra.es\/web\/erasmusmovilidades\/wp-content\/uploads\/sites\/10\/2022\/10\/logo_creena_socios-300x300.png 300w, https:\/\/creena.educacion.navarra.es\/web\/erasmusmovilidades\/wp-content\/uploads\/sites\/10\/2022\/10\/logo_creena_socios-150x150.png 150w, https:\/\/creena.educacion.navarra.es\/web\/erasmusmovilidades\/wp-content\/uploads\/sites\/10\/2022\/10\/logo_creena_socios.png 400w\" sizes=\"(max-width: 225px) 100vw, 225px\" \/><\/a><\/figure><\/div>\n<\/div>\n\n\n\n<div class=\"wp-block-column\">\n<div class=\"wp-block-image\"><figure class=\"aligncenter size-medium is-resized\"><img loading=\"lazy\" src=\"https:\/\/creena.educacion.navarra.es\/web\/erasmusmovilidades\/wp-content\/uploads\/sites\/10\/2022\/10\/es_v_cofinanciado_por_la_union_europea_pos-296x300.png\" alt=\"Logotipo Uni&#xF3;n Europea\" class=\"wp-image-347\" width=\"148\" height=\"150\" srcset=\"https:\/\/creena.educacion.navarra.es\/web\/erasmusmovilidades\/wp-content\/uploads\/sites\/10\/2022\/10\/es_v_cofinanciado_por_la_union_europea_pos-296x300.png 296w, https:\/\/creena.educacion.navarra.es\/web\/erasmusmovilidades\/wp-content\/uploads\/sites\/10\/2022\/10\/es_v_cofinanciado_por_la_union_europea_pos-768x778.png 768w, https:\/\/creena.educacion.navarra.es\/web\/erasmusmovilidades\/wp-content\/uploads\/sites\/10\/2022\/10\/es_v_cofinanciado_por_la_union_europea_pos.png 910w\" sizes=\"(max-width: 148px) 100vw, 148px\" \/><\/figure><\/div>\n<\/div>\n<\/div>\n\n\n\n<p class=\"has-text-align-center has-text-color\" style=\"color:#004499;font-size:15px\"><a rel=\"noreferrer noopener\" href=\"https:\/\/www.educacion.navarra.es\/web\/dpto\/aviso-legal\" target=\"_blank\">Legezko abisua<\/a><\/p>\n<\/div>\n<\/div>\n<\/div><\/div>\n\n<hr class=\"wp-block-separator has-text-color has-background is-style-default\" style=\"background-color:#eff8fd;color:#eff8fd\"\/>\n","protected":false},"excerpt":{"rendered":"<p>DANIMARKA Remontival eta Pr\u00edncipe de Viana ikastetxe publikoetatik eta Hezkuntzako Ikuskapen Zerbitzutik joan ziren Danimarkara. Bisitatu zituzten: L\u00e6ringshuset Kolegioa (Hedehusene). Ole R\u00f8mer, kolegioa(H\u00f8je-Taastrup). International School Ikast-Brande. Indarguneak: Kanpotik datozen ikasleendako danierako klaseak lehen bi saioetan. Irakaskuntza partekatua (3 irakasle ikastaldeko). Taldekatze malguak. Korridoreak ere hezkuntza-espazioak dira. Banakako elkarrizketak ikasleekin. Gatazkak daudenean laugarren irakasle batek esku [&hellip;]<\/p>\n","protected":false},"author":11,"featured_media":0,"parent":2761,"menu_order":0,"comment_status":"closed","ping_status":"closed","template":"","meta":{"_genesis_hide_title":true,"_genesis_hide_breadcrumbs":false,"_genesis_hide_singular_image":false,"_genesis_hide_footer_widgets":false,"_genesis_custom_body_class":"","_genesis_custom_post_class":"","_genesis_layout":""},"_links":{"self":[{"href":"https:\/\/creena.educacion.navarra.es\/web\/erasmusmovilidades\/eu\/wp-json\/wp\/v2\/pages\/2748"}],"collection":[{"href":"https:\/\/creena.educacion.navarra.es\/web\/erasmusmovilidades\/eu\/wp-json\/wp\/v2\/pages"}],"about":[{"href":"https:\/\/creena.educacion.navarra.es\/web\/erasmusmovilidades\/eu\/wp-json\/wp\/v2\/types\/page"}],"author":[{"embeddable":true,"href":"https:\/\/creena.educacion.navarra.es\/web\/erasmusmovilidades\/eu\/wp-json\/wp\/v2\/users\/11"}],"replies":[{"embeddable":true,"href":"https:\/\/creena.educacion.navarra.es\/web\/erasmusmovilidades\/eu\/wp-json\/wp\/v2\/comments?post=2748"}],"version-history":[{"count":3,"href":"https:\/\/creena.educacion.navarra.es\/web\/erasmusmovilidades\/eu\/wp-json\/wp\/v2\/pages\/2748\/revisions"}],"predecessor-version":[{"id":2862,"href":"https:\/\/creena.educacion.navarra.es\/web\/erasmusmovilidades\/eu\/wp-json\/wp\/v2\/pages\/2748\/revisions\/2862"}],"up":[{"embeddable":true,"href":"https:\/\/creena.educacion.navarra.es\/web\/erasmusmovilidades\/eu\/wp-json\/wp\/v2\/pages\/2761"}],"wp:attachment":[{"href":"https:\/\/creena.educacion.navarra.es\/web\/erasmusmovilidades\/eu\/wp-json\/wp\/v2\/media?parent=2748"}],"curies":[{"name":"wp","href":"https:\/\/api.w.org\/{rel}","templated":true}]}}