{"id":3381,"date":"2023-06-02T07:10:09","date_gmt":"2023-06-02T07:10:09","guid":{"rendered":"https:\/\/creena.educacion.navarra.es\/web\/erasmusmovilidades\/arrekontua\/"},"modified":"2025-09-15T08:03:03","modified_gmt":"2025-09-15T08:03:03","slug":"arrekontua","status":"publish","type":"page","link":"https:\/\/creena.educacion.navarra.es\/web\/erasmusmovilidades\/eu\/arrekontua\/","title":{"rendered":"ARREKONTUA"},"content":{"rendered":"\n<h2 class=\"has-vivid-cyan-blue-color has-text-color\"><strong>ARREKONTUA<\/strong><\/h2>\n\n\n\n<figure class=\"wp-block-image size-full\"><img loading=\"lazy\" width=\"711\" height=\"502\" src=\"https:\/\/creena.educacion.navarra.es\/web\/erasmusmovilidades\/wp-content\/uploads\/sites\/10\/2025\/09\/presupuesto-ERASMUS.png\" alt=\"\" class=\"wp-image-5403\" srcset=\"https:\/\/creena.educacion.navarra.es\/web\/erasmusmovilidades\/wp-content\/uploads\/sites\/10\/2025\/09\/presupuesto-ERASMUS.png 711w, https:\/\/creena.educacion.navarra.es\/web\/erasmusmovilidades\/wp-content\/uploads\/sites\/10\/2025\/09\/presupuesto-ERASMUS-300x212.png 300w\" sizes=\"(max-width: 711px) 100vw, 711px\" \/><\/figure>\n\n\n\n<h2 class=\"has-text-align-center has-vivid-cyan-blue-color has-text-color\" style=\"font-style:normal;font-weight:100\"><\/h2>\n\n\n\n<p><a href=\"https:\/\/erasmus-plus.ec.europa.eu\/es\/resources-and-tools\/distance-calculator\" target=\"_blank\" rel=\"noreferrer noopener\">CALCULADORA DE DISTANCIAS<\/a><\/p>\n\n\n\n<p><strong>Viaje<\/strong><\/p>\n\n\n\n<div class=\"wp-block-image\"><figure class=\"aligncenter size-full is-resized\"><img loading=\"lazy\" src=\"https:\/\/creena.educacion.navarra.es\/web\/erasmusmovilidades\/wp-content\/uploads\/sites\/10\/2023\/06\/TABLA2.png\" alt=\"\" class=\"wp-image-3376\" width=\"799\" height=\"209\" srcset=\"https:\/\/creena.educacion.navarra.es\/web\/erasmusmovilidades\/wp-content\/uploads\/sites\/10\/2023\/06\/TABLA2.png 707w, https:\/\/creena.educacion.navarra.es\/web\/erasmusmovilidades\/wp-content\/uploads\/sites\/10\/2023\/06\/TABLA2-300x79.png 300w\" sizes=\"(max-width: 799px) 100vw, 799px\" \/><\/figure><\/div>\n\n\n\n<p class=\"has-small-font-size\"><strong>Nota:<\/strong> la &#8220;distancia de viaje&#8221; representa la distancia entre el lugar de origen y el de la realizaci\u00f3n de la actividad, mientras que el &#8220;importe&#8221; cubre la contribuci\u00f3n tanto para el viaje de ida al lugar de la realizaci\u00f3n de la actividad como para el viaje de vuelta.<\/p>\n","protected":false},"excerpt":{"rendered":"<p>ARREKONTUA CALCULADORA DE DISTANCIAS Viaje Nota: la &#8220;distancia de viaje&#8221; representa la distancia entre el lugar de origen y el de la realizaci\u00f3n de la actividad, mientras que el &#8220;importe&#8221; cubre la contribuci\u00f3n tanto para el viaje de ida al lugar de la realizaci\u00f3n de la actividad como para el viaje de vuelta.<\/p>\n","protected":false},"author":1,"featured_media":0,"parent":0,"menu_order":0,"comment_status":"closed","ping_status":"closed","template":"","meta":{"_genesis_hide_title":true,"_genesis_hide_breadcrumbs":false,"_genesis_hide_singular_image":false,"_genesis_hide_footer_widgets":false,"_genesis_custom_body_class":"","_genesis_custom_post_class":"","_genesis_layout":""},"_links":{"self":[{"href":"https:\/\/creena.educacion.navarra.es\/web\/erasmusmovilidades\/eu\/wp-json\/wp\/v2\/pages\/3381"}],"collection":[{"href":"https:\/\/creena.educacion.navarra.es\/web\/erasmusmovilidades\/eu\/wp-json\/wp\/v2\/pages"}],"about":[{"href":"https:\/\/creena.educacion.navarra.es\/web\/erasmusmovilidades\/eu\/wp-json\/wp\/v2\/types\/page"}],"author":[{"embeddable":true,"href":"https:\/\/creena.educacion.navarra.es\/web\/erasmusmovilidades\/eu\/wp-json\/wp\/v2\/users\/1"}],"replies":[{"embeddable":true,"href":"https:\/\/creena.educacion.navarra.es\/web\/erasmusmovilidades\/eu\/wp-json\/wp\/v2\/comments?post=3381"}],"version-history":[{"count":5,"href":"https:\/\/creena.educacion.navarra.es\/web\/erasmusmovilidades\/eu\/wp-json\/wp\/v2\/pages\/3381\/revisions"}],"predecessor-version":[{"id":5409,"href":"https:\/\/creena.educacion.navarra.es\/web\/erasmusmovilidades\/eu\/wp-json\/wp\/v2\/pages\/3381\/revisions\/5409"}],"wp:attachment":[{"href":"https:\/\/creena.educacion.navarra.es\/web\/erasmusmovilidades\/eu\/wp-json\/wp\/v2\/media?parent=3381"}],"curies":[{"name":"wp","href":"https:\/\/api.w.org\/{rel}","templated":true}]}}