{"id":13,"date":"2022-10-10T07:59:02","date_gmt":"2022-10-10T07:59:02","guid":{"rendered":"https:\/\/creena.educacion.navarra.es\/web\/erasmusmovilidades\/?page_id=13"},"modified":"2022-11-14T07:46:59","modified_gmt":"2022-11-14T07:46:59","slug":"criterios-de-seleccion","status":"publish","type":"page","link":"https:\/\/creena.educacion.navarra.es\/web\/erasmusmovilidades\/criterios-de-seleccion\/","title":{"rendered":"Objetivos"},"content":{"rendered":"\n<h2 class=\"has-text-align-center has-text-color\" style=\"color:#004499;font-style:normal;font-weight:100;letter-spacing:4px\">  <\/h2>\n\n\n\n<h2 class=\"has-text-align-center has-text-color\" style=\"color:#004499;font-style:normal;font-weight:100;letter-spacing:4px\"><strong>OBJETIVOS DE LA ACREDITACI\u00d3N<\/strong><\/h2>\n\n\n\n<h2 class=\"has-text-align-center has-text-color\" style=\"color:#004499;letter-spacing:4px\"><img loading=\"lazy\" width=\"512\" height=\"512\" class=\"wp-image-1643\" style=\"width: 50px\" src=\"https:\/\/creena.educacion.navarra.es\/web\/erasmusmovilidades\/wp-content\/uploads\/sites\/10\/2022\/10\/Objetivos.png\" alt=\"\" srcset=\"https:\/\/creena.educacion.navarra.es\/web\/erasmusmovilidades\/wp-content\/uploads\/sites\/10\/2022\/10\/Objetivos.png 512w, https:\/\/creena.educacion.navarra.es\/web\/erasmusmovilidades\/wp-content\/uploads\/sites\/10\/2022\/10\/Objetivos-300x300.png 300w, https:\/\/creena.educacion.navarra.es\/web\/erasmusmovilidades\/wp-content\/uploads\/sites\/10\/2022\/10\/Objetivos-150x150.png 150w\" sizes=\"(max-width: 512px) 100vw, 512px\" \/><\/h2>\n\n\n\n<div style=\"height:100px\" aria-hidden=\"true\" class=\"wp-block-spacer\"><\/div>\n\n\n\n<div class=\"wp-block-columns alignwide\">\n<div class=\"wp-elements-2 wp-block-column has-text-color has-background has-link-color\" style=\"background-color:#eeeeee;color:#000000;padding-top:2em;padding-right:2em;padding-bottom:2em;padding-left:2em\">\n<div class=\"wp-block-image\"><figure class=\"aligncenter size-thumbnail is-resized\"><img loading=\"lazy\" src=\"https:\/\/creena.educacion.navarra.es\/web\/erasmusmovilidades\/wp-content\/uploads\/sites\/10\/2022\/10\/bola-mundial-150x150.png\" alt=\"\" class=\"wp-image-1651\" width=\"38\" height=\"38\" srcset=\"https:\/\/creena.educacion.navarra.es\/web\/erasmusmovilidades\/wp-content\/uploads\/sites\/10\/2022\/10\/bola-mundial-150x150.png 150w, https:\/\/creena.educacion.navarra.es\/web\/erasmusmovilidades\/wp-content\/uploads\/sites\/10\/2022\/10\/bola-mundial-300x300.png 300w, https:\/\/creena.educacion.navarra.es\/web\/erasmusmovilidades\/wp-content\/uploads\/sites\/10\/2022\/10\/bola-mundial.png 512w\" sizes=\"(max-width: 38px) 100vw, 38px\" \/><\/figure><\/div>\n\n\n\n<div style=\"height:30px\" aria-hidden=\"true\" class=\"wp-block-spacer\"><\/div>\n\n\n\n<p class=\"has-medium-font-size\" style=\"font-style:normal;font-weight:100;line-height:1.5;letter-spacing:1px\"><strong>Mejorar la Respuesta a la Intervenci\u00f3n (RTI por sus siglas en ingl\u00e9s) que se da al alumnado por parte del profesorado de las organizaciones del consorcio (centros educativos y CREENA).<\/strong> <\/p>\n\n\n\n<div class=\"wp-container-1 wp-block-buttons alignfull\"><\/div>\n<\/div>\n\n\n\n<div class=\"wp-elements-4 wp-block-column has-text-color has-background has-link-color\" style=\"background-color:#e6ddef;color:#000000;padding-top:2em;padding-right:2em;padding-bottom:2em;padding-left:2em\">\n<div class=\"wp-block-image\"><figure class=\"aligncenter size-thumbnail is-resized\"><img loading=\"lazy\" src=\"https:\/\/creena.educacion.navarra.es\/web\/erasmusmovilidades\/wp-content\/uploads\/sites\/10\/2022\/10\/maletin-150x150.png\" alt=\"\" class=\"wp-image-1661\" width=\"38\" height=\"38\" srcset=\"https:\/\/creena.educacion.navarra.es\/web\/erasmusmovilidades\/wp-content\/uploads\/sites\/10\/2022\/10\/maletin-150x150.png 150w, https:\/\/creena.educacion.navarra.es\/web\/erasmusmovilidades\/wp-content\/uploads\/sites\/10\/2022\/10\/maletin-300x300.png 300w, https:\/\/creena.educacion.navarra.es\/web\/erasmusmovilidades\/wp-content\/uploads\/sites\/10\/2022\/10\/maletin.png 512w\" sizes=\"(max-width: 38px) 100vw, 38px\" \/><\/figure><\/div>\n\n\n\n<div style=\"height:30px\" aria-hidden=\"true\" class=\"wp-block-spacer\"><\/div>\n\n\n\n<p class=\"has-medium-font-size\" style=\"font-style:normal;font-weight:100;line-height:1.5;letter-spacing:1px\"><strong>Mejorar las competencias profesionales del personal docente de los centros y del personal t\u00e9cnico de CREENA.<\/strong><\/p>\n\n\n\n<div class=\"wp-container-3 wp-block-buttons alignfull\"><\/div>\n<\/div>\n\n\n\n<div class=\"wp-elements-6 wp-block-column has-text-color has-background has-link-color\" style=\"background-color:#eeeeee;color:#000000;padding-top:2em;padding-right:2em;padding-bottom:2em;padding-left:2em\">\n<div class=\"wp-block-image\"><figure class=\"aligncenter size-thumbnail is-resized\"><img loading=\"lazy\" src=\"https:\/\/creena.educacion.navarra.es\/web\/erasmusmovilidades\/wp-content\/uploads\/sites\/10\/2022\/10\/bola-mundial-150x150.png\" alt=\"\" class=\"wp-image-1651\" width=\"38\" height=\"38\" srcset=\"https:\/\/creena.educacion.navarra.es\/web\/erasmusmovilidades\/wp-content\/uploads\/sites\/10\/2022\/10\/bola-mundial-150x150.png 150w, https:\/\/creena.educacion.navarra.es\/web\/erasmusmovilidades\/wp-content\/uploads\/sites\/10\/2022\/10\/bola-mundial-300x300.png 300w, https:\/\/creena.educacion.navarra.es\/web\/erasmusmovilidades\/wp-content\/uploads\/sites\/10\/2022\/10\/bola-mundial.png 512w\" sizes=\"(max-width: 38px) 100vw, 38px\" \/><\/figure><\/div>\n\n\n\n<div style=\"height:30px\" aria-hidden=\"true\" class=\"wp-block-spacer\"><\/div>\n\n\n\n<p class=\"has-medium-font-size\" style=\"font-style:normal;font-weight:100;letter-spacing:1px\"><strong>Capacitar a las y los profesionales para transformar las organizaciones con una orientaci\u00f3n m\u00e1s inclusiva, de manera global y sostenible en el tiempo.<\/strong><\/p>\n\n\n\n<div class=\"wp-container-5 wp-block-buttons alignfull\"><\/div>\n<\/div>\n<\/div>\n\n\n\n<div style=\"height:100px\" aria-hidden=\"true\" class=\"wp-block-spacer\"><\/div>\n\n\n\n<div class=\"wp-block-columns alignwide\">\n<div class=\"wp-elements-8 wp-block-column has-text-color has-background has-link-color\" style=\"background-color:#e6ddef;color:#000000;padding-top:2em;padding-right:2em;padding-bottom:2em;padding-left:2em\">\n<div class=\"wp-block-image\"><figure class=\"aligncenter size-thumbnail is-resized\"><img loading=\"lazy\" src=\"https:\/\/creena.educacion.navarra.es\/web\/erasmusmovilidades\/wp-content\/uploads\/sites\/10\/2022\/10\/bola-mundial-150x150.png\" alt=\"\" class=\"wp-image-1651\" width=\"38\" height=\"38\" srcset=\"https:\/\/creena.educacion.navarra.es\/web\/erasmusmovilidades\/wp-content\/uploads\/sites\/10\/2022\/10\/bola-mundial-150x150.png 150w, https:\/\/creena.educacion.navarra.es\/web\/erasmusmovilidades\/wp-content\/uploads\/sites\/10\/2022\/10\/bola-mundial-300x300.png 300w, https:\/\/creena.educacion.navarra.es\/web\/erasmusmovilidades\/wp-content\/uploads\/sites\/10\/2022\/10\/bola-mundial.png 512w\" sizes=\"(max-width: 38px) 100vw, 38px\" \/><\/figure><\/div>\n\n\n\n<div style=\"height:30px\" aria-hidden=\"true\" class=\"wp-block-spacer\"><\/div>\n\n\n\n<p class=\"has-text-align-left has-medium-font-size\" style=\"font-style:normal;font-weight:100;line-height:1.5;letter-spacing:1px\"><strong>Impulsar y orientar transformaciones globales de centro para que dise\u00f1en y desarrollen Proyectos Educativos Inclusivos con enfoque de DUA (Dise\u00f1o Universal de Aprendizaje).<\/strong> <\/p>\n\n\n\n<div class=\"wp-container-7 wp-block-buttons alignfull\"><\/div>\n<\/div>\n\n\n\n<div class=\"wp-elements-10 wp-block-column has-text-color has-background has-link-color\" style=\"background-color:#eff8fd;color:#000000;padding-top:2em;padding-right:2em;padding-bottom:2em;padding-left:2em\">\n<div class=\"wp-block-image\"><figure class=\"aligncenter size-thumbnail is-resized\"><img loading=\"lazy\" src=\"https:\/\/creena.educacion.navarra.es\/web\/erasmusmovilidades\/wp-content\/uploads\/sites\/10\/2022\/10\/libro-abierto-150x150.png\" alt=\"\" class=\"wp-image-1657\" width=\"38\" height=\"38\" srcset=\"https:\/\/creena.educacion.navarra.es\/web\/erasmusmovilidades\/wp-content\/uploads\/sites\/10\/2022\/10\/libro-abierto-150x150.png 150w, https:\/\/creena.educacion.navarra.es\/web\/erasmusmovilidades\/wp-content\/uploads\/sites\/10\/2022\/10\/libro-abierto-300x300.png 300w, https:\/\/creena.educacion.navarra.es\/web\/erasmusmovilidades\/wp-content\/uploads\/sites\/10\/2022\/10\/libro-abierto.png 512w\" sizes=\"(max-width: 38px) 100vw, 38px\" \/><\/figure><\/div>\n\n\n\n<div style=\"height:30px\" aria-hidden=\"true\" class=\"wp-block-spacer\"><\/div>\n\n\n\n<p class=\"has-text-align-left has-medium-font-size\" style=\"font-style:normal;font-weight:100;line-height:1.5;letter-spacing:1px\"><strong>Disminuir el fracaso y el abandono escolar temprano en Navarra, como consecuencia de cambios organizativos y estructurales de los centros.<\/strong><\/p>\n\n\n\n<div class=\"wp-container-9 wp-block-buttons alignfull\"><\/div>\n<\/div>\n\n\n\n<div class=\"wp-elements-12 wp-block-column has-text-color has-background has-link-color\" style=\"background-color:#e6ddef;color:#000000;padding-top:2em;padding-right:2em;padding-bottom:2em;padding-left:2em\">\n<div class=\"wp-block-image\"><figure class=\"aligncenter size-thumbnail is-resized\"><img loading=\"lazy\" src=\"https:\/\/creena.educacion.navarra.es\/web\/erasmusmovilidades\/wp-content\/uploads\/sites\/10\/2022\/10\/bola-mundial-150x150.png\" alt=\"\" class=\"wp-image-1651\" width=\"38\" height=\"38\" srcset=\"https:\/\/creena.educacion.navarra.es\/web\/erasmusmovilidades\/wp-content\/uploads\/sites\/10\/2022\/10\/bola-mundial-150x150.png 150w, https:\/\/creena.educacion.navarra.es\/web\/erasmusmovilidades\/wp-content\/uploads\/sites\/10\/2022\/10\/bola-mundial-300x300.png 300w, https:\/\/creena.educacion.navarra.es\/web\/erasmusmovilidades\/wp-content\/uploads\/sites\/10\/2022\/10\/bola-mundial.png 512w\" sizes=\"(max-width: 38px) 100vw, 38px\" \/><\/figure><\/div>\n\n\n\n<div style=\"height:30px\" aria-hidden=\"true\" class=\"wp-block-spacer\"><\/div>\n\n\n\n<p class=\"has-text-align-left has-medium-font-size\" style=\"font-style:normal;font-weight:100;letter-spacing:1px\"><strong>Aumentar en toda la educaci\u00f3n obligatoria la escolarizaci\u00f3n en centros ordinarios de alumnado con necesidades educativas especiales y disminuci\u00f3n de estructuras segregadoras en secundaria.<\/strong><\/p>\n\n\n\n<div class=\"wp-container-11 wp-block-buttons alignfull\"><\/div>\n<\/div>\n<\/div>\n\n\n\n<div style=\"height:100px\" aria-hidden=\"true\" class=\"wp-block-spacer\"><\/div>\n\n\n\n<div class=\"wp-block-columns alignwide\">\n<div class=\"wp-elements-13 wp-block-column has-text-color has-background has-link-color\" style=\"background-color:#eeeeee;color:#000000;padding-top:2em;padding-right:2em;padding-bottom:2em;padding-left:2em\">\n<div class=\"wp-block-image\"><figure class=\"aligncenter size-thumbnail is-resized\"><img loading=\"lazy\" src=\"https:\/\/creena.educacion.navarra.es\/web\/erasmusmovilidades\/wp-content\/uploads\/sites\/10\/2022\/10\/libro-abierto-150x150.png\" alt=\"\" class=\"wp-image-1657\" width=\"38\" height=\"38\" srcset=\"https:\/\/creena.educacion.navarra.es\/web\/erasmusmovilidades\/wp-content\/uploads\/sites\/10\/2022\/10\/libro-abierto-150x150.png 150w, https:\/\/creena.educacion.navarra.es\/web\/erasmusmovilidades\/wp-content\/uploads\/sites\/10\/2022\/10\/libro-abierto-300x300.png 300w, https:\/\/creena.educacion.navarra.es\/web\/erasmusmovilidades\/wp-content\/uploads\/sites\/10\/2022\/10\/libro-abierto.png 512w\" sizes=\"(max-width: 38px) 100vw, 38px\" \/><\/figure><\/div>\n\n\n\n<div style=\"height:30px\" aria-hidden=\"true\" class=\"wp-block-spacer\"><\/div>\n\n\n\n<p class=\"has-medium-font-size\" style=\"font-style:normal;font-weight:100;line-height:1.5;letter-spacing:1px\"><strong>Integrar dentro de la pr\u00e1ctica docente el registro,la documentaci\u00f3n, el intercambio y la divulgaci\u00f3n de buenas pr\u00e1cticas educativas..<\/strong> <\/p>\n<\/div>\n\n\n\n<div class=\"wp-elements-15 wp-block-column has-text-color has-background has-link-color\" style=\"background-color:#eff8fd;color:#000000;padding-top:2em;padding-right:2em;padding-bottom:2em;padding-left:2em\">\n<div class=\"wp-block-image\"><figure class=\"aligncenter size-thumbnail is-resized\"><img loading=\"lazy\" src=\"https:\/\/creena.educacion.navarra.es\/web\/erasmusmovilidades\/wp-content\/uploads\/sites\/10\/2022\/10\/bola-mundial-150x150.png\" alt=\"\" class=\"wp-image-1651\" width=\"38\" height=\"38\" srcset=\"https:\/\/creena.educacion.navarra.es\/web\/erasmusmovilidades\/wp-content\/uploads\/sites\/10\/2022\/10\/bola-mundial-150x150.png 150w, https:\/\/creena.educacion.navarra.es\/web\/erasmusmovilidades\/wp-content\/uploads\/sites\/10\/2022\/10\/bola-mundial-300x300.png 300w, https:\/\/creena.educacion.navarra.es\/web\/erasmusmovilidades\/wp-content\/uploads\/sites\/10\/2022\/10\/bola-mundial.png 512w\" sizes=\"(max-width: 38px) 100vw, 38px\" \/><\/figure><\/div>\n\n\n\n<div style=\"height:30px\" aria-hidden=\"true\" class=\"wp-block-spacer\"><\/div>\n\n\n\n<p class=\"has-medium-font-size\" style=\"font-style:normal;font-weight:100;line-height:1.5;letter-spacing:1px\"><strong>Impulsar la actualizaci\u00f3n normativa de Navarra que desarrolle el principio de inclusi\u00f3n educativa y se\u00f1ale acciones concretas que se requieren para su logro.<\/strong><\/p>\n\n\n\n<div class=\"wp-container-14 wp-block-buttons alignfull\"><\/div>\n<\/div>\n<\/div>\n\n\n\n<div style=\"height:200px\" aria-hidden=\"true\" class=\"wp-block-spacer\"><\/div>\n\n\n\n<hr class=\"wp-block-separator has-text-color has-background is-style-default\" style=\"background-color:#004499;color:#004499\"\/>\n\n\n\n<div class=\"wp-block-image is-style-rounded\"><figure class=\"aligncenter size-thumbnail is-resized\"><img loading=\"lazy\" src=\"https:\/\/creena.educacion.navarra.es\/web\/erasmusmovilidades\/wp-content\/uploads\/sites\/10\/2022\/10\/wepik-photo-mode-2022918-105326-150x150.jpeg\" alt=\"\" class=\"wp-image-1042\" width=\"113\" height=\"113\" srcset=\"https:\/\/creena.educacion.navarra.es\/web\/erasmusmovilidades\/wp-content\/uploads\/sites\/10\/2022\/10\/wepik-photo-mode-2022918-105326-150x150.jpeg 150w, https:\/\/creena.educacion.navarra.es\/web\/erasmusmovilidades\/wp-content\/uploads\/sites\/10\/2022\/10\/wepik-photo-mode-2022918-105326-300x300.jpeg 300w, https:\/\/creena.educacion.navarra.es\/web\/erasmusmovilidades\/wp-content\/uploads\/sites\/10\/2022\/10\/wepik-photo-mode-2022918-105326-1024x1024.jpeg 1024w, https:\/\/creena.educacion.navarra.es\/web\/erasmusmovilidades\/wp-content\/uploads\/sites\/10\/2022\/10\/wepik-photo-mode-2022918-105326-768x767.jpeg 768w, https:\/\/creena.educacion.navarra.es\/web\/erasmusmovilidades\/wp-content\/uploads\/sites\/10\/2022\/10\/wepik-photo-mode-2022918-105326.jpeg 1334w\" sizes=\"(max-width: 113px) 100vw, 113px\" \/><\/figure><\/div>\n\n\n\n<p><\/p>\n\n\n\n<p class=\"has-text-align-center\" style=\"font-size:26px;font-style:italic;font-weight:100;letter-spacing:1px\"><em>\u00abTodos los ni\u00f1os pueden aprender, s\u00f3lo que no a la misma vez, ni de la misma forma.\u00bb<\/em><\/p>\n\n\n\n<p class=\"has-text-align-right\" style=\"font-style:normal;font-weight:100;letter-spacing:1px\">\u2014 George Evans<\/p>\n\n\n\n<hr class=\"wp-block-separator has-text-color has-background is-style-default\" style=\"background-color:#004499;color:#004499\"\/>\n\n\n\n<div style=\"height:100px\" aria-hidden=\"true\" class=\"wp-block-spacer\"><\/div>\n\n\n\n<div class=\"wp-container-17 wp-block-group\"><div class=\"wp-block-group__inner-container\">\n<div class=\"wp-block-columns\">\n<div class=\"wp-block-column has-background\" style=\"background-color:#eff8fd\">\n<div class=\"wp-block-columns\">\n<div class=\"wp-block-column\">\n<p class=\"has-text-align-center has-vivid-cyan-blue-color has-text-color has-medium-font-size\"><strong>PROYECTO MOVILIDADES ERASMUS+<\/strong> <strong>Acreditaci\u00f3n 2021\/2027 CREENA<\/strong><\/p>\n<\/div>\n<\/div>\n\n\n\n<div class=\"wp-container-16 wp-block-group\"><div class=\"wp-block-group__inner-container\">\n<div class=\"wp-block-columns\">\n<div class=\"wp-block-column\">\n<p class=\"has-text-align-center has-black-color has-text-color\" style=\"font-style:normal;font-weight:300;letter-spacing:1px\"><img loading=\"lazy\" width=\"672\" height=\"980\" class=\"wp-image-786\" style=\"width: 20px\" src=\"https:\/\/creena.educacion.navarra.es\/web\/erasmusmovilidades\/wp-content\/uploads\/sites\/10\/2022\/10\/pngegg.png\" alt=\"\" srcset=\"https:\/\/creena.educacion.navarra.es\/web\/erasmusmovilidades\/wp-content\/uploads\/sites\/10\/2022\/10\/pngegg.png 672w, https:\/\/creena.educacion.navarra.es\/web\/erasmusmovilidades\/wp-content\/uploads\/sites\/10\/2022\/10\/pngegg-206x300.png 206w\" sizes=\"(max-width: 672px) 100vw, 672px\" \/> CREENA\/NHEBZ<br>Tajonar Kalea 14, 31006 Pamplona\/Iru\u00f1a (Navarra)<\/p>\n\n\n\n<p class=\"has-text-align-center has-text-color\" style=\"color:#004499;font-size:15px;font-style:normal;font-weight:300\">  <img loading=\"lazy\" width=\"512\" height=\"450\" class=\"wp-image-837\" style=\"width: 20px\" src=\"https:\/\/creena.educacion.navarra.es\/web\/erasmusmovilidades\/wp-content\/uploads\/sites\/10\/2022\/10\/email.png\" alt=\"\" srcset=\"https:\/\/creena.educacion.navarra.es\/web\/erasmusmovilidades\/wp-content\/uploads\/sites\/10\/2022\/10\/email.png 512w, https:\/\/creena.educacion.navarra.es\/web\/erasmusmovilidades\/wp-content\/uploads\/sites\/10\/2022\/10\/email-300x264.png 300w\" sizes=\"(max-width: 512px) 100vw, 512px\" \/> creena-erasmus@educacion.navarra.es<\/p>\n<\/div>\n<\/div>\n<\/div><\/div>\n\n\n\n<p class=\"has-text-align-center\">TFNO: 848 431230<\/p>\n\n\n\n<div class=\"wp-block-columns\">\n<div class=\"wp-block-column\">\n<p class=\"has-text-align-center\" style=\"font-size:18px;font-style:normal;font-weight:100;letter-spacing:2px\"><strong>\u00a1S\u00edguenos en nuestras redes sociales!<\/strong><\/p>\n\n\n\n<p class=\"has-text-align-center\"><a href=\"https:\/\/twitter.com\/CREENA_Navarra\"><img loading=\"lazy\" width=\"337\" height=\"343\" class=\"wp-image-904\" style=\"width: 40px;\" src=\"https:\/\/creena.educacion.navarra.es\/web\/erasmusmovilidades\/wp-content\/uploads\/sites\/10\/2022\/10\/twitter.png\" alt=\"\" srcset=\"https:\/\/creena.educacion.navarra.es\/web\/erasmusmovilidades\/wp-content\/uploads\/sites\/10\/2022\/10\/twitter.png 337w, https:\/\/creena.educacion.navarra.es\/web\/erasmusmovilidades\/wp-content\/uploads\/sites\/10\/2022\/10\/twitter-295x300.png 295w\" sizes=\"(max-width: 337px) 100vw, 337px\" \/><\/a><a href=\"https:\/\/www.instagram.com\/creena_navarra\/\"><img loading=\"lazy\" width=\"338\" height=\"343\" class=\"wp-image-907\" style=\"width: 40px;\" src=\"https:\/\/creena.educacion.navarra.es\/web\/erasmusmovilidades\/wp-content\/uploads\/sites\/10\/2022\/10\/indtagram.png\" alt=\"\" srcset=\"https:\/\/creena.educacion.navarra.es\/web\/erasmusmovilidades\/wp-content\/uploads\/sites\/10\/2022\/10\/indtagram.png 338w, https:\/\/creena.educacion.navarra.es\/web\/erasmusmovilidades\/wp-content\/uploads\/sites\/10\/2022\/10\/indtagram-296x300.png 296w\" sizes=\"(max-width: 338px) 100vw, 338px\" \/><\/a><\/p>\n<\/div>\n<\/div>\n\n\n\n<div class=\"wp-block-columns\">\n<div class=\"wp-block-column\">\n<div class=\"wp-block-image is-style-default\"><figure class=\"aligncenter size-full\"><a href=\"http:\/\/www.sepie.es\/\" target=\"_blank\" rel=\"noopener\"><img loading=\"lazy\" width=\"400\" height=\"148\" src=\"https:\/\/creena.educacion.navarra.es\/web\/erasmusmovilidades\/wp-content\/uploads\/sites\/10\/2024\/09\/SEPIE_erasmus_plus.gif\" alt=\"\" class=\"wp-image-4738\"\/><\/a><\/figure><\/div>\n<\/div>\n\n\n\n<div class=\"wp-block-column\">\n<div class=\"wp-block-image\"><figure class=\"aligncenter size-full\"><img loading=\"lazy\" width=\"300\" height=\"300\" src=\"https:\/\/creena.educacion.navarra.es\/web\/erasmusmovilidades\/wp-content\/uploads\/sites\/10\/2023\/04\/logo_creena_socios-300x300-2.png\" alt=\"\" class=\"wp-image-3166\" srcset=\"https:\/\/creena.educacion.navarra.es\/web\/erasmusmovilidades\/wp-content\/uploads\/sites\/10\/2023\/04\/logo_creena_socios-300x300-2.png 300w, https:\/\/creena.educacion.navarra.es\/web\/erasmusmovilidades\/wp-content\/uploads\/sites\/10\/2023\/04\/logo_creena_socios-300x300-2-150x150.png 150w\" sizes=\"(max-width: 300px) 100vw, 300px\" \/><\/figure><\/div>\n<\/div>\n\n\n\n<div class=\"wp-block-column\">\n<div class=\"wp-block-image\"><figure class=\"aligncenter size-medium is-resized\"><img loading=\"lazy\" src=\"https:\/\/creena.educacion.navarra.es\/web\/erasmusmovilidades\/wp-content\/uploads\/sites\/10\/2022\/10\/es_v_cofinanciado_por_la_union_europea_pos-296x300.png\" alt=\"Logotipo Uni\u00f3n Europea\" class=\"wp-image-347\" width=\"148\" height=\"150\" srcset=\"https:\/\/creena.educacion.navarra.es\/web\/erasmusmovilidades\/wp-content\/uploads\/sites\/10\/2022\/10\/es_v_cofinanciado_por_la_union_europea_pos-296x300.png 296w, https:\/\/creena.educacion.navarra.es\/web\/erasmusmovilidades\/wp-content\/uploads\/sites\/10\/2022\/10\/es_v_cofinanciado_por_la_union_europea_pos-768x778.png 768w, https:\/\/creena.educacion.navarra.es\/web\/erasmusmovilidades\/wp-content\/uploads\/sites\/10\/2022\/10\/es_v_cofinanciado_por_la_union_europea_pos.png 910w\" sizes=\"(max-width: 148px) 100vw, 148px\" \/><\/figure><\/div>\n<\/div>\n<\/div>\n\n\n\n<p class=\"has-text-align-center has-text-color\" style=\"color:#004499;font-size:15px\"><a rel=\"noreferrer noopener\" href=\"https:\/\/www.educacion.navarra.es\/web\/dpto\/aviso-legal\" target=\"_blank\">Aviso legal<\/a><\/p>\n<\/div>\n<\/div>\n<\/div><\/div>\n\n\n\n<hr class=\"wp-block-separator has-text-color has-background is-style-default\" style=\"background-color:#eff8fd;color:#eff8fd\"\/>\n","protected":false},"excerpt":{"rendered":"<p>OBJETIVOS DE LA ACREDITACI\u00d3N Mejorar la Respuesta a la Intervenci\u00f3n (RTI por sus siglas en ingl\u00e9s) que se da al alumnado por parte del profesorado de las organizaciones del consorcio (centros educativos y CREENA). Mejorar las competencias profesionales del personal docente de los centros y del personal t\u00e9cnico de CREENA. Capacitar a las y los [&hellip;]<\/p>\n","protected":false},"author":1,"featured_media":0,"parent":0,"menu_order":0,"comment_status":"closed","ping_status":"closed","template":"","meta":{"_genesis_hide_title":true,"_genesis_hide_breadcrumbs":false,"_genesis_hide_singular_image":false,"_genesis_hide_footer_widgets":false,"_genesis_custom_body_class":"","_genesis_custom_post_class":"","_genesis_layout":"full-width-content"},"_links":{"self":[{"href":"https:\/\/creena.educacion.navarra.es\/web\/erasmusmovilidades\/wp-json\/wp\/v2\/pages\/13"}],"collection":[{"href":"https:\/\/creena.educacion.navarra.es\/web\/erasmusmovilidades\/wp-json\/wp\/v2\/pages"}],"about":[{"href":"https:\/\/creena.educacion.navarra.es\/web\/erasmusmovilidades\/wp-json\/wp\/v2\/types\/page"}],"author":[{"embeddable":true,"href":"https:\/\/creena.educacion.navarra.es\/web\/erasmusmovilidades\/wp-json\/wp\/v2\/users\/1"}],"replies":[{"embeddable":true,"href":"https:\/\/creena.educacion.navarra.es\/web\/erasmusmovilidades\/wp-json\/wp\/v2\/comments?post=13"}],"version-history":[{"count":127,"href":"https:\/\/creena.educacion.navarra.es\/web\/erasmusmovilidades\/wp-json\/wp\/v2\/pages\/13\/revisions"}],"predecessor-version":[{"id":2700,"href":"https:\/\/creena.educacion.navarra.es\/web\/erasmusmovilidades\/wp-json\/wp\/v2\/pages\/13\/revisions\/2700"}],"wp:attachment":[{"href":"https:\/\/creena.educacion.navarra.es\/web\/erasmusmovilidades\/wp-json\/wp\/v2\/media?parent=13"}],"curies":[{"name":"wp","href":"https:\/\/api.w.org\/{rel}","templated":true}]}}