{"id":24,"date":"2022-10-10T08:29:17","date_gmt":"2022-10-10T08:29:17","guid":{"rendered":"https:\/\/creena.educacion.navarra.es\/web\/erasmusmovilidades\/?page_id=24"},"modified":"2025-12-02T11:52:19","modified_gmt":"2025-12-02T11:52:19","slug":"solicitud","status":"publish","type":"page","link":"https:\/\/creena.educacion.navarra.es\/web\/erasmusmovilidades\/solicitud\/","title":{"rendered":"Instrucciones para gestionar la documentaci\u00f3n"},"content":{"rendered":"\n<div class=\"wp-container-1 wp-block-buttons\"><\/div>\n\n\n\n<h1 class=\"has-text-align-center has-text-color\" style=\"color:#004499;font-style:normal;font-weight:100;letter-spacing:4px\"><strong>INSTRUCCIONES PARA GESTIONAR LA  DOCUMENTACI\u00d3N<\/strong><em> <\/em><\/h1>\n\n\n\n<p class=\"has-text-align-center\"> <img loading=\"lazy\" width=\"512\" height=\"512\" class=\"wp-image-1743\" style=\"width: 100px\" src=\"https:\/\/creena.educacion.navarra.es\/web\/erasmusmovilidades\/wp-content\/uploads\/sites\/10\/2022\/10\/Documentacion.png\" alt=\"\" srcset=\"https:\/\/creena.educacion.navarra.es\/web\/erasmusmovilidades\/wp-content\/uploads\/sites\/10\/2022\/10\/Documentacion.png 512w, https:\/\/creena.educacion.navarra.es\/web\/erasmusmovilidades\/wp-content\/uploads\/sites\/10\/2022\/10\/Documentacion-300x300.png 300w, https:\/\/creena.educacion.navarra.es\/web\/erasmusmovilidades\/wp-content\/uploads\/sites\/10\/2022\/10\/Documentacion-150x150.png 150w\" sizes=\"(max-width: 512px) 100vw, 512px\" \/><\/p>\n\n\n\n<p class=\"has-text-align-center\"><\/p>\n\n\n\n<div class=\"wp-block-columns\">\n<div class=\"wp-block-column is-vertically-aligned-center\"><\/div>\n<\/div>\n\n\n\n<ul class=\"has-background has-medium-font-size\" style=\"background-color:#f0fbf6;letter-spacing:1px\"><li><strong>Cada centro<\/strong> tiene una <strong>carpeta espec\u00edfica<\/strong> en la que deber\u00e1 colocar la documentaci\u00f3n.<\/li><li>Una carpeta para cada tipo de documento requerido.<\/li><\/ul>\n\n\n\n<p class=\"has-small-font-size\" style=\"font-style:italic;font-weight:100\"> <\/p>\n\n\n\n<p class=\"has-text-align-center has-background has-medium-font-size\" style=\"background-color:#fff5d9;font-style:normal;font-weight:100;letter-spacing:1px\"><strong>ES RECOMENDABLE DISPONER DE FIRMA DIGITAL<\/strong><\/p>\n\n\n\n<p class=\"has-text-align-center has-black-color has-text-color\" style=\"font-style:normal;font-weight:100;letter-spacing:1px\"><em><a href=\"https:\/\/www.fnmt.es\/\" target=\"_blank\" rel=\"noreferrer noopener\">(Se sol\u00edcita en la p\u00e1gina Nacional de Moneda y Timbre)<\/a><\/em><\/p>\n\n\n\n<p class=\"has-medium-font-size\" style=\"letter-spacing:1px\"><\/p>\n\n\n\n<h2 class=\"has-background\" style=\"background-color:#b5e4f3;text-transform:uppercase;letter-spacing:1px\">1\u00ba VINCULACI\u00d3N: <a href=\"https:\/\/docs.google.com\/document\/d\/1QoiTALSN2nihwQR6wrZbHQkKg9KKr4XZCAHSwx9KdWY\/edit?usp=drive_link\" target=\"_blank\" rel=\"noreferrer noopener\">documento<\/a><\/h2>\n\n\n\n<p>Se nombra: 2025_VINCULACI\u00d3N_NOMBRE_APELLIDOS<\/p>\n\n\n\n<p style=\"font-style:italic;font-weight:700\"><\/p>\n\n\n\n<h2 class=\"has-background\" style=\"background-color:#b5e4f3;text-transform:uppercase;letter-spacing:1px\">2\u00ba CONTRATACI\u00d3N DE UN SEGURO<\/h2>\n\n\n\n<p>Se nombra: 2025_SEGURO_NOMBRE_APELLIDOS<\/p>\n\n\n\n<p>Deben quedar cubiertos los aspectos siguientes:&nbsp;<\/p>\n\n\n\n<ul><li>siempre que sea pertinente, seguro de viaje (que incluya deterioro o extrav\u00edo del equipaje)<\/li><li>seguro de responsabilidad civil<\/li><li>seguro de accidentes y enfermedad grave (que incluya la incapacidad temporal o permanente)<\/li><li>seguro de defunci\u00f3n (que incluya repatriaci\u00f3n en caso de proyectos ejecutados en el extranjero).&nbsp;<\/li><\/ul>\n\n\n\n<p style=\"font-style:italic;font-weight:700\"><\/p>\n\n\n\n<h2 class=\"has-background\" style=\"background-color:#b5e4f3\">3\u00ba CONVENIO: <a href=\"https:\/\/forms.gle\/iRRsAtiAHWSKTPRY6\" target=\"_blank\" rel=\"noreferrer noopener\">enlace a formulario<\/a><\/h2>\n\n\n\n<p>Se nombra: 2025_CONVENIO_NOMBRE_APELLIDOS<\/p>\n\n\n\n<h2 class=\"has-background\" style=\"background-color:#b5e4f3;text-transform:capitalize;letter-spacing:1px\">4\u00ba ACUERDO DE APRENDIZAJE<\/h2>\n\n\n\n<p>Lo encontrar\u00e1s en tu carpeta en Drive.<\/p>\n\n\n\n<div class=\"wp-block-image\"><figure class=\"alignleft size-full is-resized\"><img loading=\"lazy\" src=\"https:\/\/creena.educacion.navarra.es\/web\/erasmusmovilidades\/wp-content\/uploads\/sites\/10\/2025\/09\/aviso.png\" alt=\"\" class=\"wp-image-5384\" width=\"41\" height=\"41\" srcset=\"https:\/\/creena.educacion.navarra.es\/web\/erasmusmovilidades\/wp-content\/uploads\/sites\/10\/2025\/09\/aviso.png 256w, https:\/\/creena.educacion.navarra.es\/web\/erasmusmovilidades\/wp-content\/uploads\/sites\/10\/2025\/09\/aviso-150x150.png 150w\" sizes=\"(max-width: 41px) 100vw, 41px\" \/><\/figure><\/div>\n\n\n\n<p>Antes de comenzar tu movilidad, ser\u00e1 imprescindible que descargues el documento, lo firmes y lo subas a la carpeta drive firmado.<\/p>\n\n\n\n<p>Recuerda: el acuerdo de aprendizaje firmado es requisito obligatorio para poder realizar la movilidad.<\/p>\n\n\n\n<p>Se nombra: 2025_ACUERDO_NOMBRE_APELLIDOS<\/p>\n\n\n\n<p style=\"font-style:italic;font-weight:700\"><\/p>\n\n\n\n<h2 class=\"has-background\" style=\"background-color:#b5e4f3\">5\u00ba CERTIFICADO DE ASISTENCIA &#8211; <em>Europass Mobility Certificate<\/em><\/h2>\n\n\n\n<p>Al finalizar tu movilidad, deber\u00e1s entregar el certificado de asistencia, documento que acredita tu participaci\u00f3n en el programa.<\/p>\n\n\n\n<ul><li>Antes de viajar no olvides llevar contigo el documento en formato papel.<\/li><li>Durante tu estancia, este documento deber\u00e1 ser firmado por la instituci\u00f3n de acogida.<\/li><li>Una vez de vuelta, tendr\u00e1s que subirlo a la carpeta drive.<\/li><\/ul>\n\n\n\n<p>Se nombra: 2025_CERTIFICADO_NOMBRE_APELLIDOS<\/p>\n\n\n\n<p><\/p>\n\n\n\n<h2 class=\"has-background\" style=\"background-color:#b5e4f3\">6\u00ba FACTURAS<\/h2>\n\n\n\n<ol><li>TRANSPORTE<ol><li>Tarjeta de embarque\/tickets de gasolina y peajes<\/li><li>Facturas vuelo\/tren&#8230;<\/li><\/ol><\/li><li>ALOJAMIENTO<ol><li>Factura alojamiento<\/li><\/ol><\/li><li>MANUTENCI\u00d3N<ol><li>Factura simplificada dietas<\/li><\/ol><\/li><li>CURSO<ol><li>Factura curso<\/li><\/ol><\/li><\/ol>\n\n\n\n<p><\/p>\n\n\n\n<h2 class=\"has-background\" style=\"background-color:#b5e4f3\">7\u00ba CUESTIONARIO DE OBSERVACI\u00d3N<\/h2>\n\n\n\n<p><a href=\"https:\/\/docs.google.com\/forms\/d\/e\/1FAIpQLSdzr87tSHFUJ5bdTUX_57buOoZ2weXlBGJnhdCeMmeOvCekdw\/viewform?pli=1\" target=\"_blank\" rel=\"noreferrer noopener\">Enlace<\/a><\/p>\n\n\n\n<h2 class=\"has-pale-cyan-blue-background-color has-background\">8\u00ba Video explicativo documentos Erasmus+<\/h2>\n\n\n<p><iframe loading=\"lazy\" src=\"https:\/\/www.powtoon.com\/embed\/dTKDyr0fkge\/\" width=\"640\" height=\"360\" frameborder=\"0\" allowfullscreen=\"allowfullscreen\"><\/iframe><\/p>\n\n\n<p class=\"has-vivid-cyan-blue-color has-text-color\">Para cualquier duda, se debe contactar a trav\u00e9s de:<\/p>\n\n\n\n<div class=\"wp-block-image\"><figure class=\"alignleft size-full is-resized\"><img loading=\"lazy\" src=\"https:\/\/creena.educacion.navarra.es\/web\/erasmusmovilidades\/wp-content\/uploads\/sites\/10\/2022\/10\/email.png\" alt=\"\" class=\"wp-image-837\" width=\"30\" height=\"29\"\/><\/figure><\/div>\n\n\n\n<p>creena-erasmus@educacion.navarra.es <\/p>\n\n\n\n<p><\/p>\n\n\n\n<div class=\"wp-block-image\"><figure class=\"alignleft size-full is-resized\"><img loading=\"lazy\" src=\"https:\/\/creena.educacion.navarra.es\/web\/erasmusmovilidades\/wp-content\/uploads\/sites\/10\/2022\/10\/pngegg-1.png\" alt=\"\" class=\"wp-image-792\" width=\"27\" height=\"40\"\/><\/figure><\/div>\n\n\n\n<p> 848431230<\/p>\n\n\n\n<p><\/p>\n\n\n\n<p class=\"has-text-align-center has-background\" style=\"background-color:#f8e3d5\"><strong>\u00a1MUY IMPORTANTE!<\/strong><\/p>\n\n\n\n<p>Cualquier documento gr\u00e1fico (foto, v\u00eddeo) debe contar con autorizaci\u00f3n de quienes aparecen de frente o son reconocibles. Se adjuntar\u00e1 documento que demuestre dicha autorizaci\u00f3n en medios educativos.<\/p>\n\n\n\n<hr class=\"wp-block-separator\"\/>\n\n\n\n<div style=\"height:100px\" aria-hidden=\"true\" class=\"wp-block-spacer\"><\/div>\n\n\n\n<div class=\"wp-container-3 wp-block-group\"><div class=\"wp-block-group__inner-container\">\n<div class=\"wp-block-columns\">\n<div class=\"wp-block-column has-background\" style=\"background-color:#eff8fd\">\n<div class=\"wp-block-columns\">\n<div class=\"wp-block-column\">\n<p class=\"has-text-align-center has-vivid-cyan-blue-color has-text-color has-medium-font-size\"><strong>PROYECTO MOVILIDADES ERASMUS+<\/strong> <strong>Acreditaci\u00f3n 2021\/2027 CREENA<\/strong><\/p>\n<\/div>\n<\/div>\n\n\n\n<div class=\"wp-container-2 wp-block-group\"><div class=\"wp-block-group__inner-container\">\n<div class=\"wp-block-columns\">\n<div class=\"wp-block-column\">\n<p class=\"has-text-align-center has-black-color has-text-color\" style=\"font-style:normal;font-weight:300;letter-spacing:1px\"><img loading=\"lazy\" width=\"672\" height=\"980\" class=\"wp-image-786\" style=\"width: 20px\" src=\"https:\/\/creena.educacion.navarra.es\/web\/erasmusmovilidades\/wp-content\/uploads\/sites\/10\/2022\/10\/pngegg.png\" alt=\"\" srcset=\"https:\/\/creena.educacion.navarra.es\/web\/erasmusmovilidades\/wp-content\/uploads\/sites\/10\/2022\/10\/pngegg.png 672w, https:\/\/creena.educacion.navarra.es\/web\/erasmusmovilidades\/wp-content\/uploads\/sites\/10\/2022\/10\/pngegg-206x300.png 206w\" sizes=\"(max-width: 672px) 100vw, 672px\" \/> CREENA\/NHEBZ<br>Tajonar Kalea 14, 31006 Pamplona\/Iru\u00f1a (Navarra)<\/p>\n\n\n\n<p class=\"has-text-align-center has-text-color\" style=\"color:#004499;font-size:15px;font-style:normal;font-weight:300\">  <img loading=\"lazy\" width=\"512\" height=\"450\" class=\"wp-image-837\" style=\"width: 20px\" src=\"https:\/\/creena.educacion.navarra.es\/web\/erasmusmovilidades\/wp-content\/uploads\/sites\/10\/2022\/10\/email.png\" alt=\"\" srcset=\"https:\/\/creena.educacion.navarra.es\/web\/erasmusmovilidades\/wp-content\/uploads\/sites\/10\/2022\/10\/email.png 512w, https:\/\/creena.educacion.navarra.es\/web\/erasmusmovilidades\/wp-content\/uploads\/sites\/10\/2022\/10\/email-300x264.png 300w\" sizes=\"(max-width: 512px) 100vw, 512px\" \/> creena-erasmus@educacion.navarra.es<\/p>\n<\/div>\n<\/div>\n<\/div><\/div>\n\n\n\n<p class=\"has-text-align-center\">TFNO: 848 431230<\/p>\n\n\n\n<div class=\"wp-block-columns\">\n<div class=\"wp-block-column\">\n<p class=\"has-text-align-center\" style=\"font-size:18px;font-style:normal;font-weight:100;letter-spacing:2px\"><strong>\u00a1S\u00edguenos en nuestras redes sociales!<\/strong><\/p>\n\n\n\n<p class=\"has-text-align-center\"><a href=\"https:\/\/twitter.com\/CREENA_Navarra\"><img loading=\"lazy\" width=\"337\" height=\"343\" class=\"wp-image-904\" style=\"width: 40px;\" src=\"https:\/\/creena.educacion.navarra.es\/web\/erasmusmovilidades\/wp-content\/uploads\/sites\/10\/2022\/10\/twitter.png\" alt=\"\" srcset=\"https:\/\/creena.educacion.navarra.es\/web\/erasmusmovilidades\/wp-content\/uploads\/sites\/10\/2022\/10\/twitter.png 337w, https:\/\/creena.educacion.navarra.es\/web\/erasmusmovilidades\/wp-content\/uploads\/sites\/10\/2022\/10\/twitter-295x300.png 295w\" sizes=\"(max-width: 337px) 100vw, 337px\" \/><\/a><a href=\"https:\/\/www.instagram.com\/creena_navarra\/\"><img loading=\"lazy\" width=\"338\" height=\"343\" class=\"wp-image-907\" style=\"width: 40px;\" src=\"https:\/\/creena.educacion.navarra.es\/web\/erasmusmovilidades\/wp-content\/uploads\/sites\/10\/2022\/10\/indtagram.png\" alt=\"\" srcset=\"https:\/\/creena.educacion.navarra.es\/web\/erasmusmovilidades\/wp-content\/uploads\/sites\/10\/2022\/10\/indtagram.png 338w, https:\/\/creena.educacion.navarra.es\/web\/erasmusmovilidades\/wp-content\/uploads\/sites\/10\/2022\/10\/indtagram-296x300.png 296w\" sizes=\"(max-width: 338px) 100vw, 338px\" \/><\/a><\/p>\n<\/div>\n<\/div>\n\n\n\n<div class=\"wp-block-columns\">\n<div class=\"wp-block-column\">\n<div class=\"wp-block-image is-style-default\"><figure class=\"aligncenter size-full\"><a href=\"http:\/\/www.sepie.es\/\" target=\"_blank\" rel=\"noopener\"><img loading=\"lazy\" width=\"400\" height=\"148\" src=\"https:\/\/creena.educacion.navarra.es\/web\/erasmusmovilidades\/wp-content\/uploads\/sites\/10\/2024\/09\/SEPIE_erasmus_plus.gif\" alt=\"\" class=\"wp-image-4738\"\/><\/a><\/figure><\/div>\n<\/div>\n\n\n\n<div class=\"wp-block-column\">\n<div class=\"wp-block-image\"><figure class=\"aligncenter size-full\"><img loading=\"lazy\" width=\"300\" height=\"300\" src=\"https:\/\/creena.educacion.navarra.es\/web\/erasmusmovilidades\/wp-content\/uploads\/sites\/10\/2023\/04\/logo_creena_socios-300x300-2.png\" alt=\"\" class=\"wp-image-3166\" srcset=\"https:\/\/creena.educacion.navarra.es\/web\/erasmusmovilidades\/wp-content\/uploads\/sites\/10\/2023\/04\/logo_creena_socios-300x300-2.png 300w, https:\/\/creena.educacion.navarra.es\/web\/erasmusmovilidades\/wp-content\/uploads\/sites\/10\/2023\/04\/logo_creena_socios-300x300-2-150x150.png 150w\" sizes=\"(max-width: 300px) 100vw, 300px\" \/><\/figure><\/div>\n<\/div>\n\n\n\n<div class=\"wp-block-column\">\n<div class=\"wp-block-image\"><figure class=\"aligncenter size-medium is-resized\"><img loading=\"lazy\" src=\"https:\/\/creena.educacion.navarra.es\/web\/erasmusmovilidades\/wp-content\/uploads\/sites\/10\/2022\/10\/es_v_cofinanciado_por_la_union_europea_pos-296x300.png\" alt=\"Logotipo Uni\u00f3n Europea\" class=\"wp-image-347\" width=\"148\" height=\"150\" srcset=\"https:\/\/creena.educacion.navarra.es\/web\/erasmusmovilidades\/wp-content\/uploads\/sites\/10\/2022\/10\/es_v_cofinanciado_por_la_union_europea_pos-296x300.png 296w, https:\/\/creena.educacion.navarra.es\/web\/erasmusmovilidades\/wp-content\/uploads\/sites\/10\/2022\/10\/es_v_cofinanciado_por_la_union_europea_pos-768x778.png 768w, https:\/\/creena.educacion.navarra.es\/web\/erasmusmovilidades\/wp-content\/uploads\/sites\/10\/2022\/10\/es_v_cofinanciado_por_la_union_europea_pos.png 910w\" sizes=\"(max-width: 148px) 100vw, 148px\" \/><\/figure><\/div>\n<\/div>\n<\/div>\n\n\n\n<p class=\"has-text-align-center has-text-color\" style=\"color:#004499;font-size:15px\"><a rel=\"noreferrer noopener\" href=\"https:\/\/www.educacion.navarra.es\/web\/dpto\/aviso-legal\" target=\"_blank\">Aviso legal<\/a><\/p>\n<\/div>\n<\/div>\n<\/div><\/div>\n\n\n\n<hr class=\"wp-block-separator has-text-color has-background is-style-default\" style=\"background-color:#eff8fd;color:#eff8fd\"\/>\n","protected":false},"excerpt":{"rendered":"<p>INSTRUCCIONES PARA GESTIONAR LA DOCUMENTACI\u00d3N Cada centro tiene una carpeta espec\u00edfica en la que deber\u00e1 colocar la documentaci\u00f3n. Una carpeta para cada tipo de documento requerido. ES RECOMENDABLE DISPONER DE FIRMA DIGITAL (Se sol\u00edcita en la p\u00e1gina Nacional de Moneda y Timbre) 1\u00ba VINCULACI\u00d3N: documento Se nombra: 2025_VINCULACI\u00d3N_NOMBRE_APELLIDOS 2\u00ba CONTRATACI\u00d3N DE UN SEGURO Se nombra: [&hellip;]<\/p>\n","protected":false},"author":1,"featured_media":0,"parent":0,"menu_order":0,"comment_status":"closed","ping_status":"closed","template":"","meta":{"_genesis_hide_title":true,"_genesis_hide_breadcrumbs":false,"_genesis_hide_singular_image":false,"_genesis_hide_footer_widgets":false,"_genesis_custom_body_class":"","_genesis_custom_post_class":"","_genesis_layout":""},"_links":{"self":[{"href":"https:\/\/creena.educacion.navarra.es\/web\/erasmusmovilidades\/wp-json\/wp\/v2\/pages\/24"}],"collection":[{"href":"https:\/\/creena.educacion.navarra.es\/web\/erasmusmovilidades\/wp-json\/wp\/v2\/pages"}],"about":[{"href":"https:\/\/creena.educacion.navarra.es\/web\/erasmusmovilidades\/wp-json\/wp\/v2\/types\/page"}],"author":[{"embeddable":true,"href":"https:\/\/creena.educacion.navarra.es\/web\/erasmusmovilidades\/wp-json\/wp\/v2\/users\/1"}],"replies":[{"embeddable":true,"href":"https:\/\/creena.educacion.navarra.es\/web\/erasmusmovilidades\/wp-json\/wp\/v2\/comments?post=24"}],"version-history":[{"count":241,"href":"https:\/\/creena.educacion.navarra.es\/web\/erasmusmovilidades\/wp-json\/wp\/v2\/pages\/24\/revisions"}],"predecessor-version":[{"id":5475,"href":"https:\/\/creena.educacion.navarra.es\/web\/erasmusmovilidades\/wp-json\/wp\/v2\/pages\/24\/revisions\/5475"}],"wp:attachment":[{"href":"https:\/\/creena.educacion.navarra.es\/web\/erasmusmovilidades\/wp-json\/wp\/v2\/media?parent=24"}],"curies":[{"name":"wp","href":"https:\/\/api.w.org\/{rel}","templated":true}]}}