{"id":4126,"date":"2024-02-22T09:45:27","date_gmt":"2024-02-22T09:45:27","guid":{"rendered":"https:\/\/creena.educacion.navarra.es\/web\/erasmusmovilidades\/?page_id=4126"},"modified":"2025-05-28T07:47:40","modified_gmt":"2025-05-28T07:47:40","slug":"ano-2024","status":"publish","type":"page","link":"https:\/\/creena.educacion.navarra.es\/web\/erasmusmovilidades\/informacion-sobre-movilidades\/ano-2024\/","title":{"rendered":"A\u00d1O 2024"},"content":{"rendered":"\n<h1 class=\"has-text-align-center has-vivid-cyan-blue-color has-text-color\"><strong>A\u00d1O 2024<\/strong><\/h1>\n\n\n\n<h2 class=\"has-text-align-center has-text-color\" style=\"color:#004499;font-style:normal;font-weight:100\">PA\u00cdSES VISITADOS  <img loading=\"lazy\" width=\"512\" height=\"512\" class=\"wp-image-1760\" style=\"width: 50px\" src=\"https:\/\/creena.educacion.navarra.es\/web\/erasmusmovilidades\/wp-content\/uploads\/sites\/10\/2022\/10\/viaje2.jpg\" alt=\"\" srcset=\"https:\/\/creena.educacion.navarra.es\/web\/erasmusmovilidades\/wp-content\/uploads\/sites\/10\/2022\/10\/viaje2.jpg 512w, https:\/\/creena.educacion.navarra.es\/web\/erasmusmovilidades\/wp-content\/uploads\/sites\/10\/2022\/10\/viaje2-300x300.jpg 300w, https:\/\/creena.educacion.navarra.es\/web\/erasmusmovilidades\/wp-content\/uploads\/sites\/10\/2022\/10\/viaje2-150x150.jpg 150w\" sizes=\"(max-width: 512px) 100vw, 512px\" \/><\/h2>\n\n\n\n<p class=\"has-text-align-center\"><\/p>\n\n\n\n<p><a href=\"https:\/\/creena.educacion.navarra.es\/web\/erasmusmovilidades\/informacion-sobre-movilidades\/\"><\/a><\/p>\n\n\n\n<div class=\"wp-block-columns\">\n<div class=\"wp-block-column\" style=\"flex-basis:100%\">\n<div class=\"wp-block-columns\">\n<div class=\"wp-block-column\" style=\"flex-basis:100%\">\n<div class=\"wp-block-columns\">\n<div class=\"wp-block-column has-background\" style=\"background-color:#c5e1a5\">\n<div class=\"wp-block-image\"><figure class=\"aligncenter size-medium is-resized\"><a href=\"https:\/\/creena.educacion.navarra.es\/web\/erasmusmovilidades\/informacion-sobre-movilidades\/ano-2024\/portugal\/\"><img loading=\"lazy\" src=\"https:\/\/creena.educacion.navarra.es\/web\/erasmusmovilidades\/wp-content\/uploads\/sites\/10\/2022\/10\/portugal-1-300x300.png\" alt=\"\" class=\"wp-image-1571\" width=\"75\" height=\"75\" srcset=\"https:\/\/creena.educacion.navarra.es\/web\/erasmusmovilidades\/wp-content\/uploads\/sites\/10\/2022\/10\/portugal-1-300x300.png 300w, https:\/\/creena.educacion.navarra.es\/web\/erasmusmovilidades\/wp-content\/uploads\/sites\/10\/2022\/10\/portugal-1-150x150.png 150w, https:\/\/creena.educacion.navarra.es\/web\/erasmusmovilidades\/wp-content\/uploads\/sites\/10\/2022\/10\/portugal-1.png 512w\" sizes=\"(max-width: 75px) 100vw, 75px\" \/><\/a><\/figure><\/div>\n\n\n\n<p class=\"has-text-align-center has-black-color has-text-color\" style=\"font-size:28px;font-style:normal;font-weight:100;letter-spacing:1px\"><a href=\"https:\/\/creena.educacion.navarra.es\/web\/erasmusmovilidades\/informacion-sobre-movilidades\/ano-2024\/portugal\/\">PORTUGAL<\/a><\/p>\n<\/div>\n\n\n\n<div class=\"wp-block-column\" style=\"flex-basis:10px\"><\/div>\n\n\n\n<div class=\"wp-block-column has-background\" style=\"background-color:#e9b1b1\">\n<div class=\"wp-block-image\"><figure class=\"aligncenter size-medium is-resized\"><a href=\"https:\/\/creena.educacion.navarra.es\/web\/erasmusmovilidades\/informacion-sobre-movilidades\/ano-2024\/italia\/\"><img loading=\"lazy\" src=\"https:\/\/creena.educacion.navarra.es\/web\/erasmusmovilidades\/wp-content\/uploads\/sites\/10\/2022\/10\/italia-2-300x300.png\" alt=\"\" class=\"wp-image-1567\" width=\"75\" height=\"75\" srcset=\"https:\/\/creena.educacion.navarra.es\/web\/erasmusmovilidades\/wp-content\/uploads\/sites\/10\/2022\/10\/italia-2-300x300.png 300w, https:\/\/creena.educacion.navarra.es\/web\/erasmusmovilidades\/wp-content\/uploads\/sites\/10\/2022\/10\/italia-2-150x150.png 150w, https:\/\/creena.educacion.navarra.es\/web\/erasmusmovilidades\/wp-content\/uploads\/sites\/10\/2022\/10\/italia-2.png 512w\" sizes=\"(max-width: 75px) 100vw, 75px\" \/><\/a><\/figure><\/div>\n\n\n\n<p class=\"has-text-align-center has-black-color has-text-color\" style=\"font-size:28px;font-style:normal;font-weight:100;letter-spacing:1px\"><a href=\"https:\/\/creena.educacion.navarra.es\/web\/erasmusmovilidades\/informacion-sobre-movilidades\/ano-2024\/italia\/\">ITALIA<\/a><\/p>\n<\/div>\n\n\n\n<div class=\"wp-block-column\" style=\"flex-basis:10px\"><\/div>\n\n\n\n<div class=\"wp-block-column has-background\" style=\"background-color:#eff8fd\">\n<div class=\"wp-block-image\"><figure class=\"aligncenter size-medium is-resized\"><a href=\"https:\/\/creena.educacion.navarra.es\/web\/erasmusmovilidades\/informacion-sobre-movilidades\/ano-2024\/noruega\/\"><img loading=\"lazy\" src=\"https:\/\/creena.educacion.navarra.es\/web\/erasmusmovilidades\/wp-content\/uploads\/sites\/10\/2022\/10\/finlandia1-300x300.png\" alt=\"\" class=\"wp-image-1544\" width=\"75\" height=\"75\" srcset=\"https:\/\/creena.educacion.navarra.es\/web\/erasmusmovilidades\/wp-content\/uploads\/sites\/10\/2022\/10\/finlandia1-300x300.png 300w, https:\/\/creena.educacion.navarra.es\/web\/erasmusmovilidades\/wp-content\/uploads\/sites\/10\/2022\/10\/finlandia1-150x150.png 150w, https:\/\/creena.educacion.navarra.es\/web\/erasmusmovilidades\/wp-content\/uploads\/sites\/10\/2022\/10\/finlandia1.png 512w\" sizes=\"(max-width: 75px) 100vw, 75px\" \/><\/a><\/figure><\/div>\n\n\n\n<p class=\"has-text-align-center has-black-color has-text-color\" style=\"font-size:28px;font-style:normal;font-weight:100;letter-spacing:1px\"><a href=\"https:\/\/creena.educacion.navarra.es\/web\/erasmusmovilidades\/informacion-sobre-movilidades\/ano-2024\/noruega\/\">NORUEGA<\/a><\/p>\n<\/div>\n<\/div>\n<\/div>\n<\/div>\n\n\n\n<div class=\"wp-block-columns\">\n<div class=\"wp-block-column has-light-green-cyan-background-color has-background\">\n<div class=\"wp-block-image\"><figure class=\"aligncenter is-resized\"><img loading=\"lazy\" src=\"https:\/\/creena.educacion.navarra.es\/web\/erasmusmovilidades\/wp-content\/uploads\/sites\/10\/2023\/06\/BELGICA-1.png\" alt=\"La imagen tiene un atributo ALT vac\u00edo; su nombre de archivo es BELGICA-1.png\" width=\"69\" height=\"87\"\/><\/figure><\/div>\n\n\n\n<p class=\"has-text-align-center has-black-color has-text-color\" style=\"font-size:28px;font-style:normal;font-weight:100;letter-spacing:1px\"><a href=\"https:\/\/creena.educacion.navarra.es\/web\/erasmusmovilidades\/informacion-sobre-movilidades\/ano-2024\/belgica\/\">B\u00c9LGICA<\/a><\/p>\n<\/div>\n\n\n\n<div class=\"wp-block-column\" style=\"flex-basis:10px\"><\/div>\n\n\n\n<div class=\"wp-block-column has-background\" style=\"background-color:#eff8fd\">\n<div class=\"wp-block-image\"><figure class=\"aligncenter size-medium is-resized\"><a href=\"https:\/\/creena.educacion.navarra.es\/web\/erasmusmovilidades\/informacion-sobre-movilidades\/ano-2024\/finlandia\/\"><img loading=\"lazy\" src=\"https:\/\/creena.educacion.navarra.es\/web\/erasmusmovilidades\/wp-content\/uploads\/sites\/10\/2022\/10\/finlandia1-300x300.png\" alt=\"\" class=\"wp-image-1544\" width=\"75\" height=\"75\" srcset=\"https:\/\/creena.educacion.navarra.es\/web\/erasmusmovilidades\/wp-content\/uploads\/sites\/10\/2022\/10\/finlandia1-300x300.png 300w, https:\/\/creena.educacion.navarra.es\/web\/erasmusmovilidades\/wp-content\/uploads\/sites\/10\/2022\/10\/finlandia1-150x150.png 150w, https:\/\/creena.educacion.navarra.es\/web\/erasmusmovilidades\/wp-content\/uploads\/sites\/10\/2022\/10\/finlandia1.png 512w\" sizes=\"(max-width: 75px) 100vw, 75px\" \/><\/a><\/figure><\/div>\n\n\n\n<p class=\"has-text-align-center has-black-color has-text-color\" style=\"font-size:28px;font-style:normal;font-weight:100;letter-spacing:1px\"><a href=\"https:\/\/creena.educacion.navarra.es\/web\/erasmusmovilidades\/informacion-sobre-movilidades\/ano-2024\/finlandia\/\">FINLANDIA<\/a><\/p>\n<\/div>\n\n\n\n<div class=\"wp-block-column\" style=\"flex-basis:10px\"><\/div>\n\n\n\n<div class=\"wp-block-column has-luminous-vivid-amber-background-color has-background\">\n<div class=\"wp-block-image\"><figure class=\"aligncenter size-full is-resized\"><img loading=\"lazy\" src=\"https:\/\/creena.educacion.navarra.es\/web\/erasmusmovilidades\/wp-content\/uploads\/sites\/10\/2024\/05\/austria.png\" alt=\"\" class=\"wp-image-4409\" width=\"75\" height=\"75\"\/><\/figure><\/div>\n\n\n\n<p class=\"has-text-align-center has-black-color has-text-color\" style=\"font-size:28px;font-style:normal;font-weight:100;letter-spacing:1px\"><a href=\"https:\/\/creena.educacion.navarra.es\/web\/erasmusmovilidades\/informacion-sobre-movilidades\/ano-2024\/austria\/\">AUSTRIA<\/a><\/p>\n<\/div>\n<\/div>\n<\/div>\n<\/div>\n\n\n\n<div class=\"wp-block-columns\">\n<div class=\"wp-block-column has-cyan-bluish-gray-background-color has-background\">\n<div class=\"wp-block-image\"><figure class=\"aligncenter size-full is-resized\"><img loading=\"lazy\" src=\"https:\/\/creena.educacion.navarra.es\/web\/erasmusmovilidades\/wp-content\/uploads\/sites\/10\/2022\/10\/dinamarca1.png\" alt=\"\" class=\"wp-image-1548\" width=\"80\" height=\"101\"\/><\/figure><\/div>\n\n\n\n<p class=\"has-text-align-center has-black-color has-text-color\" style=\"font-size:28px;font-style:normal;font-weight:100;letter-spacing:1px\"><a href=\"https:\/\/creena.educacion.navarra.es\/web\/erasmusmovilidades\/informacion-sobre-movilidades\/ano-2024\/dinamarca\/\"><\/a><a href=\"https:\/\/creena.educacion.navarra.es\/web\/erasmusmovilidades\/informacion-sobre-movilidades\/ano-2024\/dinamarca\/\">DINAMARCA<\/a><\/p>\n<\/div>\n\n\n\n<div class=\"wp-block-column\" style=\"flex-basis:10px\"><\/div>\n\n\n\n<div class=\"wp-block-column has-vivid-purple-background-color has-background\">\n<div class=\"wp-block-image\"><figure class=\"aligncenter size-full is-resized\"><img loading=\"lazy\" src=\"https:\/\/creena.educacion.navarra.es\/web\/erasmusmovilidades\/wp-content\/uploads\/sites\/10\/2022\/10\/francia1.png\" alt=\"\" class=\"wp-image-1555\" width=\"93\" height=\"93\" srcset=\"https:\/\/creena.educacion.navarra.es\/web\/erasmusmovilidades\/wp-content\/uploads\/sites\/10\/2022\/10\/francia1.png 512w, https:\/\/creena.educacion.navarra.es\/web\/erasmusmovilidades\/wp-content\/uploads\/sites\/10\/2022\/10\/francia1-300x300.png 300w, https:\/\/creena.educacion.navarra.es\/web\/erasmusmovilidades\/wp-content\/uploads\/sites\/10\/2022\/10\/francia1-150x150.png 150w\" sizes=\"(max-width: 93px) 100vw, 93px\" \/><\/figure><\/div>\n\n\n\n<p class=\"has-text-align-center has-black-color has-text-color\" style=\"font-size:28px;font-style:normal;font-weight:100\"><a href=\"https:\/\/creena.educacion.navarra.es\/web\/erasmusmovilidades\/informacion-sobre-movilidades\/ano-2024\/francia\/\">FRANCIA<\/a><\/p>\n<\/div>\n\n\n\n<div class=\"wp-block-column has-white-background-color has-background\">\n<div class=\"wp-block-image\"><figure class=\"aligncenter size-full is-resized\"><img loading=\"lazy\" src=\"https:\/\/creena.educacion.navarra.es\/web\/erasmusmovilidades\/wp-content\/uploads\/sites\/10\/2024\/06\/turquia.png\" alt=\"\" class=\"wp-image-4575\" width=\"75\" height=\"75\"\/><\/figure><\/div>\n\n\n\n<p class=\"has-text-align-center has-black-color has-text-color\" style=\"font-size:28px;font-style:normal;font-weight:100\"><a href=\"https:\/\/creena.educacion.navarra.es\/web\/erasmusmovilidades\/informacion-sobre-movilidades\/ano-2024\/turquia\/\">TURQU\u00cdA<\/a><\/p>\n<\/div>\n<\/div>\n\n\n\n<div class=\"wp-block-columns\">\n<div class=\"wp-block-column has-background\" style=\"background-color:#f6f7f8\">\n<div class=\"wp-block-image\"><figure class=\"aligncenter size-full is-resized\"><img loading=\"lazy\" src=\"https:\/\/creena.educacion.navarra.es\/web\/erasmusmovilidades\/wp-content\/uploads\/sites\/10\/2024\/09\/chequia.png\" alt=\"\" class=\"wp-image-4688\" width=\"93\" height=\"93\"\/><\/figure><\/div>\n\n\n\n<p class=\"has-text-align-center has-black-color has-text-color\" style=\"font-size:28px;font-style:normal;font-weight:100\"><a href=\"https:\/\/creena.educacion.navarra.es\/web\/erasmusmovilidades\/informacion-sobre-movilidades\/ano-2024\/republica-checa\/\">REP\u00daBLICA CHECA<\/a><\/p>\n<\/div>\n\n\n\n<div class=\"wp-block-column has-background\" style=\"background-color:#ecbec9\">\n<div class=\"wp-block-image\"><figure class=\"aligncenter size-full is-resized\"><img loading=\"lazy\" src=\"https:\/\/creena.educacion.navarra.es\/web\/erasmusmovilidades\/wp-content\/uploads\/sites\/10\/2023\/09\/alemania.png\" alt=\"\" class=\"wp-image-3819\" width=\"93\" height=\"93\" srcset=\"https:\/\/creena.educacion.navarra.es\/web\/erasmusmovilidades\/wp-content\/uploads\/sites\/10\/2023\/09\/alemania.png 256w, https:\/\/creena.educacion.navarra.es\/web\/erasmusmovilidades\/wp-content\/uploads\/sites\/10\/2023\/09\/alemania-150x150.png 150w\" sizes=\"(max-width: 93px) 100vw, 93px\" \/><\/figure><\/div>\n\n\n\n<p class=\"has-text-align-center has-black-color has-text-color\" style=\"font-size:28px;font-style:normal;font-weight:100\"><a href=\"https:\/\/creena.educacion.navarra.es\/web\/erasmusmovilidades\/informacion-sobre-movilidades\/ano-2024\/alemania-2024\/\" data-type=\"URL\" data-id=\"https:\/\/creena.educacion.navarra.es\/web\/erasmusmovilidades\/informacion-sobre-movilidades\/ano-2024\/alemania-2024\/\">ALEMANIA<\/a><\/p>\n<\/div>\n\n\n\n<div class=\"wp-block-column has-light-green-cyan-background-color has-background\">\n<div class=\"wp-block-image\"><figure class=\"aligncenter size-full is-resized\"><img loading=\"lazy\" src=\"https:\/\/creena.educacion.navarra.es\/web\/erasmusmovilidades\/wp-content\/uploads\/sites\/10\/2025\/05\/greece_203032-2.png\" alt=\"\" class=\"wp-image-5151\" width=\"101\" height=\"101\" srcset=\"https:\/\/creena.educacion.navarra.es\/web\/erasmusmovilidades\/wp-content\/uploads\/sites\/10\/2025\/05\/greece_203032-2.png 512w, https:\/\/creena.educacion.navarra.es\/web\/erasmusmovilidades\/wp-content\/uploads\/sites\/10\/2025\/05\/greece_203032-2-300x300.png 300w, https:\/\/creena.educacion.navarra.es\/web\/erasmusmovilidades\/wp-content\/uploads\/sites\/10\/2025\/05\/greece_203032-2-150x150.png 150w\" sizes=\"(max-width: 101px) 100vw, 101px\" \/><\/figure><\/div>\n\n\n\n<p class=\"has-text-align-center\" style=\"font-size:28px\"><a href=\"https:\/\/creena.educacion.navarra.es\/web\/erasmusmovilidades\/informacion-sobre-movilidades\/ano-2024\/grecia24\/\">GRECIA<\/a><\/p>\n<\/div>\n<\/div>\n\n\n\n<p><\/p>\n","protected":false},"excerpt":{"rendered":"<p>A\u00d1O 2024 PA\u00cdSES VISITADOS PORTUGAL ITALIA NORUEGA B\u00c9LGICA FINLANDIA AUSTRIA DINAMARCA FRANCIA TURQU\u00cdA REP\u00daBLICA CHECA ALEMANIA GRECIA<\/p>\n","protected":false},"author":1,"featured_media":0,"parent":20,"menu_order":0,"comment_status":"closed","ping_status":"closed","template":"","meta":{"_genesis_hide_title":true,"_genesis_hide_breadcrumbs":false,"_genesis_hide_singular_image":false,"_genesis_hide_footer_widgets":false,"_genesis_custom_body_class":"","_genesis_custom_post_class":"","_genesis_layout":""},"_links":{"self":[{"href":"https:\/\/creena.educacion.navarra.es\/web\/erasmusmovilidades\/wp-json\/wp\/v2\/pages\/4126"}],"collection":[{"href":"https:\/\/creena.educacion.navarra.es\/web\/erasmusmovilidades\/wp-json\/wp\/v2\/pages"}],"about":[{"href":"https:\/\/creena.educacion.navarra.es\/web\/erasmusmovilidades\/wp-json\/wp\/v2\/types\/page"}],"author":[{"embeddable":true,"href":"https:\/\/creena.educacion.navarra.es\/web\/erasmusmovilidades\/wp-json\/wp\/v2\/users\/1"}],"replies":[{"embeddable":true,"href":"https:\/\/creena.educacion.navarra.es\/web\/erasmusmovilidades\/wp-json\/wp\/v2\/comments?post=4126"}],"version-history":[{"count":58,"href":"https:\/\/creena.educacion.navarra.es\/web\/erasmusmovilidades\/wp-json\/wp\/v2\/pages\/4126\/revisions"}],"predecessor-version":[{"id":5230,"href":"https:\/\/creena.educacion.navarra.es\/web\/erasmusmovilidades\/wp-json\/wp\/v2\/pages\/4126\/revisions\/5230"}],"up":[{"embeddable":true,"href":"https:\/\/creena.educacion.navarra.es\/web\/erasmusmovilidades\/wp-json\/wp\/v2\/pages\/20"}],"wp:attachment":[{"href":"https:\/\/creena.educacion.navarra.es\/web\/erasmusmovilidades\/wp-json\/wp\/v2\/media?parent=4126"}],"curies":[{"name":"wp","href":"https:\/\/api.w.org\/{rel}","templated":true}]}}