{"id":4822,"date":"2024-12-05T10:29:55","date_gmt":"2024-12-05T10:29:55","guid":{"rendered":"https:\/\/creena.educacion.navarra.es\/web\/erasmusmovilidades\/?page_id=4822"},"modified":"2025-09-29T08:40:13","modified_gmt":"2025-09-29T08:40:13","slug":"curso-2024-2025","status":"publish","type":"page","link":"https:\/\/creena.educacion.navarra.es\/web\/erasmusmovilidades\/curso-2024-2025\/","title":{"rendered":"Convocatoria 25-26"},"content":{"rendered":"\n<h2 class=\"has-text-align-center has-vivid-cyan-blue-color has-text-color\"><strong>CURSO 2025-2026<\/strong><\/h2>\n\n\n\n<h2 class=\"has-text-align-center\"><img loading=\"lazy\" width=\"512\" height=\"512\" class=\"wp-image-1735\" style=\"width: 60px\" src=\"https:\/\/creena.educacion.navarra.es\/web\/erasmusmovilidades\/wp-content\/uploads\/sites\/10\/2022\/10\/colegioazul.png\" alt=\"\" srcset=\"https:\/\/creena.educacion.navarra.es\/web\/erasmusmovilidades\/wp-content\/uploads\/sites\/10\/2022\/10\/colegioazul.png 512w, https:\/\/creena.educacion.navarra.es\/web\/erasmusmovilidades\/wp-content\/uploads\/sites\/10\/2022\/10\/colegioazul-300x300.png 300w, https:\/\/creena.educacion.navarra.es\/web\/erasmusmovilidades\/wp-content\/uploads\/sites\/10\/2022\/10\/colegioazul-150x150.png 150w\" sizes=\"(max-width: 512px) 100vw, 512px\" \/><\/h2>\n\n\n\n<p>El CREENA liderar\u00e1 un&nbsp;nuevo&nbsp;consorcio&nbsp;Erasmus+ en el curso 2025-2026, y nos gustar\u00eda invitar a los centros educativos p\u00fablicos que forman parte de <strong>TC-DUA<\/strong>, centros dentro de&nbsp;<strong>PROA+, <\/strong>centros que sean&nbsp;<strong>comunidades de aprendizaje<\/strong>, centros<strong>&nbsp;p\u00fablicos con estructuras espec\u00edficas, centros p\u00fablicos con \u00edndice ACNEAE inferior a -2<\/strong>&nbsp;y centros<strong>&nbsp;p\u00fablicos de educaci\u00f3n especial.<\/strong><\/p>\n\n\n\n<p>El&nbsp;consorcio&nbsp;Erasmus+ CREENA ofrece a los centros escolares la oportunidad de participar en un proyecto de movilidad educativa a nivel europeo, permitiendo a su personal docente participar en actividades de desarrollo profesional en el extranjero, tales como cursos estructurados&nbsp;y periodos de observaci\u00f3n profesional. Todos aquellos centros p\u00fablicos que est\u00e9n interesados en participar tendr\u00e1n que generar un&nbsp;<a rel=\"noreferrer noopener\" href=\"https:\/\/etwinning.educacion.navarra.es\/2020\/02\/24\/instrucciones-para-obtener-un-oid-organisation-id-documento-de-identidad-del-centro-escolar-para-participar-en-proyectos-ka1-y-ka2-de-erasmus\/\" target=\"_blank\">c\u00f3digo OID.<\/a><strong>(Quedan excluidos los centros que est\u00e1n acreditados o centros con&nbsp; &nbsp;proyectos KA22)<\/strong>. <\/p>\n\n\n\n<p>Los centros que forman parte de nuestro consorcio se comprometen a ser&nbsp;<strong>centros receptores de otros docentes extranjeros.<br><\/strong>El consorcio est\u00e1 abierto a tener 60 miembros, en caso de tener m\u00e1s solicitudes que plazas, priorizaremos a los nuevos centros.<br>Si su centro est\u00e1 interesado en unirse a esta iniciativa, por favor, h\u00e1ganoslo saber a m\u00e1s tardar el&nbsp;&nbsp;<strong>14 de enero<\/strong>&nbsp;escribiendo a:&nbsp; creena-erasmus@educacion.navarra.es<\/p>\n\n\n\n<div class=\"wp-block-columns\">\n<div class=\"wp-block-column has-pale-pink-background-color has-background\">\n<p class=\"has-text-align-center has-medium-font-size\" style=\"font-style:normal;font-weight:100;line-height:1.5;letter-spacing:1px\">Centros con <strong>0-20<\/strong> docentes<\/p>\n\n\n\n<div class=\"wp-block-image\"><figure class=\"aligncenter size-thumbnail is-resized\"><img loading=\"lazy\" src=\"https:\/\/creena.educacion.navarra.es\/web\/erasmusmovilidades\/wp-content\/uploads\/sites\/10\/2022\/10\/flecha2-150x150.png\" alt=\"\" class=\"wp-image-1670\" width=\"75\" height=\"75\" srcset=\"https:\/\/creena.educacion.navarra.es\/web\/erasmusmovilidades\/wp-content\/uploads\/sites\/10\/2022\/10\/flecha2-150x150.png 150w, https:\/\/creena.educacion.navarra.es\/web\/erasmusmovilidades\/wp-content\/uploads\/sites\/10\/2022\/10\/flecha2-300x300.png 300w, https:\/\/creena.educacion.navarra.es\/web\/erasmusmovilidades\/wp-content\/uploads\/sites\/10\/2022\/10\/flecha2.png 512w\" sizes=\"(max-width: 75px) 100vw, 75px\" \/><\/figure><\/div>\n\n\n\n<p class=\"has-text-align-center has-medium-font-size\" style=\"letter-spacing:1px\"><strong>1 <\/strong>movilidad de  una semana<\/p>\n<\/div>\n\n\n\n<div class=\"wp-block-column has-pale-cyan-blue-background-color has-background\">\n<p class=\"has-text-align-center has-medium-font-size\" style=\"font-style:normal;font-weight:100;line-height:1.5;letter-spacing:1px\">Centros con <strong>21 o m\u00e1s<\/strong> docentes<\/p>\n\n\n\n<div class=\"wp-block-image is-style-default\"><figure class=\"aligncenter size-thumbnail is-resized\"><img loading=\"lazy\" src=\"https:\/\/creena.educacion.navarra.es\/web\/erasmusmovilidades\/wp-content\/uploads\/sites\/10\/2022\/10\/flecha2-150x150.png\" alt=\"\" class=\"wp-image-1670\" width=\"75\" height=\"75\" srcset=\"https:\/\/creena.educacion.navarra.es\/web\/erasmusmovilidades\/wp-content\/uploads\/sites\/10\/2022\/10\/flecha2-150x150.png 150w, https:\/\/creena.educacion.navarra.es\/web\/erasmusmovilidades\/wp-content\/uploads\/sites\/10\/2022\/10\/flecha2-300x300.png 300w, https:\/\/creena.educacion.navarra.es\/web\/erasmusmovilidades\/wp-content\/uploads\/sites\/10\/2022\/10\/flecha2.png 512w\" sizes=\"(max-width: 75px) 100vw, 75px\" \/><\/figure><\/div>\n\n\n\n<p class=\"has-text-align-center has-medium-font-size\" style=\"font-style:normal;font-weight:100;letter-spacing:1px\"><strong>2<\/strong> movilidades de una semana <\/p>\n<\/div>\n<\/div>\n\n\n\n<p><strong><a rel=\"noreferrer noopener\" href=\"https:\/\/drive.google.com\/file\/d\/1v_1KfOSYo-Mii5LALe-Nkwj3bUyEQsny\/view?usp=drive_link\" target=\"_blank\">Selecci\u00f3n de participantes de centros educativos<\/a><\/strong><\/p>\n\n\n\n<p><a href=\"https:\/\/drive.google.com\/file\/d\/1_E_vxTyV4DOjGgT4-zY4kxbGQ_qypYub\/view?usp=drive_link\" target=\"_blank\" rel=\"noreferrer noopener\"><strong>Selecci\u00f3n de participantes CREENA<\/strong><\/a><\/p>\n","protected":false},"excerpt":{"rendered":"<p>CURSO 2025-2026 El CREENA liderar\u00e1 un&nbsp;nuevo&nbsp;consorcio&nbsp;Erasmus+ en el curso 2025-2026, y nos gustar\u00eda invitar a los centros educativos p\u00fablicos que forman parte de TC-DUA, centros dentro de&nbsp;PROA+, centros que sean&nbsp;comunidades de aprendizaje, centros&nbsp;p\u00fablicos con estructuras espec\u00edficas, centros p\u00fablicos con \u00edndice ACNEAE inferior a -2&nbsp;y centros&nbsp;p\u00fablicos de educaci\u00f3n especial. El&nbsp;consorcio&nbsp;Erasmus+ CREENA ofrece a los centros escolares [&hellip;]<\/p>\n","protected":false},"author":1,"featured_media":0,"parent":0,"menu_order":0,"comment_status":"closed","ping_status":"closed","template":"","meta":{"_genesis_hide_title":true,"_genesis_hide_breadcrumbs":false,"_genesis_hide_singular_image":false,"_genesis_hide_footer_widgets":false,"_genesis_custom_body_class":"","_genesis_custom_post_class":"","_genesis_layout":""},"_links":{"self":[{"href":"https:\/\/creena.educacion.navarra.es\/web\/erasmusmovilidades\/wp-json\/wp\/v2\/pages\/4822"}],"collection":[{"href":"https:\/\/creena.educacion.navarra.es\/web\/erasmusmovilidades\/wp-json\/wp\/v2\/pages"}],"about":[{"href":"https:\/\/creena.educacion.navarra.es\/web\/erasmusmovilidades\/wp-json\/wp\/v2\/types\/page"}],"author":[{"embeddable":true,"href":"https:\/\/creena.educacion.navarra.es\/web\/erasmusmovilidades\/wp-json\/wp\/v2\/users\/1"}],"replies":[{"embeddable":true,"href":"https:\/\/creena.educacion.navarra.es\/web\/erasmusmovilidades\/wp-json\/wp\/v2\/comments?post=4822"}],"version-history":[{"count":12,"href":"https:\/\/creena.educacion.navarra.es\/web\/erasmusmovilidades\/wp-json\/wp\/v2\/pages\/4822\/revisions"}],"predecessor-version":[{"id":5438,"href":"https:\/\/creena.educacion.navarra.es\/web\/erasmusmovilidades\/wp-json\/wp\/v2\/pages\/4822\/revisions\/5438"}],"wp:attachment":[{"href":"https:\/\/creena.educacion.navarra.es\/web\/erasmusmovilidades\/wp-json\/wp\/v2\/media?parent=4822"}],"curies":[{"name":"wp","href":"https:\/\/api.w.org\/{rel}","templated":true}]}}