{"id":5476,"date":"2025-12-02T12:41:38","date_gmt":"2025-12-02T12:41:38","guid":{"rendered":"https:\/\/creena.educacion.navarra.es\/web\/erasmusmovilidades\/?page_id=5476"},"modified":"2025-12-09T11:16:55","modified_gmt":"2025-12-09T11:16:55","slug":"convocatoria-2026-27","status":"publish","type":"page","link":"https:\/\/creena.educacion.navarra.es\/web\/erasmusmovilidades\/convocatoria-2026-27\/","title":{"rendered":"Convocatoria 26-27"},"content":{"rendered":"\n<p>El CREENA liderar\u00e1 un&nbsp;nuevo&nbsp;consorcio&nbsp;Erasmus+ en el curso 2026-2027, y nos gustar\u00eda invitar a los centros educativos p\u00fablicos que forman parte de&nbsp;TC-DUA, centros dentro de&nbsp;PROA+,&nbsp;centros que sean&nbsp;comunidades de aprendizaje, centros&nbsp;p\u00fablicos con estructuras espec\u00edficas, centros p\u00fablicos con \u00edndice ACNEAE inferior a -2&nbsp;y centros&nbsp;p\u00fablicos de educaci\u00f3n especial.<\/p>\n\n\n\n<p>El&nbsp;consorcio&nbsp;Erasmus+ CREENA ofrece a los centros escolares la oportunidad de participar en un proyecto de movilidad educativa a nivel europeo, permitiendo a su personal docente participar en actividades de desarrollo profesional en el extranjero, tales como cursos estructurados&nbsp;y periodos de observaci\u00f3n profesional. Todos aquellos centros p\u00fablicos que est\u00e9n interesados en participar tendr\u00e1n que generar un&nbsp;<a rel=\"noreferrer noopener\" href=\"https:\/\/etwinning.educacion.navarra.es\/2020\/02\/24\/instrucciones-para-obtener-un-oid-organisation-id-documento-de-identidad-del-centro-escolar-para-participar-en-proyectos-ka1-y-ka2-de-erasmus\/\" target=\"_blank\">c\u00f3digo OID<\/a>.<\/p>\n\n\n\n<p>Los centros que forman parte de nuestro consorcio se comprometen a ser\u00a0centros receptores de otros docentes extranjeros.<br>El consorcio est\u00e1 abierto a tener 60 miembros, en caso de tener m\u00e1s solicitudes que plazas, priorizaremos a los nuevos centros y a los centros sin proyecto Erasmus+.<br>Si su centro est\u00e1 interesado en unirse a esta iniciativa, por favor, h\u00e1ganoslo saber a m\u00e1s tardar el\u00a023 de enero\u00a0escribiendo a:\u00a0\u00a0<a rel=\"noreferrer noopener\" href=\"mailto:creena-erasmus@educacion.navarra.es\" target=\"_blank\">creena-erasmus@educacion.navarra.es<\/a><\/p>\n","protected":false},"excerpt":{"rendered":"<p>El CREENA liderar\u00e1 un&nbsp;nuevo&nbsp;consorcio&nbsp;Erasmus+ en el curso 2026-2027, y nos gustar\u00eda invitar a los centros educativos p\u00fablicos que forman parte de&nbsp;TC-DUA, centros dentro de&nbsp;PROA+,&nbsp;centros que sean&nbsp;comunidades de aprendizaje, centros&nbsp;p\u00fablicos con estructuras espec\u00edficas, centros p\u00fablicos con \u00edndice ACNEAE inferior a -2&nbsp;y centros&nbsp;p\u00fablicos de educaci\u00f3n especial. El&nbsp;consorcio&nbsp;Erasmus+ CREENA ofrece a los centros escolares la oportunidad de participar [&hellip;]<\/p>\n","protected":false},"author":1,"featured_media":0,"parent":0,"menu_order":0,"comment_status":"closed","ping_status":"closed","template":"","meta":{"_genesis_hide_title":false,"_genesis_hide_breadcrumbs":false,"_genesis_hide_singular_image":false,"_genesis_hide_footer_widgets":false,"_genesis_custom_body_class":"","_genesis_custom_post_class":"","_genesis_layout":""},"_links":{"self":[{"href":"https:\/\/creena.educacion.navarra.es\/web\/erasmusmovilidades\/wp-json\/wp\/v2\/pages\/5476"}],"collection":[{"href":"https:\/\/creena.educacion.navarra.es\/web\/erasmusmovilidades\/wp-json\/wp\/v2\/pages"}],"about":[{"href":"https:\/\/creena.educacion.navarra.es\/web\/erasmusmovilidades\/wp-json\/wp\/v2\/types\/page"}],"author":[{"embeddable":true,"href":"https:\/\/creena.educacion.navarra.es\/web\/erasmusmovilidades\/wp-json\/wp\/v2\/users\/1"}],"replies":[{"embeddable":true,"href":"https:\/\/creena.educacion.navarra.es\/web\/erasmusmovilidades\/wp-json\/wp\/v2\/comments?post=5476"}],"version-history":[{"count":4,"href":"https:\/\/creena.educacion.navarra.es\/web\/erasmusmovilidades\/wp-json\/wp\/v2\/pages\/5476\/revisions"}],"predecessor-version":[{"id":5492,"href":"https:\/\/creena.educacion.navarra.es\/web\/erasmusmovilidades\/wp-json\/wp\/v2\/pages\/5476\/revisions\/5492"}],"wp:attachment":[{"href":"https:\/\/creena.educacion.navarra.es\/web\/erasmusmovilidades\/wp-json\/wp\/v2\/media?parent=5476"}],"curies":[{"name":"wp","href":"https:\/\/api.w.org\/{rel}","templated":true}]}}