{"id":11,"date":"2020-10-15T07:50:41","date_gmt":"2020-10-15T07:50:41","guid":{"rendered":"https:\/\/creena.educacion.navarra.es\/web\/estimulacion-lenguaje\/?page_id=11"},"modified":"2021-11-15T09:18:01","modified_gmt":"2021-11-15T09:18:01","slug":"discurso-narrativo","status":"publish","type":"page","link":"https:\/\/creena.educacion.navarra.es\/web\/estimulacion-lenguaje\/discurso-narrativo\/","title":{"rendered":"Discurso narrativo"},"content":{"rendered":"<p><a href=\"https:\/\/creena.educacion.navarra.es\/web\/estimulacion-lenguaje\/wp-content\/uploads\/sites\/8\/2021\/11\/Discurso-narrativo.jpg\"><img loading=\"lazy\" class=\" wp-image-849 alignleft\" src=\"https:\/\/creena.educacion.navarra.es\/web\/estimulacion-lenguaje\/wp-content\/uploads\/sites\/8\/2021\/11\/Discurso-narrativo.jpg\" alt=\"\" width=\"189\" height=\"267\" srcset=\"https:\/\/creena.educacion.navarra.es\/web\/estimulacion-lenguaje\/wp-content\/uploads\/sites\/8\/2021\/11\/Discurso-narrativo.jpg 1414w, https:\/\/creena.educacion.navarra.es\/web\/estimulacion-lenguaje\/wp-content\/uploads\/sites\/8\/2021\/11\/Discurso-narrativo-212x300.jpg 212w, https:\/\/creena.educacion.navarra.es\/web\/estimulacion-lenguaje\/wp-content\/uploads\/sites\/8\/2021\/11\/Discurso-narrativo-724x1024.jpg 724w, https:\/\/creena.educacion.navarra.es\/web\/estimulacion-lenguaje\/wp-content\/uploads\/sites\/8\/2021\/11\/Discurso-narrativo-768x1086.jpg 768w, https:\/\/creena.educacion.navarra.es\/web\/estimulacion-lenguaje\/wp-content\/uploads\/sites\/8\/2021\/11\/Discurso-narrativo-1086x1536.jpg 1086w\" sizes=\"(max-width: 189px) 100vw, 189px\" \/><\/a><\/p>\n<ul>\n<li><a href=\"https:\/\/creena.educacion.navarra.es\/web\/estimulacion-lenguaje\/discurso-narrativo\/discurso-narrativo-justificacion\/\"><strong><span style=\"color: #993300;\">Justificaci\u00f3n<\/span><\/strong><\/a><\/li>\n<li><a href=\"https:\/\/creena.educacion.navarra.es\/web\/estimulacion-lenguaje\/discurso-narrativo\/discurso-narrativo-contenidos-a-trabajar\/\"><strong><span style=\"color: #993300;\">Contenidos a trabajar<\/span><\/strong><\/a><\/li>\n<li><a href=\"https:\/\/creena.educacion.navarra.es\/web\/estimulacion-lenguaje\/discurso-narrativo\/discurso-narrativo-aspectos-metodologicos\/\"><strong><span style=\"color: #993300;\">Aspectos metodol\u00f3gicos<\/span><\/strong><\/a><\/li>\n<li><strong><span style=\"color: #993300;\">Registros de evaluaci\u00f3n<\/span><\/strong><\/li>\n<li><a href=\"https:\/\/creena.educacion.navarra.es\/web\/estimulacion-lenguaje\/discurso-narrativo\/discurso-narrativo-recursos\/\"><strong><span style=\"color: #993300;\">Recursos<\/span><\/strong><\/a><\/li>\n<\/ul>\n\n\n<p><\/p>\n\n\n\n<p><\/p>\n","protected":false},"excerpt":{"rendered":"<p>Justificaci\u00f3n Contenidos a trabajar Aspectos metodol\u00f3gicos Registros de evaluaci\u00f3n Recursos<\/p>\n","protected":false},"author":1,"featured_media":0,"parent":0,"menu_order":0,"comment_status":"closed","ping_status":"closed","template":"","meta":[],"_links":{"self":[{"href":"https:\/\/creena.educacion.navarra.es\/web\/estimulacion-lenguaje\/wp-json\/wp\/v2\/pages\/11"}],"collection":[{"href":"https:\/\/creena.educacion.navarra.es\/web\/estimulacion-lenguaje\/wp-json\/wp\/v2\/pages"}],"about":[{"href":"https:\/\/creena.educacion.navarra.es\/web\/estimulacion-lenguaje\/wp-json\/wp\/v2\/types\/page"}],"author":[{"embeddable":true,"href":"https:\/\/creena.educacion.navarra.es\/web\/estimulacion-lenguaje\/wp-json\/wp\/v2\/users\/1"}],"replies":[{"embeddable":true,"href":"https:\/\/creena.educacion.navarra.es\/web\/estimulacion-lenguaje\/wp-json\/wp\/v2\/comments?post=11"}],"version-history":[{"count":42,"href":"https:\/\/creena.educacion.navarra.es\/web\/estimulacion-lenguaje\/wp-json\/wp\/v2\/pages\/11\/revisions"}],"predecessor-version":[{"id":851,"href":"https:\/\/creena.educacion.navarra.es\/web\/estimulacion-lenguaje\/wp-json\/wp\/v2\/pages\/11\/revisions\/851"}],"wp:attachment":[{"href":"https:\/\/creena.educacion.navarra.es\/web\/estimulacion-lenguaje\/wp-json\/wp\/v2\/media?parent=11"}],"curies":[{"name":"wp","href":"https:\/\/api.w.org\/{rel}","templated":true}]}}