{"id":17,"date":"2020-10-15T08:02:27","date_gmt":"2020-10-15T08:02:27","guid":{"rendered":"https:\/\/creena.educacion.navarra.es\/web\/estimulacion-lenguaje\/?page_id=17"},"modified":"2021-11-15T09:12:25","modified_gmt":"2021-11-15T09:12:25","slug":"vocabulario","status":"publish","type":"page","link":"https:\/\/creena.educacion.navarra.es\/web\/estimulacion-lenguaje\/vocabulario\/","title":{"rendered":"Vocabulario"},"content":{"rendered":"\n<p><\/p>\n\n\n<p><a href=\"https:\/\/creena.educacion.navarra.es\/web\/estimulacion-lenguaje\/wp-content\/uploads\/sites\/8\/2021\/11\/Vocabulario.jpg\"><img loading=\"lazy\" class=\"wp-image-846 alignleft\" src=\"https:\/\/creena.educacion.navarra.es\/web\/estimulacion-lenguaje\/wp-content\/uploads\/sites\/8\/2021\/11\/Vocabulario.jpg\" alt=\"\" width=\"191\" height=\"270\" srcset=\"https:\/\/creena.educacion.navarra.es\/web\/estimulacion-lenguaje\/wp-content\/uploads\/sites\/8\/2021\/11\/Vocabulario.jpg 1414w, https:\/\/creena.educacion.navarra.es\/web\/estimulacion-lenguaje\/wp-content\/uploads\/sites\/8\/2021\/11\/Vocabulario-212x300.jpg 212w, https:\/\/creena.educacion.navarra.es\/web\/estimulacion-lenguaje\/wp-content\/uploads\/sites\/8\/2021\/11\/Vocabulario-724x1024.jpg 724w, https:\/\/creena.educacion.navarra.es\/web\/estimulacion-lenguaje\/wp-content\/uploads\/sites\/8\/2021\/11\/Vocabulario-768x1086.jpg 768w, https:\/\/creena.educacion.navarra.es\/web\/estimulacion-lenguaje\/wp-content\/uploads\/sites\/8\/2021\/11\/Vocabulario-1086x1536.jpg 1086w\" sizes=\"(max-width: 191px) 100vw, 191px\" \/><\/a><\/p>\n<ul>\n<li><a href=\"https:\/\/creena.educacion.navarra.es\/web\/estimulacion-lenguaje\/vocabulario\/vocabulario-justificacion\/\"><strong><span style=\"color: #993300;\"><span style=\"color: #993300;\">Justificaci\u00f3n<\/span><\/span><\/strong><\/a><\/li>\n<li><a href=\"https:\/\/creena.educacion.navarra.es\/web\/estimulacion-lenguaje\/vocabulario\/vocabulario-contenido-a-trabajar\/\"><strong><span style=\"color: #993300;\">Contenidos a trabajar<\/span><\/strong><\/a><\/li>\n<li><a href=\"https:\/\/creena.educacion.navarra.es\/web\/estimulacion-lenguaje\/vocabulario\/vocabulario-aspectos-metodologicos\/\"><strong><span style=\"color: #993300;\">Aspectos metodol\u00f3gicos<\/span><\/strong><\/a><\/li>\n<li><a href=\"https:\/\/creena.educacion.navarra.es\/web\/estimulacion-lenguaje\/vocabulario\/vocabulario-registros-de-evaluacion\/\"><strong><span style=\"color: #993300;\">Registros de evaluaci\u00f3n<\/span><\/strong><\/a><\/li>\n<li><a href=\"https:\/\/creena.educacion.navarra.es\/web\/estimulacion-lenguaje\/vocabulario\/vocabulario-recursos\/\"><strong><span style=\"color: #993300;\">Recursos<\/span><\/strong><\/a><\/li>\n<\/ul>\n\n\n<p> <\/p>\n","protected":false},"excerpt":{"rendered":"<p>Justificaci\u00f3n Contenidos a trabajar Aspectos metodol\u00f3gicos Registros de evaluaci\u00f3n Recursos<\/p>\n","protected":false},"author":1,"featured_media":0,"parent":0,"menu_order":0,"comment_status":"closed","ping_status":"closed","template":"","meta":[],"_links":{"self":[{"href":"https:\/\/creena.educacion.navarra.es\/web\/estimulacion-lenguaje\/wp-json\/wp\/v2\/pages\/17"}],"collection":[{"href":"https:\/\/creena.educacion.navarra.es\/web\/estimulacion-lenguaje\/wp-json\/wp\/v2\/pages"}],"about":[{"href":"https:\/\/creena.educacion.navarra.es\/web\/estimulacion-lenguaje\/wp-json\/wp\/v2\/types\/page"}],"author":[{"embeddable":true,"href":"https:\/\/creena.educacion.navarra.es\/web\/estimulacion-lenguaje\/wp-json\/wp\/v2\/users\/1"}],"replies":[{"embeddable":true,"href":"https:\/\/creena.educacion.navarra.es\/web\/estimulacion-lenguaje\/wp-json\/wp\/v2\/comments?post=17"}],"version-history":[{"count":13,"href":"https:\/\/creena.educacion.navarra.es\/web\/estimulacion-lenguaje\/wp-json\/wp\/v2\/pages\/17\/revisions"}],"predecessor-version":[{"id":848,"href":"https:\/\/creena.educacion.navarra.es\/web\/estimulacion-lenguaje\/wp-json\/wp\/v2\/pages\/17\/revisions\/848"}],"wp:attachment":[{"href":"https:\/\/creena.educacion.navarra.es\/web\/estimulacion-lenguaje\/wp-json\/wp\/v2\/media?parent=17"}],"curies":[{"name":"wp","href":"https:\/\/api.w.org\/{rel}","templated":true}]}}