{"id":303,"date":"2021-09-07T08:27:54","date_gmt":"2021-09-07T08:27:54","guid":{"rendered":"https:\/\/creena.educacion.navarra.es\/web\/estimulacion-lenguaje\/?page_id=303"},"modified":"2021-10-27T14:20:20","modified_gmt":"2021-10-27T14:20:20","slug":"conciencia-sintactica","status":"publish","type":"page","link":"https:\/\/creena.educacion.navarra.es\/web\/estimulacion-lenguaje\/conciencia-sintactica\/","title":{"rendered":"Sintaxis. Conciencia sint\u00e1ctica"},"content":{"rendered":"<div id=\"attachment_617\" style=\"width: 200px\" class=\"wp-caption alignleft\"><a href=\"https:\/\/creena.educacion.navarra.es\/web\/estimulacion-lenguaje\/wp-content\/uploads\/sites\/8\/2021\/10\/Conciencia-sintactica_Infograf..jpg\"><img aria-describedby=\"caption-attachment-617\" loading=\"lazy\" class=\"wp-image-617\" src=\"https:\/\/creena.educacion.navarra.es\/web\/estimulacion-lenguaje\/wp-content\/uploads\/sites\/8\/2021\/10\/Conciencia-sintactica_Infograf..jpg\" alt=\"\" width=\"190\" height=\"269\" srcset=\"https:\/\/creena.educacion.navarra.es\/web\/estimulacion-lenguaje\/wp-content\/uploads\/sites\/8\/2021\/10\/Conciencia-sintactica_Infograf..jpg 1414w, https:\/\/creena.educacion.navarra.es\/web\/estimulacion-lenguaje\/wp-content\/uploads\/sites\/8\/2021\/10\/Conciencia-sintactica_Infograf.-212x300.jpg 212w, https:\/\/creena.educacion.navarra.es\/web\/estimulacion-lenguaje\/wp-content\/uploads\/sites\/8\/2021\/10\/Conciencia-sintactica_Infograf.-724x1024.jpg 724w, https:\/\/creena.educacion.navarra.es\/web\/estimulacion-lenguaje\/wp-content\/uploads\/sites\/8\/2021\/10\/Conciencia-sintactica_Infograf.-768x1086.jpg 768w, https:\/\/creena.educacion.navarra.es\/web\/estimulacion-lenguaje\/wp-content\/uploads\/sites\/8\/2021\/10\/Conciencia-sintactica_Infograf.-1086x1536.jpg 1086w\" sizes=\"(max-width: 190px) 100vw, 190px\" \/><\/a><p id=\"caption-attachment-617\" class=\"wp-caption-text\"><span style=\"color: #ff0000;\">INFOGRAF\u00cdA<\/span><\/p><\/div>\n<ul>\n<li><a href=\"https:\/\/creena.educacion.navarra.es\/web\/estimulacion-lenguaje\/conciencia-sintactica\/sintaxis-conciencia-sintactica-justificacion\/\"><strong><span style=\"color: #993300;\">Justificaci\u00f3n<\/span><\/strong><\/a><\/li>\n<li><a href=\"https:\/\/creena.educacion.navarra.es\/web\/estimulacion-lenguaje\/conciencia-sintactica\/sintaxis-conciencia-sintactica-contenidos-a-trabajar\/\"><strong><span style=\"color: #993300;\">Contenidos a trabajar<\/span><\/strong><\/a><\/li>\n<li><a href=\"https:\/\/creena.educacion.navarra.es\/web\/estimulacion-lenguaje\/conciencia-sintactica\/sintaxis-conciencia-sintactica-aspectos-metodologicos\/\"><strong><span style=\"color: #993300;\">Aspectos metodol\u00f3gicos<\/span><\/strong><\/a><\/li>\n<li><a href=\"https:\/\/creena.educacion.navarra.es\/web\/estimulacion-lenguaje\/conciencia-sintactica\/sintaxis-conciencia-sintactica-registros-de-evaluacion\/\"><strong><span style=\"color: #993300;\">Registros de evaluaci\u00f3n<\/span><\/strong><\/a><\/li>\n<li><a href=\"https:\/\/creena.educacion.navarra.es\/web\/estimulacion-lenguaje\/conciencia-sintactica\/sintaxis-conciencia-sintactica-recursos\/\"><strong><span style=\"color: #993300;\">Recursos<\/span><\/strong><\/a><\/li>\n<\/ul>\n<p><span style=\"font-weight: 400;\">\u00a0 \u00a0<\/span><\/p>\n","protected":false},"excerpt":{"rendered":"<p>Justificaci\u00f3n Contenidos a trabajar Aspectos metodol\u00f3gicos Registros de evaluaci\u00f3n Recursos \u00a0 \u00a0<\/p>\n","protected":false},"author":1,"featured_media":0,"parent":0,"menu_order":0,"comment_status":"closed","ping_status":"closed","template":"","meta":[],"_links":{"self":[{"href":"https:\/\/creena.educacion.navarra.es\/web\/estimulacion-lenguaje\/wp-json\/wp\/v2\/pages\/303"}],"collection":[{"href":"https:\/\/creena.educacion.navarra.es\/web\/estimulacion-lenguaje\/wp-json\/wp\/v2\/pages"}],"about":[{"href":"https:\/\/creena.educacion.navarra.es\/web\/estimulacion-lenguaje\/wp-json\/wp\/v2\/types\/page"}],"author":[{"embeddable":true,"href":"https:\/\/creena.educacion.navarra.es\/web\/estimulacion-lenguaje\/wp-json\/wp\/v2\/users\/1"}],"replies":[{"embeddable":true,"href":"https:\/\/creena.educacion.navarra.es\/web\/estimulacion-lenguaje\/wp-json\/wp\/v2\/comments?post=303"}],"version-history":[{"count":10,"href":"https:\/\/creena.educacion.navarra.es\/web\/estimulacion-lenguaje\/wp-json\/wp\/v2\/pages\/303\/revisions"}],"predecessor-version":[{"id":809,"href":"https:\/\/creena.educacion.navarra.es\/web\/estimulacion-lenguaje\/wp-json\/wp\/v2\/pages\/303\/revisions\/809"}],"wp:attachment":[{"href":"https:\/\/creena.educacion.navarra.es\/web\/estimulacion-lenguaje\/wp-json\/wp\/v2\/media?parent=303"}],"curies":[{"name":"wp","href":"https:\/\/api.w.org\/{rel}","templated":true}]}}