{"id":33,"date":"2020-10-15T09:11:17","date_gmt":"2020-10-15T09:11:17","guid":{"rendered":"https:\/\/creena.educacion.navarra.es\/web\/estimulacion-lenguaje\/?page_id=33"},"modified":"2024-09-23T11:16:29","modified_gmt":"2024-09-23T11:16:29","slug":"marco","status":"publish","type":"page","link":"https:\/\/creena.educacion.navarra.es\/web\/estimulacion-lenguaje\/","title":{"rendered":""},"content":{"rendered":"\n<p>Esta Web quiere ofrecer algunas bases que ayuden a desarrollar la estimulaci\u00f3n del lenguaje oral y escrito en las aulas. Tiene como objetivo ser una referencia para la comunidad educativa y que permita el entendimiento de todos los agentes implicados y poder trabajar colaborativamente en su implantaci\u00f3n.\u00a0<\/p>\n\n\n\n<p>Para facilitar \u00e9sto, en ella se presenta el marco com\u00fan explicativo, que describe el Modelo en su conjunto y, uno por uno, los componentes y habilidades del lenguaje a considerar, indicando la justificaci\u00f3n de su trabajo, las actividades tipo a realizar para su desarrollo, aspectos metodol\u00f3gicos, herramientas de evaluaci\u00f3n y recursos materiales, bibliogr\u00e1ficos, etc. Pretende ser una gu\u00eda com\u00fan que d\u00e9 sentido a nuestro trabajo y nos ayude en nuestra tarea diaria y, a su vez, una herramienta a enriquecer conjuntamente, abierta a las aportaciones a realizar por todas las personas implicadas en su puesta en marcha.\u00a0<\/p>\n","protected":false},"excerpt":{"rendered":"<p>Esta Web quiere ofrecer algunas bases que ayuden a desarrollar la estimulaci\u00f3n del lenguaje oral y escrito en las aulas. Tiene como objetivo ser una referencia para la comunidad educativa y que permita el entendimiento de todos los agentes implicados &hellip; <a href=\"https:\/\/creena.educacion.navarra.es\/web\/estimulacion-lenguaje\/\">Sigue leyendo <span class=\"meta-nav\">&rarr;<\/span><\/a><\/p>\n","protected":false},"author":1,"featured_media":0,"parent":0,"menu_order":0,"comment_status":"closed","ping_status":"closed","template":"","meta":[],"_links":{"self":[{"href":"https:\/\/creena.educacion.navarra.es\/web\/estimulacion-lenguaje\/wp-json\/wp\/v2\/pages\/33"}],"collection":[{"href":"https:\/\/creena.educacion.navarra.es\/web\/estimulacion-lenguaje\/wp-json\/wp\/v2\/pages"}],"about":[{"href":"https:\/\/creena.educacion.navarra.es\/web\/estimulacion-lenguaje\/wp-json\/wp\/v2\/types\/page"}],"author":[{"embeddable":true,"href":"https:\/\/creena.educacion.navarra.es\/web\/estimulacion-lenguaje\/wp-json\/wp\/v2\/users\/1"}],"replies":[{"embeddable":true,"href":"https:\/\/creena.educacion.navarra.es\/web\/estimulacion-lenguaje\/wp-json\/wp\/v2\/comments?post=33"}],"version-history":[{"count":3,"href":"https:\/\/creena.educacion.navarra.es\/web\/estimulacion-lenguaje\/wp-json\/wp\/v2\/pages\/33\/revisions"}],"predecessor-version":[{"id":1030,"href":"https:\/\/creena.educacion.navarra.es\/web\/estimulacion-lenguaje\/wp-json\/wp\/v2\/pages\/33\/revisions\/1030"}],"wp:attachment":[{"href":"https:\/\/creena.educacion.navarra.es\/web\/estimulacion-lenguaje\/wp-json\/wp\/v2\/media?parent=33"}],"curies":[{"name":"wp","href":"https:\/\/api.w.org\/{rel}","templated":true}]}}