{"id":628,"date":"2021-10-25T08:19:19","date_gmt":"2021-10-25T08:19:19","guid":{"rendered":"https:\/\/creena.educacion.navarra.es\/web\/estimulacion-lenguaje\/?page_id=628"},"modified":"2021-10-28T08:36:58","modified_gmt":"2021-10-28T08:36:58","slug":"vocabulario-recursos","status":"publish","type":"page","link":"https:\/\/creena.educacion.navarra.es\/web\/estimulacion-lenguaje\/vocabulario\/vocabulario-recursos\/","title":{"rendered":"Vocabulario. Recursos"},"content":{"rendered":"<p><span style=\"color: #993300;\"><b>CASTELLANO<\/b><\/span><\/p>\n<ul>\n<li><span style=\"font-weight: 400;\">\u00a0L\u00e9xico-sem\u00e1ntica.<\/span><a href=\"https:\/\/www.soyvisual.org\/?search=1&amp;query=&amp;photos=2&amp;sheets=2&amp;header-filters=edit-materials&amp;materials=1&amp;material_content=70&amp;material_activity=All&amp;material_lang=All&amp;app=2&amp;app_content=All&amp;app_activity=All&amp;app_level=All\"><span style=\"font-weight: 400;\">Soy visual<\/span><\/a><span style=\"font-weight: 400;\">_<\/span><\/li>\n<li><a href=\"https:\/\/drive.google.com\/file\/d\/16ocfBtnEa5DDJWiHclsePsmVi7-DZiB_\/view?usp=sharing\" target=\"_blank\" rel=\"noopener\"><span style=\"font-weight: 400;\">Recopilaci\u00f3n de Diccionarios de vocabulario b\u00e1sico de \u00b7#Soy visual<\/span><\/a><\/li>\n<li><a href=\"https:\/\/drive.google.com\/file\/d\/1XcDkYGKgJFhlC6UbItzO23l9Nti-igvV\/view?usp=sharing\" target=\"_blank\" rel=\"noopener\"><span style=\"font-weight: 400;\">Recopilaci\u00f3n de juegos con vocabulario b\u00e1sico de #Soy visual.<\/span><\/a><\/li>\n<li><span style=\"font-weight: 400;\">Siembra estrellas. Belinda Haro. <\/span><a href=\"https:\/\/padlet.com\/pelocomunicarnos\/47c866c0p42zr3o4\"><span style=\"font-weight: 400;\">Material para trabajar el \u00e1mbito l\u00e9xico-sem\u00e1ntico<\/span><\/a><span style=\"font-weight: 400;\">.Geniallys.<\/span><\/li>\n<li><a href=\"https:\/\/drive.google.com\/file\/d\/1vv5q8XoNmGdiLsE7asU2uBMfOgpoZZ-D\/view?usp=sharing\" target=\"_blank\" rel=\"noopener\"><span style=\"font-weight: 400;\">Asociaciones sem\u00e1nticas<\/span><\/a><\/li>\n<li><a href=\"https:\/\/drive.google.com\/file\/d\/1h5WeXiXMk0L2lXlWHltyt4d53I-sAILI\/view?usp=sharing\" target=\"_blank\" rel=\"noopener\"><span style=\"font-weight: 400;\">Sin\u00f3nimos y ant\u00f3nimos<\/span><\/a><\/li>\n<li><span style=\"font-weight: 400;\"><a href=\"https:\/\/drive.google.com\/file\/d\/1SOv5Jk_URAGuG--9wp_lFMd1Tv8nHTuq\/view?usp=sharing\" target=\"_blank\" rel=\"noopener\">Grupo de Trabajo de Vocabulario<\/a> (M\u00aa Fe Garc\u00eda L\u00f3pez, Carmen L\u00f3pez Arias, Amaya Legaz Iribarren).<\/span><\/li>\n<\/ul>\n<p><span style=\"color: #993300;\"><b>EUSKERA<\/b><\/span><\/p>\n<ul>\n<li><a href=\"https:\/\/drive.google.com\/file\/d\/18vFOVWb4DATrsyNdUAJpahOYuocNSm-N\/view?usp=sharing\" target=\"_blank\" rel=\"noopener\"><span style=\"font-weight: 400;\">Oinarrizko hiztegia<\/span><\/a><\/li>\n<li><a href=\"https:\/\/drive.google.com\/file\/d\/1YoWBL8z2s12u4XSa4beTmQaZigtVnASg\/view?usp=sharing\" target=\"_blank\" rel=\"noopener\"><span style=\"font-weight: 400;\">Jolasak gaika<\/span><\/a><\/li>\n<li><a href=\"https:\/\/drive.google.com\/file\/d\/1kf7RAJE40YTfQFb9Ye5vBW6HoAfIW6x1\/view?usp=sharing\" target=\"_blank\" rel=\"noopener\"><span style=\"font-weight: 400;\">Lan taldea_Hiztegia<\/span><\/a><span style=\"font-weight: 400;\"> (Amaia Zaldua Peci\u00f1a, Joseba Salegui Odriozola,\u00a0 Maite Aguirre Esarte, Olatz Pezonaga Ancin)<\/span><\/li>\n<\/ul>\n","protected":false},"excerpt":{"rendered":"<p>CASTELLANO \u00a0L\u00e9xico-sem\u00e1ntica.Soy visual_ Recopilaci\u00f3n de Diccionarios de vocabulario b\u00e1sico de \u00b7#Soy visual Recopilaci\u00f3n de juegos con vocabulario b\u00e1sico de #Soy visual. Siembra estrellas. Belinda Haro. Material para trabajar el \u00e1mbito l\u00e9xico-sem\u00e1ntico.Geniallys. Asociaciones sem\u00e1nticas Sin\u00f3nimos y ant\u00f3nimos Grupo de Trabajo de &hellip; <a href=\"https:\/\/creena.educacion.navarra.es\/web\/estimulacion-lenguaje\/vocabulario\/vocabulario-recursos\/\">Sigue leyendo <span class=\"meta-nav\">&rarr;<\/span><\/a><\/p>\n","protected":false},"author":1,"featured_media":0,"parent":17,"menu_order":0,"comment_status":"closed","ping_status":"closed","template":"","meta":[],"_links":{"self":[{"href":"https:\/\/creena.educacion.navarra.es\/web\/estimulacion-lenguaje\/wp-json\/wp\/v2\/pages\/628"}],"collection":[{"href":"https:\/\/creena.educacion.navarra.es\/web\/estimulacion-lenguaje\/wp-json\/wp\/v2\/pages"}],"about":[{"href":"https:\/\/creena.educacion.navarra.es\/web\/estimulacion-lenguaje\/wp-json\/wp\/v2\/types\/page"}],"author":[{"embeddable":true,"href":"https:\/\/creena.educacion.navarra.es\/web\/estimulacion-lenguaje\/wp-json\/wp\/v2\/users\/1"}],"replies":[{"embeddable":true,"href":"https:\/\/creena.educacion.navarra.es\/web\/estimulacion-lenguaje\/wp-json\/wp\/v2\/comments?post=628"}],"version-history":[{"count":3,"href":"https:\/\/creena.educacion.navarra.es\/web\/estimulacion-lenguaje\/wp-json\/wp\/v2\/pages\/628\/revisions"}],"predecessor-version":[{"id":830,"href":"https:\/\/creena.educacion.navarra.es\/web\/estimulacion-lenguaje\/wp-json\/wp\/v2\/pages\/628\/revisions\/830"}],"up":[{"embeddable":true,"href":"https:\/\/creena.educacion.navarra.es\/web\/estimulacion-lenguaje\/wp-json\/wp\/v2\/pages\/17"}],"wp:attachment":[{"href":"https:\/\/creena.educacion.navarra.es\/web\/estimulacion-lenguaje\/wp-json\/wp\/v2\/media?parent=628"}],"curies":[{"name":"wp","href":"https:\/\/api.w.org\/{rel}","templated":true}]}}