{"id":663,"date":"2021-10-25T09:35:12","date_gmt":"2021-10-25T09:35:12","guid":{"rendered":"https:\/\/creena.educacion.navarra.es\/web\/estimulacion-lenguaje\/?page_id=663"},"modified":"2021-10-25T09:35:13","modified_gmt":"2021-10-25T09:35:13","slug":"inferencias-y-lenguaje-figurado-justificacion","status":"publish","type":"page","link":"https:\/\/creena.educacion.navarra.es\/web\/estimulacion-lenguaje\/inferentziak-eta-hizkuntza-figuratua\/inferencias-y-lenguaje-figurado-justificacion\/","title":{"rendered":"Inferencias y lenguaje figurado. Justificaci\u00f3n"},"content":{"rendered":"<p><span style=\"font-weight: 400;\">Una inferencia es una predicci\u00f3n o deducci\u00f3n a partir de una informaci\u00f3n recibida tanto en forma de imagen oral o\u00a0 escrita. Se refiere a informaci\u00f3n que no aparece pero que a\u00f1adimos para que sea coherente o para enriquecer la representaci\u00f3n mental que se forma de la informaci\u00f3n recibida. Es una actividad constante de nuestra mente que busca atribuir significados a la realidad e intenciones a las personas. Ayuda a mejorar la comprensi\u00f3n tanto del lenguaje oral como del escrito. Por todo esto, trabajar las inferencias constituye una tarea importante que podemos\u00a0 comenzar a realizar desde los 3-4 a\u00f1os, seg\u00fan diversos autores.<\/span><\/p>\n","protected":false},"excerpt":{"rendered":"<p>Una inferencia es una predicci\u00f3n o deducci\u00f3n a partir de una informaci\u00f3n recibida tanto en forma de imagen oral o\u00a0 escrita. Se refiere a informaci\u00f3n que no aparece pero que a\u00f1adimos para que sea coherente o para enriquecer la representaci\u00f3n &hellip; <a href=\"https:\/\/creena.educacion.navarra.es\/web\/estimulacion-lenguaje\/inferentziak-eta-hizkuntza-figuratua\/inferencias-y-lenguaje-figurado-justificacion\/\">Sigue leyendo <span class=\"meta-nav\">&rarr;<\/span><\/a><\/p>\n","protected":false},"author":1,"featured_media":0,"parent":15,"menu_order":0,"comment_status":"closed","ping_status":"closed","template":"","meta":[],"_links":{"self":[{"href":"https:\/\/creena.educacion.navarra.es\/web\/estimulacion-lenguaje\/wp-json\/wp\/v2\/pages\/663"}],"collection":[{"href":"https:\/\/creena.educacion.navarra.es\/web\/estimulacion-lenguaje\/wp-json\/wp\/v2\/pages"}],"about":[{"href":"https:\/\/creena.educacion.navarra.es\/web\/estimulacion-lenguaje\/wp-json\/wp\/v2\/types\/page"}],"author":[{"embeddable":true,"href":"https:\/\/creena.educacion.navarra.es\/web\/estimulacion-lenguaje\/wp-json\/wp\/v2\/users\/1"}],"replies":[{"embeddable":true,"href":"https:\/\/creena.educacion.navarra.es\/web\/estimulacion-lenguaje\/wp-json\/wp\/v2\/comments?post=663"}],"version-history":[{"count":1,"href":"https:\/\/creena.educacion.navarra.es\/web\/estimulacion-lenguaje\/wp-json\/wp\/v2\/pages\/663\/revisions"}],"predecessor-version":[{"id":670,"href":"https:\/\/creena.educacion.navarra.es\/web\/estimulacion-lenguaje\/wp-json\/wp\/v2\/pages\/663\/revisions\/670"}],"up":[{"embeddable":true,"href":"https:\/\/creena.educacion.navarra.es\/web\/estimulacion-lenguaje\/wp-json\/wp\/v2\/pages\/15"}],"wp:attachment":[{"href":"https:\/\/creena.educacion.navarra.es\/web\/estimulacion-lenguaje\/wp-json\/wp\/v2\/media?parent=663"}],"curies":[{"name":"wp","href":"https:\/\/api.w.org\/{rel}","templated":true}]}}