{"id":840,"date":"2021-11-03T12:35:27","date_gmt":"2021-11-03T12:35:27","guid":{"rendered":"https:\/\/creena.educacion.navarra.es\/web\/estimulacion-lenguaje\/?page_id=840"},"modified":"2024-09-23T11:37:33","modified_gmt":"2024-09-23T11:37:33","slug":"diseno-de-programa","status":"publish","type":"page","link":"https:\/\/creena.educacion.navarra.es\/web\/estimulacion-lenguaje\/diseno-de-programa\/","title":{"rendered":"Dise\u00f1o"},"content":{"rendered":"<ul>\n<li><a href=\"https:\/\/drive.google.com\/file\/d\/1JCaNHQ2Bxk1UaVFAQkP_Wkq9S21v8lEm\/view?usp=sharing\" target=\"_blank\" rel=\"noopener\">Plan de centro<\/a><\/li>\n<li><a href=\"https:\/\/drive.google.com\/file\/d\/17m3R8xcT4ackji0rf9DJKCVwYWpYonZr\/view?usp=drive_link\" target=\"_blank\" rel=\"noopener\">Secuenciaci\u00f3n de los componentes<\/a><\/li>\n<li><a href=\"https:\/\/drive.google.com\/file\/d\/17xiVN9KE7SqN8vVzAh-Ec7yLqsBZogBT\/view?usp=sharing\" target=\"_blank\" rel=\"noopener\">Implementaci\u00f3n de la estimulaci\u00f3n en el aula<\/a><\/li>\n<li><a href=\"https:\/\/creena.educacion.navarra.es\/web\/estimulacion-lenguaje\/wp-content\/uploads\/sites\/8\/2024\/09\/Guia-para-la-puesta-en-marcha-en-el-aula.png\" target=\"_blank\" rel=\"noopener\">Gu\u00eda r\u00e1pida<\/a><\/li>\n<\/ul>\n\n\n<p><\/p>\n","protected":false},"excerpt":{"rendered":"<p>Plan de centro Secuenciaci\u00f3n de los componentes Implementaci\u00f3n de la estimulaci\u00f3n en el aula Gu\u00eda r\u00e1pida<\/p>\n","protected":false},"author":1,"featured_media":0,"parent":0,"menu_order":0,"comment_status":"closed","ping_status":"closed","template":"","meta":[],"_links":{"self":[{"href":"https:\/\/creena.educacion.navarra.es\/web\/estimulacion-lenguaje\/wp-json\/wp\/v2\/pages\/840"}],"collection":[{"href":"https:\/\/creena.educacion.navarra.es\/web\/estimulacion-lenguaje\/wp-json\/wp\/v2\/pages"}],"about":[{"href":"https:\/\/creena.educacion.navarra.es\/web\/estimulacion-lenguaje\/wp-json\/wp\/v2\/types\/page"}],"author":[{"embeddable":true,"href":"https:\/\/creena.educacion.navarra.es\/web\/estimulacion-lenguaje\/wp-json\/wp\/v2\/users\/1"}],"replies":[{"embeddable":true,"href":"https:\/\/creena.educacion.navarra.es\/web\/estimulacion-lenguaje\/wp-json\/wp\/v2\/comments?post=840"}],"version-history":[{"count":9,"href":"https:\/\/creena.educacion.navarra.es\/web\/estimulacion-lenguaje\/wp-json\/wp\/v2\/pages\/840\/revisions"}],"predecessor-version":[{"id":1039,"href":"https:\/\/creena.educacion.navarra.es\/web\/estimulacion-lenguaje\/wp-json\/wp\/v2\/pages\/840\/revisions\/1039"}],"wp:attachment":[{"href":"https:\/\/creena.educacion.navarra.es\/web\/estimulacion-lenguaje\/wp-json\/wp\/v2\/media?parent=840"}],"curies":[{"name":"wp","href":"https:\/\/api.w.org\/{rel}","templated":true}]}}