{"id":10174,"date":"2017-01-31T08:26:29","date_gmt":"2017-01-31T07:26:29","guid":{"rendered":"http:\/\/creena.educacion.navarra.es\/web\/informazio-hlkbp\/criterios-de-intervencion-il\/"},"modified":"2018-09-21T13:40:06","modified_gmt":"2018-09-21T11:40:06","slug":"criterios-de-intervencion-il","status":"publish","type":"page","link":"https:\/\/creena.educacion.navarra.es\/web\/eu\/balorazio-eta-aholkularitza-arloa\/cf-profesional-especial\/informazio-hlkbp\/criterios-de-intervencion-il\/","title":{"rendered":"Esku-hartze irispideak fp"},"content":{"rendered":"<p>Las intervenciones de la Unidad de Informaci\u00f3n e Inserci\u00f3n Laboral (UIL) se desarrollan dentro del contexto de actuaci\u00f3n de los Departamentos de Orientaci\u00f3n de los centros educativos p\u00fablicos y concertados, de modalidad ordinaria o de educaci\u00f3n especial. En todo caso prevalece el car\u00e1cter subsidiario y complementario de la actuaci\u00f3n de los profesionales del CREENA, en relaci\u00f3n a la red de orientaci\u00f3n primaria.<\/p>\n<p>Los orientadores\/as de los centros realizar\u00e1n la demanda pertinente a la UIL del CREENA, teniendo en cuenta que desde la misma se atiende a:<\/p>\n<ul>\n<li>Alumnado que cursa los Ciclos de Formaci\u00f3n Profesional Especial (CFPE), tanto de modalidad centro ordinario, como de modalidad centro de educaci\u00f3n especial.<\/li>\n<li>Alumnado que cursa los Programas de Transici\u00f3n a la Vida Adulta (PTVA) de los centros de educaci\u00f3n especial.<\/li>\n<li>Alumnado susceptible de incorporarse a cualquiera de dichos programas.<\/li>\n<li>Alumnado perteneciente a Grupos Espec\u00edficos de Adultos (GEA) de Educaci\u00f3n B\u00e1sica de Personas Adultas (EBPA).<\/li>\n<\/ul>\n<p>En relaci\u00f3n a las demandas de familias, asociaciones y entidades relacionadas con la inserci\u00f3n laboral, se atender\u00e1 prioritariamente:<\/p>\n<ul>\n<li>A demandantes que han finalizado sus estudios en un CFPE, un programa de TVA o est\u00e9n matriculados en un GEA.<\/li>\n<li>Tambi\u00e9n se asesorar\u00e1 a profesionales del CREENA que atienden a alumnado con otro tipo de discapacidad en relaci\u00f3n a la formaci\u00f3n permanente y pre-laboral y al empleo.<\/li>\n<li>Profesionales que trabajan con alumnado con discapacidad intelectual que est\u00e1n finalizando su etapa educativa.<\/li>\n<li>Entidades o asociaciones relacionadas con la formaci\u00f3n permanente o la inserci\u00f3n laboral de personas con discapacidad.<\/li>\n<\/ul>\n<p>No obstante se informar\u00e1 a personas que presenten cualquier discapacidad, si es el caso.<\/p>\n<p>Para la recepci\u00f3n de demandas ser\u00e1 necesaria la cumplimentaci\u00f3n de la solicitud de intervenci\u00f3n del CREENA, disponible a trav\u00e9s de esta web <a href=\"https:\/\/docs.google.com\/forms\/d\/e\/1FAIpQLScZxCu83evIp538K4cmxuGas_U37xQDBNRgHA6Mdb8NCHJwuw\/viewform\">(<em>Solicitud de Intervenci\u00f3n\/Unidad de Inserci\u00f3n Laboral<\/em>). <\/a><\/p>\n","protected":false},"excerpt":{"rendered":"<p>Las intervenciones de la Unidad de Informaci\u00f3n e Inserci\u00f3n Laboral (UIL) se desarrollan dentro del contexto de actuaci\u00f3n de los Departamentos de Orientaci\u00f3n de los centros educativos p\u00fablicos y concertados, de modalidad ordinaria o de educaci\u00f3n especial. En todo caso prevalece el car\u00e1cter subsidiario y complementario de la actuaci\u00f3n de los profesionales del CREENA, en [&hellip;]<\/p>\n","protected":false},"author":1,"featured_media":0,"parent":5872,"menu_order":0,"comment_status":"closed","ping_status":"closed","template":"","meta":{"_genesis_hide_title":false,"_genesis_hide_breadcrumbs":false,"_genesis_hide_singular_image":false,"_genesis_hide_footer_widgets":false,"_genesis_custom_body_class":"","_genesis_custom_post_class":"","_genesis_layout":""},"_links":{"self":[{"href":"https:\/\/creena.educacion.navarra.es\/web\/eu\/wp-json\/wp\/v2\/pages\/10174"}],"collection":[{"href":"https:\/\/creena.educacion.navarra.es\/web\/eu\/wp-json\/wp\/v2\/pages"}],"about":[{"href":"https:\/\/creena.educacion.navarra.es\/web\/eu\/wp-json\/wp\/v2\/types\/page"}],"author":[{"embeddable":true,"href":"https:\/\/creena.educacion.navarra.es\/web\/eu\/wp-json\/wp\/v2\/users\/1"}],"replies":[{"embeddable":true,"href":"https:\/\/creena.educacion.navarra.es\/web\/eu\/wp-json\/wp\/v2\/comments?post=10174"}],"version-history":[{"count":2,"href":"https:\/\/creena.educacion.navarra.es\/web\/eu\/wp-json\/wp\/v2\/pages\/10174\/revisions"}],"predecessor-version":[{"id":12623,"href":"https:\/\/creena.educacion.navarra.es\/web\/eu\/wp-json\/wp\/v2\/pages\/10174\/revisions\/12623"}],"up":[{"embeddable":true,"href":"https:\/\/creena.educacion.navarra.es\/web\/eu\/wp-json\/wp\/v2\/pages\/5872"}],"wp:attachment":[{"href":"https:\/\/creena.educacion.navarra.es\/web\/eu\/wp-json\/wp\/v2\/media?parent=10174"}],"curies":[{"name":"wp","href":"https:\/\/api.w.org\/{rel}","templated":true}]}}