{"id":10245,"date":"2015-12-14T10:48:15","date_gmt":"2015-12-14T09:48:15","guid":{"rendered":"http:\/\/creena.educacion.navarra.es\/web\/cee-torre-monreal\/"},"modified":"2024-02-08T11:37:53","modified_gmt":"2024-02-08T10:37:53","slug":"cee-torre-monreal","status":"publish","type":"page","link":"https:\/\/creena.educacion.navarra.es\/web\/eu\/balorazio-eta-aholkularitza-arloa\/lanbide-heziketa-bereziko-zikloak\/mapa-de-localizacion\/cee-torre-monreal\/","title":{"rendered":"CEE Torre Monreal de Tudela"},"content":{"rendered":"<h2><strong>Datos de contacto<a href=\"https:\/\/creena.educacion.navarra.es\/web\/wp-content\/uploads\/2015\/12\/torremonreal.jpg\" rel=\"attachment wp-att-1420\"><img loading=\"lazy\" class=\"alignright size-full wp-image-1420\" src=\"https:\/\/creena.educacion.navarra.es\/web\/wp-content\/uploads\/2015\/12\/torremonreal.jpg\" alt=\"torremonreal\" width=\"200\" height=\"150\" \/><\/a><\/strong><\/h2>\n<p><strong>Direcci\u00f3n: <\/strong>Calle Torre Monreal 11, 31500 Tudela<\/p>\n<p><strong>Tel\u00e9fono: <\/strong>948848335<\/p>\n<p><strong>E-mail: <\/strong>cptorrem@educacion.navarra.es<\/p>\n<p><strong>P\u00e1gina web: https:\/\/colegiotorremonreal.web.educacion.navarra.es\/eu\/<\/strong><\/p>\n<p><strong>Programas<\/strong><\/p>\n<ul>\n<li>Laguntzailea balio Anitzeko Jardueretan<\/li>\n<\/ul>\n","protected":false},"excerpt":{"rendered":"<p>Datos de contacto Direcci\u00f3n: Calle Torre Monreal 11, 31500 Tudela Tel\u00e9fono: 948848335 E-mail: cptorrem@educacion.navarra.es P\u00e1gina web: https:\/\/colegiotorremonreal.web.educacion.navarra.es\/eu\/ Programas Laguntzailea balio Anitzeko Jardueretan<\/p>\n","protected":false},"author":1,"featured_media":0,"parent":10258,"menu_order":19,"comment_status":"closed","ping_status":"closed","template":"","meta":{"_genesis_hide_title":false,"_genesis_hide_breadcrumbs":false,"_genesis_hide_singular_image":false,"_genesis_hide_footer_widgets":false,"_genesis_custom_body_class":"","_genesis_custom_post_class":"","_genesis_layout":""},"_links":{"self":[{"href":"https:\/\/creena.educacion.navarra.es\/web\/eu\/wp-json\/wp\/v2\/pages\/10245"}],"collection":[{"href":"https:\/\/creena.educacion.navarra.es\/web\/eu\/wp-json\/wp\/v2\/pages"}],"about":[{"href":"https:\/\/creena.educacion.navarra.es\/web\/eu\/wp-json\/wp\/v2\/types\/page"}],"author":[{"embeddable":true,"href":"https:\/\/creena.educacion.navarra.es\/web\/eu\/wp-json\/wp\/v2\/users\/1"}],"replies":[{"embeddable":true,"href":"https:\/\/creena.educacion.navarra.es\/web\/eu\/wp-json\/wp\/v2\/comments?post=10245"}],"version-history":[{"count":3,"href":"https:\/\/creena.educacion.navarra.es\/web\/eu\/wp-json\/wp\/v2\/pages\/10245\/revisions"}],"predecessor-version":[{"id":17892,"href":"https:\/\/creena.educacion.navarra.es\/web\/eu\/wp-json\/wp\/v2\/pages\/10245\/revisions\/17892"}],"up":[{"embeddable":true,"href":"https:\/\/creena.educacion.navarra.es\/web\/eu\/wp-json\/wp\/v2\/pages\/10258"}],"wp:attachment":[{"href":"https:\/\/creena.educacion.navarra.es\/web\/eu\/wp-json\/wp\/v2\/media?parent=10245"}],"curies":[{"name":"wp","href":"https:\/\/api.w.org\/{rel}","templated":true}]}}