{"id":10365,"date":"2017-06-02T09:46:02","date_gmt":"2017-06-02T07:46:02","guid":{"rendered":"http:\/\/creena.educacion.navarra.es\/web\/informazio-eta-bitartekoen-arloa\/helduen-hezkuntza\/recursosea\/"},"modified":"2022-09-12T13:47:14","modified_gmt":"2022-09-12T11:47:14","slug":"recursosea","status":"publish","type":"page","link":"https:\/\/creena.educacion.navarra.es\/web\/eu\/balorazio-eta-aholkularitza-arloa\/helduen-hezkuntza\/recursosea\/","title":{"rendered":"Baliabideak"},"content":{"rendered":"<p><a href=\"http:\/\/insercionlaboral-creena.blogspot.com\/\" target=\"_blank\" rel=\"noopener noreferrer\"><img loading=\"lazy\" class=\" wp-image-6807 alignright\" src=\"https:\/\/creena.educacion.navarra.es\/web\/wp-content\/uploads\/2015\/12\/blogil-150x150.png\" alt=\"\" width=\"150\" height=\"150\" srcset=\"https:\/\/creena.educacion.navarra.es\/web\/wp-content\/uploads\/2015\/12\/blogil-150x150.png 150w, https:\/\/creena.educacion.navarra.es\/web\/wp-content\/uploads\/2015\/12\/blogil.png 200w\" sizes=\"(max-width: 150px) 100vw, 150px\" \/><\/a><\/p>\n<ul>\n<li>Redes de apoyo:\n<ul>\n<li><a href=\"https:\/\/drive.google.com\/open?id=135MmAqM2p6j--C0PMskrGDBmGOObsBRq\" target=\"_blank\" rel=\"noopener noreferrer\">Asociaciones<\/a><\/li>\n<li><a href=\"https:\/\/drive.google.com\/open?id=1OdSJJbP7tkSFSy06MUOmVvL2NO1IZjEw\" target=\"_blank\" rel=\"noopener noreferrer\">Servicios de apoyo<\/a><\/li>\n<\/ul>\n<\/li>\n<li>Recursos para equipos docentes:\n<ul>\n<li><a href=\"https:\/\/drive.google.com\/open?id=1igr92SIVY8quDWVko09YVSGn_Nb2UDEK\" target=\"_blank\" rel=\"noopener noreferrer\">Bibliograf\u00eda<\/a><\/li>\n<li><a href=\"https:\/\/drive.google.com\/open?id=1G6eH37xWcIjwu1MWWo_cQ_343FianTtz\" target=\"_blank\" rel=\"noopener noreferrer\">Enlaces de inter\u00e9s<\/a><\/li>\n<li>Para programar:\n<ul>\n<li>Curr\u00edculo (en elaboraci\u00f3n)<\/li>\n<li>Metodolog\u00eda (en elaboraci\u00f3n)<\/li>\n<li>Evaluaci\u00f3n\n<ul>\n<li>Protocolo de recogida de informaci\u00f3n en los GEA (<a href=\"https:\/\/drive.google.com\/open?id=1d5IzQKQF4WFeAUxrC1djmlcRvk6t8BT0\" target=\"_blank\" rel=\"noopener noreferrer\">Word<\/a>) <a href=\"https:\/\/drive.google.com\/open?id=1aXL15nngAhU_O226ahBuYJo-MHqXxSgD\" target=\"_blank\" rel=\"noopener noreferrer\">(Pdf)<\/a><\/li>\n<\/ul>\n<\/li>\n<\/ul>\n<\/li>\n<\/ul>\n<\/li>\n<li>Materiales para el aula:\n<ul>\n<li><a href=\"https:\/\/drive.google.com\/open?id=1S4LWIq9b9Kz7PTgTEG-6z87U9pyFbYIB\" target=\"_blank\" rel=\"noopener noreferrer\">Materiales curriculares<\/a><\/li>\n<\/ul>\n<\/li>\n<\/ul>\n<p style=\"padding-left: 40px;\"><a href=\"https:\/\/drive.google.com\/file\/d\/1NHs2t30G_vbJcmsq_oCIoJQ0JVszXWos\/view?usp=sharing\" target=\"_blank\" rel=\"noopener\"><span style=\"color: #0000ff;\">Proyecto Cambiamos de marcha<\/span><\/a><\/p>\n<p style=\"padding-left: 40px;\"><span style=\"color: #0000ff;\">Proyecto Club de Lectura F\u00e1cil. CPEBPA Jos\u00e9 Mar\u00eda Iribarre<\/span>n<br \/>\n<a style=\"font-size: inherit;\" href=\"https:\/\/drive.google.com\/open?id=1oQWs3Uj0v28imQ2rVicKvfehuKWcUxnr\" target=\"_blank\" rel=\"noopener noreferrer\">Cartel\u00a0\u00a0<\/a><br \/>\n<a href=\"https:\/\/drive.google.com\/open?id=1ifFw778xCm0RG5J1NXoeOoX1IpzwhpwW\" target=\"_blank\" rel=\"noopener noreferrer\">Proyecto<\/a><\/p>\n<p style=\"padding-left: 60px;\"><span style=\"color: #0000ff;\">Taller cocina CEBA Sang\u00fcesa<\/span><\/p>\n<p style=\"padding-left: 30px;\"><iframe loading=\"lazy\" src=\"https:\/\/drive.google.com\/file\/d\/0B0eiH-cLhm7IUXFmTlJJdEd1cHM\/preview\" width=\"320\" height=\"240\"><\/iframe><\/p>\n<p style=\"padding-left: 60px;\"><span style=\"color: #0000ff;\">Taller\/proyecto m\u00fasica CEBA Sang\u00fcesa<br \/>\n<\/span><a href=\"https:\/\/drive.google.com\/open?id=112MfM8kIZzhwKU3vG27X3WkGbeBA_yzI\" target=\"_blank\" rel=\"noopener noreferrer\">Programaci\u00f3n\u00a0<\/a><br \/>\n<a href=\"https:\/\/drive.google.com\/open?id=1CxbGuwXvViQbq_eHc4YLRWS9tt4KutZk\" target=\"_blank\" rel=\"noopener noreferrer\">Presentaci\u00f3n del Taller\u00a0<\/a><\/p>\n<p style=\"padding-left: 30px;\"><iframe loading=\"lazy\" src=\"https:\/\/drive.google.com\/file\/d\/1ZdWEB13QXU_JnKqyAdzHUGzHYIlgONqj\/preview\" width=\"320\" height=\"240\"><span data-mce-type=\"bookmark\" style=\"display: inline-block; width: 0px; overflow: hidden; line-height: 0;\" class=\"mce_SELRES_start\">\ufeff<\/span><\/iframe><\/p>\n<p style=\"padding-left: 60px;\"><span style=\"color: #0000ff;\">Taller lectura CPEBPA Tudela<\/span><\/p>\n<p style=\"padding-left: 30px;\"><iframe loading=\"lazy\" src=\"https:\/\/drive.google.com\/file\/d\/0B0eiH-cLhm7ITVV1TTM1b2NTVGM\/preview\" width=\"320\" height=\"240\"><\/iframe><\/p>\n","protected":false},"excerpt":{"rendered":"<p>Redes de apoyo: Asociaciones Servicios de apoyo Recursos para equipos docentes: Bibliograf\u00eda Enlaces de inter\u00e9s Para programar: Curr\u00edculo (en elaboraci\u00f3n) Metodolog\u00eda (en elaboraci\u00f3n) Evaluaci\u00f3n Protocolo de recogida de informaci\u00f3n en los GEA (Word) (Pdf) Materiales para el aula: Materiales curriculares Proyecto Cambiamos de marcha Proyecto Club de Lectura F\u00e1cil. CPEBPA Jos\u00e9 Mar\u00eda Iribarren Cartel\u00a0\u00a0 Proyecto [&hellip;]<\/p>\n","protected":false},"author":1,"featured_media":0,"parent":6091,"menu_order":4,"comment_status":"closed","ping_status":"closed","template":"","meta":{"_genesis_hide_title":false,"_genesis_hide_breadcrumbs":false,"_genesis_hide_singular_image":false,"_genesis_hide_footer_widgets":false,"_genesis_custom_body_class":"","_genesis_custom_post_class":"","_genesis_layout":""},"_links":{"self":[{"href":"https:\/\/creena.educacion.navarra.es\/web\/eu\/wp-json\/wp\/v2\/pages\/10365"}],"collection":[{"href":"https:\/\/creena.educacion.navarra.es\/web\/eu\/wp-json\/wp\/v2\/pages"}],"about":[{"href":"https:\/\/creena.educacion.navarra.es\/web\/eu\/wp-json\/wp\/v2\/types\/page"}],"author":[{"embeddable":true,"href":"https:\/\/creena.educacion.navarra.es\/web\/eu\/wp-json\/wp\/v2\/users\/1"}],"replies":[{"embeddable":true,"href":"https:\/\/creena.educacion.navarra.es\/web\/eu\/wp-json\/wp\/v2\/comments?post=10365"}],"version-history":[{"count":19,"href":"https:\/\/creena.educacion.navarra.es\/web\/eu\/wp-json\/wp\/v2\/pages\/10365\/revisions"}],"predecessor-version":[{"id":16399,"href":"https:\/\/creena.educacion.navarra.es\/web\/eu\/wp-json\/wp\/v2\/pages\/10365\/revisions\/16399"}],"up":[{"embeddable":true,"href":"https:\/\/creena.educacion.navarra.es\/web\/eu\/wp-json\/wp\/v2\/pages\/6091"}],"wp:attachment":[{"href":"https:\/\/creena.educacion.navarra.es\/web\/eu\/wp-json\/wp\/v2\/media?parent=10365"}],"curies":[{"name":"wp","href":"https:\/\/api.w.org\/{rel}","templated":true}]}}