{"id":10603,"date":"2017-09-22T12:07:42","date_gmt":"2017-09-22T10:07:42","guid":{"rendered":"http:\/\/creena.educacion.navarra.es\/web\/?page_id=10603"},"modified":"2026-02-02T13:16:15","modified_gmt":"2026-02-02T12:16:15","slug":"10603-2","status":"publish","type":"page","link":"https:\/\/creena.educacion.navarra.es\/web\/eu\/10603-2\/","title":{"rendered":"Lankidetza Eskaera"},"content":{"rendered":"<p>Desde el 1 de octubre de 2025, las solicitudes de colaboraci\u00f3n a CREENA se registran a trav\u00e9s de EDUCA.<\/p>\n\n<p class=\"has-text-align-center has-text-color\" style=\"color:#03a82c\"><strong><a rel=\"noreferrer noopener\" href=\"https:\/\/drive.google.com\/file\/d\/1C-7GVNjSEJ2gT1m-vg7BV0iBb8r2bucV\/view?usp=drive_link\" target=\"_blank\">Tutorial para las solicitudes de colaboraci\u00f3n CREENA<\/a><\/strong> (para otros programas a trav\u00e9s de EDUCA)<\/p>\n","protected":false},"excerpt":{"rendered":"<p>Desde el 1 de octubre de 2025, las solicitudes de colaboraci\u00f3n a CREENA se registran a trav\u00e9s de EDUCA. Tutorial para las solicitudes de colaboraci\u00f3n CREENA (para otros programas a trav\u00e9s de EDUCA)<\/p>\n","protected":false},"author":1,"featured_media":0,"parent":0,"menu_order":3,"comment_status":"closed","ping_status":"closed","template":"","meta":{"_genesis_hide_title":false,"_genesis_hide_breadcrumbs":false,"_genesis_hide_singular_image":false,"_genesis_hide_footer_widgets":false,"_genesis_custom_body_class":"","_genesis_custom_post_class":"","_genesis_layout":""},"_links":{"self":[{"href":"https:\/\/creena.educacion.navarra.es\/web\/eu\/wp-json\/wp\/v2\/pages\/10603"}],"collection":[{"href":"https:\/\/creena.educacion.navarra.es\/web\/eu\/wp-json\/wp\/v2\/pages"}],"about":[{"href":"https:\/\/creena.educacion.navarra.es\/web\/eu\/wp-json\/wp\/v2\/types\/page"}],"author":[{"embeddable":true,"href":"https:\/\/creena.educacion.navarra.es\/web\/eu\/wp-json\/wp\/v2\/users\/1"}],"replies":[{"embeddable":true,"href":"https:\/\/creena.educacion.navarra.es\/web\/eu\/wp-json\/wp\/v2\/comments?post=10603"}],"version-history":[{"count":35,"href":"https:\/\/creena.educacion.navarra.es\/web\/eu\/wp-json\/wp\/v2\/pages\/10603\/revisions"}],"predecessor-version":[{"id":19550,"href":"https:\/\/creena.educacion.navarra.es\/web\/eu\/wp-json\/wp\/v2\/pages\/10603\/revisions\/19550"}],"wp:attachment":[{"href":"https:\/\/creena.educacion.navarra.es\/web\/eu\/wp-json\/wp\/v2\/media?parent=10603"}],"curies":[{"name":"wp","href":"https:\/\/api.w.org\/{rel}","templated":true}]}}