{"id":11823,"date":"2017-01-19T13:26:32","date_gmt":"2017-01-19T12:26:32","guid":{"rendered":"http:\/\/creena.educacion.navarra.es\/web\/balorazio-eta-aholkularitza-arloa\/helduen-hezkuntza\/folletos-de-los-centros\/"},"modified":"2019-04-08T13:40:30","modified_gmt":"2019-04-08T11:40:30","slug":"folletos-de-los-centros","status":"publish","type":"page","link":"https:\/\/creena.educacion.navarra.es\/web\/eu\/balorazio-eta-aholkularitza-arloa\/helduen-hezkuntza\/folletos-de-los-centros\/","title":{"rendered":"zentroen liburuxkak"},"content":{"rendered":"<p><a href=\"http:\/\/creena.educacion.navarra.es\/web\/wp-content\/uploads\/2018\/09\/Construccion.jpg\"><img loading=\"lazy\" class=\"alignleft  wp-image-12561\" src=\"http:\/\/creena.educacion.navarra.es\/web\/wp-content\/uploads\/2018\/09\/Construccion-300x228.jpg\" alt=\"\" width=\"187\" height=\"142\" srcset=\"https:\/\/creena.educacion.navarra.es\/web\/wp-content\/uploads\/2018\/09\/Construccion-300x228.jpg 300w, https:\/\/creena.educacion.navarra.es\/web\/wp-content\/uploads\/2018\/09\/Construccion.jpg 339w\" sizes=\"(max-width: 187px) 100vw, 187px\" \/><\/a><\/p>\n<ul>\n<li>GEA CEBA Estella-Lizarra<\/li>\n<li>GEA CPEBPA Jos\u00e9 Mar\u00eda Iribarren Pamplona-Iru\u00f1a<\/li>\n<li>GEA CEBA Sang\u00fcesa-Zangoza<\/li>\n<li>GEA CEBA Tafalla<\/li>\n<li>GEA CPEBPA Tudela-Tutera<\/li>\n<\/ul>\n","protected":false},"excerpt":{"rendered":"<p>GEA CEBA Estella-Lizarra GEA CPEBPA Jos\u00e9 Mar\u00eda Iribarren Pamplona-Iru\u00f1a GEA CEBA Sang\u00fcesa-Zangoza GEA CEBA Tafalla GEA CPEBPA Tudela-Tutera<\/p>\n","protected":false},"author":1,"featured_media":0,"parent":6091,"menu_order":0,"comment_status":"closed","ping_status":"closed","template":"","meta":{"_genesis_hide_title":false,"_genesis_hide_breadcrumbs":false,"_genesis_hide_singular_image":false,"_genesis_hide_footer_widgets":false,"_genesis_custom_body_class":"","_genesis_custom_post_class":"","_genesis_layout":""},"_links":{"self":[{"href":"https:\/\/creena.educacion.navarra.es\/web\/eu\/wp-json\/wp\/v2\/pages\/11823"}],"collection":[{"href":"https:\/\/creena.educacion.navarra.es\/web\/eu\/wp-json\/wp\/v2\/pages"}],"about":[{"href":"https:\/\/creena.educacion.navarra.es\/web\/eu\/wp-json\/wp\/v2\/types\/page"}],"author":[{"embeddable":true,"href":"https:\/\/creena.educacion.navarra.es\/web\/eu\/wp-json\/wp\/v2\/users\/1"}],"replies":[{"embeddable":true,"href":"https:\/\/creena.educacion.navarra.es\/web\/eu\/wp-json\/wp\/v2\/comments?post=11823"}],"version-history":[{"count":3,"href":"https:\/\/creena.educacion.navarra.es\/web\/eu\/wp-json\/wp\/v2\/pages\/11823\/revisions"}],"predecessor-version":[{"id":12563,"href":"https:\/\/creena.educacion.navarra.es\/web\/eu\/wp-json\/wp\/v2\/pages\/11823\/revisions\/12563"}],"up":[{"embeddable":true,"href":"https:\/\/creena.educacion.navarra.es\/web\/eu\/wp-json\/wp\/v2\/pages\/6091"}],"wp:attachment":[{"href":"https:\/\/creena.educacion.navarra.es\/web\/eu\/wp-json\/wp\/v2\/media?parent=11823"}],"curies":[{"name":"wp","href":"https:\/\/api.w.org\/{rel}","templated":true}]}}