{"id":12546,"date":"2018-09-12T13:04:25","date_gmt":"2018-09-12T11:04:25","guid":{"rendered":"http:\/\/creena.educacion.navarra.es\/web\/?page_id=12546"},"modified":"2025-10-08T08:26:33","modified_gmt":"2025-10-08T06:26:33","slug":"ptva-eskaintza-hezigarria","status":"publish","type":"page","link":"https:\/\/creena.educacion.navarra.es\/web\/eu\/balorazio-eta-aholkularitza-arloa\/h-b-i-p\/ptva-eskaintza-hezigarria\/","title":{"rendered":"PTVA eskaintza hezigarria"},"content":{"rendered":"\n<ul><li><a href=\"https:\/\/drive.google.com\/open?id=1HIutOVHH5iNJZ4_d9PRvPbxFpQpUZKjZ\" target=\"_blank\" rel=\"noopener\"><span style=\"color: #800000;\">Direcciones<\/span><\/a><\/li><li><a href=\"https:\/\/creena.educacion.navarra.es\/web\/eu\/balorazio-eta-aholkularitza-arloa\/h-b-i-p\/ptva-eskaintza-hezigarria\/mapa-de-localizacion-ptva\/\">Mapa de localizaci\u00f3n<\/a><\/li><\/ul>\n<div class=\"wp-block-image\"><figure class=\"alignleft\"><a href=\"https:\/\/www.centroselmolino.org\/\" target=\"_blank\" rel=\"noopener\"><img loading=\"lazy\" width=\"150\" height=\"150\" src=\"https:\/\/creena.educacion.navarra.es\/web\/wp-content\/uploads\/2016\/02\/ceeelmolino-150x150.jpg\" alt=\"\" class=\"wp-image-3395\"\/><\/a><figcaption><strong>CEE EL MOLINO<\/strong><\/figcaption><\/figure><\/div>\n\n<figure class=\"wp-block-image\"><a href=\"http:\/\/andresmunozgarde.educacion.navarra.es\/web\/\" target=\"_blank\" rel=\"noopener noreferrer\"><img loading=\"lazy\" width=\"150\" height=\"150\" src=\"https:\/\/creena.educacion.navarra.es\/web\/wp-content\/uploads\/2016\/02\/cpeeamunoz-1-150x150.jpg\" alt=\"\" class=\"wp-image-3403\"\/><\/a><\/figure>\n<p><strong>CPEE ANDR\u00c9S MU\u00d1OZ GARDE\u00a0<\/strong><\/p>\n\n<div class=\"wp-block-image\"><figure class=\"alignleft\"><a href=\"https:\/\/colegiotorremonreal.web.educacion.navarra.es\/\" target=\"_blank\" rel=\"noopener noreferrer\"><img loading=\"lazy\" width=\"150\" height=\"150\" src=\"https:\/\/creena.educacion.navarra.es\/web\/wp-content\/uploads\/2024\/02\/torre-150x150.png\" alt=\"\" class=\"wp-image-17895\"\/><\/a><figcaption>CPEE TORRE MONREAL<\/figcaption><\/figure><\/div>\n\n<div class=\"wp-block-image\"><figure class=\"alignleft\"><img loading=\"lazy\" width=\"150\" height=\"150\" src=\"https:\/\/creena.educacion.navarra.es\/web\/wp-content\/uploads\/2016\/02\/cisterria-150x150.jpg\" alt=\"\" class=\"wp-image-3399\"\/><figcaption>CEE ISTERRIA<\/figcaption><\/figure><\/div>\n\n<p><\/p>\n","protected":false},"excerpt":{"rendered":"<p>Direcciones Mapa de localizaci\u00f3n CPEE ANDR\u00c9S MU\u00d1OZ GARDE\u00a0<\/p>\n","protected":false},"author":1,"featured_media":0,"parent":6083,"menu_order":4,"comment_status":"closed","ping_status":"closed","template":"","meta":{"_genesis_hide_title":false,"_genesis_hide_breadcrumbs":false,"_genesis_hide_singular_image":false,"_genesis_hide_footer_widgets":false,"_genesis_custom_body_class":"","_genesis_custom_post_class":"","_genesis_layout":""},"_links":{"self":[{"href":"https:\/\/creena.educacion.navarra.es\/web\/eu\/wp-json\/wp\/v2\/pages\/12546"}],"collection":[{"href":"https:\/\/creena.educacion.navarra.es\/web\/eu\/wp-json\/wp\/v2\/pages"}],"about":[{"href":"https:\/\/creena.educacion.navarra.es\/web\/eu\/wp-json\/wp\/v2\/types\/page"}],"author":[{"embeddable":true,"href":"https:\/\/creena.educacion.navarra.es\/web\/eu\/wp-json\/wp\/v2\/users\/1"}],"replies":[{"embeddable":true,"href":"https:\/\/creena.educacion.navarra.es\/web\/eu\/wp-json\/wp\/v2\/comments?post=12546"}],"version-history":[{"count":6,"href":"https:\/\/creena.educacion.navarra.es\/web\/eu\/wp-json\/wp\/v2\/pages\/12546\/revisions"}],"predecessor-version":[{"id":19339,"href":"https:\/\/creena.educacion.navarra.es\/web\/eu\/wp-json\/wp\/v2\/pages\/12546\/revisions\/19339"}],"up":[{"embeddable":true,"href":"https:\/\/creena.educacion.navarra.es\/web\/eu\/wp-json\/wp\/v2\/pages\/6083"}],"wp:attachment":[{"href":"https:\/\/creena.educacion.navarra.es\/web\/eu\/wp-json\/wp\/v2\/media?parent=12546"}],"curies":[{"name":"wp","href":"https:\/\/api.w.org\/{rel}","templated":true}]}}