{"id":14333,"date":"2020-05-28T11:48:27","date_gmt":"2020-05-28T09:48:27","guid":{"rendered":"https:\/\/creena.educacion.navarra.es\/web\/balorazio-eta-aholkularitza-arloa\/cf-profesional-especial\/evaluacion\/"},"modified":"2020-05-28T11:55:27","modified_gmt":"2020-05-28T09:55:27","slug":"evaluacion","status":"publish","type":"page","link":"https:\/\/creena.educacion.navarra.es\/web\/eu\/balorazio-eta-aholkularitza-arloa\/cf-profesional-especial\/evaluacion\/","title":{"rendered":"Evaluaci\u00f3n CFPE eu"},"content":{"rendered":"\n<ul><li><a rel=\"noreferrer noopener\" href=\"https:\/\/drive.google.com\/file\/d\/0B0eiH-cLhm7IZ2IxVUJhd01Ja3c\/view\" target=\"_blank\">Evaluaci\u00f3n diagn\u00f3stica<\/a><\/li><li><a rel=\"noreferrer noopener\" href=\"https:\/\/drive.google.com\/open?id=1CCTO8xCKQ9iBcXh3vBpsKqRlWmudFxRr\" target=\"_blank\">Evaluaci\u00f3n curricular<\/a><\/li><\/ul>\n","protected":false},"excerpt":{"rendered":"<p>Evaluaci\u00f3n diagn\u00f3stica Evaluaci\u00f3n curricular<\/p>\n","protected":false},"author":1,"featured_media":0,"parent":10163,"menu_order":0,"comment_status":"closed","ping_status":"closed","template":"","meta":{"_genesis_hide_title":false,"_genesis_hide_breadcrumbs":false,"_genesis_hide_singular_image":false,"_genesis_hide_footer_widgets":false,"_genesis_custom_body_class":"","_genesis_custom_post_class":"","_genesis_layout":""},"_links":{"self":[{"href":"https:\/\/creena.educacion.navarra.es\/web\/eu\/wp-json\/wp\/v2\/pages\/14333"}],"collection":[{"href":"https:\/\/creena.educacion.navarra.es\/web\/eu\/wp-json\/wp\/v2\/pages"}],"about":[{"href":"https:\/\/creena.educacion.navarra.es\/web\/eu\/wp-json\/wp\/v2\/types\/page"}],"author":[{"embeddable":true,"href":"https:\/\/creena.educacion.navarra.es\/web\/eu\/wp-json\/wp\/v2\/users\/1"}],"replies":[{"embeddable":true,"href":"https:\/\/creena.educacion.navarra.es\/web\/eu\/wp-json\/wp\/v2\/comments?post=14333"}],"version-history":[{"count":3,"href":"https:\/\/creena.educacion.navarra.es\/web\/eu\/wp-json\/wp\/v2\/pages\/14333\/revisions"}],"predecessor-version":[{"id":14339,"href":"https:\/\/creena.educacion.navarra.es\/web\/eu\/wp-json\/wp\/v2\/pages\/14333\/revisions\/14339"}],"up":[{"embeddable":true,"href":"https:\/\/creena.educacion.navarra.es\/web\/eu\/wp-json\/wp\/v2\/pages\/10163"}],"wp:attachment":[{"href":"https:\/\/creena.educacion.navarra.es\/web\/eu\/wp-json\/wp\/v2\/media?parent=14333"}],"curies":[{"name":"wp","href":"https:\/\/api.w.org\/{rel}","templated":true}]}}