{"id":15268,"date":"2021-06-10T13:38:29","date_gmt":"2021-06-10T11:38:29","guid":{"rendered":"https:\/\/creena.educacion.navarra.es\/web\/balorazio-eta-aholkularitza-arloa\/lanbide-heziketa-bereziko-zikloak\/ebaluaketa\/"},"modified":"2021-06-10T13:38:29","modified_gmt":"2021-06-10T11:38:29","slug":"ebaluaketa","status":"publish","type":"page","link":"https:\/\/creena.educacion.navarra.es\/web\/eu\/balorazio-eta-aholkularitza-arloa\/lanbide-heziketa-bereziko-zikloak\/ebaluaketa\/","title":{"rendered":"Ebaluaketa.-"},"content":{"rendered":"\n<div class=\"wp-block-image is-style-rounded\"><figure class=\"alignleft size-large is-resized\"><a href=\"https:\/\/creena.educacion.navarra.es\/web\/wp-content\/uploads\/2021\/06\/evaluacion.jpg\"><img loading=\"lazy\" src=\"https:\/\/creena.educacion.navarra.es\/web\/wp-content\/uploads\/2021\/06\/evaluacion.jpg\" alt=\"\" class=\"wp-image-15119\" width=\"188\" height=\"125\" srcset=\"https:\/\/creena.educacion.navarra.es\/web\/wp-content\/uploads\/2021\/06\/evaluacion.jpg 626w, https:\/\/creena.educacion.navarra.es\/web\/wp-content\/uploads\/2021\/06\/evaluacion-300x200.jpg 300w\" sizes=\"(max-width: 188px) 100vw, 188px\" \/><\/a><\/figure><\/div>\n\n<ul><li><a rel=\"noreferrer noopener\" href=\"https:\/\/drive.google.com\/file\/d\/0B0eiH-cLhm7IZ2IxVUJhd01Ja3c\/view\" target=\"_blank\">Evaluaci\u00f3n diagn\u00f3stica<\/a><\/li><li><a rel=\"noreferrer noopener\" href=\"https:\/\/drive.google.com\/open?id=1CCTO8xCKQ9iBcXh3vBpsKqRlWmudFxRr\" target=\"_blank\">Evaluaci\u00f3n curricular<\/a><\/li><\/ul>","protected":false},"excerpt":{"rendered":"<p>Evaluaci\u00f3n diagn\u00f3stica Evaluaci\u00f3n curricular<\/p>\n","protected":false},"author":1,"featured_media":0,"parent":15259,"menu_order":0,"comment_status":"closed","ping_status":"closed","template":"","meta":{"_genesis_hide_title":false,"_genesis_hide_breadcrumbs":false,"_genesis_hide_singular_image":false,"_genesis_hide_footer_widgets":false,"_genesis_custom_body_class":"","_genesis_custom_post_class":"","_genesis_layout":""},"_links":{"self":[{"href":"https:\/\/creena.educacion.navarra.es\/web\/eu\/wp-json\/wp\/v2\/pages\/15268"}],"collection":[{"href":"https:\/\/creena.educacion.navarra.es\/web\/eu\/wp-json\/wp\/v2\/pages"}],"about":[{"href":"https:\/\/creena.educacion.navarra.es\/web\/eu\/wp-json\/wp\/v2\/types\/page"}],"author":[{"embeddable":true,"href":"https:\/\/creena.educacion.navarra.es\/web\/eu\/wp-json\/wp\/v2\/users\/1"}],"replies":[{"embeddable":true,"href":"https:\/\/creena.educacion.navarra.es\/web\/eu\/wp-json\/wp\/v2\/comments?post=15268"}],"version-history":[{"count":1,"href":"https:\/\/creena.educacion.navarra.es\/web\/eu\/wp-json\/wp\/v2\/pages\/15268\/revisions"}],"predecessor-version":[{"id":15269,"href":"https:\/\/creena.educacion.navarra.es\/web\/eu\/wp-json\/wp\/v2\/pages\/15268\/revisions\/15269"}],"up":[{"embeddable":true,"href":"https:\/\/creena.educacion.navarra.es\/web\/eu\/wp-json\/wp\/v2\/pages\/15259"}],"wp:attachment":[{"href":"https:\/\/creena.educacion.navarra.es\/web\/eu\/wp-json\/wp\/v2\/media?parent=15268"}],"curies":[{"name":"wp","href":"https:\/\/api.w.org\/{rel}","templated":true}]}}