{"id":15273,"date":"2021-06-10T13:43:57","date_gmt":"2021-06-10T11:43:57","guid":{"rendered":"https:\/\/creena.educacion.navarra.es\/web\/balorazio-eta-aholkularitza-arloa\/lanbide-heziketa-bereziko-zikloak\/laneratzea\/"},"modified":"2024-10-17T10:17:48","modified_gmt":"2024-10-17T08:17:48","slug":"laneratzea","status":"publish","type":"page","link":"https:\/\/creena.educacion.navarra.es\/web\/eu\/balorazio-eta-aholkularitza-arloa\/lanbide-heziketa-bereziko-zikloak\/laneratzea\/","title":{"rendered":"Laneratzea.-"},"content":{"rendered":"<p><a href=\"http:\/\/insercionlaboral-creena.blogspot.com\/\"><img loading=\"lazy\" class=\"alignleft\" src=\"https:\/\/creena.educacion.navarra.es\/web\/wp-content\/uploads\/2015\/12\/blogil.png\" alt=\"acceso al blog de inserci\u00f3n laboral\" width=\"200\" height=\"200\" \/><\/a><\/p>\n<p><a href=\"https:\/\/sites.google.com\/educacion.navarra.es\/sitescfpeadultos\/inicio\/inserci%C3%B3n-laboral-laneratzea\" target=\"_blank\" rel=\"noopener\"><img loading=\"lazy\" class=\"alignright wp-image-15309\" src=\"https:\/\/creena.educacion.navarra.es\/web\/wp-content\/uploads\/2021\/06\/posit.png\" alt=\"Acceso al SITE de inserci\u00f3n laboral\" width=\"162\" height=\"173\" \/><\/a><\/p>\n<ul>\n<li style=\"list-style-type: none;\">\n<ul>\n<li style=\"list-style-type: none;\">\n<ul>\n<li style=\"list-style-type: none;\">\n<ul>\n<li><a href=\"https:\/\/drive.google.com\/file\/d\/1uteEoa6zr0g5Lz4zxVH1s5TdVPDG4VNY\/view?usp=sharing\" target=\"_blank\" rel=\"noopener\">He terminado de estudiar, \u00bfY ahora qu\u00e9?<\/a><\/li>\n<\/ul>\n<\/li>\n<li><a href=\"https:\/\/drive.google.com\/file\/d\/1ngZbHkx7zIbzaWgvbq_dc98qQrbLMcKG\/view?usp=sharing\" target=\"_blank\" rel=\"noopener\">El certificado de discapacidad<\/a><\/li>\n<li><a href=\"https:\/\/drive.google.com\/file\/d\/1vMnpyL69MX0pnBStuY6nBaCxpS7FqeCV\/view?usp=sharing\" target=\"_blank\" rel=\"noopener\">La formaci\u00f3n permanente<\/a><\/li>\n<li><a href=\"https:\/\/drive.google.com\/file\/d\/16nekBKg0SwzpOajwhdja4XXGa-Jd4M5p\/view?usp=sharing\" target=\"_blank\" rel=\"noopener\">Las modalidades de trabajo y ocupaci\u00f3n<\/a><\/li>\n<li><a href=\"https:\/\/drive.google.com\/file\/d\/1lkmFLi0TPGf-sddAL4qGObgbK3xkn1Oy\/view?usp=sharing\" target=\"_blank\" rel=\"noopener\">La contrataci\u00f3n de personas con discapacidad. Las entidades de Inserci\u00f3n Laboral<\/a><\/li>\n<li><a href=\"https:\/\/drive.google.com\/file\/d\/1otqJc6gXchyYfkJkKsVheIHWsGhFP_u4\/view?usp=sharing\" target=\"_blank\" rel=\"noopener\">Realizo mi curr\u00edculum<\/a><\/li>\n<li><a href=\"https:\/\/drive.google.com\/file\/d\/10UDnUANcohZSS_FbzCIfc1ok0AoHFvHi\/view?usp=sharing\" target=\"_blank\" rel=\"noopener\">Mi Plan de Inserci\u00f3n Laboral<\/a><\/li>\n<\/ul>\n<\/li>\n<\/ul>\n<\/li>\n<\/ul>\n<ul id=\"block-b9a11d06-fbcc-49c1-af7d-adff34fc69f2\" class=\"block-editor-rich-text__editable block-editor-block-list__block wp-block is-selected is-focused is-focus-mode rich-text\" tabindex=\"0\" role=\"group\" contenteditable=\"true\" aria-multiline=\"true\" aria-label=\"Bloque: Lista\" data-block=\"b9a11d06-fbcc-49c1-af7d-adff34fc69f2\" data-type=\"core\/list\" data-title=\"Lista\"><\/ul>\n\n<p><\/p>\n","protected":false},"excerpt":{"rendered":"<p>He terminado de estudiar, \u00bfY ahora qu\u00e9? El certificado de discapacidad La formaci\u00f3n permanente Las modalidades de trabajo y ocupaci\u00f3n La contrataci\u00f3n de personas con discapacidad. Las entidades de Inserci\u00f3n Laboral Realizo mi curr\u00edculum Mi Plan de Inserci\u00f3n Laboral<\/p>\n","protected":false},"author":1,"featured_media":0,"parent":15259,"menu_order":0,"comment_status":"closed","ping_status":"closed","template":"","meta":{"_genesis_hide_title":false,"_genesis_hide_breadcrumbs":false,"_genesis_hide_singular_image":false,"_genesis_hide_footer_widgets":false,"_genesis_custom_body_class":"","_genesis_custom_post_class":"","_genesis_layout":""},"_links":{"self":[{"href":"https:\/\/creena.educacion.navarra.es\/web\/eu\/wp-json\/wp\/v2\/pages\/15273"}],"collection":[{"href":"https:\/\/creena.educacion.navarra.es\/web\/eu\/wp-json\/wp\/v2\/pages"}],"about":[{"href":"https:\/\/creena.educacion.navarra.es\/web\/eu\/wp-json\/wp\/v2\/types\/page"}],"author":[{"embeddable":true,"href":"https:\/\/creena.educacion.navarra.es\/web\/eu\/wp-json\/wp\/v2\/users\/1"}],"replies":[{"embeddable":true,"href":"https:\/\/creena.educacion.navarra.es\/web\/eu\/wp-json\/wp\/v2\/comments?post=15273"}],"version-history":[{"count":8,"href":"https:\/\/creena.educacion.navarra.es\/web\/eu\/wp-json\/wp\/v2\/pages\/15273\/revisions"}],"predecessor-version":[{"id":18592,"href":"https:\/\/creena.educacion.navarra.es\/web\/eu\/wp-json\/wp\/v2\/pages\/15273\/revisions\/18592"}],"up":[{"embeddable":true,"href":"https:\/\/creena.educacion.navarra.es\/web\/eu\/wp-json\/wp\/v2\/pages\/15259"}],"wp:attachment":[{"href":"https:\/\/creena.educacion.navarra.es\/web\/eu\/wp-json\/wp\/v2\/media?parent=15273"}],"curies":[{"name":"wp","href":"https:\/\/api.w.org\/{rel}","templated":true}]}}