{"id":4126,"date":"2016-03-21T14:54:21","date_gmt":"2016-03-21T13:54:21","guid":{"rendered":"http:\/\/creena.educacion.navarra.es\/web\/eu\/?page_id=4126"},"modified":"2023-04-18T11:15:24","modified_gmt":"2023-04-18T09:15:24","slug":"creena-tutera","status":"publish","type":"page","link":"https:\/\/creena.educacion.navarra.es\/web\/eu\/creena-tutera\/","title":{"rendered":"NHEBZ Tutera"},"content":{"rendered":"<p><iframe loading=\"lazy\" style=\"border: 0;\" tabindex=\"0\" src=\"https:\/\/www.google.com\/maps\/embed?pb=!1m18!1m12!1m3!1d2962.316089760761!2d-1.606745584553225!3d42.05784367920827!2m3!1f0!2f0!3f0!3m2!1i1024!2i768!4f13.1!3m3!1m2!1s0xd5a4f51ceb78723%3A0x52d186f137662094!2sColegio%20P%C3%BAblico%20de%20Educaci%C3%B3n%20Especial%20Torre%20Monreal!5e0!3m2!1ses!2ses!4v1584003511813!5m2!1ses!2ses\" width=\"600\" height=\"300\" frameborder=\"0\" allowfullscreen=\"allowfullscreen\" aria-hidden=\"false\"><\/iframe><\/p>\n<p style=\"text-align: left;\">La extensi\u00f3n del CREENA en Tudela est\u00e1 ubicada en el Ccolegio Torre Monreal:<\/p>\n<p style=\"text-align: left; padding-left: 30px;\"><span class=\"w8qArf\">&nbsp;<\/span><span class=\"LrzXr\">Calle Torre Monreal, 11, (Colegio Torre Monreal)<\/span><br \/>\n31500 TUDELA (Navarra)<br \/>\nTel\u00e9fono:<strong>&nbsp;<\/strong>&nbsp;848-430190<br \/>\nMail:<\/p>\n<ul>\n<li><a href=\"mailto:creentud@educacion.navarra.es\">creentud@educacion.navarra.es<\/a>&nbsp;(correo gen\u00e9rico)<\/li>\n<li style=\"text-align: left;\"><a href=\"mailto:creena-attudela@educacion.navarra.es\">creena-attudela@educacion.navarra.es<\/a>&nbsp;(para atenci\u00f3n temprana)<\/li>\n<\/ul>\n","protected":false},"excerpt":{"rendered":"<p>La extensi\u00f3n del CREENA en Tudela est\u00e1 ubicada en el Ccolegio Torre Monreal: &nbsp;Calle Torre Monreal, 11, (Colegio Torre Monreal) 31500 TUDELA (Navarra) Tel\u00e9fono:&nbsp;&nbsp;848-430190 Mail: creentud@educacion.navarra.es&nbsp;(correo gen\u00e9rico) creena-attudela@educacion.navarra.es&nbsp;(para atenci\u00f3n temprana)<\/p>\n","protected":false},"author":1,"featured_media":0,"parent":0,"menu_order":5,"comment_status":"closed","ping_status":"closed","template":"","meta":{"_genesis_hide_title":false,"_genesis_hide_breadcrumbs":false,"_genesis_hide_singular_image":false,"_genesis_hide_footer_widgets":false,"_genesis_custom_body_class":"","_genesis_custom_post_class":"","_genesis_layout":"full-width-content"},"_links":{"self":[{"href":"https:\/\/creena.educacion.navarra.es\/web\/eu\/wp-json\/wp\/v2\/pages\/4126"}],"collection":[{"href":"https:\/\/creena.educacion.navarra.es\/web\/eu\/wp-json\/wp\/v2\/pages"}],"about":[{"href":"https:\/\/creena.educacion.navarra.es\/web\/eu\/wp-json\/wp\/v2\/types\/page"}],"author":[{"embeddable":true,"href":"https:\/\/creena.educacion.navarra.es\/web\/eu\/wp-json\/wp\/v2\/users\/1"}],"replies":[{"embeddable":true,"href":"https:\/\/creena.educacion.navarra.es\/web\/eu\/wp-json\/wp\/v2\/comments?post=4126"}],"version-history":[{"count":9,"href":"https:\/\/creena.educacion.navarra.es\/web\/eu\/wp-json\/wp\/v2\/pages\/4126\/revisions"}],"predecessor-version":[{"id":16931,"href":"https:\/\/creena.educacion.navarra.es\/web\/eu\/wp-json\/wp\/v2\/pages\/4126\/revisions\/16931"}],"wp:attachment":[{"href":"https:\/\/creena.educacion.navarra.es\/web\/eu\/wp-json\/wp\/v2\/media?parent=4126"}],"curies":[{"name":"wp","href":"https:\/\/api.w.org\/{rel}","templated":true}]}}