{"id":4405,"date":"2015-11-25T14:38:37","date_gmt":"2015-11-25T13:38:37","guid":{"rendered":"http:\/\/creena.educacion.navarra.es\/web\/eu\/atentzio-zuzeneko-arloa\/atencion-temprana\/baliabideak-a\/blogs-atencion-temprana\/"},"modified":"2020-09-30T09:24:10","modified_gmt":"2020-09-30T07:24:10","slug":"blogs-atencion-temprana","status":"publish","type":"page","link":"https:\/\/creena.educacion.navarra.es\/web\/eu\/atentzio-zuzeneko-arloa\/atencion-temprana\/baliabideak-t\/blogs-atencion-temprana\/","title":{"rendered":"Blogak\/webguneak"},"content":{"rendered":"<table>\n<tbody>\n<tr>\n<td><a href=\"https:\/\/creena.educacion.navarra.es\/web\/wp-content\/uploads\/2015\/11\/blogatenci\u00f3n_temprana-familia-300x77.jpg\"><img loading=\"lazy\" class=\"alignleft size-medium wp-image-3030\" src=\"https:\/\/creena.educacion.navarra.es\/web\/wp-content\/uploads\/2015\/11\/blogatenci\u00f3n_temprana-familia-300x77.jpg\" alt=\"blogatenci\u00f3n_temprana-familia\" width=\"300\" height=\"77\" srcset=\"https:\/\/creena.educacion.navarra.es\/web\/wp-content\/uploads\/2015\/11\/blogatenci\u00f3n_temprana-familia-300x77.jpg 300w, https:\/\/creena.educacion.navarra.es\/web\/wp-content\/uploads\/2015\/11\/blogatenci\u00f3n_temprana-familia.jpg 320w\" sizes=\"(max-width: 300px) 100vw, 300px\" \/><\/a><\/td>\n<td>\n<p style=\"text-align: left; padding-left: 30px;\"><a href=\"http:\/\/atenciontempranayfamilia.blogspot.com\/\" target=\"_blank\" rel=\"noopener noreferrer\"><strong>Atenci\u00f3n temprana y familia.<\/strong><\/a><\/p>\n<\/td>\n<\/tr>\n<tr>\n<td><a href=\"https:\/\/creena.educacion.navarra.es\/web\/wp-content\/uploads\/2015\/11\/at1-300x87.jpg\"><img loading=\"lazy\" class=\"alignleft size-medium wp-image-3028\" src=\"https:\/\/creena.educacion.navarra.es\/web\/wp-content\/uploads\/2015\/11\/at1-300x87.jpg\" alt=\"at1\" width=\"300\" height=\"87\" \/><\/a><\/td>\n<td>\n<p style=\"text-align: left; padding-left: 30px;\"><a href=\"http:\/\/blogatenciontemprana.blogspot.com\/\" target=\"_blank\" rel=\"noopener noreferrer\"><strong>Atenci\u00f3n temprana.\u00a0\u00a0<\/strong><\/a><br \/>\nUn blog de ORIENTA, asesores educativos<\/p>\n<\/td>\n<\/tr>\n<tr>\n<td><a href=\"https:\/\/creena.educacion.navarra.es\/web\/wp-content\/uploads\/2015\/11\/DESARROLLO-300x125.png\"><img loading=\"lazy\" class=\"alignleft size-medium wp-image-3034\" src=\"https:\/\/creena.educacion.navarra.es\/web\/wp-content\/uploads\/2015\/11\/DESARROLLO-300x125.png\" alt=\"DESARROLLO\" width=\"300\" height=\"125\" srcset=\"https:\/\/creena.educacion.navarra.es\/web\/wp-content\/uploads\/2015\/11\/DESARROLLO-300x125.png 300w, https:\/\/creena.educacion.navarra.es\/web\/wp-content\/uploads\/2015\/11\/DESARROLLO.png 676w\" sizes=\"(max-width: 300px) 100vw, 300px\" \/><\/a><\/td>\n<td>\n<p style=\"text-align: left; padding-left: 30px;\"><a href=\"http:\/\/desarrolloinfantilyatenciontemprana.blogspot.com\/\" target=\"_blank\" rel=\"noopener noreferrer\"><strong>Desarrollo infantil y atenci\u00f3n temprana.<\/strong><\/a><\/p>\n<\/td>\n<\/tr>\n<tr>\n<td><a href=\"https:\/\/creena.educacion.navarra.es\/web\/wp-content\/uploads\/2015\/11\/blogcaceres-300x65.jpg\"><img loading=\"lazy\" class=\"alignleft size-medium wp-image-3032\" src=\"https:\/\/creena.educacion.navarra.es\/web\/wp-content\/uploads\/2015\/11\/blogcaceres-300x65.jpg\" alt=\"blogcaceres\" width=\"300\" height=\"65\" srcset=\"https:\/\/creena.educacion.navarra.es\/web\/wp-content\/uploads\/2015\/11\/blogcaceres-300x65.jpg 300w, https:\/\/creena.educacion.navarra.es\/web\/wp-content\/uploads\/2015\/11\/blogcaceres.jpg 451w\" sizes=\"(max-width: 300px) 100vw, 300px\" \/><\/a><\/td>\n<td>\n<p style=\"text-align: left; padding-left: 30px;\"><a href=\"http:\/\/eoeptgdcaceres.blogspot.com\/\" target=\"_blank\" rel=\"noopener noreferrer\"><strong>EOEP Espec\u00edfico de TGD de C\u00e1ceres.<\/strong><\/a><br \/>\nPortada del grupo. Organizador de los blogs, documentaci\u00f3n \u00fatil y contrastada sobre diferentes \u00e1mbitos de actuaci\u00f3n y materiales de elaboraci\u00f3n propia.<\/p>\n<\/td>\n<\/tr>\n<tr>\n<td><a href=\"https:\/\/creena.educacion.navarra.es\/web\/wp-content\/uploads\/2015\/11\/blog.jpg\"><img loading=\"lazy\" class=\"wp-image-692 aligncenter\" src=\"https:\/\/creena.educacion.navarra.es\/web\/wp-content\/uploads\/2015\/11\/blog.jpg\" alt=\"blog\" width=\"133\" height=\"131\" \/><\/a><\/td>\n<td>\n<p style=\"text-align: left; padding-left: 30px;\"><a href=\"http:\/\/chiquitajos.blogspot.com.es\/\" target=\"_blank\" rel=\"noopener noreferrer\"><strong>Juegos Atenci\u00f3n Temprana<\/strong><\/a><br \/>\nJuegos infantiles<\/p>\n<\/td>\n<\/tr>\n<tr>\n<td><a href=\"https:\/\/creena.educacion.navarra.es\/web\/wp-content\/uploads\/2015\/11\/logo_junta_andalucia.jpg\"><img loading=\"lazy\" class=\"alignleft size-medium wp-image-702\" src=\"https:\/\/creena.educacion.navarra.es\/web\/wp-content\/uploads\/2015\/11\/logo_junta_andalucia-300x208.jpg\" alt=\"\" width=\"300\" height=\"208\" srcset=\"https:\/\/creena.educacion.navarra.es\/web\/wp-content\/uploads\/2015\/11\/logo_junta_andalucia-300x208.jpg 300w, https:\/\/creena.educacion.navarra.es\/web\/wp-content\/uploads\/2015\/11\/logo_junta_andalucia.jpg 424w\" sizes=\"(max-width: 300px) 100vw, 300px\" \/><\/a><\/td>\n<td style=\"padding-left: 40px;\"><a href=\"https:\/\/www.juntadeandalucia.es\/organismos\/saludyfamilias\/areas\/salud-vida\/infancia\/paginas\/atencion-temprana.html\" target=\"_blank\" rel=\"noopener noreferrer\"><strong>Junta de Andaluc\u00eda. Atenci\u00f3n Temprana<\/strong><\/a><br \/>\nTrastornos y libros de Atenci\u00f3n Temprana.<\/td>\n<\/tr>\n<tr>\n<td><a href=\"https:\/\/creena.educacion.navarra.es\/web\/wp-content\/uploads\/2015\/11\/cdc.jpg\"><img loading=\"lazy\" class=\"alignleft size-medium wp-image-696\" src=\"https:\/\/creena.educacion.navarra.es\/web\/wp-content\/uploads\/2015\/11\/cdc-300x230.jpg\" alt=\"\" width=\"300\" height=\"230\" \/><\/a><\/td>\n<td>\n<p style=\"padding-left: 40px;\"><strong><a href=\"http:\/\/www.cdc.gov\/ncbddd\/Spanish\/actearly\/milestones\/index.html\" target=\"_blank\" rel=\"noopener noreferrer\">Centros para el control y la Prevenci\u00f3n de Enfermedades.<\/a><br \/>\n<\/strong>Centro Nacional de Defectos Cong\u00e9nitos y Discapacidades del Desarrollo<\/p>\n<\/td>\n<\/tr>\n<tr>\n<td><a href=\"https:\/\/creena.educacion.navarra.es\/web\/wp-content\/uploads\/2019\/03\/zero.png\"><img loading=\"lazy\" class=\"alignleft size-full wp-image-13118\" src=\"https:\/\/creena.educacion.navarra.es\/web\/wp-content\/uploads\/2019\/03\/zero.png\" alt=\"\" width=\"228\" height=\"172\" \/><\/a><\/td>\n<td>\n<p style=\"padding-left: 40px;\">\u00a0<strong><a href=\"https:\/\/www.zerotothree.org\/\" target=\"_blank\" rel=\"noopener noreferrer\"> Zero to THREE <\/a><br \/>\n<\/strong><strong>R<\/strong>ecursos de CERO A TRES para los padres y profesionales de la primera infancia<\/p>\n<\/td>\n<\/tr>\n<tr>\n<td><a href=\"https:\/\/creena.educacion.navarra.es\/web\/wp-content\/uploads\/2020\/09\/adiario-300x300.jpg\"><img loading=\"lazy\" class=\"alignleft size-medium wp-image-14585\" src=\"https:\/\/creena.educacion.navarra.es\/web\/wp-content\/uploads\/2020\/09\/adiario-300x300.jpg\" alt=\"\" width=\"300\" height=\"300\" srcset=\"https:\/\/creena.educacion.navarra.es\/web\/wp-content\/uploads\/2020\/09\/adiario-300x300.jpg 300w, https:\/\/creena.educacion.navarra.es\/web\/wp-content\/uploads\/2020\/09\/adiario-150x150.jpg 150w, https:\/\/creena.educacion.navarra.es\/web\/wp-content\/uploads\/2020\/09\/adiario.jpg 431w\" sizes=\"(max-width: 300px) 100vw, 300px\" \/><\/a><\/td>\n<td style=\"padding-left: 40px;\"><a href=\"https:\/\/autismodiario.com\/\" target=\"_blank\" rel=\"noopener noreferrer\"><strong>Autismo Diario\u00a0<\/strong><\/a><br \/>\nWeb interesante de TEA. Se actualiza frecuentemente. Es posible la suscripci\u00f3n y te env\u00edan los nuevos art\u00edculos.<\/td>\n<\/tr>\n<tr>\n<td><a href=\"https:\/\/creena.educacion.navarra.es\/web\/wp-content\/uploads\/2020\/09\/sonido.jpg\"><img loading=\"lazy\" class=\"size-full wp-image-14589 aligncenter\" src=\"https:\/\/creena.educacion.navarra.es\/web\/wp-content\/uploads\/2020\/09\/sonido.jpg\" alt=\"\" width=\"109\" height=\"104\" \/><\/a><\/td>\n<td>\n<p style=\"padding-left: 40px;\"><strong><a href=\"https:\/\/elsonidodelahierbaelcrecer.blogspot.com\/\" target=\"_blank\" rel=\"noopener noreferrer\">El Sonido de la hierba al crecer.<\/a><\/strong><br \/>\nBlog con numerosos recursos educativos para los ni\u00f1os.<\/p>\n<\/td>\n<\/tr>\n<tr>\n<td><a href=\"https:\/\/creena.educacion.navarra.es\/web\/wp-content\/uploads\/2020\/09\/gat.jpg\"><img loading=\"lazy\" class=\"alignleft size-full wp-image-14591\" src=\"https:\/\/creena.educacion.navarra.es\/web\/wp-content\/uploads\/2020\/09\/gat.jpg\" alt=\"\" width=\"132\" height=\"171\" \/><\/a><\/td>\n<td style=\"padding-left: 40px;\"><strong><a href=\"http:\/\/gat-atenciontemprana.org\/\" target=\"_blank\" rel=\"noopener noreferrer\">Web de la federaci\u00f3n espa\u00f1ola de profesionales de atenci\u00f3n temprana.<\/a><\/strong><\/td>\n<\/tr>\n<tr>\n<td><a href=\"https:\/\/creena.educacion.navarra.es\/web\/wp-content\/uploads\/2020\/09\/speaks-300x120.jpg\"><img loading=\"lazy\" class=\"alignleft size-medium wp-image-14593\" src=\"https:\/\/creena.educacion.navarra.es\/web\/wp-content\/uploads\/2020\/09\/speaks-300x120.jpg\" alt=\"\" width=\"300\" height=\"120\" srcset=\"https:\/\/creena.educacion.navarra.es\/web\/wp-content\/uploads\/2020\/09\/speaks-300x120.jpg 300w, https:\/\/creena.educacion.navarra.es\/web\/wp-content\/uploads\/2020\/09\/speaks.jpg 628w\" sizes=\"(max-width: 300px) 100vw, 300px\" \/><\/a><\/td>\n<td style=\"padding-left: 40px;\"><strong><a href=\"https:\/\/www.autismspeaks.org\/espanol\" target=\"_blank\" rel=\"noopener noreferrer\">Autism Speaks<\/a><br \/>\n<\/strong>Multitud de recursos para familias de EEUU<\/td>\n<\/tr>\n<tr>\n<td><a href=\"https:\/\/creena.educacion.navarra.es\/web\/wp-content\/uploads\/2020\/09\/ciudadreal.jpg\"><img loading=\"lazy\" class=\"alignleft size-full wp-image-14597\" src=\"https:\/\/creena.educacion.navarra.es\/web\/wp-content\/uploads\/2020\/09\/ciudadreal.jpg\" alt=\"\" width=\"225\" height=\"173\" \/><\/a><\/td>\n<td style=\"padding-left: 40px;\"><a href=\"https:\/\/atenciontempranaciudadreal.wordpress.com\/\" target=\"_blank\" rel=\"noopener noreferrer\"><strong>Atenci\u00f3n Temprana de Ciudad Real<\/strong><\/a><\/td>\n<\/tr>\n<tr>\n<td><a href=\"https:\/\/creena.educacion.navarra.es\/web\/wp-content\/uploads\/2020\/09\/antesde-300x114.jpg\"><img loading=\"lazy\" class=\"alignleft size-medium wp-image-14599\" src=\"https:\/\/creena.educacion.navarra.es\/web\/wp-content\/uploads\/2020\/09\/antesde-300x114.jpg\" alt=\"\" width=\"300\" height=\"114\" srcset=\"https:\/\/creena.educacion.navarra.es\/web\/wp-content\/uploads\/2020\/09\/antesde-300x114.jpg 300w, https:\/\/creena.educacion.navarra.es\/web\/wp-content\/uploads\/2020\/09\/antesde.jpg 331w\" sizes=\"(max-width: 300px) 100vw, 300px\" \/><\/a><\/td>\n<td style=\"padding-left: 40px;\"><strong><a href=\"http:\/\/antesprimeraspalabras.upf.edu\/\" target=\"_blank\" rel=\"noopener noreferrer\">Antes de las primeras palabras<\/a><br \/>\n<\/strong>Web de divulgaci\u00f3n cient\u00edfica sobre la comunicaci\u00f3n infantil durante el primer a\u00f1o de vida<\/td>\n<\/tr>\n<tr>\n<td><\/td>\n<td><\/td>\n<\/tr>\n<tr>\n<td><\/td>\n<td><\/td>\n<\/tr>\n<tr>\n<td><\/td>\n<td><\/td>\n<\/tr>\n<tr>\n<td><\/td>\n<td><\/td>\n<\/tr>\n<tr>\n<td><\/td>\n<td><\/td>\n<\/tr>\n<\/tbody>\n<\/table>\n","protected":false},"excerpt":{"rendered":"<p>Atenci\u00f3n temprana y familia. Atenci\u00f3n temprana.\u00a0\u00a0 Un blog de ORIENTA, asesores educativos Desarrollo infantil y atenci\u00f3n temprana. EOEP Espec\u00edfico de TGD de C\u00e1ceres. Portada del grupo. Organizador de los blogs, documentaci\u00f3n \u00fatil y contrastada sobre diferentes \u00e1mbitos de actuaci\u00f3n y materiales de elaboraci\u00f3n propia. Juegos Atenci\u00f3n Temprana Juegos infantiles Junta de Andaluc\u00eda. Atenci\u00f3n Temprana Trastornos [&hellip;]<\/p>\n","protected":false},"author":1,"featured_media":0,"parent":4388,"menu_order":2,"comment_status":"closed","ping_status":"closed","template":"","meta":{"_genesis_hide_title":false,"_genesis_hide_breadcrumbs":false,"_genesis_hide_singular_image":false,"_genesis_hide_footer_widgets":false,"_genesis_custom_body_class":"","_genesis_custom_post_class":"","_genesis_layout":"content-sidebar"},"_links":{"self":[{"href":"https:\/\/creena.educacion.navarra.es\/web\/eu\/wp-json\/wp\/v2\/pages\/4405"}],"collection":[{"href":"https:\/\/creena.educacion.navarra.es\/web\/eu\/wp-json\/wp\/v2\/pages"}],"about":[{"href":"https:\/\/creena.educacion.navarra.es\/web\/eu\/wp-json\/wp\/v2\/types\/page"}],"author":[{"embeddable":true,"href":"https:\/\/creena.educacion.navarra.es\/web\/eu\/wp-json\/wp\/v2\/users\/1"}],"replies":[{"embeddable":true,"href":"https:\/\/creena.educacion.navarra.es\/web\/eu\/wp-json\/wp\/v2\/comments?post=4405"}],"version-history":[{"count":3,"href":"https:\/\/creena.educacion.navarra.es\/web\/eu\/wp-json\/wp\/v2\/pages\/4405\/revisions"}],"predecessor-version":[{"id":14602,"href":"https:\/\/creena.educacion.navarra.es\/web\/eu\/wp-json\/wp\/v2\/pages\/4405\/revisions\/14602"}],"up":[{"embeddable":true,"href":"https:\/\/creena.educacion.navarra.es\/web\/eu\/wp-json\/wp\/v2\/pages\/4388"}],"wp:attachment":[{"href":"https:\/\/creena.educacion.navarra.es\/web\/eu\/wp-json\/wp\/v2\/media?parent=4405"}],"curies":[{"name":"wp","href":"https:\/\/api.w.org\/{rel}","templated":true}]}}