{"id":4444,"date":"2015-12-02T11:02:42","date_gmt":"2015-12-02T10:02:42","guid":{"rendered":"http:\/\/creena.educacion.navarra.es\/web\/eu\/atentzio-zuzeneko-arloa\/equipo-de-apoyo-a-necesidades-educativas\/informacion-general\/legislacion\/"},"modified":"2017-05-16T12:54:43","modified_gmt":"2017-05-16T10:54:43","slug":"legislacion","status":"publish","type":"page","link":"https:\/\/creena.educacion.navarra.es\/web\/eu\/atentzio-zuzeneko-arloa\/equipo-de-apoyo-a-necesidades-educativas\/informacion-generalae\/legislacion\/","title":{"rendered":"Legeria"},"content":{"rendered":"<p>Legislaci\u00f3n que regula la atenci\u00f3n a la diversidad:<\/p>\n<ul>\n<li><a href=\"http:\/\/www.boe.es\/boe\/dias\/2013\/12\/10\/pdfs\/BOE-A-2013-12886.pdf\" target=\"_blank\" rel=\"noopener noreferrer\">LOMCE<\/a>: Ley Org\u00e1nica para la Mejora de la Calidad Educativa. Ley 8\/2013 de 9 de diciembre (BOE del 10 de diciembre de 2013).\n<ul>\n<li>Titulo II Equidad en la Educaci\u00f3n Capitulo 1 Alumnado con necesidades espec\u00edfica de apoyo educativo apartados 1 y 2 del art\u00edculo 71.<\/li>\n<\/ul>\n<\/li>\n<li><a href=\"http:\/\/www.navarra.es\/home_es\/Actualidad\/BON\/Boletines\/2008\/93\/Anuncio-0\/\" target=\"_blank\" rel=\"noopener noreferrer\">Orden Foral 93\/2008<\/a>, de 13 de junio, que regula la atenci\u00f3n a la diversidad de los centros educativos de la Comunidad Foral de Navarra.<\/li>\n<li><a href=\"http:\/\/www.navarra.es\/home_es\/Actualidad\/BON\/Boletines\/2014\/174\/Anuncio-0\/\" target=\"_blank\" rel=\"noopener noreferrer\">Decreto Foral 60\/2014<\/a>, de 16 de julio, por el que se establece el curr\u00edculo de las ense\u00f1anzas de Educaci\u00f3n primaria en la Comunidad Fornal de Navarra.<\/li>\n<li><a href=\"http:\/\/www.navarra.es\/home_es\/Actualidad\/BON\/Boletines\/2014\/187\/Anuncio-0\/\" target=\"_blank\" rel=\"noopener noreferrer\">Orden Foral 72\/2014<\/a>, de 22 de agosto, del Consejo de Educaci\u00f3n, por la que se regula la evaluaci\u00f3n y promoci\u00f3n del alumnado que cursa la Eduaci\u00f3n Primaria en los centros p\u00fablicos, privados y privados concertados de la Comunidad Foral de Navarra.<\/li>\n<\/ul>\n","protected":false},"excerpt":{"rendered":"<p>Legislaci\u00f3n que regula la atenci\u00f3n a la diversidad: LOMCE: Ley Org\u00e1nica para la Mejora de la Calidad Educativa. Ley 8\/2013 de 9 de diciembre (BOE del 10 de diciembre de 2013). Titulo II Equidad en la Educaci\u00f3n Capitulo 1 Alumnado con necesidades espec\u00edfica de apoyo educativo apartados 1 y 2 del art\u00edculo 71. Orden Foral [&hellip;]<\/p>\n","protected":false},"author":1,"featured_media":0,"parent":4431,"menu_order":3,"comment_status":"closed","ping_status":"closed","template":"","meta":{"_genesis_hide_title":false,"_genesis_hide_breadcrumbs":false,"_genesis_hide_singular_image":false,"_genesis_hide_footer_widgets":false,"_genesis_custom_body_class":"","_genesis_custom_post_class":"","_genesis_layout":"content-sidebar"},"_links":{"self":[{"href":"https:\/\/creena.educacion.navarra.es\/web\/eu\/wp-json\/wp\/v2\/pages\/4444"}],"collection":[{"href":"https:\/\/creena.educacion.navarra.es\/web\/eu\/wp-json\/wp\/v2\/pages"}],"about":[{"href":"https:\/\/creena.educacion.navarra.es\/web\/eu\/wp-json\/wp\/v2\/types\/page"}],"author":[{"embeddable":true,"href":"https:\/\/creena.educacion.navarra.es\/web\/eu\/wp-json\/wp\/v2\/users\/1"}],"replies":[{"embeddable":true,"href":"https:\/\/creena.educacion.navarra.es\/web\/eu\/wp-json\/wp\/v2\/comments?post=4444"}],"version-history":[{"count":2,"href":"https:\/\/creena.educacion.navarra.es\/web\/eu\/wp-json\/wp\/v2\/pages\/4444\/revisions"}],"predecessor-version":[{"id":9338,"href":"https:\/\/creena.educacion.navarra.es\/web\/eu\/wp-json\/wp\/v2\/pages\/4444\/revisions\/9338"}],"up":[{"embeddable":true,"href":"https:\/\/creena.educacion.navarra.es\/web\/eu\/wp-json\/wp\/v2\/pages\/4431"}],"wp:attachment":[{"href":"https:\/\/creena.educacion.navarra.es\/web\/eu\/wp-json\/wp\/v2\/media?parent=4444"}],"curies":[{"name":"wp","href":"https:\/\/api.w.org\/{rel}","templated":true}]}}