{"id":5178,"date":"2016-04-20T09:06:16","date_gmt":"2016-04-20T07:06:16","guid":{"rendered":"http:\/\/creena.educacion.navarra.es\/web\/eu\/?page_id=5178"},"modified":"2024-09-23T12:22:09","modified_gmt":"2024-09-23T10:22:09","slug":"ospitaleko-laguntza-taldea","status":"publish","type":"page","link":"https:\/\/creena.educacion.navarra.es\/web\/eu\/informazio-eta-bitartekoen-arloa\/ospitaleko-laguntza-taldea\/","title":{"rendered":"Ospitaleko laguntza Programa"},"content":{"rendered":"<figure id=\"attachment_743\" aria-describedby=\"caption-attachment-743\" style=\"width: 258px\" class=\"wp-caption alignright\"><a href=\"https:\/\/creena.educacion.navarra.es\/web\/wp-content\/uploads\/2015\/11\/portada5-300x225.jpg\"><img loading=\"lazy\" class=\"wp-image-742\" src=\"https:\/\/creena.educacion.navarra.es\/web\/wp-content\/uploads\/2015\/11\/portada5-300x225.jpg\" alt=\"portada\" width=\"258\" height=\"194\" srcset=\"https:\/\/creena.educacion.navarra.es\/web\/wp-content\/uploads\/2015\/11\/portada5-300x225.jpg 300w, https:\/\/creena.educacion.navarra.es\/web\/wp-content\/uploads\/2015\/11\/portada5.jpg 534w\" sizes=\"(max-width: 258px) 100vw, 258px\" \/><\/a><figcaption id=\"caption-attachment-743\" class=\"wp-caption-text\">&#8220;En medio de la enfermedad, la actividad educativa, brota como un oasis curricular y emocional para el ni\u00f1o\/a hospitalizado&#8221;.<\/figcaption><\/figure>\n<li><a href=\"https:\/\/youtu.be\/ODxQ12iRkXg\" target=\"_blank\" rel=\"noopener noreferrer\" data-saferedirecturl=\"https:\/\/www.google.com\/url?q=https:\/\/youtu.be\/ODxQ12iRkXg&#038;source=gmail&#038;ust=1589441548949000&#038;usg=AFQjCNHjohVNXYx6HXJqxRkad44f_Nj4Xg\">CANCI\u00d3N &#8220;&#8221;BESOS REDONDOS&#8221;<\/a><\/li>\n<li>\n<div><a href=\"https:\/\/fundacion.atresmedia.com\/nuestros-proyectos\/humanizacion-hospitales-infantiles\/noticias\/dia-nino-hospitalizado-besos-virtuales-200-hospitales_202005055eb10f5fe1b7a9000158a806.html\" target=\"_blank\" rel=\"noopener noreferrer\" data-saferedirecturl=\"https:\/\/www.google.com\/url?q=https:\/\/fundacion.atresmedia.com\/nuestros-proyectos\/humanizacion-hospitales-infantiles\/noticias\/dia-nino-hospitalizado-besos-virtuales-200-hospitales_202005055eb10f5fe1b7a9000158a806.html&#038;source=gmail&#038;ust=1589441548949000&#038;usg=AFQjCNEqmkFU1LCHDJu6Jcm1QHnqZY4dvQ\">D\u00eda del ni\u00f1o hospitalizado 2020<\/a><\/div>\n<\/li>\n<li>V\u00eddeo:\u00a0<a href=\"https:\/\/creena.educacion.navarra.es\/web\/gestion-informacion-y-medios\/equipo-hospitalaria\/recursos-hospitalaria\/especialidades-de-pediatria\/\">&#8220;Especialidades de pediatr\u00eda&#8221;<\/a><\/li>\n<li>Unidad did\u00e1ctica el quir\u00f3fano\n<ul>\n<li><a href=\"https:\/\/drive.google.com\/open?id=1JTaqsgBr45M5jTun4mp7EQjj_FRjQiNF\" target=\"_blank\" rel=\"noopener noreferrer\">Castellano\/euskera<\/a><\/li>\n<li><a href=\"https:\/\/drive.google.com\/open?id=13d5AsbveWixQYs4qg684w2RtZnoLTFbw\" target=\"_blank\" rel=\"noopener noreferrer\">Castellano\/ingl\u00e9s<\/a><\/li>\n<\/ul>\n<\/li>\n<\/ul>\n","protected":false},"excerpt":{"rendered":"<p>CANCI\u00d3N &#8220;&#8221;BESOS REDONDOS&#8221; D\u00eda del ni\u00f1o hospitalizado 2020 V\u00eddeo:\u00a0&#8220;Especialidades de pediatr\u00eda&#8221; Unidad did\u00e1ctica el quir\u00f3fano Castellano\/euskera Castellano\/ingl\u00e9s<\/p>\n","protected":false},"author":1,"featured_media":0,"parent":4057,"menu_order":1,"comment_status":"closed","ping_status":"closed","template":"","meta":{"_genesis_hide_title":false,"_genesis_hide_breadcrumbs":false,"_genesis_hide_singular_image":false,"_genesis_hide_footer_widgets":false,"_genesis_custom_body_class":"","_genesis_custom_post_class":"","_genesis_layout":"full-width-content"},"_links":{"self":[{"href":"https:\/\/creena.educacion.navarra.es\/web\/eu\/wp-json\/wp\/v2\/pages\/5178"}],"collection":[{"href":"https:\/\/creena.educacion.navarra.es\/web\/eu\/wp-json\/wp\/v2\/pages"}],"about":[{"href":"https:\/\/creena.educacion.navarra.es\/web\/eu\/wp-json\/wp\/v2\/types\/page"}],"author":[{"embeddable":true,"href":"https:\/\/creena.educacion.navarra.es\/web\/eu\/wp-json\/wp\/v2\/users\/1"}],"replies":[{"embeddable":true,"href":"https:\/\/creena.educacion.navarra.es\/web\/eu\/wp-json\/wp\/v2\/comments?post=5178"}],"version-history":[{"count":7,"href":"https:\/\/creena.educacion.navarra.es\/web\/eu\/wp-json\/wp\/v2\/pages\/5178\/revisions"}],"predecessor-version":[{"id":18375,"href":"https:\/\/creena.educacion.navarra.es\/web\/eu\/wp-json\/wp\/v2\/pages\/5178\/revisions\/18375"}],"up":[{"embeddable":true,"href":"https:\/\/creena.educacion.navarra.es\/web\/eu\/wp-json\/wp\/v2\/pages\/4057"}],"wp:attachment":[{"href":"https:\/\/creena.educacion.navarra.es\/web\/eu\/wp-json\/wp\/v2\/media?parent=5178"}],"curies":[{"name":"wp","href":"https:\/\/api.w.org\/{rel}","templated":true}]}}