{"id":8885,"date":"2017-04-06T11:35:21","date_gmt":"2017-04-06T09:35:21","guid":{"rendered":"http:\/\/creena.educacion.navarra.es\/web\/balorazio-eta-aholkularitza-arloa\/entzumen-taldea\/baliabideak-a\/revistas-a\/"},"modified":"2017-05-08T08:50:20","modified_gmt":"2017-05-08T06:50:20","slug":"revistas-a","status":"publish","type":"page","link":"https:\/\/creena.educacion.navarra.es\/web\/eu\/balorazio-eta-aholkularitza-arloa\/entzumen-taldea\/baliabideak-a\/bibliografia-a\/revistas-a\/","title":{"rendered":"Aldizkariak A"},"content":{"rendered":"<figure style=\"width: 176px\" class=\"wp-caption alignleft\"><a href=\"http:\/\/implantecoclear.org\/index.php?option=com_content&amp;view=frontpage&amp;Itemid=150\" target=\"_blank\" rel=\"noopener noreferrer\"><img loading=\"lazy\" src=\"http:\/\/integracion.implantecoclear.org\/images\/phocagallery\/Portadas\/revista81.jpg\" alt=\"\" width=\"176\" height=\"248\" \/><\/a><figcaption class=\"wp-caption-text\">INTEGRACI\u00d3N, de la federaci\u00f3n de asociaciones de implantados cocleares de Espa\u00f1a.<\/figcaption><\/figure>\n<figure style=\"width: 177px\" class=\"wp-caption alignleft\"><a href=\"http:\/\/www.elsevier.es\/es-revista-revista-logopedia-foniatria-audiologia-309\" target=\"_blank\" rel=\"noopener noreferrer\"><img loading=\"lazy\" src=\"http:\/\/www.elsevier.es\/ficheros\/publicaciones\/\/02144603\/0000003700000001\/v1_201702050023\/es\/main.assets\/cover.jpeg\" alt=\"\" width=\"177\" height=\"242\" \/><\/a><figcaption class=\"wp-caption-text\">Revista de Logopedia, Foniatr\u00eda y Audiolog\u00eda de la Asociaci\u00f3n Espa\u00f1ola de Logopedia, Foniatr\u00eda y Audiolog\u00eda e Iberoamericana de Fonoaudiolog\u00eda (AELFA-IF)<\/figcaption><\/figure>\n<figure style=\"width: 187px\" class=\"wp-caption alignleft\"><a href=\"http:\/\/bibliotecafiapas.es\/tipo\/revistas\/\" target=\"_blank\" rel=\"noopener noreferrer\"><img loading=\"lazy\" src=\"http:\/\/www.fiapas.es\/EPORTAL_IMGS\/NEWS\/IMG-cw58ac4bdd53d51\/REVISTA_158_FIAPAS.jpg\" alt=\"\" width=\"187\" height=\"240\" \/><\/a><figcaption class=\"wp-caption-text\">FIAPAS de la Confederaci\u00f3n de familias de personas sordas<\/figcaption><\/figure>\n<p>&nbsp;<\/p>\n<p>&nbsp;<\/p>\n<p>&nbsp;<\/p>\n<p>&nbsp;<\/p>\n<p>&nbsp;<\/p>\n<p>&nbsp;<\/p>\n<p>&nbsp;<\/p>\n<p>&nbsp;<\/p>\n<p>&nbsp;<\/p>\n<p>&nbsp;<\/p>\n<figure style=\"width: 167px\" class=\"wp-caption alignleft\"><a href=\"https:\/\/www.gaes.es\/que-necesitas\/implantes-auditivos\/revista-oimos\" target=\"_blank\" rel=\"noopener noreferrer\"><img loading=\"lazy\" src=\"https:\/\/www.gaes.es\/uploads\/thumbs\/magazine\/11064-7018-oimos-presbiacusia-perdida-audicion-personas-mayores.jpg\" alt=\"\" width=\"167\" height=\"225\" \/><\/a><figcaption class=\"wp-caption-text\">O\u00edmos, revista informativa sobre los implantes auditivos y la hipoacusia severa de Gaes<\/figcaption><\/figure>\n<figure style=\"width: 235px\" class=\"wp-caption alignleft\"><a href=\"http:\/\/www.editorialcepe.es\/31-revista-audicion-y-lenguaje\" target=\"_blank\" rel=\"noopener noreferrer\"><img loading=\"lazy\" src=\"http:\/\/www.editorialcepe.es\/3807-large_default\/audicion-y-lenguaje-n-117.jpg\" alt=\"\" width=\"235\" height=\"226\" \/><\/a><figcaption class=\"wp-caption-text\">Revista de la Federaci\u00f3n Espa\u00f1ola de profesores de audici\u00f3n y lenguaje (FEPAL)<\/figcaption><\/figure>\n<p>&nbsp;<\/p>\n","protected":false},"excerpt":{"rendered":"<p>&nbsp; &nbsp; &nbsp; &nbsp; &nbsp; &nbsp; &nbsp; &nbsp; &nbsp; &nbsp; &nbsp;<\/p>\n","protected":false},"author":1,"featured_media":0,"parent":4326,"menu_order":0,"comment_status":"closed","ping_status":"closed","template":"","meta":{"_genesis_hide_title":false,"_genesis_hide_breadcrumbs":false,"_genesis_hide_singular_image":false,"_genesis_hide_footer_widgets":false,"_genesis_custom_body_class":"","_genesis_custom_post_class":"","_genesis_layout":""},"_links":{"self":[{"href":"https:\/\/creena.educacion.navarra.es\/web\/eu\/wp-json\/wp\/v2\/pages\/8885"}],"collection":[{"href":"https:\/\/creena.educacion.navarra.es\/web\/eu\/wp-json\/wp\/v2\/pages"}],"about":[{"href":"https:\/\/creena.educacion.navarra.es\/web\/eu\/wp-json\/wp\/v2\/types\/page"}],"author":[{"embeddable":true,"href":"https:\/\/creena.educacion.navarra.es\/web\/eu\/wp-json\/wp\/v2\/users\/1"}],"replies":[{"embeddable":true,"href":"https:\/\/creena.educacion.navarra.es\/web\/eu\/wp-json\/wp\/v2\/comments?post=8885"}],"version-history":[{"count":1,"href":"https:\/\/creena.educacion.navarra.es\/web\/eu\/wp-json\/wp\/v2\/pages\/8885\/revisions"}],"predecessor-version":[{"id":8887,"href":"https:\/\/creena.educacion.navarra.es\/web\/eu\/wp-json\/wp\/v2\/pages\/8885\/revisions\/8887"}],"up":[{"embeddable":true,"href":"https:\/\/creena.educacion.navarra.es\/web\/eu\/wp-json\/wp\/v2\/pages\/4326"}],"wp:attachment":[{"href":"https:\/\/creena.educacion.navarra.es\/web\/eu\/wp-json\/wp\/v2\/media?parent=8885"}],"curies":[{"name":"wp","href":"https:\/\/api.w.org\/{rel}","templated":true}]}}