{"id":10,"date":"2016-06-13T09:30:11","date_gmt":"2016-06-13T09:30:11","guid":{"rendered":"https:\/\/creenasensibilizacion.wordpress.com\/?page_id=10"},"modified":"2019-01-25T08:32:10","modified_gmt":"2019-01-25T07:32:10","slug":"introduccion","status":"publish","type":"page","link":"https:\/\/creena.educacion.navarra.es\/web\/guiasensibilizacion\/","title":{"rendered":"Introducci\u00f3n"},"content":{"rendered":"<div class=\"texto\">\n<p>La diversidad del alumnado, que siempre ha estado presente en los centros educativos, ha adquirido en los \u00faltimos a\u00f1os una dimensi\u00f3n creciente, producto de factores existentes en la sociedad. Esta diversidad la debemos valorar como un recurso para enriquecer el aprendizaje de nuestros alumnos en nuestras aulas y en consecuencia favorecer su desarrollo humano.<\/p>\n<p>La Ley Org\u00e1nica 2\/2006, de 3 de mayo, de Educaci\u00f3n establece en su pre\u00e1mbulo que \u00abel servicio p\u00fablico de la educaci\u00f3n considera a esta como un servicio esencial de la comunidad, que debe hacer que la educaci\u00f3n escolar sea asequible a todos, sin distinci\u00f3n de ninguna clase, en condiciones de igualdad de oportunidades, con garant\u00eda de regularidad y continuidad y adaptada progresivamente a los cambios sociales\u00bb. Por ello considera que \u00abla atenci\u00f3n a la diversidad es un principio que debe regir toda la ense\u00f1anza b\u00e1sica para proporcionar a todo el alumnado una educaci\u00f3n adecuada a sus caracter\u00edsticas y necesidades.\u00bb<\/p>\n<p>Desarrollando estas premisas, el t\u00edtulo II de la LOE plantea que la adecuada respuesta educativa a todos los alumnos se concibe a partir de los \u00abprincipios de normalizaci\u00f3n e inclusi\u00f3n\u00bb, \u00fanico modo de garantizar que \u00abtodo el alumnado alcance el m\u00e1ximo desarrollo personal, intelectual, social y emocional\u00bb (art. 71).<\/p>\n<\/div>\n<div class=\"b-counter\"><\/div>\n<p><!--more--><\/p>\n<p><b>Dentro de los principios y fines de la Educaci\u00f3n la citada ley establece:<\/b><\/p>\n<p>La calidad de la educaci\u00f3n para todo el alumnado, independientemente de sus condiciones y circunstancias. La equidad, que garantice la igualdad de oportunidades, la inclusi\u00f3n educativa y la no discriminaci\u00f3n y act\u00fae como elemento compensador de las desigualdades personales, culturales, econ\u00f3micas y sociales, y contribuya a una mayor cohesi\u00f3n social.<\/p>\n<p>En la misma l\u00ednea, la LEY FORAL 12\/2018, de 30 de octubre establece que \u00abLa Administraci\u00f3n de la Comunidad Foral garantizar\u00e1 el acceso en igualdad de condiciones de las personas con discapacidad a una educaci\u00f3n inclusiva, de calidad y gratuita, de acuerdo con lo establecido en la legislaci\u00f3n estatal.<\/p>\n<p>Para ello asegurar\u00e1 un sistema educativo inclusivo en todos los niveles educativos y garantizar\u00e1 un puesto escolar al alumnado con discapacidad en la educaci\u00f3n b\u00e1sica, prestando atenci\u00f3n a la diversidad de necesidades educativas del alumnado con discapacidad, mediante la regulaci\u00f3n de apoyos y ajustes razonables para quienes precisen una atenci\u00f3n especial de aprendizaje o de inclusi\u00f3n. Asimismo, el alumnado con discapacidad que quiera cursar educaci\u00f3n postobligatoria en el sistema educativo de Navarra tendr\u00e1 garantizado el acceso al mismo mediante el sistema de cupo de reserva o como criterio prioritario de escolarizaci\u00f3n, en los t\u00e9rminos previstos en la legislaci\u00f3n sectorial.\u00bb<\/p>\n<div class=\"b-wrap b-wrap-right\">\n<div class=\"texto\">\n<p>Partimos por lo tanto de la premisa de que se debe considerar la diversidad del alumnado como punto de partida de cualquier actuaci\u00f3n educativa, y no como una medida que responda a las necesidades de unos pocos.<\/p>\n<p>El reto al que nos enfrentamos es promover respuestas educativas adecuadas, inclusivas e integradas en el centro educativo, capaces de ofrecer una formaci\u00f3n de calidad al conjunto del alumnado. Se ha de tener en cuenta que la inclusi\u00f3n es un proceso, una b\u00fasqueda continua de formas de responder a la diversidad. No es un estado final, sino un camino que recorre cada centro escolar.<\/p>\n<p>Esta diversidad implica ritmos diferentes de aprendizaje entre el alumnado. Por ello, esta atenci\u00f3n a la diversidad hace que nos planteemos un modelo inclusivo para poder abordarla. Este modelo permite llevar a cabo una educaci\u00f3n de calidad para todos los alumnos\/as\u00a0independientemente de sus circunstancias sociales, de g\u00e9nero, f\u00edsicas o cognitivas.<\/p>\n<div class=\"b-wrap b-wrap-left\">\n<div class=\"texto\">\n<p>La educaci\u00f3n inclusiva se define como la educaci\u00f3n adaptada, personalizada y a la medida de todos los ni\u00f1os en sus grupos clase que da respuesta a una diversidad de necesidades, habilidades y niveles de competencias. Entendemos por escuela inclusiva aqu\u00e9lla que:<\/p>\n<ul>\n<li>Identifica las barreras para el aprendizaje y la participaci\u00f3n para luego minimizarlas, a la vez que maximiza los recursos que apoyan ambos procesos<\/li>\n<li>No se centra \u00fanicamente en las necesidades de los alumnos y alumnas sino que reflexiona sobre los planteamientos del contexto escolar.<\/li>\n<li>Ofrece a todo su alumnado oportunidades educativas y ayudas para su progreso.<\/li>\n<li>Promueve ambientes de aprendizaje que capaciten a todos los alumnos y alumnas para participar en una ense\u00f1anza lo m\u00e1s individualizada posible.<\/li>\n<li>Percibe la diversidad como una riqueza para todos y no como un problema.<\/li>\n<li>Desarrolla valores de participaci\u00f3n y colaboraci\u00f3n compartidos por la Comunidad Educativa.<\/li>\n<li>Educa en la diferencia, el respeto a la particularidad de cada uno y en el reconocimiento y valor de la diversidad.<\/li>\n<\/ul>\n<p><b>La escuela inclusiva requiere:<\/b><\/p>\n<ul>\n<li>Implicaci\u00f3n por parte de toda la comunidad educativa: familias, profesorado y alumnado.<\/li>\n<li>Propuestas metodolog\u00edas que hagan que el alumno\/a sea el protagonista en su propio aprendizaje: aprendizaje cooperativo, grupos interactivos, tutor\u00eda entre iguales, uso de las nuevas tecnolog\u00edas etc.<\/li>\n<li>Cambios organizativos, que promuevan una mayor flexibilidad en cuanto a la distribuci\u00f3n de agrupamientos, espacios y tiempos, aceptando la diversidad como riqueza.<\/li>\n<li>Curr\u00edculo flexible dando respuesta a todos los alumnos\/as, priorizando el aprendizaje de las competencias b\u00e1sicas.<\/li>\n<\/ul>\n<p>Para poder llevar a cabo esta propuesta es necesario informar, sensibilizar e implicar a toda la comunidad educativa de un centro escolar. Este trabajo pretende ofrecer materiales que den a conocer la realidad de nuestro alumnado y ayuden a promover valores de respeto, empat\u00eda y aceptaci\u00f3n de las diferencias.<\/p>\n<p>Cada centro tiene diferentes caracter\u00edsticas y por ello se pretende que este material se pueda adaptar a las mismas y pueda ofrecer la ayuda necesaria para poder avanzar en la construcci\u00f3n de un sistema educativo m\u00e1s inclusivo.<\/p>\n<\/div>\n<\/div>\n<\/div>\n<\/div>\n","protected":false},"excerpt":{"rendered":"<p>La diversidad del alumnado, que siempre ha estado presente en los centros educativos, ha adquirido en los \u00faltimos a\u00f1os una dimensi\u00f3n creciente, producto de factores existentes en la sociedad. Esta diversidad la debemos valorar como un recurso para enriquecer el &hellip; <a href=\"https:\/\/creena.educacion.navarra.es\/web\/guiasensibilizacion\/\">Sigue leyendo <span class=\"meta-nav\">&rarr;<\/span><\/a><\/p>\n","protected":false},"author":1,"featured_media":0,"parent":0,"menu_order":0,"comment_status":"closed","ping_status":"closed","template":"","meta":[],"_links":{"self":[{"href":"https:\/\/creena.educacion.navarra.es\/web\/guiasensibilizacion\/wp-json\/wp\/v2\/pages\/10"}],"collection":[{"href":"https:\/\/creena.educacion.navarra.es\/web\/guiasensibilizacion\/wp-json\/wp\/v2\/pages"}],"about":[{"href":"https:\/\/creena.educacion.navarra.es\/web\/guiasensibilizacion\/wp-json\/wp\/v2\/types\/page"}],"author":[{"embeddable":true,"href":"https:\/\/creena.educacion.navarra.es\/web\/guiasensibilizacion\/wp-json\/wp\/v2\/users\/1"}],"replies":[{"embeddable":true,"href":"https:\/\/creena.educacion.navarra.es\/web\/guiasensibilizacion\/wp-json\/wp\/v2\/comments?post=10"}],"version-history":[{"count":1,"href":"https:\/\/creena.educacion.navarra.es\/web\/guiasensibilizacion\/wp-json\/wp\/v2\/pages\/10\/revisions"}],"predecessor-version":[{"id":2328,"href":"https:\/\/creena.educacion.navarra.es\/web\/guiasensibilizacion\/wp-json\/wp\/v2\/pages\/10\/revisions\/2328"}],"wp:attachment":[{"href":"https:\/\/creena.educacion.navarra.es\/web\/guiasensibilizacion\/wp-json\/wp\/v2\/media?parent=10"}],"curies":[{"name":"wp","href":"https:\/\/api.w.org\/{rel}","templated":true}]}}