{"id":123,"date":"2016-06-17T06:28:36","date_gmt":"2016-06-17T06:28:36","guid":{"rendered":"https:\/\/creenasensibilizacion.wordpress.com\/?page_id=123"},"modified":"2017-11-16T13:11:57","modified_gmt":"2017-11-16T12:11:57","slug":"modelo-de-sensibilizacion","status":"publish","type":"page","link":"https:\/\/creena.educacion.navarra.es\/web\/guiasensibilizacion\/modelo-de-sensibilizacion\/","title":{"rendered":"Modelo de sensibilizaci\u00f3n"},"content":{"rendered":"<p>Familiarizarse con la diversidad y asumir la inclusi\u00f3n como actitud relacional con naturalidad, requiere haber recorrido un trayecto largo y muchas veces complejo.<\/p>\n<p>Con este material, queremos facilitar a la comunidad educativa, recursos para ayudar a sensibilizar hacia la inclusi\u00f3n. Entendemos por sensibilizar en primer lugar, hacer visible esta realidad humana diversa aprendiendo a mirar la diferencia como valor; en segundo lugar, ir logrando progresivamente cambios en las creencias, actitudes y conductas; y, en tercer lugar, motivar hacia la acci\u00f3n trasformadora del contexto comunitario, comprobando que la realidad se puede cambiar.<\/p>\n<p>En la planificaci\u00f3n general de la Educaci\u00f3n para Todos se debe incluir expl\u00edcitamente a toda la comunidad de personas y explorar soluciones para mejorar la convivencia y educar a los ni\u00f1os\/as en la igualdad de oportunidades.<\/p>\n<p>Este planteamiento nos lleva a:<\/p>\n<ul>\n<li>Percibir la diversidad: Existe una necesidad de conocer la variedad y riqueza existente entre las personas con las que convivimos y tomar conciencia de nuestro modo de acercarnos a ellas.<\/li>\n<li>Reaccionar positivamente: Trabajar con toda la comunidad educativa actitudes de respeto, aceptaci\u00f3n y empat\u00eda.<\/li>\n<li>Actuar y comprometerse: Hay\u00a0que trabajar para eliminar las barreras identificadas que impiden la participaci\u00f3n y el aprendizaje. Toda la comunidad educativa puede implicarse.<\/li>\n<\/ul>\n<p style=\"padding-left: 30px;\">Para desarrollar este proceso, proponemos un modelo conformado por cinco fases: percepci\u00f3n &#8211;\u00a0emociones \u2013 empat\u00eda \u2013 reflexi\u00f3n \u2013 plan de acci\u00f3n. Fases que se retroalimentan de modo positivo y ascendente, transformando y construyendo nuevas miradas sobre una realidad multidimensional.<\/p>\n<p>Este modelo y sus fases, constituyen el esquema b\u00e1sico de cualquier proceso de aprendizaje, cuando \u00e9ste pretende ser significativo y, por lo tanto, constructivo. Lo que quiz\u00e1 resulte novedoso en su aplicaci\u00f3n pedag\u00f3gica, es la incorporaci\u00f3n de manera expl\u00edcita de las emociones en la construcci\u00f3n de nuevos aprendizajes; enfoque, por otra parte, en plena vigencia y desarrollo desde la incorporaci\u00f3n de las competencias b\u00e1sicas en los curr\u00edculos y, en concreto, de la competencia referida al desarrollo personal y social.<\/p>\n<ul>\n<li>Fase 1. Percepci\u00f3n: se trata de revisar y cuestionar creencias, prejuicios y esquemas cognitivos haciendo visible la diversidad y promoviendo un cambio de mirada sobre la realidad.<\/li>\n<li>Fase 2. Emociones: toda percepci\u00f3n va asociada a una emoci\u00f3n; si cambiamos la percepci\u00f3n, cambia tambi\u00e9n la emoci\u00f3n. En esta fase tomamos conciencia de qu\u00e9 emociones tenemos sobre determinadas personas, situaciones y c\u00f3mo transformar actitudes excluyentes en inclusivas y positivas.<\/li>\n<li>Fase 3. Empat\u00eda: una nueva mirada sobre las personas, desde el conocimiento y desde la emoci\u00f3n, facilita la activaci\u00f3n de la actitud emp\u00e1tica: acercarse a su espacio vital interno, ser capaz de sintonizar emocionalmente y comprender sus esquemas mentales.<\/li>\n<li>Fase 4. Reflexi\u00f3n: todos los elementos anteriores se sistematizan y se interiorizan, logr\u00e1ndose la transformaci\u00f3n de percepciones, emociones, actitudes. produci\u00e9ndose un cambio interno y naciendo el impulso para actuar sobre la realidad externa.<\/li>\n<li>Fase 5. Plan de acci\u00f3n: como \u00faltima fase de todo este proceso se trata de motivar para el cambio, de consolidar y plasmar en la realidad ese cambio de actitudes desarrollando acciones \u00fatiles de solidaridad, cooperaci\u00f3n, construcci\u00f3n de justicia y divulgaci\u00f3n de buenas pr\u00e1cticas.Se debe continuar en la b\u00fasqueda de unos principios compartidos, para promover metodolog\u00edas inclusivas, activas y participativas que logren la transformaci\u00f3n de actitudes con respecto a la diversidad en nuestras aulas y la generaci\u00f3n de procesos y procedimientos que garanticen un servicio de calidad para todos y todas.<\/li>\n<\/ul>\n<p>La metodolog\u00eda m\u00e1s adecuada tratar\u00e1 de:<\/p>\n<ul>\n<li>seleccionar estrategias beneficiosas para todo el alumnado.<\/li>\n<li>favorecer la reflexi\u00f3n y la expresi\u00f3n de ideas y sentimientos.<\/li>\n<li>introducir de forma planificada la interacci\u00f3n y ayuda entre los alumnos\/as.<\/li>\n<li>presentar los contenidos de aprendizaje en diferentes formatos.<\/li>\n<li>estructurar las actividades por niveles y diferentes posibilidades de ejecuci\u00f3n.<\/li>\n<li>establecer momentos en los que confluyan diversas actividades dentro del aula.<\/li>\n<\/ul>\n<p>Este material incide de modo especial en las siguientes competencias:- la Competencia social y ciudadana, puesto que hace posible comprender la realidad social en que vivimos, ayuda a entender la pluralidad de nuestra sociedad, facilita las habilidades para conocerse, valorarse, ponerse en el lugar de otro y promueve compromisos y acciones que mejoren la vida del centro.- la Competencia de autonom\u00eda e iniciativa personal. Esta competencia favorece el desarrollo de habilidades sociales para relacionarse, cooperar y trabajar en equipo: ponerse en el lugar del otro, valorar las ideas de los dem\u00e1s, dialogar y negociar, la asertividad para hacer saber adecuadamente a los dem\u00e1s las propias decisiones, y trabajar de forma cooperativa y flexible.<\/p>\n<p><strong>DESCRIPCI\u00d3N DE LA GU\u00cdA<\/strong><\/p>\n<p>Esta gu\u00eda est\u00e1 dividida en dos bloques:<\/p>\n<p>En el primer bloque se han distribuido los materiales por niveles educativos (infantil, primaria y secundaria). Estos materiales consisten en actividades de aula, cuentos y narraciones y materiales audiovisuales.<\/p>\n<p>Cada material va acompa\u00f1ado de una breve descripci\u00f3n y de un enlace.<\/p>\n<p>Este enlace permitir\u00e1 acceder, bien al material para imprimir en el caso de las actividades, bien a su localizaci\u00f3n en Internet, o bien a informaci\u00f3n de su localizaci\u00f3n.<\/p>\n<p>El segundo bloque est\u00e1 formado por documentaci\u00f3n de car\u00e1cter general relacionada con la inclusi\u00f3n educativa. Est\u00e1 dividida en los siguientes apartados: Bibliograf\u00eda, webgraf\u00eda, blogs y v\u00eddeos. Igual que en el bloque anterior, cada material se acompa\u00f1a de una breve descripci\u00f3n y de un enlace.<\/p>\n","protected":false},"excerpt":{"rendered":"<p>Familiarizarse con la diversidad y asumir la inclusi\u00f3n como actitud relacional con naturalidad, requiere haber recorrido un trayecto largo y muchas veces complejo. Con este material, queremos facilitar a la comunidad educativa, recursos para ayudar a sensibilizar hacia la inclusi\u00f3n. &hellip; <a href=\"https:\/\/creena.educacion.navarra.es\/web\/guiasensibilizacion\/modelo-de-sensibilizacion\/\">Sigue leyendo <span class=\"meta-nav\">&rarr;<\/span><\/a><\/p>\n","protected":false},"author":1,"featured_media":0,"parent":0,"menu_order":0,"comment_status":"closed","ping_status":"closed","template":"","meta":[],"_links":{"self":[{"href":"https:\/\/creena.educacion.navarra.es\/web\/guiasensibilizacion\/wp-json\/wp\/v2\/pages\/123"}],"collection":[{"href":"https:\/\/creena.educacion.navarra.es\/web\/guiasensibilizacion\/wp-json\/wp\/v2\/pages"}],"about":[{"href":"https:\/\/creena.educacion.navarra.es\/web\/guiasensibilizacion\/wp-json\/wp\/v2\/types\/page"}],"author":[{"embeddable":true,"href":"https:\/\/creena.educacion.navarra.es\/web\/guiasensibilizacion\/wp-json\/wp\/v2\/users\/1"}],"replies":[{"embeddable":true,"href":"https:\/\/creena.educacion.navarra.es\/web\/guiasensibilizacion\/wp-json\/wp\/v2\/comments?post=123"}],"version-history":[{"count":4,"href":"https:\/\/creena.educacion.navarra.es\/web\/guiasensibilizacion\/wp-json\/wp\/v2\/pages\/123\/revisions"}],"predecessor-version":[{"id":2281,"href":"https:\/\/creena.educacion.navarra.es\/web\/guiasensibilizacion\/wp-json\/wp\/v2\/pages\/123\/revisions\/2281"}],"wp:attachment":[{"href":"https:\/\/creena.educacion.navarra.es\/web\/guiasensibilizacion\/wp-json\/wp\/v2\/media?parent=123"}],"curies":[{"name":"wp","href":"https:\/\/api.w.org\/{rel}","templated":true}]}}