{"id":37,"date":"2016-06-13T12:31:53","date_gmt":"2016-06-13T12:31:53","guid":{"rendered":"https:\/\/creenasensibilizacion.wordpress.com\/cuentos\/"},"modified":"2024-02-28T13:20:19","modified_gmt":"2024-02-28T12:20:19","slug":"cuentos","status":"publish","type":"page","link":"https:\/\/creena.educacion.navarra.es\/web\/guiasensibilizacion\/educacion-infantil\/cuentos\/","title":{"rendered":"Cuentos"},"content":{"rendered":"<div class=\"b-wrap b-wrap-left\">\n<div class=\"indice_contenedor\">\n<div class=\"indice_detalle\">\n<div class=\"b-wrap b-wrap-left\">\n<div class=\"indice_contenedor\">\n<ul>\n<li><\/li>\n<li><strong>\u00bf<a href=\"https:\/\/creena.educacion.navarra.es\/web\/guiasensibilizacion\/2024\/02\/28\/invisibles-ikusezinak\/\">Invisibles? Ikusezinak?<\/a><\/strong><\/li>\n<li><a href=\"http:\/\/creena.educacion.navarra.es\/web\/guiasensibilizacion\/2016\/06\/17\/3-txerrikumeak\/\"><strong>3 Txerrikumeak<\/strong><\/a><\/li>\n<li><a href=\"https:\/\/creena.educacion.navarra.es\/web\/guiasensibilizacion\/2016\/09\/05\/amigos-de-todas-clases-hasta-verdes\/\"><strong>Amigos de todas clases,\u00a1Hasta verdes!<\/strong><\/a><\/li>\n<li><a href=\"http:\/\/creena.educacion.navarra.es\/web\/guiasensibilizacion\/2016\/09\/05\/caperucita-roja\/\"><strong>Caperucita Roja<\/strong><\/a><\/li>\n<li><a href=\"http:\/\/creena.educacion.navarra.es\/web\/guiasensibilizacion\/2016\/09\/05\/celebraciones\/\">\u00a0<strong>Celebraciones<\/strong><\/a><\/li>\n<li><a href=\"http:\/\/creena.educacion.navarra.es\/web\/guiasensibilizacion\/2019\/02\/27\/copos-de-nieve\/\"><strong>Copos de Nieve<\/strong><\/a><\/li>\n<li><a href=\"http:\/\/creena.educacion.navarra.es\/web\/guiasensibilizacion\/2016\/09\/05\/down\/\">D<strong>own<\/strong><\/a><\/li>\n<li><a href=\"http:\/\/creena.educacion.navarra.es\/web\/guiasensibilizacion\/2016\/09\/05\/edu-el-pequeno-lobo\/\"><strong>Edu, el peque\u00f1o lobo<\/strong><\/a><\/li>\n<li>\u00a0<a href=\"http:\/\/creena.educacion.navarra.es\/web\/guiasensibilizacion\/2016\/09\/05\/el-caracol-serafin\/\"><strong>El caracol Seraf\u00edn<\/strong><\/a><\/li>\n<li><a href=\"http:\/\/creena.educacion.navarra.es\/web\/guiasensibilizacion\/2016\/09\/06\/serafin-barraskiloa\/\"><strong>Serafin barraskiloa<\/strong><\/a><\/li>\n<li><a href=\"http:\/\/creena.educacion.navarra.es\/web\/guiasensibilizacion\/2016\/09\/05\/el-cazo-de-lorenzo\/\"><strong>El cazo de Lorenzo<\/strong><\/a><\/li>\n<li><a href=\"http:\/\/creena.educacion.navarra.es\/web\/guiasensibilizacion\/2016\/09\/05\/el-grillo-benito\/\"><strong>El grillo Benito<\/strong><\/a><\/li>\n<li><strong><a href=\"https:\/\/creena.educacion.navarra.es\/web\/guiasensibilizacion\/2022\/09\/09\/el-panuelo-magico\/\">El pa\u00f1uelo m\u00e1gico<\/a><\/strong><\/li>\n<li><a href=\"http:\/\/creena.educacion.navarra.es\/web\/guiasensibilizacion\/2016\/09\/05\/el-patito-feo\/\"><strong>El patito feo<\/strong><\/a><\/li>\n<li><a href=\"http:\/\/creena.educacion.navarra.es\/web\/guiasensibilizacion\/2016\/09\/05\/el-patito-feo-adaptacion-con-pictogramas\/\"><strong>El patito feo (Adaptaci\u00f3n con apoyos de pictogramas)<\/strong><\/a><\/li>\n<li>\u00a0<a href=\"http:\/\/creena.educacion.navarra.es\/web\/guiasensibilizacion\/2016\/09\/05\/el-pez-arcoiris\/\"><strong>El pez arcoiris<\/strong><\/a><\/li>\n<li><a href=\"http:\/\/creena.educacion.navarra.es\/web\/guiasensibilizacion\/2016\/09\/05\/esta-bien-ser-diferente\/\"><strong>Est\u00e1 bien ser diferente<\/strong><\/a><\/li>\n<li><a href=\"http:\/\/creena.educacion.navarra.es\/web\/guiasensibilizacion\/2016\/09\/05\/jafta\/\"><strong>Jafta<\/strong><\/a><\/li>\n<li><a href=\"http:\/\/creena.educacion.navarra.es\/web\/guiasensibilizacion\/2016\/09\/06\/juan-es-diferente\/\"><strong>Juan es diferente<\/strong><\/a><\/li>\n<li><a href=\"http:\/\/creena.educacion.navarra.es\/web\/guiasensibilizacion\/2016\/09\/06\/la-oveja-carlota\/\"><strong>La oveja Carlota<\/strong><\/a><\/li>\n<li><a href=\"http:\/\/creena.educacion.navarra.es\/web\/guiasensibilizacion\/2016\/09\/06\/la-pulga-leocadia\/\"><strong>La pula Leocadia<\/strong><\/a><\/li>\n<li><a href=\"http:\/\/creena.educacion.navarra.es\/web\/guiasensibilizacion\/2016\/09\/06\/leokadia-arkakusoa\/\"><strong>Leokadia arkakusoa<\/strong><\/a><\/li>\n<li>\u00a0<a href=\"http:\/\/creena.educacion.navarra.es\/web\/guiasensibilizacion\/2016\/09\/06\/la-ratita-presumida\/\"><strong>La ratita presumida\u00a0(ONCE)<\/strong><\/a><\/li>\n<li><a href=\"http:\/\/creena.educacion.navarra.es\/web\/guiasensibilizacion\/2016\/09\/06\/la-ratita-presumida-2\/\"><strong>La ratita presumida<\/strong><\/a><\/li>\n<li><a href=\"http:\/\/creena.educacion.navarra.es\/web\/guiasensibilizacion\/2016\/09\/06\/la-tortuga-marian\/\"><strong>La tortuga Marian<\/strong><\/a><\/li>\n<li><a href=\"http:\/\/creena.educacion.navarra.es\/web\/guiasensibilizacion\/2016\/09\/06\/la-vaca-y-la-mosca\/\"><strong>La vaca y la mosca<\/strong><\/a><\/li>\n<li><a href=\"http:\/\/creena.educacion.navarra.es\/web\/guiasensibilizacion\/2016\/09\/06\/liapesadillas\/\"><strong>Liapesadillas<\/strong><\/a><\/li>\n<li><a href=\"http:\/\/creena.educacion.navarra.es\/web\/guiasensibilizacion\/2016\/09\/06\/lola-la-loba\/\"><strong>Lola, la loba<\/strong><\/a><\/li>\n<li><strong><a href=\"http:\/\/creena.educacion.navarra.es\/web\/guiasensibilizacion\/2019\/02\/25\/los-muelles-del-saltamontes\/\">Los muelles del Saltamontes<\/a><\/strong><\/li>\n<li><a href=\"http:\/\/creena.educacion.navarra.es\/web\/guiasensibilizacion\/2016\/09\/06\/los-tres-cerditos\/\"><strong>Los tres cerditos<\/strong><\/a><\/li>\n<li><a href=\"http:\/\/creena.educacion.navarra.es\/web\/guiasensibilizacion\/2016\/09\/06\/lucia-no-teme-a-la-oscuridad\/\"><strong>Luc\u00eda no teme a la oscuridad<\/strong><\/a><\/li>\n<li><a href=\"http:\/\/creena.educacion.navarra.es\/web\/guiasensibilizacion\/2016\/09\/06\/mi-silla-de-ruedas\/\"><strong>Mi silla de ruedas<\/strong><\/a><\/li>\n<li><a href=\"http:\/\/creena.educacion.navarra.es\/web\/guiasensibilizacion\/2016\/09\/06\/mimi-y-la-jirafa-azul\/\"><strong>Mimi y la jirafa azul<\/strong><\/a><\/li>\n<li><a href=\"http:\/\/creena.educacion.navarra.es\/web\/guiasensibilizacion\/2016\/09\/06\/oliver-y-sus-audifonos\/\"><strong>Oliver y sus aud\u00edfonos<\/strong><\/a><\/li>\n<li><a href=\"http:\/\/creena.educacion.navarra.es\/web\/guiasensibilizacion\/2016\/09\/06\/el-boton-oscar\/\"><strong>El bot\u00f3n Oscar<\/strong><\/a><\/li>\n<li><a href=\"http:\/\/creena.educacion.navarra.es\/web\/guiasensibilizacion\/2016\/09\/06\/por-cuatro-esquinitas-de-nada\/\"><strong>Por cuatro esquinitas de nada (ONCE)<\/strong><\/a><\/li>\n<li><a href=\"http:\/\/creena.educacion.navarra.es\/web\/guiasensibilizacion\/2016\/09\/06\/por-cuatro-esquinitas-de-nada-2\/\"><strong>Por cuatro esquinitas de nada<\/strong><\/a><\/li>\n<li><a href=\"http:\/\/creena.educacion.navarra.es\/web\/guiasensibilizacion\/2016\/09\/06\/sin-rumbo-por-el-mundo-catalina-y-el-oso\/\"><strong>Sin rumbo por el mundo, Catalina y el oso<\/strong><\/a><\/li>\n<li><a href=\"http:\/\/creena.educacion.navarra.es\/web\/guiasensibilizacion\/2016\/09\/06\/sofia-la-golondrina\/\"><strong>Sof\u00eda la golondrina<\/strong><\/a><\/li>\n<li><a href=\"http:\/\/creena.educacion.navarra.es\/web\/guiasensibilizacion\/2016\/09\/06\/soy-gordito\/\"><strong>Soy gordito<\/strong><\/a><\/li>\n<li><a href=\"http:\/\/creena.educacion.navarra.es\/web\/guiasensibilizacion\/2019\/02\/27\/superheroes\/\" target=\"_blank\" rel=\"noopener noreferrer\">Superh\u00e9roes<\/a><\/li>\n<li><a href=\"http:\/\/creena.educacion.navarra.es\/web\/guiasensibilizacion\/2016\/09\/06\/todos-somos-especiales\/\"><strong>Todos somos especiales<\/strong><\/a><\/li>\n<li><a href=\"http:\/\/creena.educacion.navarra.es\/web\/guiasensibilizacion\/2016\/09\/06\/un-canguro-en-la-granja\/\"><strong>Un canguro en la granja<\/strong><\/a><\/li>\n<li><a href=\"http:\/\/creena.educacion.navarra.es\/web\/guiasensibilizacion\/2016\/09\/06\/un-oso-nuevo-en-la-escuela\/\"><strong>Un oso nuevo en la escuela<\/strong><\/a><\/li>\n<\/ul>\n<\/div>\n<\/div>\n<\/div>\n<\/div>\n<\/div>\n","protected":false},"excerpt":{"rendered":"<p>\u00bfInvisibles? Ikusezinak? 3 Txerrikumeak Amigos de todas clases,\u00a1Hasta verdes! Caperucita Roja \u00a0Celebraciones Copos de Nieve Down Edu, el peque\u00f1o lobo \u00a0El caracol Seraf\u00edn Serafin barraskiloa El cazo de Lorenzo El grillo Benito El pa\u00f1uelo m\u00e1gico El patito feo El patito &hellip; <a href=\"https:\/\/creena.educacion.navarra.es\/web\/guiasensibilizacion\/educacion-infantil\/cuentos\/\">Sigue leyendo <span class=\"meta-nav\">&rarr;<\/span><\/a><\/p>\n","protected":false},"author":1,"featured_media":0,"parent":5,"menu_order":0,"comment_status":"closed","ping_status":"closed","template":"","meta":[],"_links":{"self":[{"href":"https:\/\/creena.educacion.navarra.es\/web\/guiasensibilizacion\/wp-json\/wp\/v2\/pages\/37"}],"collection":[{"href":"https:\/\/creena.educacion.navarra.es\/web\/guiasensibilizacion\/wp-json\/wp\/v2\/pages"}],"about":[{"href":"https:\/\/creena.educacion.navarra.es\/web\/guiasensibilizacion\/wp-json\/wp\/v2\/types\/page"}],"author":[{"embeddable":true,"href":"https:\/\/creena.educacion.navarra.es\/web\/guiasensibilizacion\/wp-json\/wp\/v2\/users\/1"}],"replies":[{"embeddable":true,"href":"https:\/\/creena.educacion.navarra.es\/web\/guiasensibilizacion\/wp-json\/wp\/v2\/comments?post=37"}],"version-history":[{"count":15,"href":"https:\/\/creena.educacion.navarra.es\/web\/guiasensibilizacion\/wp-json\/wp\/v2\/pages\/37\/revisions"}],"predecessor-version":[{"id":2678,"href":"https:\/\/creena.educacion.navarra.es\/web\/guiasensibilizacion\/wp-json\/wp\/v2\/pages\/37\/revisions\/2678"}],"up":[{"embeddable":true,"href":"https:\/\/creena.educacion.navarra.es\/web\/guiasensibilizacion\/wp-json\/wp\/v2\/pages\/5"}],"wp:attachment":[{"href":"https:\/\/creena.educacion.navarra.es\/web\/guiasensibilizacion\/wp-json\/wp\/v2\/media?parent=37"}],"curies":[{"name":"wp","href":"https:\/\/api.w.org\/{rel}","templated":true}]}}