{"id":39,"date":"2016-06-13T12:31:54","date_gmt":"2016-06-13T12:31:54","guid":{"rendered":"https:\/\/creenasensibilizacion.wordpress.com\/actividades-2\/"},"modified":"2021-03-29T09:17:04","modified_gmt":"2021-03-29T07:17:04","slug":"actividades-2","status":"publish","type":"page","link":"https:\/\/creena.educacion.navarra.es\/web\/guiasensibilizacion\/educacion-primaria\/actividades-2\/","title":{"rendered":"Actividades"},"content":{"rendered":"<div class=\"b-wrap b-wrap-left\">\n<ul>\n<li><a href=\"http:\/\/creena.educacion.navarra.es\/web\/guiasensibilizacion\/2016\/09\/07\/banco-de-olores\/\"><strong>Banco de olores<\/strong><\/a><\/li>\n<li class=\"indice_detalle\"><a href=\"http:\/\/creena.educacion.navarra.es\/web\/guiasensibilizacion\/2016\/06\/15\/degustacion-de-sustancias\/\"><strong>Degustaci\u00f3n de sustancias<\/strong><\/a><\/li>\n<li class=\"indice_detalle\"><a href=\"http:\/\/creena.educacion.navarra.es\/web\/guiasensibilizacion\/2016\/09\/09\/guia-de-materiales-para-la-inclusion-educativa-discapacidad-intelectual-y-del-desarrollo-2\/\"><strong>Gu\u00eda de materiales para la Inclusi\u00f3n Educativa: discapacidad intelectual y del desarrollo<\/strong><\/a><\/li>\n<li class=\"indice_detalle\"><a href=\"http:\/\/creena.educacion.navarra.es\/web\/guiasensibilizacion\/2016\/06\/15\/juego-del-parchis-y-oca-magneticos\/\"><strong>Juego del parch\u00eds y oca magn\u00e9ticos<\/strong><\/a><\/li>\n<li class=\"indice_detalle\"><a href=\"http:\/\/creena.educacion.navarra.es\/web\/guiasensibilizacion\/2016\/06\/15\/juego-tactil\/\"><strong>Juego t\u00e1ctil<\/strong><\/a><\/li>\n<li class=\"indice_detalle\"><a href=\"http:\/\/creena.educacion.navarra.es\/web\/guiasensibilizacion\/2016\/06\/15\/la-careta-de-nemo\/\"><strong>La careta de Nemo<\/strong><\/a><\/li>\n<li class=\"indice_detalle\"><a href=\"http:\/\/creena.educacion.navarra.es\/web\/guiasensibilizacion\/2016\/09\/07\/las-noticias-tv-prensa-radio-internet\/\"><strong>Las noticias (TV, prensa, radio, internet&#8230;)<\/strong><\/a><\/li>\n<li class=\"indice_detalle\"><a href=\"http:\/\/creena.educacion.navarra.es\/web\/guiasensibilizacion\/2016\/09\/07\/propuesta-de-trabajo-para-la-resolucion-de-conflictos\/\"><strong>Propuesta de trabajo para la resoluci\u00f3n de conflictos<\/strong><\/a><\/li>\n<li class=\"indice_detalle\"><a href=\"http:\/\/creena.educacion.navarra.es\/web\/guiasensibilizacion\/2016\/09\/07\/saul-vino-de-cuba\/\"><strong>Sa\u00fal vino de Cuba<\/strong><\/a><\/li>\n<li class=\"indice_detalle\"><a href=\"http:\/\/creena.educacion.navarra.es\/web\/guiasensibilizacion\/2016\/06\/17\/taller-de-movilidad\/\"><strong>Taller de movilidad<\/strong><\/a><\/li>\n<li class=\"indice_detalle\"><a href=\"http:\/\/creena.educacion.navarra.es\/web\/guiasensibilizacion\/2016\/06\/17\/quien-vive-aqui\/\"><strong>\u00bfQui\u00e9n vive aqu\u00ed?<\/strong><\/a><\/li>\n<\/ul>\n<\/div>\n","protected":false},"excerpt":{"rendered":"<p>Banco de olores Degustaci\u00f3n de sustancias Gu\u00eda de materiales para la Inclusi\u00f3n Educativa: discapacidad intelectual y del desarrollo Juego del parch\u00eds y oca magn\u00e9ticos Juego t\u00e1ctil La careta de Nemo Las noticias (TV, prensa, radio, internet&#8230;) Propuesta de trabajo para &hellip; <a href=\"https:\/\/creena.educacion.navarra.es\/web\/guiasensibilizacion\/educacion-primaria\/actividades-2\/\">Sigue leyendo <span class=\"meta-nav\">&rarr;<\/span><\/a><\/p>\n","protected":false},"author":1,"featured_media":0,"parent":6,"menu_order":0,"comment_status":"closed","ping_status":"closed","template":"","meta":[],"_links":{"self":[{"href":"https:\/\/creena.educacion.navarra.es\/web\/guiasensibilizacion\/wp-json\/wp\/v2\/pages\/39"}],"collection":[{"href":"https:\/\/creena.educacion.navarra.es\/web\/guiasensibilizacion\/wp-json\/wp\/v2\/pages"}],"about":[{"href":"https:\/\/creena.educacion.navarra.es\/web\/guiasensibilizacion\/wp-json\/wp\/v2\/types\/page"}],"author":[{"embeddable":true,"href":"https:\/\/creena.educacion.navarra.es\/web\/guiasensibilizacion\/wp-json\/wp\/v2\/users\/1"}],"replies":[{"embeddable":true,"href":"https:\/\/creena.educacion.navarra.es\/web\/guiasensibilizacion\/wp-json\/wp\/v2\/comments?post=39"}],"version-history":[{"count":4,"href":"https:\/\/creena.educacion.navarra.es\/web\/guiasensibilizacion\/wp-json\/wp\/v2\/pages\/39\/revisions"}],"predecessor-version":[{"id":2604,"href":"https:\/\/creena.educacion.navarra.es\/web\/guiasensibilizacion\/wp-json\/wp\/v2\/pages\/39\/revisions\/2604"}],"up":[{"embeddable":true,"href":"https:\/\/creena.educacion.navarra.es\/web\/guiasensibilizacion\/wp-json\/wp\/v2\/pages\/6"}],"wp:attachment":[{"href":"https:\/\/creena.educacion.navarra.es\/web\/guiasensibilizacion\/wp-json\/wp\/v2\/media?parent=39"}],"curies":[{"name":"wp","href":"https:\/\/api.w.org\/{rel}","templated":true}]}}