{"id":44,"date":"2016-06-13T12:35:33","date_gmt":"2016-06-13T12:35:33","guid":{"rendered":"https:\/\/creenasensibilizacion.wordpress.com\/cuentoslibros\/"},"modified":"2024-02-28T13:19:00","modified_gmt":"2024-02-28T12:19:00","slug":"cuentoslibros","status":"publish","type":"page","link":"https:\/\/creena.educacion.navarra.es\/web\/guiasensibilizacion\/educacion-primaria\/cuentoslibros\/","title":{"rendered":"Cuentos\/Libros"},"content":{"rendered":"<div class=\"b-wrap b-wrap-left\">\n<ul>\n<li><strong><a href=\"https:\/\/creena.educacion.navarra.es\/web\/guiasensibilizacion\/2024\/02\/28\/invisibles-ikusezinak\/\">\u00bfInvisibles? Ikusezinak?<\/a><\/strong><\/li>\n<li><a href=\"https:\/\/creena.educacion.navarra.es\/web\/guiasensibilizacion\/2022\/03\/02\/que-significan-las-miradas\/\"><span style=\"color: #3366ff;\"><strong>\u00bfQu\u00e9 significan las miradas?<\/strong><\/span><\/a><\/li>\n<li><a href=\"http:\/\/creena.educacion.navarra.es\/web\/guiasensibilizacion\/2016\/06\/17\/3-txerrikumeak\/\"><strong>3 Txerrikumeak\u00a0<\/strong><\/a><\/li>\n<li><a href=\"http:\/\/creena.educacion.navarra.es\/web\/guiasensibilizacion\/2016\/09\/07\/a-de-africa\/\"><strong>A de \u00c1frica\u00a0<\/strong><\/a><\/li>\n<li><a href=\"http:\/\/creena.educacion.navarra.es\/web\/guiasensibilizacion\/2016\/09\/07\/a-mi-me-patina-la-egge-y-que\/\"><strong>A m\u00ed me patina la egge, \u00bfy qu\u00e9?<\/strong><\/a><\/li>\n<li><a href=\"http:\/\/creena.educacion.navarra.es\/web\/guiasensibilizacion\/2016\/12\/19\/aitor-aviador\/\"><strong>Aitor AVIADOR<\/strong><\/a><\/li>\n<li><a href=\"http:\/\/creena.educacion.navarra.es\/web\/guiasensibilizacion\/2016\/09\/07\/alas-de-mosca-para-angel\/\"><strong>Alas de mosca para \u00c1ngel<\/strong><\/a><\/li>\n<li><a href=\"http:\/\/creena.educacion.navarra.es\/web\/guiasensibilizacion\/2016\/09\/07\/alejandro-no-se-rie\/\"><strong>Alejandro no se r\u00ede<\/strong><\/a><\/li>\n<li><a href=\"http:\/\/creena.educacion.navarra.es\/web\/guiasensibilizacion\/2019\/02\/27\/alex-va-al-hospital\/\"><strong>Alex va al hospital<\/strong><\/a><\/li>\n<li><a href=\"http:\/\/creena.educacion.navarra.es\/web\/guiasensibilizacion\/2016\/09\/07\/almas-de-algodon\/\"><strong>Almas de algod\u00f3n<\/strong><\/a><\/li>\n<li><a href=\"http:\/\/creena.educacion.navarra.es\/web\/guiasensibilizacion\/2016\/12\/19\/amador-actor\/\"><strong>Amador ACTOR<\/strong><\/a><\/li>\n<li><a href=\"http:\/\/creena.educacion.navarra.es\/web\/guiasensibilizacion\/2016\/09\/05\/amigos-de-todas-clases-hasta-verdes\/\"><strong>Amigos de todas clases,\u00a1Hasta verdes!<\/strong><\/a><\/li>\n<li><strong><a href=\"https:\/\/creena.educacion.navarra.es\/web\/guiasensibilizacion\/2021\/03\/08\/ana-y-las-gafas-del-reino-invisible\/\">Ana y las Gafas del Reino Invisible<\/a><\/strong><\/li>\n<li><a href=\"http:\/\/creena.educacion.navarra.es\/web\/guiasensibilizacion\/2016\/12\/19\/aneta-poeta\/\"><strong>Aneta POETA<\/strong><\/a><\/li>\n<li><a href=\"http:\/\/creena.educacion.navarra.es\/web\/guiasensibilizacion\/2019\/02\/25\/andres-y-el-nino-nuevo\/\"><strong>Andr\u00e9s y el ni\u00f1o nuevo<\/strong><\/a><\/li>\n<li><a href=\"http:\/\/creena.educacion.navarra.es\/web\/guiasensibilizacion\/2016\/09\/07\/aurelio-tiene-un-problema-gordisimo\/\"><strong>Aurelio tiene un problema gord\u00edsimo\u00a0<\/strong><\/a><\/li>\n<li><strong><a href=\"http:\/\/creena.educacion.navarra.es\/web\/guiasensibilizacion\/2016\/12\/19\/aurora-locutora\/\">Aurora locutora<\/a><\/strong><\/li>\n<li><a href=\"https:\/\/creena.educacion.navarra.es\/web\/guiasensibilizacion\/2020\/06\/08\/baltasar-nacido-para-investigar\/\"><strong>Baltasar. Nacido para investigar<\/strong><\/a><\/li>\n<li><a href=\"http:\/\/creena.educacion.navarra.es\/web\/guiasensibilizacion\/2016\/09\/07\/bambu-el-koala\/\"><strong>Bamb\u00fa, el koala<\/strong><\/a><\/li>\n<li><a href=\"http:\/\/creena.educacion.navarra.es\/web\/guiasensibilizacion\/2016\/09\/07\/cacao-de-cartas\/\"><strong>Cacao de cartas<\/strong><\/a><\/li>\n<li><a href=\"http:\/\/creena.educacion.navarra.es\/web\/guiasensibilizacion\/2016\/09\/07\/cada-uno-es-especial\/\"><strong>Cada uno es especial<\/strong><\/a><\/li>\n<li><a href=\"http:\/\/creena.educacion.navarra.es\/web\/guiasensibilizacion\/2019\/02\/27\/2362\/\"><strong>Calista periodista<\/strong><\/a><\/li>\n<li><a href=\"http:\/\/creena.educacion.navarra.es\/web\/guiasensibilizacion\/2016\/09\/07\/camino-con-dos-bastones\/\"><strong>Camino con dos bastones<\/strong><\/a><\/li>\n<li><a href=\"http:\/\/creena.educacion.navarra.es\/web\/guiasensibilizacion\/2016\/09\/05\/caperucita-roja\/\"><strong>Caperucita roja<\/strong><\/a><\/li>\n<li><a href=\"http:\/\/creena.educacion.navarra.es\/web\/guiasensibilizacion\/2016\/09\/05\/celebraciones\/\"><strong>Celebraciones<\/strong><\/a><\/li>\n<li><a href=\"http:\/\/creena.educacion.navarra.es\/web\/guiasensibilizacion\/2016\/09\/08\/cuentos-populares-de-los-bereberes\/\"><strong>Cuentos populares de los bereberes<\/strong><\/a><\/li>\n<li><a href=\"http:\/\/creena.educacion.navarra.es\/web\/guiasensibilizacion\/2016\/09\/08\/cuidando-a-louis\/\"><strong>Cuidando a Louis<\/strong><\/a><\/li>\n<li><a href=\"http:\/\/creena.educacion.navarra.es\/web\/guiasensibilizacion\/2016\/09\/08\/dias-con-sapo-y-sepo\/\"><strong>D\u00edas con Sapo y Sepo<\/strong><\/a><\/li>\n<li><a href=\"http:\/\/creena.educacion.navarra.es\/web\/guiasensibilizacion\/2016\/09\/08\/dos-amigos\/\"><strong>Dos amigos<\/strong><\/a><\/li>\n<li><a href=\"http:\/\/creena.educacion.navarra.es\/web\/guiasensibilizacion\/2016\/09\/05\/down\/\"><strong>Down<\/strong><\/a><\/li>\n<li><a href=\"http:\/\/creena.educacion.navarra.es\/web\/guiasensibilizacion\/2016\/09\/08\/e-de-escuela\/\"><strong>E de Escuela<\/strong><\/a><\/li>\n<li><a href=\"http:\/\/creena.educacion.navarra.es\/web\/guiasensibilizacion\/2016\/09\/05\/edu-el-pequeno-lobo\/\"><strong>Edu, el peque\u00f1o lobo<\/strong><\/a><\/li>\n<li><a href=\"http:\/\/creena.educacion.navarra.es\/web\/guiasensibilizacion\/2016\/09\/05\/el-caracol-serafin\/\"><strong>El caracol Seraf\u00edn.<\/strong><\/a><\/li>\n<li><a href=\"http:\/\/creena.educacion.navarra.es\/web\/guiasensibilizacion\/2016\/09\/05\/el-cazo-de-lorenzo\/\"><strong>El cazo de Lorenzo<\/strong><\/a><\/li>\n<li><a href=\"https:\/\/creena.educacion.navarra.es\/web\/guiasensibilizacion\/2022\/09\/09\/el-lenguaje-secreto\/\"><strong>El lenguaje secreto<\/strong><\/a><\/li>\n<li><a href=\"http:\/\/creena.educacion.navarra.es\/web\/guiasensibilizacion\/2016\/09\/08\/el-libro-de-los-cuentos-de-amor-de-todo-el-mundo\/\"><strong>El libro de los cuentos de amor de todo el mundo<\/strong><\/a><\/li>\n<li><a href=\"http:\/\/creena.educacion.navarra.es\/web\/guiasensibilizacion\/2016\/09\/08\/el-libro-de-los-cuentos-del-mundo\/\"><strong>El libro de los cuentos del mundo<\/strong><\/a><\/li>\n<li><a href=\"http:\/\/creena.educacion.navarra.es\/web\/guiasensibilizacion\/2016\/09\/08\/el-libro-de-los-cuentos-y-leyendas-de-america-latina\/\"><strong>El libro de los cuentos y leyendas de Am\u00e9rica Latina<\/strong><\/a><\/li>\n<li><span style=\"color: #000000;\"><strong><a style=\"color: #000000;\" href=\"https:\/\/creena.educacion.navarra.es\/web\/guiasensibilizacion\/2022\/03\/23\/el-libro-negro-de-los-colores\/\" target=\"_blank\" rel=\"noopener\">El libro negro de los colores<\/a><\/strong><\/span><\/li>\n<li><strong><a href=\"https:\/\/creena.educacion.navarra.es\/web\/guiasensibilizacion\/2022\/09\/09\/el-panuelo-magico\/\">El pa\u00f1uelo m\u00e1gico<\/a><\/strong><\/li>\n<li><a href=\"http:\/\/creena.educacion.navarra.es\/web\/guiasensibilizacion\/2016\/09\/05\/el-patito-feo\/\"><strong>El patito feo<\/strong><\/a><\/li>\n<li><a href=\"http:\/\/creena.educacion.navarra.es\/web\/guiasensibilizacion\/2016\/09\/05\/el-pez-arcoiris\/\"><strong>El pez arcoiris<\/strong><\/a><\/li>\n<li><a href=\"http:\/\/creena.educacion.navarra.es\/web\/guiasensibilizacion\/2016\/09\/08\/el-portador-de-estrellas\/\"><strong>El portador de estrellas<\/strong><\/a><\/li>\n<li><a href=\"http:\/\/creena.educacion.navarra.es\/web\/guiasensibilizacion\/2019\/02\/25\/el-reino-de-los-mil-escalones\/\"><strong>El Reino de los mil escalones<\/strong><\/a><\/li>\n<li><span style=\"color: #000000;\"><strong><a style=\"color: #000000;\" href=\"http:\/\/creena.educacion.navarra.es\/web\/guiasensibilizacion\/2019\/02\/22\/el-secreto-de-pablo\/\">El secreto de Pablo<\/a><\/strong><\/span><\/li>\n<li><a href=\"http:\/\/creena.educacion.navarra.es\/web\/guiasensibilizacion\/2016\/09\/06\/juan-es-diferente\/\"><strong>Juan es diferente<\/strong><\/a><\/li>\n<li><a href=\"http:\/\/creena.educacion.navarra.es\/web\/guiasensibilizacion\/2019\/02\/27\/juan-tiene-autismo\/\"><strong>Juan tiene autismo<\/strong><\/a><\/li>\n<li><a href=\"http:\/\/creena.educacion.navarra.es\/web\/guiasensibilizacion\/2016\/09\/08\/la-flaca-y-el-gordo\/\"><strong>La flaca y el gordo<\/strong><\/a><\/li>\n<li><a href=\"http:\/\/creena.educacion.navarra.es\/web\/guiasensibilizacion\/2016\/09\/08\/la-historia-de-emma\/\"><strong>La historia de Enma<\/strong><\/a><\/li>\n<li><a href=\"https:\/\/creena.educacion.navarra.es\/web\/guiasensibilizacion\/2022\/09\/09\/la-nina-que-buscaba-una-estrella\/\"><strong>La ni\u00f1a que buscaba una estrella<\/strong><\/a><\/li>\n<li><a href=\"http:\/\/creena.educacion.navarra.es\/web\/guiasensibilizacion\/2016\/09\/06\/la-oveja-carlota\/\"><strong>La oveja Carlota<\/strong><\/a><\/li>\n<li><a href=\"http:\/\/creena.educacion.navarra.es\/web\/guiasensibilizacion\/2016\/09\/08\/la-princesa-ojerosa\/\"><strong>La princesa ojerosa<\/strong><\/a><\/li>\n<li><a href=\"http:\/\/creena.educacion.navarra.es\/web\/guiasensibilizacion\/2016\/09\/06\/la-pulga-leocadia\/\"><strong>La pulga Leocadia<\/strong><\/a><\/li>\n<li><a href=\"http:\/\/creena.educacion.navarra.es\/web\/guiasensibilizacion\/2016\/09\/06\/la-ratita-presumida-2\/\"><strong>La ratita presumida<\/strong><\/a><\/li>\n<li><a href=\"http:\/\/creena.educacion.navarra.es\/web\/guiasensibilizacion\/2016\/09\/06\/la-vaca-y-la-mosca\/\"><strong>La vaca y la mosca<\/strong><\/a><\/li>\n<li><a href=\"http:\/\/creena.educacion.navarra.es\/web\/guiasensibilizacion\/2016\/09\/08\/las-hormigas-tambien-tienen-problemas\/\"><strong>Las hormigas tambi\u00e9n tienen problemas<\/strong><\/a><\/li>\n<li><a href=\"http:\/\/creena.educacion.navarra.es\/web\/guiasensibilizacion\/2016\/09\/08\/las-tres-mellizas-y-el-planeta-queso\/\"><strong>Las tres mellizas y el planeta Queso<\/strong><\/a><\/li>\n<li><a href=\"http:\/\/creena.educacion.navarra.es\/web\/guiasensibilizacion\/2016\/09\/06\/leokadia-arkakusoa\/\"><strong>Leokadia arkakusoa<\/strong><\/a><\/li>\n<li><a href=\"http:\/\/creena.educacion.navarra.es\/web\/guiasensibilizacion\/2016\/09\/06\/liapesadillas\/\"><strong>Liapesadillas<\/strong><\/a><\/li>\n<li><a href=\"http:\/\/creena.educacion.navarra.es\/web\/guiasensibilizacion\/2016\/09\/08\/lolo-un-conejo-diferente\/\"><strong>Lolo, un conejo diferente<\/strong><\/a><\/li>\n<li><a href=\"http:\/\/creena.educacion.navarra.es\/web\/guiasensibilizacion\/2016\/09\/08\/los-mejores-amigos\/\"><strong>Los mejores amigos<\/strong><\/a><\/li>\n<li><a href=\"http:\/\/creena.educacion.navarra.es\/web\/guiasensibilizacion\/2016\/09\/08\/los-ninos-no-quieren-la-guerra\/\"><strong>Los ni\u00f1os no quieren la guerra<\/strong><\/a><\/li>\n<li><a href=\"http:\/\/creena.educacion.navarra.es\/web\/guiasensibilizacion\/2016\/09\/06\/los-tres-cerditos\/\"><strong>Los tres cerditos<\/strong><\/a><\/li>\n<li><a href=\"http:\/\/creena.educacion.navarra.es\/web\/guiasensibilizacion\/2017\/09\/05\/los-zapatos-de-marta\/\"><strong>Los zapatos de Marta<\/strong><\/a><\/li>\n<li><span style=\"color: #000000;\"><strong>Lucas tiene superpoderes<\/strong><\/span><\/li>\n<li><a href=\"http:\/\/creena.educacion.navarra.es\/web\/guiasensibilizacion\/2016\/09\/06\/lucia-no-teme-a-la-oscuridad\/\"><strong>Luc\u00eda no teme a la oscuridad<\/strong><\/a><\/li>\n<li><a href=\"http:\/\/creena.educacion.navarra.es\/web\/guiasensibilizacion\/2016\/09\/08\/luna-de-senegal\/\"><strong>Luna de Senegal<\/strong><\/a><\/li>\n<li><a href=\"http:\/\/creena.educacion.navarra.es\/web\/guiasensibilizacion\/2016\/09\/08\/m-de-mundo\/\"><strong>M de Mundo<\/strong><\/a><\/li>\n<li><a href=\"http:\/\/creena.educacion.navarra.es\/web\/guiasensibilizacion\/2016\/09\/08\/mi-hermana-es-distinta-y-que\/\"><strong>Mi hermana es distinta, \u00bfy qu\u00e9?<\/strong><\/a><\/li>\n<li><a href=\"http:\/\/creena.educacion.navarra.es\/web\/guiasensibilizacion\/2016\/09\/08\/mi-hermano-tiene-autismo\/\"><strong>Mi hermano tiene autismo<\/strong><\/a><\/li>\n<li><a href=\"http:\/\/creena.educacion.navarra.es\/web\/guiasensibilizacion\/2016\/09\/06\/mi-silla-de-ruedas\/\"><strong>Mi silla de ruedas<\/strong><\/a><\/li>\n<li><a href=\"http:\/\/creena.educacion.navarra.es\/web\/guiasensibilizacion\/2016\/09\/06\/mimi-y-la-jirafa-azul\/\"><strong>Mimi y la jirafa azul<\/strong><\/a><\/li>\n<li><a href=\"https:\/\/creena.educacion.navarra.es\/web\/guiasensibilizacion\/2021\/10\/13\/folleto-mira\/\"><strong>\u00a1Mira!<\/strong><\/a><\/li>\n<li><a href=\"http:\/\/creena.educacion.navarra.es\/web\/guiasensibilizacion\/2016\/09\/08\/mis-hermanos-y-yo\/\"><strong>Mis hermanos y yo<\/strong><\/a><\/li>\n<li><a href=\"http:\/\/creena.educacion.navarra.es\/web\/guiasensibilizacion\/2019\/02\/25\/2350\/\"><strong>Mis pies son mi silla de ruedas<\/strong><\/a><\/li>\n<li><span style=\"color: #000000;\"><strong><a style=\"color: #000000;\" href=\"http:\/\/creena.educacion.navarra.es\/web\/guiasensibilizacion\/2016\/12\/19\/nacho-pista-tenista\/\" target=\"_blank\" rel=\"noopener noreferrer\">Nacho Pista, tenista<\/a><\/strong><\/span><\/li>\n<li><a href=\"http:\/\/creena.educacion.navarra.es\/web\/guiasensibilizacion\/2016\/09\/08\/ni-mas-ni-menos\/\"><strong>Ni m\u00e1s ni menos<\/strong><\/a><\/li>\n<li><a href=\"http:\/\/creena.educacion.navarra.es\/web\/guiasensibilizacion\/2016\/09\/08\/ninos-como-yo\/\"><strong>Ni\u00f1os como yo<\/strong><\/a><\/li>\n<li><a href=\"http:\/\/creena.educacion.navarra.es\/web\/guiasensibilizacion\/2016\/09\/08\/no-es-tan-facil-ser-nino\/\"><strong>No es tan f\u00e1cil ser ni\u00f1o<\/strong><\/a><\/li>\n<li><span style=\"color: #000000;\"><strong>N<a style=\"color: #000000;\" href=\"http:\/\/creena.educacion.navarra.es\/web\/guiasensibilizacion\/2016\/09\/08\/no-soy-rubia-y-que\/\">o soy rubia, \u00bfy qu\u00e9?<\/a><\/strong><\/span><\/li>\n<li><a href=\"http:\/\/creena.educacion.navarra.es\/web\/guiasensibilizacion\/2016\/09\/08\/noaga-y-juana\/\"><strong>Noaga y Juana<\/strong><\/a><\/li>\n<li><a href=\"http:\/\/creena.educacion.navarra.es\/web\/guiasensibilizacion\/2016\/09\/08\/noe-no-era-el-unico\/\"><strong>No\u00e9 no era el \u00fanico<\/strong><\/a><\/li>\n<li><a href=\"http:\/\/creena.educacion.navarra.es\/web\/guiasensibilizacion\/2016\/09\/08\/nuestros-cuentos-favoritos-del-mundo-entero\/\"><strong>Nuestros cuentos favoritos del mundo entero<\/strong><\/a><\/li>\n<li><a href=\"http:\/\/creena.educacion.navarra.es\/web\/guiasensibilizacion\/2016\/09\/08\/ojitos-de-corazon\/\"><strong>Ojitos de coraz\u00f3n<\/strong><\/a><\/li>\n<li><a href=\"http:\/\/creena.educacion.navarra.es\/web\/guiasensibilizacion\/2016\/09\/06\/oliver-y-sus-audifonos\/\"><strong>Oliver y sus Aud\u00edfonos<\/strong><\/a><\/li>\n<li><a href=\"http:\/\/creena.educacion.navarra.es\/web\/guiasensibilizacion\/2016\/09\/08\/ori-va-de-campanento\/\"><strong>Ori va de campamento\u00a0<\/strong><\/a><\/li>\n<li><a href=\"http:\/\/creena.educacion.navarra.es\/web\/guiasensibilizacion\/2016\/09\/08\/ori-y-su-hermana\/\"><strong>Ori y su hermana\u00a0<\/strong><\/a><\/li>\n<li><a href=\"http:\/\/creena.educacion.navarra.es\/web\/guiasensibilizacion\/2016\/09\/08\/ori-y-su-mascota\/\"><strong>Ori y su mascota <\/strong><\/a><\/li>\n<li><a href=\"http:\/\/creena.educacion.navarra.es\/web\/guiasensibilizacion\/2016\/09\/08\/oyeme-con-los-ojos\/\"><strong>\u00d3yeme con los ojos<\/strong><\/a><\/li>\n<li><a href=\"http:\/\/creena.educacion.navarra.es\/web\/guiasensibilizacion\/2016\/12\/19\/pablo-garcia-policia\/\"><strong>Pablo Garc\u00eda POLICIA<\/strong><\/a><\/li>\n<li><a href=\"http:\/\/creena.educacion.navarra.es\/web\/guiasensibilizacion\/2016\/09\/08\/palabras-de-caramelo\/\"><strong>Palabras de Caramelo<\/strong><\/a><\/li>\n<li><strong><a href=\"https:\/\/creena.educacion.navarra.es\/web\/guiasensibilizacion\/2021\/03\/29\/pepa-hace-deporte\/\">Pepa hace deporte<\/a><\/strong><\/li>\n<li><a href=\"http:\/\/creena.educacion.navarra.es\/web\/guiasensibilizacion\/2017\/09\/05\/pepe-lino-y-sus-colegas\/\"><strong>Pepe Lino y sus colegas<\/strong><\/a><\/li>\n<li><a href=\"http:\/\/creena.educacion.navarra.es\/web\/guiasensibilizacion\/2016\/09\/08\/pequena-malayali\/\"><strong>Peque\u00f1a Malayali<\/strong><\/a><\/li>\n<li><a href=\"http:\/\/creena.educacion.navarra.es\/web\/guiasensibilizacion\/2016\/09\/08\/pequeno-bouyei\/\"><strong>Peque\u00f1o Bouyei<\/strong><\/a><\/li>\n<li><a href=\"http:\/\/creena.educacion.navarra.es\/web\/guiasensibilizacion\/2016\/09\/08\/pequeno-maori\/\"><strong><strong>Peque\u00f1o Maor\u00ed<\/strong><\/strong><\/a><\/li>\n<li><a href=\"http:\/\/creena.educacion.navarra.es\/web\/guiasensibilizacion\/2016\/09\/08\/pequena-masai\/\"><strong>Peque\u00f1a Masai<\/strong><\/a><\/li>\n<li><a href=\"http:\/\/creena.educacion.navarra.es\/web\/guiasensibilizacion\/2016\/09\/08\/pequena-nenet\/\"><strong>Peque\u00f1a Nenet<\/strong><\/a><\/li>\n<li><a href=\"http:\/\/creena.educacion.navarra.es\/web\/guiasensibilizacion\/2016\/09\/08\/pequena-quiche\/\"><strong>Peque\u00f1a Quich\u00e9<\/strong><\/a><\/li>\n<li><a href=\"http:\/\/creena.educacion.navarra.es\/web\/guiasensibilizacion\/2016\/09\/08\/el-pequeno-soiux\/\"><strong>Peque\u00f1o Sioux<\/strong><\/a><\/li>\n<li><a href=\"http:\/\/creena.educacion.navarra.es\/web\/guiasensibilizacion\/2016\/09\/06\/por-cuatro-esquinitas-de-nada-2\/\"><strong>Por cuatro esquinitas de nada<\/strong><\/a><\/li>\n<li><a href=\"http:\/\/creena.educacion.navarra.es\/web\/guiasensibilizacion\/2016\/09\/06\/por-cuatro-esquinitas-de-nada\/\"><strong>Por cuatro esquinitas de nada &#8211; Cuento adaptado en relieve<\/strong><\/a><\/li>\n<li><a href=\"http:\/\/creena.educacion.navarra.es\/web\/guiasensibilizacion\/2019\/02\/25\/que-grande-es-clara\/\"><strong>\u00a1Qu\u00e9 grande es Clara!<\/strong><\/a><\/li>\n<li><a href=\"http:\/\/creena.educacion.navarra.es\/web\/guiasensibilizacion\/2019\/02\/27\/ramon-paleontologo\/\"><strong>Ram\u00f3n paleont\u00f3logo<\/strong><\/a><\/li>\n<li><a href=\"http:\/\/creena.educacion.navarra.es\/web\/guiasensibilizacion\/2016\/12\/19\/regina-as-de-la-cocina\/\"><strong>Regina AS DE LA COCINA<\/strong><\/a><\/li>\n<li><span style=\"color: #000000;\"><strong><a style=\"color: #000000;\" href=\"http:\/\/creena.educacion.navarra.es\/web\/guiasensibilizacion\/2016\/12\/19\/rosalia-espia\/\">Rosal\u00eda ESP\u00cdA<\/a><\/strong><\/span><\/li>\n<li><a href=\"http:\/\/creena.educacion.navarra.es\/web\/guiasensibilizacion\/2016\/09\/08\/s-de-solidaridad\/\"><strong>S de Solidaridad<\/strong><\/a><\/li>\n<li><a href=\"http:\/\/creena.educacion.navarra.es\/web\/guiasensibilizacion\/2016\/09\/06\/serafin-barraskiloa\/\"><strong>Serafin barraskiloa<\/strong><\/a><\/li>\n<li><a href=\"http:\/\/creena.educacion.navarra.es\/web\/guiasensibilizacion\/2016\/12\/19\/silvina-bailarina\/\"><strong>Silvina BAILARINA<\/strong><\/a><\/li>\n<li><a href=\"http:\/\/creena.educacion.navarra.es\/web\/guiasensibilizacion\/2016\/09\/08\/soy-adoptada\/\"><strong>Soy adoptada<\/strong><\/a><\/li>\n<li><a href=\"http:\/\/creena.educacion.navarra.es\/web\/guiasensibilizacion\/2016\/09\/08\/soy-diferente-pero-soy-igual-que-tu\/\"><strong>Soy diferente pero soy igual que t\u00fa<\/strong><\/a><\/li>\n<li><a href=\"http:\/\/creena.educacion.navarra.es\/web\/guiasensibilizacion\/2016\/09\/08\/soy-especial-para-mis-amigos\/\"><strong>Soy especial para mis amigos<\/strong><\/a><\/li>\n<li><a href=\"http:\/\/creena.educacion.navarra.es\/web\/guiasensibilizacion\/2016\/09\/06\/soy-gordito\/\"><strong>Soy Gordito<\/strong><\/a><\/li>\n<li><a href=\"http:\/\/creena.educacion.navarra.es\/web\/guiasensibilizacion\/2016\/09\/08\/stelaluna\/\"><strong>Stelaluna<\/strong><\/a><\/li>\n<li><a href=\"http:\/\/creena.educacion.navarra.es\/web\/guiasensibilizacion\/2019\/02\/27\/tengo-dislexia\/\"><strong>Tengo dislexia<\/strong><\/a><\/li>\n<li><strong><a href=\"http:\/\/creena.educacion.navarra.es\/web\/guiasensibilizacion\/2019\/02\/27\/tengo-sindrome-de-down\/\">Tengo s\u00edndrome de Down<\/a><\/strong><\/li>\n<li><a href=\"http:\/\/creena.educacion.navarra.es\/web\/guiasensibilizacion\/2016\/09\/08\/un-arco-iris-en-la-oscuridad\/\"><strong>Un arco iris en la oscuridad<\/strong><\/a><\/li>\n<li><a href=\"http:\/\/creena.educacion.navarra.es\/web\/guiasensibilizacion\/2016\/09\/06\/un-canguro-en-la-granja\/\"><strong>Un canguro en la granja<\/strong><\/a><\/li>\n<li><a href=\"http:\/\/creena.educacion.navarra.es\/web\/guiasensibilizacion\/2016\/09\/08\/un-cuervo-diferente\/\"><strong>Un cuervo diferente<\/strong><\/a><\/li>\n<li><a href=\"http:\/\/creena.educacion.navarra.es\/web\/guiasensibilizacion\/2016\/09\/06\/un-oso-nuevo-en-la-escuela\/\"><strong>Un oso nuevo en la escuela<\/strong><\/a><\/li>\n<li><a href=\"http:\/\/creena.educacion.navarra.es\/web\/guiasensibilizacion\/2016\/09\/08\/un-tiesto-lleno-de-lapices\/\"><strong>Un tiesto lleno de l\u00e1pices<\/strong><\/a><\/li>\n<li><a href=\"http:\/\/creena.educacion.navarra.es\/web\/guiasensibilizacion\/2016\/09\/08\/una-hermana-como-danny\/\"><strong>Una hermana como Danny<\/strong><\/a><\/li>\n<li><a href=\"http:\/\/creena.educacion.navarra.es\/web\/guiasensibilizacion\/2016\/09\/08\/una-jirafa-de-otono\/\"><strong>Una jirafa de oto\u00f1o<\/strong><\/a><\/li>\n<li><a href=\"http:\/\/creena.educacion.navarra.es\/web\/guiasensibilizacion\/2016\/09\/09\/yaci-y-su-muneca\/\"><strong>Yaci y su mu\u00f1eca<\/strong><\/a><\/li>\n<li><a href=\"http:\/\/creena.educacion.navarra.es\/web\/guiasensibilizacion\/2016\/09\/09\/yuyuba\/\"><strong>Yuyuba<\/strong><\/a><\/li>\n<li><a href=\"http:\/\/creena.educacion.navarra.es\/web\/guiasensibilizacion\/2016\/09\/09\/hombre-de-color\/\"><strong>\u00a1Hombre de color!<\/strong><\/a><\/li>\n<li><a href=\"http:\/\/creena.educacion.navarra.es\/web\/guiasensibilizacion\/2016\/09\/09\/por-que-somos-de-diferentes-colores\/\"><strong>\u00bfPor qu\u00e9 somos de diferentes colores?<\/strong><\/a><\/li>\n<li><a href=\"http:\/\/creena.educacion.navarra.es\/web\/guiasensibilizacion\/2016\/09\/09\/que-pasa-ahi-arriba\/\"><strong>\u00bfQu\u00e9 pasa ah\u00ed arriba?<\/strong><\/a><\/li>\n<li><a href=\"http:\/\/creena.educacion.navarra.es\/web\/guiasensibilizacion\/2016\/09\/09\/que-sere-cuando-sea-mayor\/\"><strong>\u00bfQu\u00e9 ser\u00e9 cuando sea mayor?<\/strong><\/a><\/li>\n<li><a href=\"http:\/\/creena.educacion.navarra.es\/web\/guiasensibilizacion\/2016\/09\/09\/quieres-conocerme\/\"><strong>\u00bfQuieres conocerme?<\/strong><\/a><\/li>\n<\/ul>\n<\/div>\n","protected":false},"excerpt":{"rendered":"<p>\u00bfInvisibles? Ikusezinak? \u00bfQu\u00e9 significan las miradas? 3 Txerrikumeak\u00a0 A de \u00c1frica\u00a0 A m\u00ed me patina la egge, \u00bfy qu\u00e9? Aitor AVIADOR Alas de mosca para \u00c1ngel Alejandro no se r\u00ede Alex va al hospital Almas de algod\u00f3n Amador ACTOR Amigos &hellip; <a href=\"https:\/\/creena.educacion.navarra.es\/web\/guiasensibilizacion\/educacion-primaria\/cuentoslibros\/\">Sigue leyendo <span class=\"meta-nav\">&rarr;<\/span><\/a><\/p>\n","protected":false},"author":1,"featured_media":0,"parent":6,"menu_order":0,"comment_status":"closed","ping_status":"closed","template":"","meta":[],"_links":{"self":[{"href":"https:\/\/creena.educacion.navarra.es\/web\/guiasensibilizacion\/wp-json\/wp\/v2\/pages\/44"}],"collection":[{"href":"https:\/\/creena.educacion.navarra.es\/web\/guiasensibilizacion\/wp-json\/wp\/v2\/pages"}],"about":[{"href":"https:\/\/creena.educacion.navarra.es\/web\/guiasensibilizacion\/wp-json\/wp\/v2\/types\/page"}],"author":[{"embeddable":true,"href":"https:\/\/creena.educacion.navarra.es\/web\/guiasensibilizacion\/wp-json\/wp\/v2\/users\/1"}],"replies":[{"embeddable":true,"href":"https:\/\/creena.educacion.navarra.es\/web\/guiasensibilizacion\/wp-json\/wp\/v2\/comments?post=44"}],"version-history":[{"count":40,"href":"https:\/\/creena.educacion.navarra.es\/web\/guiasensibilizacion\/wp-json\/wp\/v2\/pages\/44\/revisions"}],"predecessor-version":[{"id":2677,"href":"https:\/\/creena.educacion.navarra.es\/web\/guiasensibilizacion\/wp-json\/wp\/v2\/pages\/44\/revisions\/2677"}],"up":[{"embeddable":true,"href":"https:\/\/creena.educacion.navarra.es\/web\/guiasensibilizacion\/wp-json\/wp\/v2\/pages\/6"}],"wp:attachment":[{"href":"https:\/\/creena.educacion.navarra.es\/web\/guiasensibilizacion\/wp-json\/wp\/v2\/media?parent=44"}],"curies":[{"name":"wp","href":"https:\/\/api.w.org\/{rel}","templated":true}]}}