{"id":46,"date":"2016-06-13T12:35:34","date_gmt":"2016-06-13T12:35:34","guid":{"rendered":"https:\/\/creenasensibilizacion.wordpress.com\/actividades-3\/"},"modified":"2021-03-29T09:17:37","modified_gmt":"2021-03-29T07:17:37","slug":"actividades-3","status":"publish","type":"page","link":"https:\/\/creena.educacion.navarra.es\/web\/guiasensibilizacion\/educacion-secundaria\/actividades-3\/","title":{"rendered":"Actividades"},"content":{"rendered":"<div class=\"indice_contenedor\">\n<ul>\n<li class=\"indice_detalle\"><a href=\"http:\/\/creena.educacion.navarra.es\/web\/guiasensibilizacion\/2016\/09\/09\/1402\/\"><strong>Actividad sensibilizaci\u00f3n auditivos<\/strong><\/a><\/li>\n<li class=\"indice_detalle\"><a href=\"http:\/\/creena.educacion.navarra.es\/web\/guiasensibilizacion\/2016\/09\/09\/actividades-para-unidades-de-tgd-autismo\/\"><strong>Actividades para unidades de TGD-autismo<\/strong><\/a><\/li>\n<li class=\"indice_detalle\"><a href=\"http:\/\/creena.educacion.navarra.es\/web\/guiasensibilizacion\/2016\/09\/09\/guia-de-materiales-para-la-inclusion-educativa-discapacidad-intelectual-y-del-desarrollo-3\/\"><strong>Gu\u00eda de materiales para la Inclusi\u00f3n Educativa: discapacidad intelectual y del desarrollo para secundaria<\/strong><\/a><\/li>\n<li class=\"indice_detalle\"><a href=\"http:\/\/creena.educacion.navarra.es\/web\/guiasensibilizacion\/2016\/09\/09\/juego-de-damas-adaptado\/\"><strong>Juego de damas adaptado<\/strong><\/a><\/li>\n<li class=\"indice_detalle\"><a href=\"http:\/\/creena.educacion.navarra.es\/web\/guiasensibilizacion\/2016\/06\/15\/juego-del-parchis-y-oca-magneticos\/\"><strong>Juego de\u00a0parch\u00eds\u00a0y oca<\/strong><\/a><\/li>\n<li><a href=\"http:\/\/creena.educacion.navarra.es\/web\/guiasensibilizacion\/2016\/09\/07\/los-cuentos-cuentan\/\"><strong>Los cuentos cuentan<\/strong><\/a><\/li>\n<li><a href=\"http:\/\/creena.educacion.navarra.es\/web\/guiasensibilizacion\/2016\/09\/09\/mapa-politico-de-asia\/\"><strong>Mapa pol\u00edtico Asia<\/strong><\/a><\/li>\n<li class=\"indice_detalle\"><strong>Programa de Sensibilizaci\u00f3n en las tutor\u00edas en Secundar\u00eda<\/strong><\/li>\n<li class=\"indice_detalle\"><strong>Unidad did\u00e1ctica: Sensibilizaci\u00f3n hacia los trastornos de comportamiento ( 1\u00ba y 2\u00ba de ESO)<\/strong><\/li>\n<\/ul>\n<\/div>\n","protected":false},"excerpt":{"rendered":"<p>Actividad sensibilizaci\u00f3n auditivos Actividades para unidades de TGD-autismo Gu\u00eda de materiales para la Inclusi\u00f3n Educativa: discapacidad intelectual y del desarrollo para secundaria Juego de damas adaptado Juego de\u00a0parch\u00eds\u00a0y oca Los cuentos cuentan Mapa pol\u00edtico Asia Programa de Sensibilizaci\u00f3n en las &hellip; <a href=\"https:\/\/creena.educacion.navarra.es\/web\/guiasensibilizacion\/educacion-secundaria\/actividades-3\/\">Sigue leyendo <span class=\"meta-nav\">&rarr;<\/span><\/a><\/p>\n","protected":false},"author":1,"featured_media":0,"parent":7,"menu_order":0,"comment_status":"closed","ping_status":"closed","template":"","meta":[],"_links":{"self":[{"href":"https:\/\/creena.educacion.navarra.es\/web\/guiasensibilizacion\/wp-json\/wp\/v2\/pages\/46"}],"collection":[{"href":"https:\/\/creena.educacion.navarra.es\/web\/guiasensibilizacion\/wp-json\/wp\/v2\/pages"}],"about":[{"href":"https:\/\/creena.educacion.navarra.es\/web\/guiasensibilizacion\/wp-json\/wp\/v2\/types\/page"}],"author":[{"embeddable":true,"href":"https:\/\/creena.educacion.navarra.es\/web\/guiasensibilizacion\/wp-json\/wp\/v2\/users\/1"}],"replies":[{"embeddable":true,"href":"https:\/\/creena.educacion.navarra.es\/web\/guiasensibilizacion\/wp-json\/wp\/v2\/comments?post=46"}],"version-history":[{"count":3,"href":"https:\/\/creena.educacion.navarra.es\/web\/guiasensibilizacion\/wp-json\/wp\/v2\/pages\/46\/revisions"}],"predecessor-version":[{"id":2605,"href":"https:\/\/creena.educacion.navarra.es\/web\/guiasensibilizacion\/wp-json\/wp\/v2\/pages\/46\/revisions\/2605"}],"up":[{"embeddable":true,"href":"https:\/\/creena.educacion.navarra.es\/web\/guiasensibilizacion\/wp-json\/wp\/v2\/pages\/7"}],"wp:attachment":[{"href":"https:\/\/creena.educacion.navarra.es\/web\/guiasensibilizacion\/wp-json\/wp\/v2\/media?parent=46"}],"curies":[{"name":"wp","href":"https:\/\/api.w.org\/{rel}","templated":true}]}}