{"id":13,"date":"2016-11-22T12:56:28","date_gmt":"2016-11-22T12:56:28","guid":{"rendered":"http:\/\/creena.educacion.navarra.es\/web\/protocolos\/?page_id=13"},"modified":"2025-10-16T11:45:14","modified_gmt":"2025-10-16T11:45:14","slug":"altas-capacidades","status":"publish","type":"page","link":"https:\/\/creena.educacion.navarra.es\/web\/protocolos\/altas-capacidades\/","title":{"rendered":"Altas Capacidades Intelectuales"},"content":{"rendered":"<p><img loading=\"lazy\" class=\"wp-image-884 alignright\" src=\"http:\/\/creena.educacion.navarra.es\/web\/protocolos\/wp-content\/uploads\/sites\/5\/2016\/11\/altas_capacidades-215x300.png\" alt=\"\" width=\"180\" height=\"251\" srcset=\"https:\/\/creena.educacion.navarra.es\/web\/protocolos\/wp-content\/uploads\/sites\/5\/2016\/11\/altas_capacidades-215x300.png 215w, https:\/\/creena.educacion.navarra.es\/web\/protocolos\/wp-content\/uploads\/sites\/5\/2016\/11\/altas_capacidades.png 311w\" sizes=\"(max-width: 180px) 100vw, 180px\" \/><\/p>\n<ul>\n<li><a href=\"https:\/\/drive.google.com\/file\/d\/1OJllx7WN-gSNNU53hqFKmYy1fkO4EN54\/view?usp=drive_link\" target=\"_blank\" rel=\"noopener\">Gu\u00eda completa<\/a>\n<ul>\n<li><a href=\"http:\/\/creena.educacion.navarra.es\/web\/protocolos\/introduccion-2\/\">0. Introducci\u00f3n<\/a><\/li>\n<li>1. <a href=\"http:\/\/creena.educacion.navarra.es\/web\/protocolos\/altas-capacidades\/1-capacidad-intelectual-y-aptitudes-diferenciales\/\">Evaluaci\u00f3n de la capacidad intelectual y aptitudes diferenciales<\/a><\/li>\n<li>2. <a href=\"http:\/\/creena.educacion.navarra.es\/web\/protocolos\/altas-capacidades\/2-otras-aptitudes-multiples\/\">Evaluaci\u00f3n de otras aptitudes m\u00faltiples<\/a><\/li>\n<li><a href=\"http:\/\/creena.educacion.navarra.es\/web\/protocolos\/altas-capacidades\/3-aspectos-curriculares\/\">3. Evaluaci\u00f3n de aspectos curriculares<\/a><\/li>\n<li><a href=\"http:\/\/creena.educacion.navarra.es\/web\/protocolos\/altas-capacidades\/4-aspectos-emocionales-y-sociales\/\">4. Evaluaci\u00f3n de aspectos emocionales y sociales<\/a><\/li>\n<li><a href=\"http:\/\/creena.educacion.navarra.es\/web\/protocolos\/altas-capacidades\/5-contexto-familiar-y-escolar\/\">5. Evaluaci\u00f3n del contexto familiar y escola<\/a>r<\/li>\n<\/ul>\n<\/li>\n<\/ul>\n","protected":false},"excerpt":{"rendered":"<p>Gu\u00eda completa 0. Introducci\u00f3n 1. Evaluaci\u00f3n de la capacidad intelectual y aptitudes diferenciales 2. Evaluaci\u00f3n de otras aptitudes m\u00faltiples 3. Evaluaci\u00f3n de aspectos curriculares 4. Evaluaci\u00f3n de aspectos emocionales y sociales 5. Evaluaci\u00f3n del contexto familiar y escolar<\/p>\n","protected":false},"author":1,"featured_media":0,"parent":0,"menu_order":0,"comment_status":"closed","ping_status":"closed","template":"","meta":{"_genesis_hide_title":false,"_genesis_hide_breadcrumbs":false,"_genesis_hide_singular_image":false,"_genesis_hide_footer_widgets":false,"_genesis_custom_body_class":"","_genesis_custom_post_class":"","_genesis_layout":""},"_links":{"self":[{"href":"https:\/\/creena.educacion.navarra.es\/web\/protocolos\/wp-json\/wp\/v2\/pages\/13"}],"collection":[{"href":"https:\/\/creena.educacion.navarra.es\/web\/protocolos\/wp-json\/wp\/v2\/pages"}],"about":[{"href":"https:\/\/creena.educacion.navarra.es\/web\/protocolos\/wp-json\/wp\/v2\/types\/page"}],"author":[{"embeddable":true,"href":"https:\/\/creena.educacion.navarra.es\/web\/protocolos\/wp-json\/wp\/v2\/users\/1"}],"replies":[{"embeddable":true,"href":"https:\/\/creena.educacion.navarra.es\/web\/protocolos\/wp-json\/wp\/v2\/comments?post=13"}],"version-history":[{"count":14,"href":"https:\/\/creena.educacion.navarra.es\/web\/protocolos\/wp-json\/wp\/v2\/pages\/13\/revisions"}],"predecessor-version":[{"id":1179,"href":"https:\/\/creena.educacion.navarra.es\/web\/protocolos\/wp-json\/wp\/v2\/pages\/13\/revisions\/1179"}],"wp:attachment":[{"href":"https:\/\/creena.educacion.navarra.es\/web\/protocolos\/wp-json\/wp\/v2\/media?parent=13"}],"curies":[{"name":"wp","href":"https:\/\/api.w.org\/{rel}","templated":true}]}}