{"id":15,"date":"2016-11-22T12:56:44","date_gmt":"2016-11-22T12:56:44","guid":{"rendered":"http:\/\/creena.educacion.navarra.es\/web\/protocolos\/?page_id=15"},"modified":"2025-10-17T07:59:08","modified_gmt":"2025-10-17T07:59:08","slug":"atencion-temprana","status":"publish","type":"page","link":"https:\/\/creena.educacion.navarra.es\/web\/protocolos\/atencion-temprana\/","title":{"rendered":"Ciclo 0-3 a\u00f1os"},"content":{"rendered":"<p><img loading=\"lazy\" class=\" wp-image-866 alignright\" src=\"http:\/\/creena.educacion.navarra.es\/web\/protocolos\/wp-content\/uploads\/sites\/5\/2016\/11\/temprana-212x300.png\" alt=\"\" width=\"180\" height=\"255\" srcset=\"https:\/\/creena.educacion.navarra.es\/web\/protocolos\/wp-content\/uploads\/sites\/5\/2016\/11\/temprana-212x300.png 212w, https:\/\/creena.educacion.navarra.es\/web\/protocolos\/wp-content\/uploads\/sites\/5\/2016\/11\/temprana.png 305w\" sizes=\"(max-width: 180px) 100vw, 180px\" \/><\/p>\n<ul>\n<li><a href=\"https:\/\/drive.google.com\/file\/d\/1ph18mGpT7tqEB9b4Kgfwt9QHNqFlCvpa\/view?usp=drive_link\" target=\"_blank\" rel=\"noopener\">Gu\u00eda completa<\/a>\n<ul>\n<li><a href=\"http:\/\/creena.educacion.navarra.es\/web\/protocolos\/atencion-temprana\/0-introduccion\/\">0. Introducci\u00f3n<\/a><\/li>\n<li><a href=\"http:\/\/creena.educacion.navarra.es\/web\/protocolos\/atencion-temprana\/capacidad-intelectual-y-aptitudes-diferencialest\/\">1. Evaluaci\u00f3n de la capacidad intelectual y aptitudes diferenciales<\/a><\/li>\n<li>2. Evaluaci\u00f3n de aspectos curriculares (en Atenci\u00f3n Temprana no se considera)<\/li>\n<li><a href=\"http:\/\/creena.educacion.navarra.es\/web\/protocolos\/aspectos-emocionales-y-sociales\/\">3. Evaluaci\u00f3n de aspectos emocionales y sociales<\/a><\/li>\n<li><a href=\"http:\/\/creena.educacion.navarra.es\/web\/protocolos\/atencion-temprana\/contexto-familiar-y-escolar\/\">4. Evaluaci\u00f3n del contexto familiar y escolar<\/a><\/li>\n<\/ul>\n<\/li>\n<\/ul>\n","protected":false},"excerpt":{"rendered":"<p>Gu\u00eda completa 0. Introducci\u00f3n 1. Evaluaci\u00f3n de la capacidad intelectual y aptitudes diferenciales 2. Evaluaci\u00f3n de aspectos curriculares (en Atenci\u00f3n Temprana no se considera) 3. Evaluaci\u00f3n de aspectos emocionales y sociales 4. Evaluaci\u00f3n del contexto familiar y escolar<\/p>\n","protected":false},"author":1,"featured_media":0,"parent":0,"menu_order":0,"comment_status":"closed","ping_status":"closed","template":"","meta":{"_genesis_hide_title":false,"_genesis_hide_breadcrumbs":false,"_genesis_hide_singular_image":false,"_genesis_hide_footer_widgets":false,"_genesis_custom_body_class":"","_genesis_custom_post_class":"","_genesis_layout":""},"_links":{"self":[{"href":"https:\/\/creena.educacion.navarra.es\/web\/protocolos\/wp-json\/wp\/v2\/pages\/15"}],"collection":[{"href":"https:\/\/creena.educacion.navarra.es\/web\/protocolos\/wp-json\/wp\/v2\/pages"}],"about":[{"href":"https:\/\/creena.educacion.navarra.es\/web\/protocolos\/wp-json\/wp\/v2\/types\/page"}],"author":[{"embeddable":true,"href":"https:\/\/creena.educacion.navarra.es\/web\/protocolos\/wp-json\/wp\/v2\/users\/1"}],"replies":[{"embeddable":true,"href":"https:\/\/creena.educacion.navarra.es\/web\/protocolos\/wp-json\/wp\/v2\/comments?post=15"}],"version-history":[{"count":23,"href":"https:\/\/creena.educacion.navarra.es\/web\/protocolos\/wp-json\/wp\/v2\/pages\/15\/revisions"}],"predecessor-version":[{"id":1191,"href":"https:\/\/creena.educacion.navarra.es\/web\/protocolos\/wp-json\/wp\/v2\/pages\/15\/revisions\/1191"}],"wp:attachment":[{"href":"https:\/\/creena.educacion.navarra.es\/web\/protocolos\/wp-json\/wp\/v2\/media?parent=15"}],"curies":[{"name":"wp","href":"https:\/\/api.w.org\/{rel}","templated":true}]}}