{"id":161,"date":"2017-05-29T08:16:21","date_gmt":"2017-05-29T08:16:21","guid":{"rendered":"http:\/\/creena.educacion.navarra.es\/web\/protocolos\/?page_id=161"},"modified":"2025-10-17T08:00:42","modified_gmt":"2025-10-17T08:00:42","slug":"capacidad-intelectual-y-aptitudes-diferencialest","status":"publish","type":"page","link":"https:\/\/creena.educacion.navarra.es\/web\/protocolos\/atencion-temprana\/capacidad-intelectual-y-aptitudes-diferencialest\/","title":{"rendered":"1.Capacidad intelectual y aptitudes diferenciales"},"content":{"rendered":"<h4><span style=\"color: #993300;\">Desarrollo madurativo<\/span><\/h4>\n<h6><span style=\"color: #993300;\">Pruebas estandarizadas<\/span><\/h6>\n<p><strong>\u00a0<\/strong>&#8211;\u00a0\u00a0\u00a0 <strong>Escalas de desarrollo:<\/strong><\/p>\n<ul>\n<li><strong><a href=\"http:\/\/www.psymtec.es\/catalogo.asp?catalogo=Psicolog%EDa%20y%20Evaluaci%F3n&amp;indice=ESCALAS%20DE%20DESARROLLO%20Y%20NIVEL%20INTELECTUAL\" target=\"_blank\" rel=\"noopener noreferrer\">Brunet- L\u00e9zine- R<\/a>\u00a0 <\/strong>Escala de desarrollo psicomotor de la Primera Tabla de Desarrollo Infancia<strong>\u00a0\u00a0<\/strong>(de 4 a 30 meses)\u00a0\u2663<\/li>\n<li><a href=\"https:\/\/web.teaediciones.com\/MP-R--ESCALAS-DE-DESARROLLO-MERRILL-PALMER-REVISADAS.aspx\" target=\"_blank\" rel=\"noopener noreferrer\"><strong>Merrill- Palmer- R .\u00a0<\/strong><\/a>Escalas de Desarrollo (de 0 a 6 a\u00f1os) (Cognitivo\u2013Lenguaje receptivo y expresivo \u2013 Motricidad gruesa y fina &#8211; Conducta adaptativa y autocuidado- Socio-emocional) (\u00cdndice global de desarrollo).<a href=\"https:\/\/web.teaediciones.com\/MP-R--ESCALAS-DE-DESARROLLO-MERRILL-PALMER-REVISADAS.aspx\" target=\"_blank\" rel=\"noopener noreferrer\"><strong>\u2663<\/strong><\/a><\/li>\n<li><strong><a href=\"http:\/\/web.teaediciones.com\/battelle-inventario-de-desarrollo.aspx\" target=\"_blank\" rel=\"noopener noreferrer\">Inventario de desarrollo Battelle\u00a0<\/a><\/strong>\u2013 \u00a0(de 0 a 95 meses ) (Personal-social- conducta adaptativa- Motora fina y gruesa- Lenguaje comprensivo y expresivo- Desarrollo cognitivo)\u00a0 \u00cdndice general de desarrollo en a\u00f1os y meses\u2663<\/li>\n<li><a href=\"http:\/\/web.teaediciones.com\/curriculo-carolina-evaluacion-y-ejercicios-para-bebes-y-ni%C3%B1os-peque%C3%B1os-con-necesidades-especiales.aspx\" target=\"_blank\" rel=\"noopener noreferrer\"><strong>Curriculum Carolina <\/strong><\/a>(de 0 a 24 meses )\u00a0 Cognici\u00f3n- Comunicaci\u00f3n- Adaptaci\u00f3n social- Motricidad fina y gruesa-\u2663<\/li>\n<li><a href=\"http:\/\/www.portageproject.org\/home\/products\" target=\"_blank\" rel=\"noopener noreferrer\"><strong>Gu\u00eda Portage <\/strong><\/a>(de 0 meses a 6 a\u00f1os) \u00c1reas: Socializaci\u00f3n- Lenguaje- Autoayuda- Cognici\u00f3n- Desarrollo motriz.\u2663<\/li>\n<li><a href=\"http:\/\/www.pearsonclinical.es\/producto\/120\/bayley-iii-escalas-bayley-de-desarrollo-infantil-iii\" target=\"_blank\" rel=\"noopener noreferrer\"><strong>Escala Bayley \u00a0de desarrollo infantil<\/strong><\/a>\u00a0(de 0 a 30 meses) \u2013 \u00c1reas que valora: Desarrollo mental, psicomotricidad y registro comportamental.\u2663<\/li>\n<li><strong>Haizea-L\u00e9vant- <\/strong><strong>\u00a0<\/strong>Tabla de Desarrollo.\u00a0Nivel de desarrollo cognitivo, social y motor de ni\u00f1os\/as de 0 a 5 a\u00f1os\u2663<\/li>\n<\/ul>\n<h6><span style=\"color: #993300;\">Otros instrumentos de recogida de informaci\u00f3n<\/span><\/h6>\n<ul>\n<li><a href=\"https:\/\/www.hogrefe-tea.com\/public\/catalogo\/producto\/eod-escala-observacional-del-desarrollo\" target=\"_blank\" rel=\"noopener\"><b>EOD. <\/b><\/a>Escala Observacional del Desarrollo. (de 1 mes a 6 a\u00f1os)\u2663<\/li>\n<li><a href=\"http:\/\/www.amaruediciones.com\/index.php?patron=idat&amp;field=Nombre&amp;item=articulos\" target=\"_blank\" rel=\"noopener noreferrer\">\u00a0<strong>IDAT- \u00a0<\/strong><\/a>Inventario de desarrollo de la atenci\u00f3n temprana<a href=\"http:\/\/www.amaruediciones.com\/index.php?patron=idat&amp;field=Nombre&amp;item=articulos\" target=\"_blank\" rel=\"noopener noreferrer\"><strong>\u00a0<\/strong><\/a>(de 0 a 48 meses) (Lenguaje- desarrollo motor- perceptivo-manipulativo- Autonom\u00eda y relaciones sociales)\u2663<\/li>\n<li><strong>Registros de observaci\u00f3n propios ( EAT- CREENA)<\/strong>\n<ul>\n<li><strong>Registros de observaci\u00f3n \u2013 <\/strong>(<a href=\"https:\/\/drive.google.com\/open?id=0B0eiH-cLhm7IclQ3THVQVmFIYkk\" target=\"_blank\" rel=\"noopener\">de 3 a 12 meses<\/a>) (<a href=\"https:\/\/drive.google.com\/open?id=0B0eiH-cLhm7IUHhZaFlRVGR1RG8\" target=\"_blank\" rel=\"noopener\">de 12 a 30 meses<\/a>)<\/li>\n<li><strong>Gu\u00eda de observaci\u00f3n TEA en las EI<\/strong><\/li>\n<li><a href=\"https:\/\/drive.google.com\/open?id=0B0eiH-cLhm7IZTlUZWdtTUhrdHc\" target=\"_blank\" rel=\"noopener\"><strong>Evaluaci\u00f3n para ni\u00f1os\/as gravemente afectados\/as<\/strong><\/a><\/li>\n<\/ul>\n<\/li>\n<\/ul>\n<h4><span style=\"color: #800000;\">Desarrollo de la comunicaci\u00f3n y lenguaje<\/span><\/h4>\n<h6><span style=\"color: #993300;\">Pruebas estandarizadas<\/span><\/h6>\n<ul>\n<li><a href=\"http:\/\/web.teaediciones.com\/MACARTHUR--INVENTARIO-DE-DESARROLLO-COMUNICATIVO.aspx\" target=\"_blank\" rel=\"noopener\"><strong>MacArthur <\/strong><\/a>\u2013 Inventario de desarrollo comunicativo- (de 8 a 30 meses)- Nivel de lenguaje y comunicaci\u00f3n.\u2663<\/li>\n<li><a href=\"https:\/\/www.espaciologopedico.com\/tienda\/prod\/21709\/escala-de-desarrollo-del-lenguaje-reynell-juego-completo.html\" target=\"_blank\" rel=\"noopener\"><strong>Escalas Reynell <\/strong><\/a>\u2013 Escala de desarrollo del lenguaje comprensivo y expresivo. (de 18 meses a 7 a\u00f1os)<strong>.\u2663<\/strong><\/li>\n<li><a href=\"https:\/\/publicaciones.navarra.es\/TiendaPublicaciones\/consultaPublicacion.faces?id=3415&amp;nv=bp\" target=\"_blank\" rel=\"noopener\"><strong>ECOL- \u00a0<\/strong><\/a>Evaluaci\u00f3n de la Comunicaci\u00f3n y del Lenguaje (de 0 a 54 meses)- Nivel de desarrollo\u00a0 de fonolog\u00eda y fon\u00e9tica- L\u00e9xico- Morfolog\u00eda- Relaciones Sem\u00e1nticas- Pragm\u00e1tica- Vertiente expresiva y comprensiva\u2663<\/li>\n<li><a href=\"https:\/\/web.teaediciones.com\/peabody-test-de-vocabulario-en-imagenes.aspx\" target=\"_blank\" rel=\"noopener\"><strong>Peabody. <\/strong><\/a>Test de vocabulario en im\u00e1genes (de 2,5 a 90 a\u00f1os)<strong>\u2663<\/strong><\/li>\n<li><a href=\"https:\/\/www.editorialcepe.es\/libros-materiales-y-fichas\/236-propuesta-curricular-en-el-area-de-lenguaje-9788478692095.html?search_query=eco&amp;results=7&amp;cate=\" target=\"_blank\" rel=\"noopener\"><strong>ECO. <\/strong><\/a>Evaluaci\u00f3n de la comunicaci\u00f3n (Juana M\u00aa Hern\u00e1ndez Rodr\u00edguez) Ed.CEPE 1995.\u2663<\/li>\n<\/ul>\n<h6><span style=\"color: #993300;\">Otros instrumentos de recogida de informaci\u00f3n<\/span><\/h6>\n<ul>\n<li><strong>Escala Ritvo.\u00a0<\/strong>Evaluaci\u00f3n del lenguaje receptivo y expresivo (de 1 a 42 meses).\u2663<\/li>\n<li><a href=\"https:\/\/drive.google.com\/open?id=0B0eiH-cLhm7INllnbkNXZ3FSR1k\" target=\"_blank\" rel=\"noopener\"><strong>Hoja de observaci\u00f3n EAT<\/strong><\/a><\/li>\n<\/ul>\n<h4><span style=\"color: #800000;\"><strong>Desarrollo motor<\/strong><\/span><\/h4>\n<h6><span style=\"color: #993300;\">Pruebas estandarizadas<\/span><\/h6>\n<ul>\n<li><strong>PDMS-2. <\/strong>Escala Peabody de desarrollo motor<\/li>\n<\/ul>\n<h6><span style=\"color: #993300;\">Otros instrumentos de recogida de informaci\u00f3n<\/span><\/h6>\n<ul>\n<li><a href=\"https:\/\/drive.google.com\/open?id=0B0eiH-cLhm7INllnbkNXZ3FSR1k\" target=\"_blank\" rel=\"noopener\"><strong>Hoja de observaci\u00f3n EAT<\/strong><\/a><\/li>\n<\/ul>\n<h4><span style=\"color: #800000;\"><strong>Capacidad intelectual<\/strong><\/span><\/h4>\n<h6><span style=\"color: #993300;\">Pruebas estandarizadas<\/span><\/h6>\n<ul>\n<li><strong><a href=\"https:\/\/web.teaediciones.com\/WPPSI-III--Escala-de-Inteligencia-de-Wechsler-para-Preescolar-y-Primaria-%E2%80%93-III.aspx\" target=\"_blank\" rel=\"noopener\">WPSSI &#8211; III<\/a>&#8211;\u00a0<\/strong>Escala de Inteligencia de Wechsler para Preescolar y Primaria (de 2\u20195 a 7 a\u00f1os 3 meses).\u2663<\/li>\n<li><a href=\"http:\/\/web.teaediciones.com\/MSCA--ESCALAS-MCCARTHY-DE-APTITUDES-Y-PSICOMOTRICIDAD-PARA-NINOS.aspx\" target=\"_blank\" rel=\"noopener\"><strong>MSCA- <\/strong><\/a>Escalas McCarthy de Aptitudes y Psicomotricidad para ni\u00f1os \u2013 (de 2\u20195 a\u00f1os a 8\u20195 a\u00f1os)\u2663<\/li>\n<\/ul>\n<h4><span style=\"color: #800000;\"><strong>Nivel de desarrollo en\u00a0<\/strong><strong>Eje diagnostico- Discapacidad visual<\/strong><\/span><\/h4>\n<h6><span style=\"color: #993300;\"><strong>Escalas de desarrollo<\/strong><\/span><\/h6>\n<ul>\n<li><strong><a href=\"http:\/\/sid.usal.es\/libros\/discapacidad\/19227\/8-1\/guia-de-aplicacion-de-la-escala-leonhardt-para-ninos-ciegos-de-0-a-2-anos.aspx\" target=\"_blank\" rel=\"noopener\">Escala Leonhardt <\/a>\u2013 <\/strong>Pautas de desarrollo de ni\u00f1os ciegos \u2013 (de 0 a 2 a\u00f1os) (\u00c1reas postura-motricidad- Sentido auditivo- Interacci\u00f3n- comunicaci\u00f3n- Sentido t\u00e1ctil y motricidad fina- Desarrollo cognoscitivo- H\u00e1bitos)<\/li>\n<\/ul>\n<h4><span style=\"color: #800000;\"><strong>\u00a0TEA<\/strong><\/span><\/h4>\n<ul>\n<li><a href=\"http:\/\/www.fespau.es\/autismo-tea\/m-chat.pdf\" target=\"_blank\" rel=\"noopener\"><strong>M-ChatR<\/strong><\/a>.\u00a0Cuestionario de Autismo en la Infancia- Modificado.<\/li>\n<li><a href=\"https:\/\/drive.google.com\/open?id=1FqDCC9-8okPcmBI3sO88iKMOYBxmwRre\" target=\"_blank\" rel=\"noopener\">Protocolo para la detecci\u00f3n, el diagn\u00f3stico y la intervenci\u00f3n de ni\u00f1os y ni\u00f1as con sospecha de trastorno del espectro del autismo (0-3 a\u00f1os)<\/a><\/li>\n<\/ul>\n<hr \/>\n<p>\u2663 Pruebas disponibles en biblioteca CREENA<\/p>\n","protected":false},"excerpt":{"rendered":"<p>Desarrollo madurativo Pruebas estandarizadas \u00a0&#8211;\u00a0\u00a0\u00a0 Escalas de desarrollo: Brunet- L\u00e9zine- R\u00a0 Escala de desarrollo psicomotor de la Primera Tabla de Desarrollo Infancia\u00a0\u00a0(de 4 a 30 meses)\u00a0\u2663 Merrill- Palmer- R .\u00a0Escalas de Desarrollo (de 0 a 6 a\u00f1os) (Cognitivo\u2013Lenguaje receptivo y expresivo \u2013 Motricidad gruesa y fina &#8211; Conducta adaptativa y autocuidado- Socio-emocional) (\u00cdndice global de [&hellip;]<\/p>\n","protected":false},"author":1,"featured_media":0,"parent":15,"menu_order":0,"comment_status":"closed","ping_status":"closed","template":"","meta":{"_genesis_hide_title":false,"_genesis_hide_breadcrumbs":false,"_genesis_hide_singular_image":false,"_genesis_hide_footer_widgets":false,"_genesis_custom_body_class":"","_genesis_custom_post_class":"","_genesis_layout":""},"_links":{"self":[{"href":"https:\/\/creena.educacion.navarra.es\/web\/protocolos\/wp-json\/wp\/v2\/pages\/161"}],"collection":[{"href":"https:\/\/creena.educacion.navarra.es\/web\/protocolos\/wp-json\/wp\/v2\/pages"}],"about":[{"href":"https:\/\/creena.educacion.navarra.es\/web\/protocolos\/wp-json\/wp\/v2\/types\/page"}],"author":[{"embeddable":true,"href":"https:\/\/creena.educacion.navarra.es\/web\/protocolos\/wp-json\/wp\/v2\/users\/1"}],"replies":[{"embeddable":true,"href":"https:\/\/creena.educacion.navarra.es\/web\/protocolos\/wp-json\/wp\/v2\/comments?post=161"}],"version-history":[{"count":26,"href":"https:\/\/creena.educacion.navarra.es\/web\/protocolos\/wp-json\/wp\/v2\/pages\/161\/revisions"}],"predecessor-version":[{"id":1193,"href":"https:\/\/creena.educacion.navarra.es\/web\/protocolos\/wp-json\/wp\/v2\/pages\/161\/revisions\/1193"}],"up":[{"embeddable":true,"href":"https:\/\/creena.educacion.navarra.es\/web\/protocolos\/wp-json\/wp\/v2\/pages\/15"}],"wp:attachment":[{"href":"https:\/\/creena.educacion.navarra.es\/web\/protocolos\/wp-json\/wp\/v2\/media?parent=161"}],"curies":[{"name":"wp","href":"https:\/\/api.w.org\/{rel}","templated":true}]}}