{"id":17,"date":"2016-11-22T12:56:57","date_gmt":"2016-11-22T12:56:57","guid":{"rendered":"http:\/\/creena.educacion.navarra.es\/web\/protocolos\/?page_id=17"},"modified":"2024-04-10T14:57:54","modified_gmt":"2024-04-10T14:57:54","slug":"auditivos","status":"publish","type":"page","link":"https:\/\/creena.educacion.navarra.es\/web\/protocolos\/auditivos\/","title":{"rendered":"Discapacidad Auditiva"},"content":{"rendered":"<p><img loading=\"lazy\" class=\"wp-image-872 alignright\" src=\"http:\/\/creena.educacion.navarra.es\/web\/protocolos\/wp-content\/uploads\/sites\/5\/2016\/11\/auditiva-210x300.png\" alt=\"\" width=\"180\" height=\"257\" srcset=\"https:\/\/creena.educacion.navarra.es\/web\/protocolos\/wp-content\/uploads\/sites\/5\/2016\/11\/auditiva-210x300.png 210w, https:\/\/creena.educacion.navarra.es\/web\/protocolos\/wp-content\/uploads\/sites\/5\/2016\/11\/auditiva.png 306w\" sizes=\"(max-width: 180px) 100vw, 180px\" \/><\/p>\n<ul>\n<li><a href=\"http:\/\/creena.educacion.navarra.es\/web\/protocolos\/auditivos\/guia-de-evaluacion-psicopedagogica\/\">Gu\u00eda completa<\/a>\n<ul>\n<li><a href=\"http:\/\/creena.educacion.navarra.es\/web\/protocolos\/auditivos\/0-introduccion\/\">0. Introducci\u00f3n<\/a><\/li>\n<li><a href=\"http:\/\/creena.educacion.navarra.es\/web\/protocolos\/auditivos\/1-capacidad-intelectual-y-aptitudes-diferenciales\/\">1. Evaluaci\u00f3n de la capacidad intelectual y aptitudes diferenciales<\/a><\/li>\n<li><a href=\"http:\/\/creena.educacion.navarra.es\/web\/protocolos\/2-aptitudes-asociadas-al-eje-diagnostico\/\">2. Evaluaci\u00f3n de otras aptitudes asociadas al eje diagn\u00f3stico<\/a><\/li>\n<li><a href=\"http:\/\/creena.educacion.navarra.es\/web\/protocolos\/auditivos\/3-aspectos-curriculares\/\">3. Evaluaci\u00f3n de aspectos curriculares<\/a><\/li>\n<li><a href=\"http:\/\/creena.educacion.navarra.es\/web\/protocolos\/auditivos\/4-aspectos-emocionales-y-sociales\/\">4. Evaluaci\u00f3n de aspectos emocionales y sociales<\/a><\/li>\n<li><a href=\"http:\/\/creena.educacion.navarra.es\/web\/protocolos\/auditivos\/5-contexto-familiar-y-escolar\/\">5. Evaluaci\u00f3n del contexto familiar y escolar<\/a><\/li>\n<\/ul>\n<\/li>\n<\/ul>\n","protected":false},"excerpt":{"rendered":"<p>Gu\u00eda completa 0. Introducci\u00f3n 1. Evaluaci\u00f3n de la capacidad intelectual y aptitudes diferenciales 2. Evaluaci\u00f3n de otras aptitudes asociadas al eje diagn\u00f3stico 3. Evaluaci\u00f3n de aspectos curriculares 4. Evaluaci\u00f3n de aspectos emocionales y sociales 5. Evaluaci\u00f3n del contexto familiar y escolar<\/p>\n","protected":false},"author":1,"featured_media":0,"parent":0,"menu_order":0,"comment_status":"closed","ping_status":"closed","template":"","meta":{"_genesis_hide_title":false,"_genesis_hide_breadcrumbs":false,"_genesis_hide_singular_image":false,"_genesis_hide_footer_widgets":false,"_genesis_custom_body_class":"","_genesis_custom_post_class":"","_genesis_layout":""},"_links":{"self":[{"href":"https:\/\/creena.educacion.navarra.es\/web\/protocolos\/wp-json\/wp\/v2\/pages\/17"}],"collection":[{"href":"https:\/\/creena.educacion.navarra.es\/web\/protocolos\/wp-json\/wp\/v2\/pages"}],"about":[{"href":"https:\/\/creena.educacion.navarra.es\/web\/protocolos\/wp-json\/wp\/v2\/types\/page"}],"author":[{"embeddable":true,"href":"https:\/\/creena.educacion.navarra.es\/web\/protocolos\/wp-json\/wp\/v2\/users\/1"}],"replies":[{"embeddable":true,"href":"https:\/\/creena.educacion.navarra.es\/web\/protocolos\/wp-json\/wp\/v2\/comments?post=17"}],"version-history":[{"count":20,"href":"https:\/\/creena.educacion.navarra.es\/web\/protocolos\/wp-json\/wp\/v2\/pages\/17\/revisions"}],"predecessor-version":[{"id":1078,"href":"https:\/\/creena.educacion.navarra.es\/web\/protocolos\/wp-json\/wp\/v2\/pages\/17\/revisions\/1078"}],"wp:attachment":[{"href":"https:\/\/creena.educacion.navarra.es\/web\/protocolos\/wp-json\/wp\/v2\/media?parent=17"}],"curies":[{"name":"wp","href":"https:\/\/api.w.org\/{rel}","templated":true}]}}