{"id":19,"date":"2016-11-22T12:57:07","date_gmt":"2016-11-22T12:57:07","guid":{"rendered":"http:\/\/creena.educacion.navarra.es\/web\/protocolos\/?page_id=19"},"modified":"2025-10-02T10:09:06","modified_gmt":"2025-10-02T10:09:06","slug":"conducta","status":"publish","type":"page","link":"https:\/\/creena.educacion.navarra.es\/web\/protocolos\/conducta\/","title":{"rendered":"Trastorno Grave del Comportamiento"},"content":{"rendered":"<p><img loading=\"lazy\" class=\"wp-image-878 alignright\" src=\"http:\/\/creena.educacion.navarra.es\/web\/protocolos\/wp-content\/uploads\/sites\/5\/2016\/11\/conducta-212x300.png\" alt=\"\" width=\"180\" height=\"255\" srcset=\"https:\/\/creena.educacion.navarra.es\/web\/protocolos\/wp-content\/uploads\/sites\/5\/2016\/11\/conducta-212x300.png 212w, https:\/\/creena.educacion.navarra.es\/web\/protocolos\/wp-content\/uploads\/sites\/5\/2016\/11\/conducta.png 305w\" sizes=\"(max-width: 180px) 100vw, 180px\" \/><\/p>\n<ul>\n<li><a href=\"https:\/\/drive.google.com\/file\/d\/1Cep_wyTRXIp8XLay4flcC0i_y1n_5sKG\/view?usp=drive_link\" target=\"_blank\" rel=\"noopener\">Gu\u00eda completa<\/a>\n<ul>\n<li><a href=\"http:\/\/creena.educacion.navarra.es\/web\/protocolos\/conducta\/0-introduccion\/\">0. Introducci\u00f3n<\/a><\/li>\n<li><a href=\"http:\/\/creena.educacion.navarra.es\/web\/protocolos\/1-capacidad-intelectual-y-aptitudes-diferenciales\/\">1.<\/a><a href=\"http:\/\/creena.educacion.navarra.es\/web\/protocolos\/conducta\/1-capacidad-intelectual-y-aptitudes-diferenciales\/\"> Evaluaci\u00f3n de la capacidad intelectual y aptitudes diferenciales<\/a><\/li>\n<li><a href=\"http:\/\/creena.educacion.navarra.es\/web\/protocolos\/2-otras-aptitudes-asociadas-al-eje-diagnostico\/\">2. Evaluaci\u00f3n de otras aptitudes asociadas al eje diagn\u00f3stico<\/a><\/li>\n<li>3.<a href=\"http:\/\/creena.educacion.navarra.es\/web\/protocolos\/conducta\/3-aspectos-curriculares\/\" rel=\"noopener\"> Evaluaci\u00f3n de aspectos curriculares<\/a><\/li>\n<li><a href=\"http:\/\/creena.educacion.navarra.es\/web\/protocolos\/conducta\/4-aspectos-emocionales-y-sociales\/\">4. Evaluaci\u00f3n de aspectos emocionales y sociales<\/a><\/li>\n<li><a href=\"http:\/\/creena.educacion.navarra.es\/web\/protocolos\/conducta\/5-contexto-familiar-y-social\/\">5. Evaluaci\u00f3n del contexto familiar y escolar<\/a><\/li>\n<\/ul>\n<\/li>\n<\/ul>\n","protected":false},"excerpt":{"rendered":"<p>Gu\u00eda completa 0. Introducci\u00f3n 1. Evaluaci\u00f3n de la capacidad intelectual y aptitudes diferenciales 2. Evaluaci\u00f3n de otras aptitudes asociadas al eje diagn\u00f3stico 3. Evaluaci\u00f3n de aspectos curriculares 4. Evaluaci\u00f3n de aspectos emocionales y sociales 5. Evaluaci\u00f3n del contexto familiar y escolar<\/p>\n","protected":false},"author":1,"featured_media":0,"parent":0,"menu_order":0,"comment_status":"closed","ping_status":"closed","template":"","meta":{"_genesis_hide_title":false,"_genesis_hide_breadcrumbs":false,"_genesis_hide_singular_image":false,"_genesis_hide_footer_widgets":false,"_genesis_custom_body_class":"","_genesis_custom_post_class":"","_genesis_layout":""},"_links":{"self":[{"href":"https:\/\/creena.educacion.navarra.es\/web\/protocolos\/wp-json\/wp\/v2\/pages\/19"}],"collection":[{"href":"https:\/\/creena.educacion.navarra.es\/web\/protocolos\/wp-json\/wp\/v2\/pages"}],"about":[{"href":"https:\/\/creena.educacion.navarra.es\/web\/protocolos\/wp-json\/wp\/v2\/types\/page"}],"author":[{"embeddable":true,"href":"https:\/\/creena.educacion.navarra.es\/web\/protocolos\/wp-json\/wp\/v2\/users\/1"}],"replies":[{"embeddable":true,"href":"https:\/\/creena.educacion.navarra.es\/web\/protocolos\/wp-json\/wp\/v2\/comments?post=19"}],"version-history":[{"count":18,"href":"https:\/\/creena.educacion.navarra.es\/web\/protocolos\/wp-json\/wp\/v2\/pages\/19\/revisions"}],"predecessor-version":[{"id":1116,"href":"https:\/\/creena.educacion.navarra.es\/web\/protocolos\/wp-json\/wp\/v2\/pages\/19\/revisions\/1116"}],"wp:attachment":[{"href":"https:\/\/creena.educacion.navarra.es\/web\/protocolos\/wp-json\/wp\/v2\/media?parent=19"}],"curies":[{"name":"wp","href":"https:\/\/api.w.org\/{rel}","templated":true}]}}