{"id":208,"date":"2017-05-29T11:34:06","date_gmt":"2017-05-29T11:34:06","guid":{"rendered":"http:\/\/creena.educacion.navarra.es\/web\/protocolos\/?page_id=208"},"modified":"2025-10-02T10:03:48","modified_gmt":"2025-10-02T10:03:48","slug":"otras-aptitudes-asociadas-al-eje-diagnostico","status":"publish","type":"page","link":"https:\/\/creena.educacion.navarra.es\/web\/protocolos\/psiquicos\/otras-aptitudes-asociadas-al-eje-diagnostico\/","title":{"rendered":"2. Otras aptitudes asociadas al eje diagn\u00f3stico"},"content":{"rendered":"<h4><span style=\"color: #993300;\">Comunicaci\u00f3n y lenguaje<\/span><\/h4>\n<h6><span style=\"color: #993300;\">Pruebas estandarizadas<\/span><\/h6>\n<ul>\n<li><b>CELF-5.<\/b> Evaluaci\u00f3n cl\u00ednica de los fundamentos del lenguaje (de 5 a 15 a\u00f1os)<strong>\u2663<\/strong><\/li>\n<li><b>Celf Preschool 2<\/b>. (de 3 a 6:11 a\u00f1os)<strong>\u2663<\/strong><\/li>\n<li><a href=\"https:\/\/web.teaediciones.com\/itpa-test-illinois-de-aptitudes-psicolinguisticas.aspx\" target=\"_blank\" rel=\"noopener\"><strong>ITPA.<\/strong><\/a> Test Illinois de Aptitudes Psicoling\u00fc\u00edsticas (de 3 a 10 a\u00f1os)<strong>.\u2663<\/strong><\/li>\n<li><strong><a href=\"http:\/\/web.teaediciones.com\/MACARTHUR--INVENTARIO-DE-DESARROLLO-COMUNICATIVO.aspx\" target=\"_blank\" rel=\"noopener\">MacArthur<\/a>.\u00a0<\/strong>Inventario de desarrollo de habilidades comunicativas (de 8 a 30 meses)<strong>.\u2663<\/strong><\/li>\n<li><a href=\"http:\/\/www.psymtec.es\/catalogo.asp?catalogo=Psicolog%EDa%20y%20Evaluaci%F3n&amp;indice=LENGUAJE%20(EVALUACI%D3N)\" target=\"_blank\" rel=\"noopener\"><strong>REYNELL III. <\/strong><\/a>Escala de desarrollo del lenguaje (de 18 meses a 7 a\u00f1os)<strong>.\u2663<\/strong><\/li>\n<li><strong><a href=\"https:\/\/web.teaediciones.com\/plon-r-prueba-de-lenguaje-oral-navarra-revisada.aspx\" target=\"_blank\" rel=\"noopener\">PLON-R<\/a>. <\/strong>Prueba de Lenguaje Oral de Navarra (de 3 a 6 a\u00f1os)<strong>.\u2663<\/strong><\/li>\n<li><a href=\"https:\/\/www.editorialcepe.es\/pruebas-nivel-b-y-c\/362-elce-9788478692316.html\" target=\"_blank\" rel=\"noopener\"><strong>ELCE. <\/strong><\/a>Exploraci\u00f3n del lenguaje comprensivo y expresivo (de 4 a 7 a\u00f1os).<strong>\u2663<\/strong><\/li>\n<\/ul>\n<h6><span style=\"color: #993300;\">Otros instrumentos de recogida de informaci\u00f3n<\/span><\/h6>\n<ul>\n<li><strong>ECO <\/strong>Cuestionario \u201cEvaluaci\u00f3n de la Comunicaci\u00f3n\u201d (alumnado en etapa de Educaci\u00f3n Infantil).<\/li>\n<li><strong><a href=\"http:\/\/creena.educacion.navarra.es\/web\/banco-de-recursos\/publicaciones-del-creena\/ecol\/\" target=\"_blank\" rel=\"noopener\">ECOL<\/a>. <\/strong>Evaluaci\u00f3n de la Comunicaci\u00f3n y del Lenguaje (de 1 a 6 a\u00f1os).<strong>\u2663<\/strong><\/li>\n<\/ul>\n<h4><span style=\"color: #993300;\">Habilidades adaptativas<\/span><\/h4>\n<h6><span style=\"color: #993300;\">Pruebas estandarizadas<\/span><\/h6>\n<ul>\n<li><a href=\"https:\/\/gcloyola.com\/es\/buscar?controller=search&amp;orderby=date_add&amp;orderway=desc&amp;search_query=cals&amp;submit_search=\" target=\"_blank\" rel=\"noopener\"><strong>CALS<\/strong><\/a>. Inventario de Destrezas Adaptativas (Todas las edades)<strong>.\u2663<\/strong><\/li>\n<li><strong><a href=\"https:\/\/web.teaediciones.com\/ABAS-II.-SISTEMA-PARA-LA-EVALUACION-DE-LA-CONDUCTA-ADAPTATIVA.aspx\" target=\"_blank\" rel=\"noopener\">ABAS II<\/a>. <\/strong>Sistema para la Evaluaci\u00f3n de la Conducta Adaptativa (Infantil y Escolar, para padres y profesores).<strong>\u2663<\/strong><\/li>\n<li><b>DABS.<\/b> Escala de diagn\u00f3stico de Conducta Adaptativa. (de 4 a 21 a\u00f1os)<strong>\u2663<\/strong><\/li>\n<\/ul>\n<h4><span style=\"color: #993300;\">Apoyos y Calidad de Vida<\/span><\/h4>\n<h6><span style=\"color: #993300;\">Pruebas estandarizadas<\/span><\/h6>\n<ul>\n<li><strong><a href=\"http:\/\/sid.usal.es\/libros\/discapacidad\/27258\/8-1\/escala-kidslife-evaluacion-de-la-calidad-de-vida-de-ninos-y-adolescentes-con-discapacidad-intelectual.aspx\" target=\"_blank\" rel=\"noopener\">Escala KidsLife<\/a>. <\/strong>Evaluaci\u00f3n de la calidad de vida en ni\u00f1os y adolescentes con discapacidad intelectual (de 4 a 21 a\u00f1os).<\/li>\n<li><strong><a href=\"http:\/\/sid.usal.es\/libros\/discapacidad\/26363\/8-1\/escala-inico-feaps-evaluacion-integral-de-la-calidad-de-vida-de-personas-con-discapacidad-intelectual-o-del-desarrollo.aspx\" target=\"_blank\" rel=\"noopener\">Escala INICO-FEAPS<\/a>. <\/strong>Evaluaci\u00f3n Integral de la Calidad de Vida de personas con DI o del Desarrollo (a partir de 18 a\u00f1os)<\/li>\n<li><strong><a href=\"http:\/\/inico.usal.es\/27\/instrumentos-evaluacion\/escala-de-calidad-de-vida-gencat.aspx\" target=\"_blank\" rel=\"noopener\">Escala GENCAT<\/a>. <\/strong>Evaluaci\u00f3n objetiva de la calidad de vida (a partir de 18 a\u00f1os).<\/li>\n<li><a href=\"http:\/\/inico.usal.es\/31\/instrumentos-evaluacion\/ccva-cuestionario-de-evaluacion-de-la-calidad-de-vida-de-alumnos-adolescentes.aspx\" target=\"_blank\" rel=\"noopener\"><strong>CCVA. <\/strong><\/a>Cuestionario de Evaluaci\u00f3n de la Calidad de Vida de alumnos adolescentes. (de 12 a 18 a\u00f1os)<strong>\u2663<\/strong><\/li>\n<li><a href=\"http:\/\/sid.usal.es\/libros\/discapacidad\/22458\/8-1\/escala-de-intensidad-de-apoyos-sis-manual.aspx\" target=\"_blank\" rel=\"noopener\"><strong>SIS. <\/strong><\/a>Escala de Intensidad de Apoyos (a partir de 16 a\u00f1os con discapacidad intelectual)<strong>\u2663<\/strong><\/li>\n<li><a href=\"http:\/\/inico.usal.es\/29\/instrumentos-evaluacion\/escala-integral-evaluacion-objetiva-y-subjetiva-de-la-calidad-de-vida-de-personas-con-discapacidad-intelectual.aspx\" target=\"_blank\" rel=\"noopener\"><strong>Escala Integral. <\/strong><\/a>Evaluaci\u00f3n objetiva y subjetiva de la calidad de vida de personas con discapacidad intelectual (a partir de 18 a\u00f1os).<strong>\u2663<\/strong><\/li>\n<\/ul>\n<hr \/>\n<p><strong>\u2663 <\/strong><span style=\"color: #993300;\"><span style=\"color: #000000;\">Disponible en la biblioteca CREENA<\/span><\/span><\/p>\n","protected":false},"excerpt":{"rendered":"<p>Comunicaci\u00f3n y lenguaje Pruebas estandarizadas CELF-5. Evaluaci\u00f3n cl\u00ednica de los fundamentos del lenguaje (de 5 a 15 a\u00f1os)\u2663 Celf Preschool 2. (de 3 a 6:11 a\u00f1os)\u2663 ITPA. Test Illinois de Aptitudes Psicoling\u00fc\u00edsticas (de 3 a 10 a\u00f1os).\u2663 MacArthur.\u00a0Inventario de desarrollo de habilidades comunicativas (de 8 a 30 meses).\u2663 REYNELL III. Escala de desarrollo del lenguaje [&hellip;]<\/p>\n","protected":false},"author":1,"featured_media":0,"parent":23,"menu_order":0,"comment_status":"closed","ping_status":"closed","template":"","meta":{"_genesis_hide_title":false,"_genesis_hide_breadcrumbs":false,"_genesis_hide_singular_image":false,"_genesis_hide_footer_widgets":false,"_genesis_custom_body_class":"","_genesis_custom_post_class":"","_genesis_layout":""},"_links":{"self":[{"href":"https:\/\/creena.educacion.navarra.es\/web\/protocolos\/wp-json\/wp\/v2\/pages\/208"}],"collection":[{"href":"https:\/\/creena.educacion.navarra.es\/web\/protocolos\/wp-json\/wp\/v2\/pages"}],"about":[{"href":"https:\/\/creena.educacion.navarra.es\/web\/protocolos\/wp-json\/wp\/v2\/types\/page"}],"author":[{"embeddable":true,"href":"https:\/\/creena.educacion.navarra.es\/web\/protocolos\/wp-json\/wp\/v2\/users\/1"}],"replies":[{"embeddable":true,"href":"https:\/\/creena.educacion.navarra.es\/web\/protocolos\/wp-json\/wp\/v2\/comments?post=208"}],"version-history":[{"count":12,"href":"https:\/\/creena.educacion.navarra.es\/web\/protocolos\/wp-json\/wp\/v2\/pages\/208\/revisions"}],"predecessor-version":[{"id":1112,"href":"https:\/\/creena.educacion.navarra.es\/web\/protocolos\/wp-json\/wp\/v2\/pages\/208\/revisions\/1112"}],"up":[{"embeddable":true,"href":"https:\/\/creena.educacion.navarra.es\/web\/protocolos\/wp-json\/wp\/v2\/pages\/23"}],"wp:attachment":[{"href":"https:\/\/creena.educacion.navarra.es\/web\/protocolos\/wp-json\/wp\/v2\/media?parent=208"}],"curies":[{"name":"wp","href":"https:\/\/api.w.org\/{rel}","templated":true}]}}