{"id":21,"date":"2016-11-22T12:57:35","date_gmt":"2016-11-22T12:57:35","guid":{"rendered":"http:\/\/creena.educacion.navarra.es\/web\/protocolos\/?page_id=21"},"modified":"2025-10-20T09:05:37","modified_gmt":"2025-10-20T09:05:37","slug":"motoricos","status":"publish","type":"page","link":"https:\/\/creena.educacion.navarra.es\/web\/protocolos\/motoricos\/","title":{"rendered":"Discapacidad Motriz"},"content":{"rendered":"<p><a href=\"https:\/\/drive.google.com\/file\/d\/1dhHBqmrUygaTt8pwk9HZ205-jssmJkHH\/view?usp=sharing\" target=\"_blank\" rel=\"noopener\"><img loading=\"lazy\" class=\"wp-image-876 alignright\" src=\"http:\/\/creena.educacion.navarra.es\/web\/protocolos\/wp-content\/uploads\/sites\/5\/2016\/11\/motriz-213x300.png\" alt=\"\" width=\"180\" height=\"254\" srcset=\"https:\/\/creena.educacion.navarra.es\/web\/protocolos\/wp-content\/uploads\/sites\/5\/2016\/11\/motriz-213x300.png 213w, https:\/\/creena.educacion.navarra.es\/web\/protocolos\/wp-content\/uploads\/sites\/5\/2016\/11\/motriz.png 307w\" sizes=\"(max-width: 180px) 100vw, 180px\" \/><\/a><\/p>\n<ul>\n<li><a href=\"https:\/\/drive.google.com\/file\/d\/16HS1QykN3U5h8O15WvIS2TFe_MVS6Sg8\/view?usp=drive_link\" target=\"_blank\" rel=\"noopener\">Gu\u00eda completa<\/a>\n<ul>\n<li><a href=\"http:\/\/creena.educacion.navarra.es\/web\/protocolos\/motoricos\/0-introduccion\/\">0. Introducci\u00f3n<\/a><\/li>\n<li><a href=\"http:\/\/creena.educacion.navarra.es\/web\/protocolos\/motoricos\/1-capacidad-intelectual-y-aptitudes-diferenciales\/\">1. Evaluaci\u00f3n de la capacidad intelectual y aptitudes diferenciales<\/a><\/li>\n<li><a href=\"http:\/\/creena.educacion.navarra.es\/web\/protocolos\/motoricos\/2-aptitudes-ligados-al-eje-diagnostico\/\">2. Evaluaci\u00f3n de otras aptitudes asociadas al eje diagn\u00f3stico<\/a><\/li>\n<li><a href=\"http:\/\/creena.educacion.navarra.es\/web\/protocolos\/motoricos\/3-aspectos-curriculares\/\">3. Evaluaci\u00f3n de aspectos curriculares<\/a><\/li>\n<li><a href=\"http:\/\/creena.educacion.navarra.es\/web\/protocolos\/motoricos\/4-aspectos-emocionales-y-sociales\/\">4. Evaluaci\u00f3n de aspectos emocionales y sociales<\/a><\/li>\n<li><a href=\"http:\/\/creena.educacion.navarra.es\/web\/protocolos\/motoricos\/5-contexto-familiar-y-escolar\/\">5. Evaluaci\u00f3n del contexto familiar y escolar<\/a><\/li>\n<\/ul>\n<\/li>\n<\/ul>\n","protected":false},"excerpt":{"rendered":"<p>Gu\u00eda completa 0. Introducci\u00f3n 1. Evaluaci\u00f3n de la capacidad intelectual y aptitudes diferenciales 2. Evaluaci\u00f3n de otras aptitudes asociadas al eje diagn\u00f3stico 3. Evaluaci\u00f3n de aspectos curriculares 4. Evaluaci\u00f3n de aspectos emocionales y sociales 5. Evaluaci\u00f3n del contexto familiar y escolar<\/p>\n","protected":false},"author":1,"featured_media":0,"parent":0,"menu_order":0,"comment_status":"closed","ping_status":"closed","template":"","meta":{"_genesis_hide_title":false,"_genesis_hide_breadcrumbs":false,"_genesis_hide_singular_image":false,"_genesis_hide_footer_widgets":false,"_genesis_custom_body_class":"","_genesis_custom_post_class":"","_genesis_layout":""},"_links":{"self":[{"href":"https:\/\/creena.educacion.navarra.es\/web\/protocolos\/wp-json\/wp\/v2\/pages\/21"}],"collection":[{"href":"https:\/\/creena.educacion.navarra.es\/web\/protocolos\/wp-json\/wp\/v2\/pages"}],"about":[{"href":"https:\/\/creena.educacion.navarra.es\/web\/protocolos\/wp-json\/wp\/v2\/types\/page"}],"author":[{"embeddable":true,"href":"https:\/\/creena.educacion.navarra.es\/web\/protocolos\/wp-json\/wp\/v2\/users\/1"}],"replies":[{"embeddable":true,"href":"https:\/\/creena.educacion.navarra.es\/web\/protocolos\/wp-json\/wp\/v2\/comments?post=21"}],"version-history":[{"count":20,"href":"https:\/\/creena.educacion.navarra.es\/web\/protocolos\/wp-json\/wp\/v2\/pages\/21\/revisions"}],"predecessor-version":[{"id":1198,"href":"https:\/\/creena.educacion.navarra.es\/web\/protocolos\/wp-json\/wp\/v2\/pages\/21\/revisions\/1198"}],"wp:attachment":[{"href":"https:\/\/creena.educacion.navarra.es\/web\/protocolos\/wp-json\/wp\/v2\/media?parent=21"}],"curies":[{"name":"wp","href":"https:\/\/api.w.org\/{rel}","templated":true}]}}