{"id":213,"date":"2017-05-29T11:54:24","date_gmt":"2017-05-29T11:54:24","guid":{"rendered":"http:\/\/creena.educacion.navarra.es\/web\/protocolos\/?page_id=213"},"modified":"2025-10-02T10:04:45","modified_gmt":"2025-10-02T10:04:45","slug":"aspectos-curriculares","status":"publish","type":"page","link":"https:\/\/creena.educacion.navarra.es\/web\/protocolos\/psiquicos\/aspectos-curriculares\/","title":{"rendered":"3. Aspectos curriculares"},"content":{"rendered":"<h4><span style=\"color: #993300;\">Competencia curricular<\/span><\/h4>\n<h6><span style=\"color: #993300;\">Pruebas estandarizadas<\/span><\/h6>\n<ul>\n<li><a href=\"https:\/\/www.editorialcepe.es\/pruebas-nivel-a\/1647-paib-1-juego-completo-9788416941001.html?search_query=paib&amp;results=15&amp;cate=\" target=\"_blank\" rel=\"noopener noreferrer\"><strong>PAIB (1, 2, 3).<\/strong><\/a> Prueba de Aspectos Instrumentales B\u00e1sicos por ciclos.\u00a0\u2663<\/li>\n<li><a href=\"https:\/\/www.espaciologopedico.com\/tienda\/prod\/5910\/bacep-1-2-y-3-bateria-de-contenidos-escolares-de-primaria-juego-completo.html\" target=\"_blank\" rel=\"noopener noreferrer\"><strong>BACEP (1, 2 y 3<\/strong>)<\/a> Bater\u00edas de contenidos Escolares de E. Primaria.\u2663<\/li>\n<li><strong><a href=\"https:\/\/www.espaciologopedico.com\/tienda\/prod\/12524\/baces-1-2-bateria-de-contenidos-escolares-de-secundaria--juego-completo-.html\" target=\"_blank\" rel=\"noopener noreferrer\">BACES (1 y 2)<\/a>.<\/strong> Bater\u00edas de contenidos escolares de\u00a0 ESO de 12 a 16 a\u00f1os.\u2663<\/li>\n<\/ul>\n<h6><span style=\"color: #993300;\">Otros instrumentos de recogida de informaci\u00f3n<\/span><\/h6>\n<ul>\n<li><strong>Pruebas curriculares del\u00a0 centro.<\/strong><\/li>\n<li><a href=\"https:\/\/www.educacion.navarra.es\/web\/dpto\/evaluacion-y-calidad\/evaluacion\/evaluacion-externa\/evaluacion-de-navarra\" target=\"_blank\" rel=\"noopener noreferrer\"><strong>Evaluaciones de Navarra<\/strong><\/a>.<\/li>\n<li><a href=\"https:\/\/drive.google.com\/open?id=0B0eiH-cLhm7ITWlmODVPVzBvVG8\" target=\"_blank\" rel=\"noopener noreferrer\"><strong>Registro para la evaluaci\u00f3n del nivel de desarrollo<\/strong><\/a> (libro n\u00ba 10, CREENA: \u00abAlumnado con grave discapacidad en Educaci\u00f3n Infantil y Primaria\u00bb).\u2663<\/li>\n<\/ul>\n<h4><span style=\"color: #993300;\">Matem\u00e1ticas<\/span><\/h4>\n<h6><span style=\"color: #993300;\">Pruebas estandarizadas<\/span><\/h6>\n<ul>\n<li><a href=\"http:\/\/www.eos.es\/colecciones-2\/pedagogicos-y-escalas\/baterias-evamat\" target=\"_blank\" rel=\"noopener noreferrer\"><strong>EVAMAT<\/strong>. <\/a>Competencia Matem\u00e1tica<strong>. <\/strong>Niveles 0 a 8<strong>\u00a0(<\/strong>de 3\u00ba Infantil a 3\u00ba de ESO)\u2663<\/li>\n<li><a href=\"http:\/\/www.amaruediciones.com\/index.php?patron=VANCOC&amp;field=Nombre&amp;item=articulos\" target=\"_blank\" rel=\"noopener noreferrer\"><strong>VANCOC<\/strong>.<\/a> Pruebas para las \u00e1reas de lengua y matem\u00e1ticas en primaria.\u2663<\/li>\n<li><a href=\"http:\/\/web.teaediciones.com\/tema-3-test-de-competencia-matematica-basica-3.aspx\" target=\"_blank\" rel=\"noopener noreferrer\"><strong>Tema 3. <\/strong><\/a>Test de Competencia Matem\u00e1tica B\u00e1sica (de 3 a\u00f1os a 8 a\u00f1os-11 meses)<strong>.\u2663<\/strong><\/li>\n<li><a href=\"http:\/\/web.teaediciones.com\/tedi-math.aspx\" target=\"_blank\" rel=\"noopener noreferrer\"><strong>TEDI-MATH. <\/strong><\/a>Test para el diagn\u00f3stico de las competencias b\u00e1sicas en Matem\u00e1ticas (de 4 a 8 a\u00f1os).\u2663<\/li>\n<\/ul>\n<h4><span style=\"color: #993300;\">Estilo cognitivo<\/span><\/h4>\n<h6><span style=\"color: #993300;\">Pruebas estandarizadas u otros instrumentos de recogida de informaci\u00f3n<\/span><\/h6>\n<ul>\n<li><a href=\"https:\/\/web.teaediciones.com\/ACRA--ESTRATEGIAS--DE-APRENDIZAJE.aspx\" target=\"_blank\" rel=\"noopener noreferrer\"><strong>ACRA. <\/strong><\/a>Escalas de\u00a0 estrategias de aprendizaje (de 12-16 a\u00f1os).\u2663<\/li>\n<li><a href=\"https:\/\/web.teaediciones.com\/cea-cuestionario-de-estrategias-de-aprendizaje.aspx\" target=\"_blank\" rel=\"noopener noreferrer\"><strong>CEA.<\/strong><\/a> Cuestionario de estilo de aprendizaje. CEA (Beltr\u00e1n).\u2663<\/li>\n<li><a href=\"https:\/\/drive.google.com\/open?id=0B0eiH-cLhm7IWHlWdDd5VjQzY2s\" target=\"_blank\" rel=\"noopener noreferrer\"><strong>Registro para la evaluaci\u00f3n del estilo de aprendizaje<\/strong><\/a> (Libro n\u00ba 10, CREENA: \u201cAlumnado con grave discapacidad en Educaci\u00f3n Infantil y Primaria\u201d)\u2663<\/li>\n<\/ul>\n<hr \/>\n<p>\u2663 Disponibles en la biblioteca CREENA<\/p>\n","protected":false},"excerpt":{"rendered":"<p>Competencia curricular Pruebas estandarizadas PAIB (1, 2, 3). Prueba de Aspectos Instrumentales B\u00e1sicos por ciclos.\u00a0\u2663 BACEP (1, 2 y 3) Bater\u00edas de contenidos Escolares de E. Primaria.\u2663 BACES (1 y 2). Bater\u00edas de contenidos escolares de\u00a0 ESO de 12 a 16 a\u00f1os.\u2663 Otros instrumentos de recogida de informaci\u00f3n Pruebas curriculares del\u00a0 centro. Evaluaciones de Navarra. [&hellip;]<\/p>\n","protected":false},"author":1,"featured_media":0,"parent":23,"menu_order":0,"comment_status":"closed","ping_status":"closed","template":"","meta":{"_genesis_hide_title":false,"_genesis_hide_breadcrumbs":false,"_genesis_hide_singular_image":false,"_genesis_hide_footer_widgets":false,"_genesis_custom_body_class":"","_genesis_custom_post_class":"","_genesis_layout":""},"_links":{"self":[{"href":"https:\/\/creena.educacion.navarra.es\/web\/protocolos\/wp-json\/wp\/v2\/pages\/213"}],"collection":[{"href":"https:\/\/creena.educacion.navarra.es\/web\/protocolos\/wp-json\/wp\/v2\/pages"}],"about":[{"href":"https:\/\/creena.educacion.navarra.es\/web\/protocolos\/wp-json\/wp\/v2\/types\/page"}],"author":[{"embeddable":true,"href":"https:\/\/creena.educacion.navarra.es\/web\/protocolos\/wp-json\/wp\/v2\/users\/1"}],"replies":[{"embeddable":true,"href":"https:\/\/creena.educacion.navarra.es\/web\/protocolos\/wp-json\/wp\/v2\/comments?post=213"}],"version-history":[{"count":9,"href":"https:\/\/creena.educacion.navarra.es\/web\/protocolos\/wp-json\/wp\/v2\/pages\/213\/revisions"}],"predecessor-version":[{"id":1113,"href":"https:\/\/creena.educacion.navarra.es\/web\/protocolos\/wp-json\/wp\/v2\/pages\/213\/revisions\/1113"}],"up":[{"embeddable":true,"href":"https:\/\/creena.educacion.navarra.es\/web\/protocolos\/wp-json\/wp\/v2\/pages\/23"}],"wp:attachment":[{"href":"https:\/\/creena.educacion.navarra.es\/web\/protocolos\/wp-json\/wp\/v2\/media?parent=213"}],"curies":[{"name":"wp","href":"https:\/\/api.w.org\/{rel}","templated":true}]}}