{"id":25,"date":"2016-11-22T12:58:01","date_gmt":"2016-11-22T12:58:01","guid":{"rendered":"http:\/\/creena.educacion.navarra.es\/web\/protocolos\/?page_id=25"},"modified":"2025-10-16T10:24:28","modified_gmt":"2025-10-16T10:24:28","slug":"dificultades-del-lenguaje-y-tdl","status":"publish","type":"page","link":"https:\/\/creena.educacion.navarra.es\/web\/protocolos\/dificultades-del-lenguaje-y-tdl\/","title":{"rendered":"Dificultades del Lenguaje y trastorno del desarrollo del lenguaje (TDL)"},"content":{"rendered":"<p><img loading=\"lazy\" class=\"alignright wp-image-1173\" src=\"https:\/\/creena.educacion.navarra.es\/web\/protocolos\/wp-content\/uploads\/sites\/5\/2025\/10\/GUIALEN.jpg\" alt=\"\" width=\"189\" height=\"242\" srcset=\"https:\/\/creena.educacion.navarra.es\/web\/protocolos\/wp-content\/uploads\/sites\/5\/2025\/10\/GUIALEN.jpg 392w, https:\/\/creena.educacion.navarra.es\/web\/protocolos\/wp-content\/uploads\/sites\/5\/2025\/10\/GUIALEN-234x300.jpg 234w\" sizes=\"(max-width: 189px) 100vw, 189px\" \/><\/p>\n<ul>\n<li><a href=\"https:\/\/drive.google.com\/file\/d\/1MAyQsCWa5y0Z5nVYS2PPUJqEKx2woGXO\/view?usp=drive_link\" target=\"_blank\" rel=\"noopener\">Gu\u00eda completa<\/a>\n<ul>\n<li><a href=\"https:\/\/creena.educacion.navarra.es\/web\/protocolos\/dificultades-del-lenguaje-y-tdl\/0-introduccion\/\">0. Introducci\u00f3n<\/a><\/li>\n<li><a href=\"https:\/\/creena.educacion.navarra.es\/web\/protocolos\/dificultades-del-lenguaje-y-tdl\/1-capacidad-intelectual-y-aptitudes-diferenciales\/\">1. Evaluaci\u00f3n de la capacidad intelectual y aptitudes diferenciales<\/a><\/li>\n<li><a href=\"http:\/\/creena.educacion.navarra.es\/web\/protocolos\/trastorno-de-lenguaje\/2-otras-aptitudes-ligadas-al-eje-diagnostico\/\">2. Evaluaci\u00f3n de otras aptitudes asociadas al eje diagn\u00f3stico<\/a><\/li>\n<li><a href=\"https:\/\/creena.educacion.navarra.es\/web\/protocolos\/dificultades-del-lenguaje-y-tdl\/3-aspectos-curriculares\/\">3. Evaluaci\u00f3n de aspectos curriculares<\/a><\/li>\n<li><a href=\"https:\/\/creena.educacion.navarra.es\/web\/protocolos\/dificultades-del-lenguaje-y-tdl\/4-aspectos-emocionales-y-sociales\/\">4. Evaluaci\u00f3n de aspectos emocionales y sociales<\/a><\/li>\n<li><a href=\"https:\/\/creena.educacion.navarra.es\/web\/protocolos\/dificultades-del-lenguaje-y-tdl\/5-contexto-familiar-y-escolar\/\">5. Evaluaci\u00f3n del contexto familiar y escolar<\/a><\/li>\n<\/ul>\n<\/li>\n<\/ul>\n","protected":false},"excerpt":{"rendered":"<p>Gu\u00eda completa 0. Introducci\u00f3n 1. Evaluaci\u00f3n de la capacidad intelectual y aptitudes diferenciales 2. Evaluaci\u00f3n de otras aptitudes asociadas al eje diagn\u00f3stico 3. Evaluaci\u00f3n de aspectos curriculares 4. Evaluaci\u00f3n de aspectos emocionales y sociales 5. Evaluaci\u00f3n del contexto familiar y escolar<\/p>\n","protected":false},"author":1,"featured_media":0,"parent":0,"menu_order":0,"comment_status":"closed","ping_status":"closed","template":"","meta":{"_genesis_hide_title":false,"_genesis_hide_breadcrumbs":false,"_genesis_hide_singular_image":false,"_genesis_hide_footer_widgets":false,"_genesis_custom_body_class":"","_genesis_custom_post_class":"","_genesis_layout":""},"_links":{"self":[{"href":"https:\/\/creena.educacion.navarra.es\/web\/protocolos\/wp-json\/wp\/v2\/pages\/25"}],"collection":[{"href":"https:\/\/creena.educacion.navarra.es\/web\/protocolos\/wp-json\/wp\/v2\/pages"}],"about":[{"href":"https:\/\/creena.educacion.navarra.es\/web\/protocolos\/wp-json\/wp\/v2\/types\/page"}],"author":[{"embeddable":true,"href":"https:\/\/creena.educacion.navarra.es\/web\/protocolos\/wp-json\/wp\/v2\/users\/1"}],"replies":[{"embeddable":true,"href":"https:\/\/creena.educacion.navarra.es\/web\/protocolos\/wp-json\/wp\/v2\/comments?post=25"}],"version-history":[{"count":27,"href":"https:\/\/creena.educacion.navarra.es\/web\/protocolos\/wp-json\/wp\/v2\/pages\/25\/revisions"}],"predecessor-version":[{"id":1174,"href":"https:\/\/creena.educacion.navarra.es\/web\/protocolos\/wp-json\/wp\/v2\/pages\/25\/revisions\/1174"}],"wp:attachment":[{"href":"https:\/\/creena.educacion.navarra.es\/web\/protocolos\/wp-json\/wp\/v2\/media?parent=25"}],"curies":[{"name":"wp","href":"https:\/\/api.w.org\/{rel}","templated":true}]}}