{"id":405,"date":"2017-09-08T07:22:59","date_gmt":"2017-09-08T07:22:59","guid":{"rendered":"http:\/\/creena.educacion.navarra.es\/web\/protocolos\/?page_id=405"},"modified":"2019-05-17T11:47:13","modified_gmt":"2019-05-17T11:47:13","slug":"3-aspectos-curriculares","status":"publish","type":"page","link":"https:\/\/creena.educacion.navarra.es\/web\/protocolos\/auditivos\/3-aspectos-curriculares\/","title":{"rendered":"3. Aspectos curriculares"},"content":{"rendered":"<h4><span style=\"color: #993300;\">Nivel curricular<\/span><\/h4>\n<h6><span style=\"color: #993300;\">Pruebas estandarizadas<\/span><\/h6>\n<ul>\n<li><a href=\"https:\/\/www.editorialcepe.es\/pruebas-nivel-a\/1647-paib-1-juego-completo-9788416941001.html?search_query=paib&amp;results=15&amp;cate=\" target=\"_blank\" rel=\"noopener noreferrer\"><strong>PAIB<\/strong><strong> (1, 2, 3<\/strong>)<\/a> Prueba de Aspectos Instrumentales B\u00e1sicos\u2663\n<ul>\n<li><strong>PAIB 1<\/strong> (3\u00ba EI y 1\u00baciclo EP)<\/li>\n<li><strong>PAIB 2<\/strong> (2\u00ba ciclo EP)<\/li>\n<li><strong>PAIB 3<\/strong> (3\u00ba ciclo EP)<\/li>\n<\/ul>\n<\/li>\n<li><a href=\"https:\/\/www.espaciologopedico.com\/tienda\/prod\/5910\/bacep-1-2-y-3-bateria-de-contenidos-escolares-de-primaria-juego-completo.html\" target=\"_blank\" rel=\"noopener noreferrer\"><strong>BACEP (1, 2 y 3<\/strong>)<\/a> Bater\u00edas de contenidos Escolares Primaria.\u2663\n<ul>\n<li><strong>BACEP 1<\/strong> (de 6 a 8 a\u00f1os): Lengua, Matem\u00e1ticas, Conocimiento del Medio, Madurez<\/li>\n<li><strong>BACEP<\/strong> <strong>2<\/strong> (de 8 a10 a\u00f1os): global (Lengua, Matem\u00e1ticas, Conocimiento del Medio y Prueba de Madurez)<\/li>\n<li><strong>BACEP 3<\/strong> (de 10 a12 a\u00f1os): Matem\u00e1ticas, Lengua, Conocimiento del Medio, Madurez<\/li>\n<\/ul>\n<\/li>\n<li><strong><a href=\"https:\/\/www.espaciologopedico.com\/tienda\/prod\/12524\/baces-1-2-bateria-de-contenidos-escolares-de-secundaria--juego-completo-.html\" target=\"_blank\" rel=\"noopener noreferrer\">BACES (1 y 2)<\/a>.<\/strong> Bater\u00edas de contenidos escolares de ESO\u2663\n<ul>\n<li><strong>BACES 1 (<\/strong>de 12 a14 a\u00f1os):\n<ul>\n<li>Lengua y Literatura Castellana<\/li>\n<li>Matem\u00e1ticas<\/li>\n<li>Tecnolog\u00eda<\/li>\n<li>Ingl\u00e9s<\/li>\n<li>Ciencias Sociales<\/li>\n<li>Ciencias Naturales<\/li>\n<\/ul>\n<\/li>\n<li><strong>BACES 2 <\/strong>(de 14 a16 a\u00f1os):\n<ul>\n<li>Lengua y Literatura Castellana Matem\u00e1ticas<\/li>\n<li>Pruebas Troncales<\/li>\n<li>Ingl\u00e9s<\/li>\n<li>Ciencias Sociales<\/li>\n<\/ul>\n<\/li>\n<\/ul>\n<\/li>\n<\/ul>\n<h6><span style=\"color: #993300;\">Otros instrumentos de recogida de informaci\u00f3n<\/span><\/h6>\n<ul>\n<li><strong>Pruebas curriculares del centro<\/strong><\/li>\n<li><a href=\"https:\/\/www.educacion.navarra.es\/web\/dpto\/evaluacion-y-calidad\/evaluacion\/evaluacion-externa\/evaluacion-de-navarra\" target=\"_blank\" rel=\"noopener noreferrer\"><strong>Evaluaciones de Navarra<\/strong><\/a><\/li>\n<li><a href=\"https:\/\/drive.google.com\/open?id=0B0eiH-cLhm7IT1YtUFAxWUlqYTA\" target=\"_blank\" rel=\"noopener noreferrer\"><strong>Ficha seguimiento del alumnado con discapacidad auditiva. <\/strong>Etapa: educaci\u00f3n infantil.<\/a> Alumnado con discapacidad auditiva. (N. Alem\u00e1n, J. Ardanaz. L .Poyo).<\/li>\n<li><a href=\"https:\/\/drive.google.com\/open?id=0B0eiH-cLhm7IQ2ZCSm1GMzM5TGc\" target=\"_blank\" rel=\"noopener noreferrer\"><strong>Ficha seguimiento del alumnado con discapacidad auditiva. <\/strong>Etapa: Educaci\u00f3n Primaria. <\/a>Alumnado con discapacidad auditiva.\u00a0 (N. Alem\u00e1n. J. Ardanaz. L .Poyo)<\/li>\n<\/ul>\n<h4><span style=\"color: #993300;\">Matem\u00e1ticas<\/span><\/h4>\n<h6><span style=\"color: #993300;\">Pruebas estandarizadas<\/span><\/h6>\n<ul>\n<li><a href=\"http:\/\/www.eos.es\/colecciones-2\/pedagogicos-y-escalas\/baterias-evamat\" target=\"_blank\" rel=\"noopener noreferrer\"><strong>EVAMAT<\/strong>. <\/a>Competencia Matem\u00e1tica<strong>. <\/strong>Niveles (0 a 8)<strong> (<\/strong>de 3\u00ba Infantil a 3\u00ba de ESO)\u2663<\/li>\n<li><a href=\"http:\/\/www.amaruediciones.com\/index.php?patron=VANCOC&amp;field=Nombre&amp;item=articulos\" target=\"_blank\" rel=\"noopener noreferrer\"><strong>VANCOC<\/strong>.<\/a> Pruebas para las \u00e1reas de lengua y matem\u00e1ticas en primaria.\u2663<\/li>\n<li><a href=\"http:\/\/web.teaediciones.com\/tema-3-test-de-competencia-matematica-basica-3.aspx\" target=\"_blank\" rel=\"noopener noreferrer\"><strong>Tema 3. <\/strong><\/a>Test de Competencia Matem\u00e1tica B\u00e1sica (de 3 a\u00f1os a 8 a\u00f1os- 11 meses)<strong>.\u2663<\/strong><\/li>\n<li><a href=\"http:\/\/web.teaediciones.com\/tedi-math.aspx\" target=\"_blank\" rel=\"noopener noreferrer\"><strong>TEDI-MATH. <\/strong><\/a>Test para el diagn\u00f3stico de las competencias b\u00e1sicas en Matem\u00e1ticas (de 4 a 8 a\u00f1os).\u2663<\/li>\n<\/ul>\n<h4><span style=\"color: #993300;\">Lectura<\/span><\/h4>\n<h6><span style=\"color: #993300;\">Pruebas estandarizadas<\/span><\/h6>\n<ul>\n<li><a href=\"https:\/\/web.teaediciones.com\/PROLEC-R-Bateria-de-Evaluacion-de-los-Procesos-Lectores--Revisad.aspx\" target=\"_blank\" rel=\"noopener noreferrer\"><strong>Prolec-R. <\/strong><\/a>Bater\u00eda de evaluaci\u00f3n de los procesos lectores revisada (de 6 a 12 a\u00f1os)\u2663<\/li>\n<li><a href=\"http:\/\/www.psicologia365.com\/lectura-escritura-tale-escala-magallanes-emle.html\" target=\"_blank\" rel=\"noopener noreferrer\"><strong>TALE 2000 EMLE. <\/strong><\/a>Escala Magallanes de lectura y escritura (de 6 a 16 a\u00f1os)\u2663<\/li>\n<li><a href=\"http:\/\/www.grao.com\/llibres\/evaluacion-de-la-comprension-lectora\" target=\"_blank\" rel=\"noopener noreferrer\"><strong>ACL.<\/strong> <\/a>Pruebas evaluaci\u00f3n comprensi\u00f3n lectora. (1\u00ba a 6\u00ba Educaci\u00f3n Primaria)<\/li>\n<li><a href=\"http:\/\/www.eos.es\/colecciones-2\/neurologicos-evaluacion-lenguaje\/becole\" target=\"_blank\" rel=\"noopener noreferrer\"><strong>BECOLE.<\/strong><\/a> Bater\u00eda de evaluaci\u00f3n cognitiva de la lectura y la escritura. (3\u00ba Educaci\u00f3n Primaria a 1\u00ba ESO)\u2663<\/li>\n<li><strong>PEALE. <\/strong>Prueba evaluaci\u00f3n auditiva de la lectura escrita. (1\u00ba Educaci\u00f3n Primaria a 4\u00ba ESO)\u00a0 Ana Bel\u00e9n Dom\u00ednguez\u2663<\/li>\n<\/ul>\n<h4><span style=\"color: #993300;\">Escritura<\/span><\/h4>\n<h6><span style=\"color: #993300;\">Pruebas estandarizadas<\/span><\/h6>\n<ul>\n<li><a href=\"http:\/\/web.teaediciones.com\/proesc-bateria-de-evaluacion-de-los-procesos-de-escritura.aspx\" target=\"_blank\" rel=\"noopener noreferrer\"><strong>PROESC<\/strong>.<\/a> Evaluaci\u00f3n de los procesos de escritura. (de 8 a 15 a\u00f1os)\u2663<\/li>\n<li><a href=\"http:\/\/www.psicologia365.com\/lectura-escritura-tale-escala-magallanes-emle.html\" target=\"_blank\" rel=\"noopener noreferrer\"><strong>TALE 2000 EMLE<\/strong>.<\/a> Escala Magallanes de lectura y escritura. (de 6 a 16 a\u00f1os)\u2663\n<ul>\n<li>Test de dictado.<\/li>\n<\/ul>\n<\/li>\n<li><strong>Test de dictado ENTHA<\/strong><\/li>\n<\/ul>\n<h6><span style=\"color: #993300;\">Otros instrumentos de recogida de informaci\u00f3n<\/span><\/h6>\n<ul>\n<li><strong>Muestra de:<\/strong>\n<ul>\n<li>Escritura espont\u00e1nea.<\/li>\n<li>Escritura ante imagen<\/li>\n<li>Dictado<\/li>\n<li>Copia<\/li>\n<\/ul>\n<\/li>\n<\/ul>\n<h4><span style=\"color: #993300;\">Estilo cognitivo<\/span><\/h4>\n<h6><span style=\"color: #993300;\">Pruebas estandarizadas<\/span><\/h6>\n<ul>\n<li><a href=\"https:\/\/web.teaediciones.com\/ACRA--ESTRATEGIAS--DE-APRENDIZAJE.aspx\" target=\"_blank\" rel=\"noopener noreferrer\"><strong>ACRA. <\/strong><\/a>Escalas de\u00a0 estrategias de aprendizaje (de 12-16 a\u00f1os).\u2663<\/li>\n<li><a href=\"https:\/\/web.teaediciones.com\/cea-cuestionario-de-estrategias-de-aprendizaje.aspx\" target=\"_blank\" rel=\"noopener noreferrer\"><strong>CEA.<\/strong><\/a> Cuestionario de estilo de aprendizaje. CEA (Beltr\u00e1n).\u2663<\/li>\n<\/ul>\n<hr \/>\n<p>\u2663 Disponible en la biblioteca CREENA<\/p>\n","protected":false},"excerpt":{"rendered":"<p>Nivel curricular Pruebas estandarizadas PAIB (1, 2, 3) Prueba de Aspectos Instrumentales B\u00e1sicos\u2663 PAIB 1 (3\u00ba EI y 1\u00baciclo EP) PAIB 2 (2\u00ba ciclo EP) PAIB 3 (3\u00ba ciclo EP) BACEP (1, 2 y 3) Bater\u00edas de contenidos Escolares Primaria.\u2663 BACEP 1 (de 6 a 8 a\u00f1os): Lengua, Matem\u00e1ticas, Conocimiento del Medio, Madurez BACEP 2 [&hellip;]<\/p>\n","protected":false},"author":1,"featured_media":0,"parent":17,"menu_order":0,"comment_status":"closed","ping_status":"closed","template":"","meta":{"_genesis_hide_title":false,"_genesis_hide_breadcrumbs":false,"_genesis_hide_singular_image":false,"_genesis_hide_footer_widgets":false,"_genesis_custom_body_class":"","_genesis_custom_post_class":"","_genesis_layout":""},"_links":{"self":[{"href":"https:\/\/creena.educacion.navarra.es\/web\/protocolos\/wp-json\/wp\/v2\/pages\/405"}],"collection":[{"href":"https:\/\/creena.educacion.navarra.es\/web\/protocolos\/wp-json\/wp\/v2\/pages"}],"about":[{"href":"https:\/\/creena.educacion.navarra.es\/web\/protocolos\/wp-json\/wp\/v2\/types\/page"}],"author":[{"embeddable":true,"href":"https:\/\/creena.educacion.navarra.es\/web\/protocolos\/wp-json\/wp\/v2\/users\/1"}],"replies":[{"embeddable":true,"href":"https:\/\/creena.educacion.navarra.es\/web\/protocolos\/wp-json\/wp\/v2\/comments?post=405"}],"version-history":[{"count":4,"href":"https:\/\/creena.educacion.navarra.es\/web\/protocolos\/wp-json\/wp\/v2\/pages\/405\/revisions"}],"predecessor-version":[{"id":930,"href":"https:\/\/creena.educacion.navarra.es\/web\/protocolos\/wp-json\/wp\/v2\/pages\/405\/revisions\/930"}],"up":[{"embeddable":true,"href":"https:\/\/creena.educacion.navarra.es\/web\/protocolos\/wp-json\/wp\/v2\/pages\/17"}],"wp:attachment":[{"href":"https:\/\/creena.educacion.navarra.es\/web\/protocolos\/wp-json\/wp\/v2\/media?parent=405"}],"curies":[{"name":"wp","href":"https:\/\/api.w.org\/{rel}","templated":true}]}}