{"id":428,"date":"2017-09-08T10:43:39","date_gmt":"2017-09-08T10:43:39","guid":{"rendered":"http:\/\/creena.educacion.navarra.es\/web\/protocolos\/?page_id=428"},"modified":"2017-09-26T10:58:26","modified_gmt":"2017-09-26T10:58:26","slug":"2-aptitudes-asociadas-al-eje-diagnostico","status":"publish","type":"page","link":"https:\/\/creena.educacion.navarra.es\/web\/protocolos\/visuales\/2-aptitudes-asociadas-al-eje-diagnostico\/","title":{"rendered":"2. Aptitudes asociadas al eje diagn\u00f3stico"},"content":{"rendered":"<h4><span style=\"color: #993300;\">Diagn\u00f3stico oftalmol\u00f3gico<\/span><\/h4>\n<h6><span style=\"color: #993300;\">Instrumentos<\/span><\/h6>\n<ul>\n<li><strong>Informe oftalmol\u00f3gico.<\/strong>\n<ul>\n<li>Agudeza visual.<\/li>\n<li>Afectaci\u00f3n de campo.<\/li>\n<li>Visi\u00f3n crom\u00e1tica<\/li>\n<li>Sensibilidad al contraste<\/li>\n<\/ul>\n<\/li>\n<\/ul>\n<h4><span style=\"color: #993300;\">Funcionalidad visual<\/span><\/h4>\n<h6><span style=\"color: #993300;\">Pruebas<\/span><\/h6>\n<ul>\n<li><strong>PVFNV<\/strong>. Prueba de valoraci\u00f3n de la visi\u00f3n funcional para las personas que no colaboran. Personas con deficiencia visual de entre 2 a\u00f1os-3 meses hasta los 18 a\u00f1os, que no puedan colaborar con el examinador.\u00a0\u2663<\/li>\n<li><strong>Escala de Eficacia visual de la Dra. Barraga. <\/strong><\/li>\n<li><strong>\u201cMira y piensa\u201d <\/strong>de Chapman y Tobin. (de 5 a 11 a\u00f1os o mayores).\u2663<\/li>\n<li><strong>Vap-Cap <\/strong>(Evaluaci\u00f3n de capacidad visual, atenci\u00f3n visual y procesamiento visual) (de 0 a 4 a\u00f1os).<\/li>\n<\/ul>\n<h4><span style=\"color: #993300;\">Percepci\u00f3n visual<\/span><\/h4>\n<h6><span style=\"color: #993300;\">Pruebas<\/span><\/h6>\n<ul>\n<li><strong><a href=\"http:\/\/web.teaediciones.com\/frostig-test-de-desarrollo-de-la-percepcion-visual.aspx\" target=\"_blank\" rel=\"noopener\">Test de desarrollo de la percepci\u00f3n visual de Frostig<\/a>. <\/strong>(de 4 a7a\u00f1os)\u2663<\/li>\n<li><strong>TPVNM. <\/strong>Test de percepci\u00f3n visual no motriz.\u2663<\/li>\n<li><strong>TVPS. <\/strong>Test de Aptitudes Visoperceptivas No motor.<\/li>\n<\/ul>\n<h4><span style=\"color: #993300;\">Percepci\u00f3n t\u00e1ctil<\/span><\/h4>\n<h6><span style=\"color: #993300;\">Otros instrumentos de recogida de informaci\u00f3n<\/span><\/h6>\n<ul>\n<li><strong>Evaluaci\u00f3n de la capacidad h\u00e1ptica desde el punto de vista funcional a trav\u00e9s de la observaci\u00f3n. <\/strong><\/li>\n<\/ul>\n<p style=\"padding-left: 30px;\">La informaci\u00f3n que interesa delimitar es la capacidad de discriminaci\u00f3n entre dos objetos (o dos signos braille) y la capacidad de <strong><em>reconocimiento<\/em><\/strong> de los mismos.<\/p>\n<h4><span style=\"color: #993300;\">Competencia social<\/span><\/h4>\n<h6><span style=\"color: #993300;\">Otros instrumentos de recogida de informaci\u00f3n<\/span><\/h6>\n<ul>\n<li><strong>Documento de evaluaci\u00f3n de las competencias b\u00e1sicas espec\u00edficas para el alumnado con discapacidad visual. <\/strong><\/li>\n<\/ul>\n<p style=\"padding-left: 30px;\">Educaci\u00f3n Infantil, Primaria y Secundaria. ONCE. Departamento de Atenci\u00f3n Educativa.<\/p>\n<h4><span style=\"color: #993300;\">T\u00e9cnicas instrumentales b\u00e1sicas (en tinta o braille)<\/span><\/h4>\n<h6><span style=\"color: #993300;\">Otros instrumentos de recogida de informaci\u00f3n<\/span><\/h6>\n<ul>\n<li><strong>Documento de evaluaci\u00f3n de las competencias b\u00e1sicas espec\u00edficas para el alumnado con discapacidad visual. <\/strong><\/li>\n<\/ul>\n<p style=\"padding-left: 30px;\">Educaci\u00f3n Infantil, Primaria y Secundaria. ONCE. Departamento de Atenci\u00f3n Educativa.<\/p>\n<h4><span style=\"color: #993300;\">Tiflotecnolog\u00eda<\/span><\/h4>\n<h6><span style=\"color: #993300;\">Otros instrumentos de recogida de informaci\u00f3n<\/span><\/h6>\n<ul>\n<li><strong>Documento de evaluaci\u00f3n de las competencias b\u00e1sicas espec\u00edficas para el alumnado con discapacidad visual. <\/strong><\/li>\n<\/ul>\n<p style=\"padding-left: 30px;\">Educaci\u00f3n Infantil, Primaria y Secundaria. ONCE. Departamento de Atenci\u00f3n Educativa.<\/p>\n<hr \/>\n<p>\u2663 Disponible en la biblioteca CREENA<\/p>\n","protected":false},"excerpt":{"rendered":"<p>Diagn\u00f3stico oftalmol\u00f3gico Instrumentos Informe oftalmol\u00f3gico. Agudeza visual. Afectaci\u00f3n de campo. Visi\u00f3n crom\u00e1tica Sensibilidad al contraste Funcionalidad visual Pruebas PVFNV. Prueba de valoraci\u00f3n de la visi\u00f3n funcional para las personas que no colaboran. Personas con deficiencia visual de entre 2 a\u00f1os-3 meses hasta los 18 a\u00f1os, que no puedan colaborar con el examinador.\u00a0\u2663 Escala de Eficacia [&hellip;]<\/p>\n","protected":false},"author":1,"featured_media":0,"parent":27,"menu_order":0,"comment_status":"closed","ping_status":"closed","template":"","meta":{"_genesis_hide_title":false,"_genesis_hide_breadcrumbs":false,"_genesis_hide_singular_image":false,"_genesis_hide_footer_widgets":false,"_genesis_custom_body_class":"","_genesis_custom_post_class":"","_genesis_layout":""},"_links":{"self":[{"href":"https:\/\/creena.educacion.navarra.es\/web\/protocolos\/wp-json\/wp\/v2\/pages\/428"}],"collection":[{"href":"https:\/\/creena.educacion.navarra.es\/web\/protocolos\/wp-json\/wp\/v2\/pages"}],"about":[{"href":"https:\/\/creena.educacion.navarra.es\/web\/protocolos\/wp-json\/wp\/v2\/types\/page"}],"author":[{"embeddable":true,"href":"https:\/\/creena.educacion.navarra.es\/web\/protocolos\/wp-json\/wp\/v2\/users\/1"}],"replies":[{"embeddable":true,"href":"https:\/\/creena.educacion.navarra.es\/web\/protocolos\/wp-json\/wp\/v2\/comments?post=428"}],"version-history":[{"count":3,"href":"https:\/\/creena.educacion.navarra.es\/web\/protocolos\/wp-json\/wp\/v2\/pages\/428\/revisions"}],"predecessor-version":[{"id":634,"href":"https:\/\/creena.educacion.navarra.es\/web\/protocolos\/wp-json\/wp\/v2\/pages\/428\/revisions\/634"}],"up":[{"embeddable":true,"href":"https:\/\/creena.educacion.navarra.es\/web\/protocolos\/wp-json\/wp\/v2\/pages\/27"}],"wp:attachment":[{"href":"https:\/\/creena.educacion.navarra.es\/web\/protocolos\/wp-json\/wp\/v2\/media?parent=428"}],"curies":[{"name":"wp","href":"https:\/\/api.w.org\/{rel}","templated":true}]}}