{"id":473,"date":"2017-09-11T09:19:54","date_gmt":"2017-09-11T09:19:54","guid":{"rendered":"http:\/\/creena.educacion.navarra.es\/web\/protocolos\/?page_id=473"},"modified":"2022-01-14T07:45:08","modified_gmt":"2022-01-14T07:45:08","slug":"3-aspectos-curriculares","status":"publish","type":"page","link":"https:\/\/creena.educacion.navarra.es\/web\/protocolos\/motoricos\/3-aspectos-curriculares\/","title":{"rendered":"3. Aspectos curriculares"},"content":{"rendered":"<h4><span style=\"color: #993300;\">Competencia curricular<\/span><\/h4>\n<h6><span style=\"color: #993300;\">Pruebas estandarizadas<\/span><\/h6>\n<ul>\n<li><a href=\"https:\/\/www.editorialcepe.es\/pruebas-nivel-a\/1647-paib-1-juego-completo-9788416941001.html?search_query=paib&amp;results=15&amp;cate=\" target=\"_blank\" rel=\"noopener noreferrer\"><strong>PAIB<\/strong><strong> (1,2,3<\/strong>)<\/a> Prueba de Aspectos Instrumentales B\u00e1sicos\u2663\n<ul>\n<li><strong>PAIB 1<\/strong> (3\u00ba EI y 1\u00baciclo EP)<\/li>\n<li><strong>PAIB 2<\/strong> (2\u00ba ciclo EP)<\/li>\n<li><strong>PAIB 3<\/strong> (3\u00ba ciclo EP)<\/li>\n<\/ul>\n<\/li>\n<li><a href=\"https:\/\/www.espaciologopedico.com\/tienda\/prod\/5910\/bacep-1-2-y-3-bateria-de-contenidos-escolares-de-primaria-juego-completo.html\" target=\"_blank\" rel=\"noopener noreferrer\"><strong>BACEP (1, 2 y 3<\/strong>)<\/a> Bater\u00edas de contenidos Escolares Primaria.\u2663\n<ul>\n<li><strong>BACEP 1<\/strong> (de 6 a 8 a\u00f1os): Lengua, Matem\u00e1ticas, Conocimiento del Medio, Madurez<\/li>\n<li><strong>BACEP<\/strong> <strong>2<\/strong> (de 8 a10 a\u00f1os): global (Lengua, Matem\u00e1ticas, Conocimiento del Medio y Prueba de Madurez)<\/li>\n<li><strong>BACEP 3<\/strong> (de 10 a12 a\u00f1os): Matem\u00e1ticas, Lengua, Conocimiento del Medio, Madurez<\/li>\n<\/ul>\n<\/li>\n<li><strong><a href=\"https:\/\/www.espaciologopedico.com\/tienda\/prod\/12524\/baces-1-2-bateria-de-contenidos-escolares-de-secundaria--juego-completo-.html\" target=\"_blank\" rel=\"noopener noreferrer\">BACES (1 y 2)<\/a>.<\/strong> Bater\u00edas de contenidos escolares de ESO\u2663\n<ul>\n<li><strong>BACES 1 (<\/strong>de 12 a14 a\u00f1os):\n<ul>\n<li>Lengua y Literatura Castellana<\/li>\n<li>Matem\u00e1ticas<\/li>\n<li>Tecnolog\u00eda<\/li>\n<li>Ingl\u00e9s<\/li>\n<li>Ciencias Sociales<\/li>\n<li>Ciencias Naturales<\/li>\n<\/ul>\n<\/li>\n<li><strong>BACES 2 <\/strong>(de 14 a16 a\u00f1os):\n<ul>\n<li>Lengua y Literatura Castellana Matem\u00e1ticas<\/li>\n<li>Pruebas Troncales<\/li>\n<li>Ingl\u00e9s<\/li>\n<li>Ciencias Sociales<\/li>\n<\/ul>\n<\/li>\n<\/ul>\n<\/li>\n<\/ul>\n<h6><span style=\"color: #993300;\">Otros instrumentos<\/span><\/h6>\n<ul>\n<li><strong>Pruebas curriculares del centro<\/strong><\/li>\n<li><a href=\"https:\/\/www.educacion.navarra.es\/web\/dpto\/evaluacion-y-calidad\/evaluacion\/evaluacion-externa\/evaluacion-de-navarra\" target=\"_blank\" rel=\"noopener noreferrer\"><strong>Evaluaciones de Navarra<\/strong><\/a><\/li>\n<\/ul>\n<h4><span style=\"color: #993300;\">Matem\u00e1ticas<\/span><\/h4>\n<h6><span style=\"color: #993300;\">Pruebas estandarizadas<\/span><\/h6>\n<ul>\n<li><a href=\"https:\/\/www.espaciologopedico.com\/tienda\/prod\/30753\/peai-3-6-anos-prueba-de-evaluacion-del-aprendizaje-infantil-juego-completo.html\" target=\"_blank\" rel=\"noopener\"><strong>PEAI<\/strong>.<\/a> Prueba de evaluaci\u00f3n del aprendizaje infantil (de 3 a 6 a\u00f1os).\u2663<\/li>\n<li><a href=\"https:\/\/www.giuntipsy.es\/temt-test-de-evaluacion-matematica-temprana-2505g.html\" target=\"_blank\" rel=\"noopener\"><strong>TEST TEMT<\/strong><\/a>. Evaluaci\u00f3n Matem\u00e1tica Temprana (de 4 a 7 a\u00f1os).\u2663<\/li>\n<li><a href=\"http:\/\/www.eos.es\/colecciones-2\/pedagogicos-y-escalas\/baterias-evamat\" target=\"_blank\" rel=\"noopener noreferrer\"><strong>EVAMAT<\/strong>. <\/a>Competencia Matem\u00e1tica<strong>. <\/strong>Niveles (0 a 8)<strong> (<\/strong>de 3\u00ba Infantil a 3\u00ba de ESO)\u2663<\/li>\n<li><a href=\"http:\/\/www.amaruediciones.com\/index.php?patron=VANCOC&amp;field=Nombre&amp;item=articulos\" target=\"_blank\" rel=\"noopener noreferrer\"><strong>VANCOC<\/strong>.<\/a> Pruebas para las \u00e1reas de lengua y matem\u00e1ticas en primaria.\u2663<\/li>\n<li><a href=\"http:\/\/web.teaediciones.com\/tema-3-test-de-competencia-matematica-basica-3.aspx\" target=\"_blank\" rel=\"noopener noreferrer\"><strong>Tema 3. <\/strong><\/a>Test de Competencia Matem\u00e1tica B\u00e1sica (de 3 a\u00f1os a 8 a\u00f1os- 11 meses)<strong>.\u2663<\/strong><\/li>\n<li><a href=\"http:\/\/web.teaediciones.com\/tedi-math.aspx\" target=\"_blank\" rel=\"noopener noreferrer\"><strong>TEDI-MATH. <\/strong><\/a>Test para el diagn\u00f3stico de las competencias b\u00e1sicas en Matem\u00e1ticas (de 4 a 8 a\u00f1os).\u2663<\/li>\n<\/ul>\n<h4><span style=\"color: #993300;\">Comunicaci\u00f3n y Lenguaje<\/span><\/h4>\n<h6><span style=\"color: #993300;\">Pruebas estandarizadas<\/span><\/h6>\n<p>Lectoescritura<\/p>\n<ul>\n<li>Test de habilidades grafomotoras (de 5 \u00bd a 8 a\u00f1os).<\/li>\n<li><a href=\"https:\/\/web.teaediciones.com\/PROLEC-SE-R-Bateria-para-la-Evaluacion-de-los-Procesos-Lectores-en-Secundaria-y-Bachillerato---Revisada.aspx\" target=\"_blank\" rel=\"noopener\"><strong>PROLEC-SE-R<\/strong><\/a>. Bater\u00eda para la Evaluaci\u00f3n de los Procesos Lectores en Secundaria y Bachillerato.\u2663<\/li>\n<li><strong><a href=\"https:\/\/web.teaediciones.com\/PROLEC-R-Bateria-de-Evaluacion-de-los-Procesos-Lectores--Revisad.aspx\" target=\"_blank\" rel=\"noopener\">PROLEC-R y PROLEC<\/a>\/<\/strong>euskera. Evaluaci\u00f3n de los procesos que intervienen en la comprensi\u00f3n de material escrito y detecci\u00f3n de dificultades en la capacidad lectora\u2663<\/li>\n<li><a href=\"https:\/\/web.teaediciones.com\/CEG-Infantil-Test-de-Comprension-de-Estructuras-Gramaticales-de-2-a-4-anos.aspx\" target=\"_blank\" rel=\"noopener\"><strong>CEG-Infantil<\/strong><\/a>. Test de Comprensi\u00f3n de Estructuras Gramaticales (de 2 a 4 a\u00f1os).\u2663<\/li>\n<li><a href=\"https:\/\/web.teaediciones.com\/ceg-test-de-comprension-de-estructuras-gramaticales.aspx\" target=\"_blank\" rel=\"noopener\"><strong>CEG<\/strong><\/a>. Test de Comprensi\u00f3n de Estructuras Gramaticales (de 4 a 11 a\u00f1os)\u2663<\/li>\n<li><a href=\"https:\/\/www.giuntipsy.es\/tests\/tests-pedagogicos-y-escalas\/evalec.html\" target=\"_blank\" rel=\"noopener\"><strong>EVALEC<\/strong><\/a>. Competencia lectora de 3\u00ba infantil a 2\u00ba ESO\u2663<\/li>\n<\/ul>\n<h4><span style=\"color: #993300;\">Estilo cognitivo<\/span><\/h4>\n<h6><span style=\"color: #993300;\">Pruebas estandarizadas<\/span><\/h6>\n<ul>\n<li><a href=\"https:\/\/web.teaediciones.com\/ACRA--ESTRATEGIAS--DE-APRENDIZAJE.aspx\" target=\"_blank\" rel=\"noopener noreferrer\"><strong>ACRA. <\/strong><\/a>Escalas de\u00a0 estrategias de aprendizaje (de 12-16 a\u00f1os).\u2663<\/li>\n<li><a href=\"https:\/\/web.teaediciones.com\/cea-cuestionario-de-estrategias-de-aprendizaje.aspx\" target=\"_blank\" rel=\"noopener noreferrer\"><strong>CEA.<\/strong><\/a> Cuestionario de estilo de aprendizaje. CEA (Beltr\u00e1n).\u2663<\/li>\n<li><em><a href=\"http:\/\/www.grao.com\/llibres\/alumnado-con-discapacidad-motriz\" target=\"_blank\" rel=\"noopener noreferrer\">Alumnado con Discapacidad Motriz<\/a><\/em>\n<ul>\n<li>Anexo 3. Observaci\u00f3n y evaluaci\u00f3n de los estilos de Aprendizaje\u201d Carme Rosell, Emili Soro-Camats y Carme Basil.\u2663<\/li>\n<\/ul>\n<\/li>\n<\/ul>\n<hr \/>\n<p>\u2663\u00a0Disponible en la biblioteca CREENA<\/p>\n","protected":false},"excerpt":{"rendered":"<p>Competencia curricular Pruebas estandarizadas PAIB (1,2,3) Prueba de Aspectos Instrumentales B\u00e1sicos\u2663 PAIB 1 (3\u00ba EI y 1\u00baciclo EP) PAIB 2 (2\u00ba ciclo EP) PAIB 3 (3\u00ba ciclo EP) BACEP (1, 2 y 3) Bater\u00edas de contenidos Escolares Primaria.\u2663 BACEP 1 (de 6 a 8 a\u00f1os): Lengua, Matem\u00e1ticas, Conocimiento del Medio, Madurez BACEP 2 (de 8 [&hellip;]<\/p>\n","protected":false},"author":1,"featured_media":0,"parent":21,"menu_order":0,"comment_status":"closed","ping_status":"closed","template":"","meta":{"_genesis_hide_title":false,"_genesis_hide_breadcrumbs":false,"_genesis_hide_singular_image":false,"_genesis_hide_footer_widgets":false,"_genesis_custom_body_class":"","_genesis_custom_post_class":"","_genesis_layout":""},"_links":{"self":[{"href":"https:\/\/creena.educacion.navarra.es\/web\/protocolos\/wp-json\/wp\/v2\/pages\/473"}],"collection":[{"href":"https:\/\/creena.educacion.navarra.es\/web\/protocolos\/wp-json\/wp\/v2\/pages"}],"about":[{"href":"https:\/\/creena.educacion.navarra.es\/web\/protocolos\/wp-json\/wp\/v2\/types\/page"}],"author":[{"embeddable":true,"href":"https:\/\/creena.educacion.navarra.es\/web\/protocolos\/wp-json\/wp\/v2\/users\/1"}],"replies":[{"embeddable":true,"href":"https:\/\/creena.educacion.navarra.es\/web\/protocolos\/wp-json\/wp\/v2\/comments?post=473"}],"version-history":[{"count":8,"href":"https:\/\/creena.educacion.navarra.es\/web\/protocolos\/wp-json\/wp\/v2\/pages\/473\/revisions"}],"predecessor-version":[{"id":1013,"href":"https:\/\/creena.educacion.navarra.es\/web\/protocolos\/wp-json\/wp\/v2\/pages\/473\/revisions\/1013"}],"up":[{"embeddable":true,"href":"https:\/\/creena.educacion.navarra.es\/web\/protocolos\/wp-json\/wp\/v2\/pages\/21"}],"wp:attachment":[{"href":"https:\/\/creena.educacion.navarra.es\/web\/protocolos\/wp-json\/wp\/v2\/media?parent=473"}],"curies":[{"name":"wp","href":"https:\/\/api.w.org\/{rel}","templated":true}]}}