{"id":558,"date":"2017-09-15T11:19:15","date_gmt":"2017-09-15T11:19:15","guid":{"rendered":"http:\/\/creena.educacion.navarra.es\/web\/protocolos\/?page_id=558"},"modified":"2025-10-02T09:28:48","modified_gmt":"2025-10-02T09:28:48","slug":"4-aspectos-emocionales-y-sociales","status":"publish","type":"page","link":"https:\/\/creena.educacion.navarra.es\/web\/protocolos\/conducta\/4-aspectos-emocionales-y-sociales\/","title":{"rendered":"4. Aspectos emocionales y sociales"},"content":{"rendered":"<h4><span style=\"color: #993300;\">Personalidad<\/span><\/h4>\n<h6><span style=\"color: #993300;\">Pruebas estandarizadas<\/span><\/h6>\n<ul>\n<li><a href=\"https:\/\/web.teaediciones.com\/espq-cuestionario-factorial-de-personalidad.aspx\" target=\"_blank\" rel=\"noopener\"><strong>ESPQ <\/strong><\/a>Cuestionario para la valoraci\u00f3n de los rasgos de personalidad de los ni\u00f1os (de 6 a 7 a\u00f1os).\u2663<\/li>\n<li><strong><a href=\"https:\/\/web.teaediciones.com\/cpq-cuestionario-de-personalidad-para-ni%C3%B1os.aspx\" target=\"_blank\" rel=\"noopener\">CPQ<\/a>.<\/strong> Cuestionario de personalidad para ni\u00f1os (de 8 a 12 a\u00f1os).\u2663<\/li>\n<li><a href=\"https:\/\/web.teaediciones.com\/bfq-na-cuestionario-%E2%80%9Cbig-five%E2%80%9D-de-personalidad-para-ni%C3%B1os-y-adolescentes.aspx\" target=\"_blank\" rel=\"noopener\"><strong>BFQ-NA. <\/strong><\/a>Cuestionario \u201cBIG FIVE \u201cde personalidad para ni\u00f1os y adolescentes. (de 8 a 15 a\u00f1os)\u2663<\/li>\n<li><strong>EPIJ <\/strong>Evaluaci\u00f3n de la personalidad Infantil y Juvenil (de 5 a 14 a\u00f1os)\u2663<\/li>\n<\/ul>\n<h4><span style=\"color: #993300;\">Autoconcepto y autoestima<\/span><\/h4>\n<h6><span style=\"color: #993300;\">Pruebas estandarizadas<\/span><\/h6>\n<ul>\n<li><a href=\"https:\/\/web.teaediciones.com\/af-5-autoconcepto-forma---5.aspx\" target=\"_blank\" rel=\"noopener\"><strong>AF-5 <\/strong><\/a> Forma 5 (de 10 a\u00f1os- adultos)\u2663<\/li>\n<li><a href=\"https:\/\/www.espaciologopedico.com\/tienda\/prod\/7370\/eos--iame-inventario-de-autoconcepto-en-el-medio-escolar.html\" target=\"_blank\" rel=\"noopener\"><strong>EOS-IAME <\/strong><\/a>Escala de percepci\u00f3n del autoconcepto infantil (de 8 a 12 a\u00f1os)\u00a0\u2663<\/li>\n<li><strong>AF <\/strong>Cuestionario de autoconcepto f\u00edsico ( &gt; 12 a\u00f1os)\u2663<\/li>\n<li><a href=\"http:\/\/www.eos.es\/colecciones-2\/personalidad\/cag\" target=\"_blank\" rel=\"noopener\"><strong>CAG <\/strong><\/a>Cuestionario de autoconcepto Garley (de 7 a 18 a\u00f1os)\u2663<\/li>\n<li><a href=\"http:\/\/web.teaediciones.com\/a-ep-evaluacion-de-la-autoestima-en-educacion-primaria.aspx\" target=\"_blank\" rel=\"noopener\"><strong>A. EP <\/strong><\/a>Cuestionario para la evaluaci\u00f3n de la autoestima en Educaci\u00f3n Primaria.\u2663<\/li>\n<li>Cuestionario de autoconcepto de Piers-Harris.<\/li>\n<\/ul>\n<h4><span style=\"color: #993300;\">Adaptaci\u00f3n<\/span><\/h4>\n<h6><span style=\"color: #993300;\">Pruebas estandarizadas<\/span><\/h6>\n<ul>\n<li><a href=\"http:\/\/www.gac.com.es\/editorial\/INFO\/Manuales\/emaMANU.pdf\" target=\"_blank\" rel=\"noopener\"><strong>EMA <\/strong><\/a>Escalas Magallanes de Adaptaci\u00f3n (de 12 a18 a\u00f1os<strong>)\u2663<\/strong><\/li>\n<li><a href=\"https:\/\/web.teaediciones.com\/TAMAI--TEST-AUTOEVALUATIVO-MULTIFACTORIAL-DE-ADAPTACION-INFANTIL.aspx\" target=\"_blank\" rel=\"noopener\"><strong>TAMAI <\/strong><\/a>Test Autoevaluativo Multifactorial de Adaptaci\u00f3n Infantil (de 8 a\u00f1os en adelante)\u2663<\/li>\n<li><a href=\"https:\/\/web.teaediciones.com\/BASC--SISTEMA-DE-EVALUACION-DE-LA-CONDUCTA-DE-NINOS-Y-ADOLESCENTES.aspx\" target=\"_blank\" rel=\"noopener\"><strong>BASC.\u00a0<\/strong><\/a>Sistema de Evaluaci\u00f3n de la conducta de ni\u00f1os y adolescentes (de 3\u00aa 18 a\u00f1os).\u2663<\/li>\n<li><a href=\"https:\/\/web.teaediciones.com\/SENA-Sistema-de-Evaluacion-de-Ninos-y-Adolescentes.aspx\" target=\"_blank\" rel=\"noopener\"><strong>SENA.<\/strong><\/a>\u00a0Sistema de evaluaci\u00f3n de ni\u00f1os y adolescentes (de 3 18 a\u00f1os).\u2663<\/li>\n<\/ul>\n<h4><span style=\"color: #993300;\">Socializaci\u00f3n<\/span><\/h4>\n<h6><span style=\"color: #993300;\">Pruebas estandarizadas<\/span><\/h6>\n<ul>\n<li><strong><a href=\"http:\/\/web.teaediciones.com\/bas-bateria-de-socializacion-1-2-y-3.aspx\" target=\"_blank\" rel=\"noopener\">BAS. <\/a><\/strong>Bater\u00eda de Socializaci\u00f3n (1, 2 y 3)\n<ul>\n<li><strong>BAS 1 <\/strong>Valoraci\u00f3n del (de 6 a 15 a\u00f1os)\u2663<\/li>\n<li><strong>BAS 2 <\/strong>Valoraci\u00f3n de los padres (de 6 a 15 a\u00f1os)\u2663<\/li>\n<li><strong>BAS 3 <\/strong>Autoinforme (de 11 a 19 a\u00f1os )\u2663<\/li>\n<\/ul>\n<\/li>\n<li><a href=\"http:\/\/www.gac.com.es\/editorial\/INFO\/Manuales\/adcaMANU.pdf\" target=\"_blank\" rel=\"noopener\"><strong>ADCA <\/strong><\/a>Actitudes y valores en las interacciones sociales ( &gt;12 a\u00f1os)\u2663<\/li>\n<li><a href=\"http:\/\/www.gac.com.es\/editorial\/INFO\/Manuales\/evhacospiMANU.pdf\" target=\"_blank\" rel=\"noopener\"><strong>EVHACOSPI <\/strong><\/a>Evaluaci\u00f3n de Habilidades Cognitivas de Soluci\u00f3n de problemas Interpersonales (de 4 a 12 a\u00f1os)\u2663<\/li>\n<li><a href=\"https:\/\/web.teaediciones.com\/AECS--ACTITUDES-Y-ESTRATEGIAS-COGNITIVAS-SOCIALES.aspx\" target=\"_blank\" rel=\"noopener\"><strong>AECS<\/strong><\/a> Actitudes y estrategias cognitivas sociales (de 12 a 17 a\u00f1os)\u2663<\/li>\n<\/ul>\n<h4><span style=\"color: #993300;\">Ansiedad<\/span><\/h4>\n<h6><span style=\"color: #993300;\">Pruebas estandarizadas<\/span><\/h6>\n<ul>\n<li><a href=\"http:\/\/web.teaediciones.com\/isra-inventario-de-situaciones-y-respuestas-de-ansiedad.aspx\" target=\"_blank\" rel=\"noopener\"><strong>ISRA <\/strong><\/a>Inventario de Situaciones y Respuestas de Ansiedad (&gt;16 a\u00f1os)\u2663<\/li>\n<li><a href=\"http:\/\/web.teaediciones.com\/CAS--CUESTIONARIO-DE-ANSIEDAD-INFANTIL.aspx\" target=\"_blank\" rel=\"noopener\"><strong>CAS <\/strong><\/a>Cuestionario de Ansiedad Infantil (de 6 a 8 a\u00f1os)\u2663<\/li>\n<li><a href=\"http:\/\/web.teaediciones.com\/staic-cuestionario-de-ansiedad-estadorasgo-en-ni%C3%B1os.aspx\" target=\"_blank\" rel=\"noopener\"><strong>STAIC <\/strong><\/a>Cuestionario de Autoevaluaci\u00f3n Ansiedad Estado\/Rasgo en Ni\u00f1os (de 9 a 15 a\u00f1os)\u2663<\/li>\n<li><a href=\"https:\/\/web.teaediciones.com\/CECAD.-CUESTIONARIO-EDUCATIVO-CLINICO-ANSIEDAD-Y-DEPRESION.aspx\" target=\"_blank\" rel=\"noopener\"><strong>CECAD <\/strong><\/a>Cuestionario educativo cl\u00ednico: Ansiedad y Depresi\u00f3n (de 7 a 25 a\u00f1os)\u2663<\/li>\n<li><a href=\"https:\/\/web.teaediciones.com\/BASC--SISTEMA-DE-EVALUACION-DE-LA-CONDUCTA-DE-NINOS-Y-ADOLESCENTES.aspx\" target=\"_blank\" rel=\"noopener\"><strong>BASC.\u00a0<\/strong><\/a>Sistema de Evaluaci\u00f3n de la conducta de ni\u00f1os y adolescentes (de 3\u00aa 18 a\u00f1os).\u2663<\/li>\n<li><a href=\"https:\/\/web.teaediciones.com\/SENA-Sistema-de-Evaluacion-de-Ninos-y-Adolescentes.aspx\" target=\"_blank\" rel=\"noopener\"><strong>SENA.<\/strong><\/a>\u00a0Sistema de evaluaci\u00f3n de ni\u00f1os y adolescentes (de 3 18 a\u00f1os).\u2663<\/li>\n<\/ul>\n<h4><span style=\"color: #993300;\">Depresi\u00f3n<\/span><\/h4>\n<h6><span style=\"color: #993300;\">Pruebas estandarizadas<\/span><\/h6>\n<ul>\n<li><a href=\"http:\/\/web.teaediciones.com\/CDS-Cuestionario-de-Depresion-para-ninos.aspx\" target=\"_blank\" rel=\"noopener\"><strong>CDS<\/strong><\/a> Cuestionario de depresi\u00f3n para ni\u00f1os, (de 8 a 16 a\u00f1os)\u2663<\/li>\n<li><a href=\"http:\/\/web.teaediciones.com\/CDI--INVENTARIO-DE-DEPRESION-INFANTIL.aspx\" target=\"_blank\" rel=\"noopener\"><strong>CDI<\/strong> <\/a>Inventario de depresi\u00f3n infantil (de 7 a 15 a\u00f1os)\u2663<\/li>\n<li><a href=\"https:\/\/web.teaediciones.com\/BASC--SISTEMA-DE-EVALUACION-DE-LA-CONDUCTA-DE-NINOS-Y-ADOLESCENTES.aspx\" target=\"_blank\" rel=\"noopener\"><strong>BASC.\u00a0<\/strong><\/a>Sistema de Evaluaci\u00f3n de la conducta de ni\u00f1os y adolescentes (de 3\u00aa 18 a\u00f1os).\u2663<\/li>\n<li><a href=\"https:\/\/web.teaediciones.com\/SENA-Sistema-de-Evaluacion-de-Ninos-y-Adolescentes.aspx\" target=\"_blank\" rel=\"noopener\"><strong>SENA.<\/strong><\/a>\u00a0Sistema de evaluaci\u00f3n de ni\u00f1os y adolescentes (de 3 18 a\u00f1os).\u2663<\/li>\n<li><strong>CECAD<\/strong>. Cuestionario educativo cl\u00ednico: Ansiedad y Depresi\u00f3n (de 7 a 25 a\u00f1os).<\/li>\n<\/ul>\n<hr \/>\n<p>\u2663 Disponible en la biblioteca CREENA<\/p>\n","protected":false},"excerpt":{"rendered":"<p>Personalidad Pruebas estandarizadas ESPQ Cuestionario para la valoraci\u00f3n de los rasgos de personalidad de los ni\u00f1os (de 6 a 7 a\u00f1os).\u2663 CPQ. Cuestionario de personalidad para ni\u00f1os (de 8 a 12 a\u00f1os).\u2663 BFQ-NA. Cuestionario \u201cBIG FIVE \u201cde personalidad para ni\u00f1os y adolescentes. (de 8 a 15 a\u00f1os)\u2663 EPIJ Evaluaci\u00f3n de la personalidad Infantil y Juvenil [&hellip;]<\/p>\n","protected":false},"author":1,"featured_media":0,"parent":19,"menu_order":0,"comment_status":"closed","ping_status":"closed","template":"","meta":{"_genesis_hide_title":false,"_genesis_hide_breadcrumbs":false,"_genesis_hide_singular_image":false,"_genesis_hide_footer_widgets":false,"_genesis_custom_body_class":"","_genesis_custom_post_class":"","_genesis_layout":""},"_links":{"self":[{"href":"https:\/\/creena.educacion.navarra.es\/web\/protocolos\/wp-json\/wp\/v2\/pages\/558"}],"collection":[{"href":"https:\/\/creena.educacion.navarra.es\/web\/protocolos\/wp-json\/wp\/v2\/pages"}],"about":[{"href":"https:\/\/creena.educacion.navarra.es\/web\/protocolos\/wp-json\/wp\/v2\/types\/page"}],"author":[{"embeddable":true,"href":"https:\/\/creena.educacion.navarra.es\/web\/protocolos\/wp-json\/wp\/v2\/users\/1"}],"replies":[{"embeddable":true,"href":"https:\/\/creena.educacion.navarra.es\/web\/protocolos\/wp-json\/wp\/v2\/comments?post=558"}],"version-history":[{"count":3,"href":"https:\/\/creena.educacion.navarra.es\/web\/protocolos\/wp-json\/wp\/v2\/pages\/558\/revisions"}],"predecessor-version":[{"id":1108,"href":"https:\/\/creena.educacion.navarra.es\/web\/protocolos\/wp-json\/wp\/v2\/pages\/558\/revisions\/1108"}],"up":[{"embeddable":true,"href":"https:\/\/creena.educacion.navarra.es\/web\/protocolos\/wp-json\/wp\/v2\/pages\/19"}],"wp:attachment":[{"href":"https:\/\/creena.educacion.navarra.es\/web\/protocolos\/wp-json\/wp\/v2\/media?parent=558"}],"curies":[{"name":"wp","href":"https:\/\/api.w.org\/{rel}","templated":true}]}}